{"id":2526,"date":"2020-02-10T18:48:07","date_gmt":"2020-02-10T17:48:07","guid":{"rendered":"http:\/\/agora.xtec.cat\/iesagustiserra\/?page_id=2526"},"modified":"2026-03-02T11:32:51","modified_gmt":"2026-03-02T10:32:51","slug":"fp-dual-intensiva","status":"publish","type":"page","link":"https:\/\/agora.xtec.cat\/iesagustiserra\/portal-empreses\/novetats-estades-empreses\/fp-dual-intensiva\/","title":{"rendered":"FP Dual Intensiva"},"content":{"rendered":"\n<div class=\"wp-block-getwid-table-of-contents is-style-none\"><ul class=\"wp-block-getwid-table-of-contents__list\"><li><a href=\"#g24a752ae8643\">Empresari, empres\u00e0ria! Aix\u00f2 us pot interessar!<\/a><\/li><li><a href=\"#g6214af88f2e5\"><\/a><\/li><li><a href=\"#g962ef1ebe8c2\">Beneficis per a la vostra empresa<\/a><ul><li><a href=\"#g774b4731e26a\">Tipus de contractaci\u00f3<\/a><\/li><li><a href=\"#gfa391ac616c1\">M\u00e9s informaci\u00f3<\/a><\/li><li><a href=\"#gfa391ac616c1\">Contacte<\/a><\/li><li><a href=\"#g4bb44de4e931\">Voleu col\u00b7laborar amb nosaltres?<\/a><\/li><\/ul><\/li><\/ul><\/div>\n\n\n\n<div style=\"height:47px\" aria-hidden=\"true\" class=\"wp-block-spacer\"><\/div>\n\n\n\n<h2 class=\"wp-block-heading has-text-align-left\" id=\"g24a752ae8643\"><mark style=\"background-color:rgba(0, 0, 0, 0)\" class=\"has-inline-color has-ast-global-color-0-color\">Empresari, empres\u00e0ria! Aix\u00f2 us pot interessar!<\/mark><\/h2>\n\n\n\n<div class=\"wp-block-columns is-layout-flex wp-container-core-columns-is-layout-1 wp-block-columns-is-layout-flex\">\n<div class=\"wp-block-column is-layout-flow wp-block-column-is-layout-flow\">\n<figure class=\"wp-block-embed is-type-video is-provider-youtube wp-block-embed-youtube wp-embed-aspect-16-9 wp-has-aspect-ratio\"><div class=\"wp-block-embed__wrapper\">\n<div class=\"ast-oembed-container \" style=\"height: 100%;\"><iframe loading=\"lazy\" title=\"FP DUAL Agust\u00ed Serra i Fontanet\" width=\"500\" height=\"281\" src=\"https:\/\/www.youtube.com\/embed\/Y79weS5Vj68?feature=oembed\" frameborder=\"0\" allow=\"accelerometer; autoplay; clipboard-write; encrypted-media; gyroscope; picture-in-picture; web-share\" referrerpolicy=\"strict-origin-when-cross-origin\" allowfullscreen><\/iframe><\/div>\n<\/div><\/figure>\n<\/div>\n\n\n\n<div class=\"wp-block-column is-layout-flow wp-block-column-is-layout-flow\">\n<figure class=\"wp-block-embed is-type-video is-provider-youtube wp-block-embed-youtube wp-embed-aspect-16-9 wp-has-aspect-ratio\"><div class=\"wp-block-embed__wrapper\">\n<div class=\"ast-oembed-container \" style=\"height: 100%;\"><iframe loading=\"lazy\" title=\"La formaci\u00f3 Professional DUAL INTENSIVA ATRAU\" width=\"500\" height=\"281\" src=\"https:\/\/www.youtube.com\/embed\/qx8XWPx4mFE?feature=oembed\" frameborder=\"0\" allow=\"accelerometer; autoplay; clipboard-write; encrypted-media; gyroscope; picture-in-picture; web-share\" referrerpolicy=\"strict-origin-when-cross-origin\" allowfullscreen><\/iframe><\/div>\n<\/div><\/figure>\n<\/div>\n<\/div>\n\n\n\n<figure class=\"wp-block-image aligncenter is-resized\"><a href=\"https:\/\/agora.xtec.cat\/fpdual\/\" target=\"_blank\" rel=\"noopener noreferrer\"><img decoding=\"async\" src=\"https:\/\/agora.xtec.cat\/iesagustiserra\/wp-content\/uploads\/usu1681\/2019\/12\/DUAL_alta.jpg\" alt=\"\" style=\"width:171px;height:auto\"\/><\/a><figcaption class=\"wp-element-caption\"><a href=\"https:\/\/agora.xtec.cat\/fpdual\/\">FP Dual (<\/a><a href=\"https:\/\/agora.xtec.cat\/fpdual\/\" target=\"_blank\" rel=\"noreferrer noopener\">Gencat<\/a><a href=\"https:\/\/agora.xtec.cat\/fpdual\/\">)<\/a><\/figcaption><\/figure>\n\n\n\n<hr class=\"wp-block-separator has-alpha-channel-opacity\"\/>\n\n\n\n<h2 class=\"wp-block-heading\" id=\"g6214af88f2e5\"><figure><a href=\"https:\/\/agora.xtec.cat\/iesagustiserra\/wp-content\/uploads\/usu1681\/2021\/02\/Formacio-Professional-Dual-INS-Agusti-Serra-Fontanet-Sabadell.jpg\"><img loading=\"lazy\" decoding=\"async\" class=\"size-full wp-image-8716 aligncenter\" src=\"https:\/\/agora.xtec.cat\/iesagustiserra\/wp-content\/uploads\/usu1681\/2021\/02\/Formacio-Professional-Dual-INS-Agusti-Serra-Fontanet-Sabadell.jpg\" alt=\"\" width=\"983\" height=\"413\" srcset=\"https:\/\/agora.xtec.cat\/iesagustiserra\/wp-content\/uploads\/usu1681\/2021\/02\/Formacio-Professional-Dual-INS-Agusti-Serra-Fontanet-Sabadell.jpg 983w, https:\/\/agora.xtec.cat\/iesagustiserra\/wp-content\/uploads\/usu1681\/2021\/02\/Formacio-Professional-Dual-INS-Agusti-Serra-Fontanet-Sabadell-300x126.jpg 300w, https:\/\/agora.xtec.cat\/iesagustiserra\/wp-content\/uploads\/usu1681\/2021\/02\/Formacio-Professional-Dual-INS-Agusti-Serra-Fontanet-Sabadell-768x323.jpg 768w\" sizes=\"auto, (max-width: 983px) 100vw, 983px\" \/><\/a><\/figure><\/h2>\n\n\n\n<p class=\"has-text-align-left\">La formaci\u00f3 dual recupera la figura de l\u2019aprenent. Es combina la formaci\u00f3 acad\u00e8mica en el centre amb la pr\u00e0ctica a l\u2019empresa. Aprendre treballant \u00e9s l\u2019objectiu pel qual aposta el nostre centre des de fa m\u00e9s de sis anys!<\/p>\n\n\n\n<h6 class=\"wp-block-heading\" id=\"ge1c19f3988b1\">Impacte de l\u2019FP dual intensiva. <\/h6>\n\n\n\n<ul class=\"wp-block-list\">\n<li>Contribueix al creixement professional de l\u2019alumnat.<\/li>\n\n\n\n<li>Promou la col\u00b7laboraci\u00f3 entre centres educatius i empreses. <\/li>\n\n\n\n<li>Garanteix una formaci\u00f3 adaptada a les necessitats del mercat laboral actual.<\/li>\n<\/ul>\n\n\n\n<h6 class=\"wp-block-heading\" id=\"g54b5b89182cc\">Objectius principals<\/h6>\n\n\n\n<ul class=\"wp-block-list\">\n<li>Facilitar la transici\u00f3 de l\u2019alumnat al m\u00f3n laboral.<\/li>\n\n\n\n<li>Proporcionar una experi\u00e8ncia pr\u00e0ctica alineada amb els objectius acad\u00e8mics i professionals.<\/li>\n\n\n\n<li>Assegurar que es respecten els drets i deures de totes les parts implicades.<\/li>\n<\/ul>\n\n\n\n<h6 class=\"wp-block-heading\" id=\"ge1f2e5541a01\">Beneficis per a l&#8217;alumnat<\/h6>\n\n\n\n<ul class=\"wp-block-list\">\n<li>Experi\u00e8ncia real en l\u2019entorn laboral. <\/li>\n\n\n\n<li>Reconeixement econ\u00f2mic just.<\/li>\n\n\n\n<li>Integraci\u00f3 al mercat laboral amb compet\u00e8ncies professionals s\u00f2lides.<\/li>\n<\/ul>\n\n\n\n<h6 class=\"wp-block-heading\" id=\"g8e8039783847\">Beneficis per a l\u2019empresa<\/h6>\n\n\n\n<ul class=\"wp-block-list\">\n<li>Formar futurs professionals adaptats a les necessitats del sector. <\/li>\n\n\n\n<li>Acc\u00e9s a talent emergent amb ganes d\u2019aprendre i aportar. <\/li>\n\n\n\n<li>Possibilitat d\u2019incorporar personal qualificat despr\u00e9s del per\u00edode formatiu.<\/li>\n<\/ul>\n\n\n\n<div style=\"height:42px\" aria-hidden=\"true\" class=\"wp-block-spacer\"><\/div>\n\n\n\n<h2 class=\"wp-block-heading\" id=\"g962ef1ebe8c2\"><span style=\"color: #418000;\"><mark style=\"background-color:rgba(0, 0, 0, 0)\" class=\"has-inline-color has-ast-global-color-0-color\">Beneficis per a la vostra empresa<br><\/mark><\/span><\/h2>\n\n\n\n<h3 class=\"wp-block-heading\" id=\"g04ad98b59880\"><span style=\"color: #418000;\"><mark style=\"background-color:rgba(0, 0, 0, 0)\" class=\"has-inline-color has-ast-global-color-0-color\">Cicles<\/mark><\/span><\/h3>\n\n\n\n<figure class=\"wp-block-image aligncenter size-large is-resized\"><img loading=\"lazy\" decoding=\"async\" width=\"997\" height=\"1024\" src=\"https:\/\/agora.xtec.cat\/iesagustiserra\/wp-content\/uploads\/usu1681\/2025\/09\/infografia-beneficis-fp-dual-empreses-1-997x1024.png\" alt=\"\" class=\"wp-image-35891\" style=\"width:683px;height:auto\" srcset=\"https:\/\/agora.xtec.cat\/iesagustiserra\/wp-content\/uploads\/usu1681\/2025\/09\/infografia-beneficis-fp-dual-empreses-1-997x1024.png 997w, https:\/\/agora.xtec.cat\/iesagustiserra\/wp-content\/uploads\/usu1681\/2025\/09\/infografia-beneficis-fp-dual-empreses-1-584x600.png 584w, https:\/\/agora.xtec.cat\/iesagustiserra\/wp-content\/uploads\/usu1681\/2025\/09\/infografia-beneficis-fp-dual-empreses-1-768x789.png 768w, https:\/\/agora.xtec.cat\/iesagustiserra\/wp-content\/uploads\/usu1681\/2025\/09\/infografia-beneficis-fp-dual-empreses-1.png 1064w\" sizes=\"auto, (max-width: 997px) 100vw, 997px\" \/><\/figure>\n\n\n\n<div style=\"height:37px\" aria-hidden=\"true\" class=\"wp-block-spacer\"><\/div>\n\n\n\n<figure class=\"wp-block-table\"><table class=\"has-fixed-layout\"><tbody><tr><td class=\"has-text-align-center\" data-align=\"center\">\n<h6><span style=\"color: #000000;\"><strong><a style=\"color: #000000;\" href=\"https:\/\/agora.xtec.cat\/iesagustiserra\/portal-empreses\/fp-dual\/comerc-i-marqueting\/\" target=\"_blank\" rel=\"noopener noreferrer\">Comer\u00e7 i M\u00e0rqueting<\/a><\/strong><\/span><\/h6>\n<\/td><td class=\"has-text-align-center\" data-align=\"center\">\n<h6><span style=\"color: #000000;\"><a style=\"color: #000000;\" href=\"https:\/\/agora.xtec.cat\/iesagustiserra\/portal-empreses\/fp-dual\/administracio-i-gestio\/\" target=\"_blank\" rel=\"noopener noreferrer\">Administraci\u00f3 i Gesti\u00f3<\/a><\/span><\/h6>\n<\/td><td class=\"has-text-align-center\" data-align=\"center\">\n<h6><span style=\"color: #000000;\"><a style=\"color: #000000;\" href=\"https:\/\/agora.xtec.cat\/iesagustiserra\/portal-empreses\/fp-dual\/activitats-fisiques-i-esportives\/\" target=\"_blank\" rel=\"noopener noreferrer\">Activitats F\u00edsiques i Esportives&nbsp;<\/a><\/span><\/h6>\n<\/td><td class=\"has-text-align-center\" data-align=\"center\">\n<h6><span style=\"color: #000000;\"><a style=\"color: #000000;\" href=\"https:\/\/agora.xtec.cat\/iesagustiserra\/portal-empreses\/fp-dual\/arts-grafiques\/\">Arts Gr\u00e0fiques<\/a><\/span><\/h6>\n<\/td><td class=\"has-text-align-center\" data-align=\"center\">\n<h6><span style=\"color: #000000;\"><a style=\"color: #000000;\" href=\"https:\/\/agora.xtec.cat\/iesagustiserra\/portal-empreses\/fp-dual\/electricitat-i-electronica\/\" target=\"_blank\" rel=\"noopener\">Electricitat i electr\u00f2nica<\/a><\/span><\/h6>\n<\/td><\/tr><\/tbody><\/table><\/figure>\n\n\n\n<h4 class=\"wp-block-heading\" id=\"g774b4731e26a\"><span style=\"color: #418000;\"><mark style=\"background-color:rgba(0, 0, 0, 0)\" class=\"has-inline-color has-ast-global-color-0-color\">Tipus de contractaci\u00f3<br><\/mark><\/span><\/h4>\n\n\n\n<div class=\"wp-block-columns is-layout-flex wp-container-core-columns-is-layout-2 wp-block-columns-is-layout-flex\" style=\"border-style:none;border-width:0px;padding-top:0;padding-right:0;padding-bottom:0;padding-left:0;box-shadow:var(--wp--preset--shadow--sharp)\">\n<div class=\"wp-block-column is-layout-flow wp-block-column-is-layout-flow\">\n<figure class=\"wp-block-image aligncenter size-full is-resized\" style=\"margin-top:var(--wp--preset--spacing--20);margin-right:var(--wp--preset--spacing--20);margin-bottom:var(--wp--preset--spacing--20);margin-left:var(--wp--preset--spacing--20)\"><img loading=\"lazy\" decoding=\"async\" width=\"751\" height=\"426\" src=\"https:\/\/agora.xtec.cat\/iesagustiserra\/wp-content\/uploads\/usu1681\/2025\/09\/Contracte.png\" alt=\"\" class=\"wp-image-35913\" style=\"width:381px;height:auto\" srcset=\"https:\/\/agora.xtec.cat\/iesagustiserra\/wp-content\/uploads\/usu1681\/2025\/09\/Contracte.png 751w, https:\/\/agora.xtec.cat\/iesagustiserra\/wp-content\/uploads\/usu1681\/2025\/09\/Contracte-600x340.png 600w\" sizes=\"auto, (max-width: 751px) 100vw, 751px\" \/><\/figure>\n\n\n\n<p>L\u2019alumnat d&#8217;FP dual intensiva pot ser contractat a trav\u00e9s d\u2019un contracte de formaci\u00f3 en alternan\u00e7a regulat en l\u2019art. 11 de l\u2019Estatut dels Treballadors.<\/p>\n\n\n\n<h6 class=\"wp-block-heading\" id=\"g5a20c68fd9ee\">Requisits de l\u2019alumnat:<\/h6>\n\n\n\n<ul class=\"wp-block-list\">\n<li> Edat: Majors de 16 anys. <\/li>\n\n\n\n<li>No haver tingut un contracte formatiu previ del mateix nivell formatiu i sector productiu. <\/li>\n\n\n\n<li>M\u00ednim 3 mesos, m\u00e0xim 2 anys (pot ser prorrogat si no s\u2019ha obtingut la titulaci\u00f3). Habitualment t\u00e9 una durada de 1.000 hores.<\/li>\n<\/ul>\n\n\n\n<h6 class=\"wp-block-heading gris\" id=\"g7d05ae47da71\">Durada:<\/h6>\n\n\n\n<ul class=\"wp-block-list\">\n<li>Estar inscrit com a demandant d\u2019ocupaci\u00f3 en determinades situacions.<\/li>\n<\/ul>\n\n\n\n<h6 class=\"wp-block-heading\" id=\"gd382946196db\">Distribuci\u00f3 de la jornada<\/h6>\n\n\n\n<ul class=\"wp-block-list\">\n<li>Primer any: 65% jornada a l\u2019empresa \u2013 35% formaci\u00f3.<\/li>\n\n\n\n<li>Segon any: 85% jornada a l\u2019empresa \u2013 15% formaci\u00f3.<\/li>\n<\/ul>\n\n\n\n<h6 class=\"wp-block-heading\" id=\"g85217a3003d7\">Formalitzaci\u00f3 del contracte<\/h6>\n\n\n\n<ul class=\"wp-block-list\">\n<li>Ha de constar per escrit en models oficials del SEPE. <\/li>\n\n\n\n<li>Ha de ser comunicat al SEPE en un termini m\u00e0xim de 10 dies des de la signatura. <\/li>\n\n\n\n<li>Adjuntar el pla formatiu individual entre el centre educatiu i l\u2019empresa<\/li>\n<\/ul>\n\n\n\n<h6 class=\"wp-block-heading\" id=\"g1340774013d8\">Import salari<\/h6>\n\n\n\n<ul class=\"wp-block-list\">\n<li>El salari s\u2019estableix segons el que marca el conveni col\u00b7lectiu aplicable a cada cas. <\/li>\n\n\n\n<li>No es distingeix entre GM i GS<\/li>\n<\/ul>\n\n\n\n<h6 class=\"wp-block-heading\" id=\"g78ed5fd25947\">Seguretat Social<\/h6>\n\n\n\n<ul class=\"wp-block-list\">\n<li>L\u2019alumne\/a t\u00e9 les condicions d\u2019un treballlador\/a amb les prestacions i cobertures corresponents.<\/li>\n<\/ul>\n\n\n\n<h6 class=\"wp-block-heading\" id=\"gda2695479673\">Bonificacions durant la vig\u00e8ncia del contracte<\/h6>\n\n\n\n<ul class=\"wp-block-list\">\n<li>91 \u20ac\/mes en les cotitzacions empresarials. <\/li>\n\n\n\n<li>28 \u20ac\/mes en les quotes de Seguretat Social de l\u2019alumne\/a.<\/li>\n<\/ul>\n\n\n\n<h6 class=\"wp-block-heading\" id=\"g8cb2286df8e7\">Bonificacions per conversi\u00f3 a contracte indefinit<\/h6>\n\n\n\n<ul class=\"wp-block-list\">\n<li>128 \u20ac\/mes durant 3 anys en el cas d\u2019homes. <\/li>\n\n\n\n<li>147 \u20ac\/mes durant 3 anys en el cas de dones<\/li>\n<\/ul>\n\n\n\n<h6 class=\"wp-block-heading\" id=\"g78aab5f56354\">Bonificaci\u00f3 addicional per finan\u00e7ar els costos de tutoritzaci\u00f3 de l&#8217;empresa<\/h6>\n\n\n\n<ul class=\"wp-block-list\">\n<li>Quantia m\u00e0xima d\u20191,5\u202f\u20ac alumne\/hora de tutoria, amb un m\u00e0xim de 40\u202fh per mes i alumne.<\/li>\n\n\n\n<li>En empreses de menys de 5 treballadors la quantia m\u00e0xima podr\u00e0 ser de 2\u202f\u20ac alumne\/hora de tutoria.<\/li>\n<\/ul>\n<\/div>\n\n\n\n<div class=\"wp-block-column is-layout-flow wp-block-column-is-layout-flow\">\n<figure class=\"wp-block-image aligncenter size-full is-resized\" style=\"margin-top:0;margin-right:var(--wp--preset--spacing--30);margin-bottom:0;margin-left:var(--wp--preset--spacing--30)\"><img loading=\"lazy\" decoding=\"async\" width=\"751\" height=\"426\" src=\"https:\/\/agora.xtec.cat\/iesagustiserra\/wp-content\/uploads\/usu1681\/2025\/09\/BECAAA-1.jpg\" alt=\"\" class=\"wp-image-35921\" style=\"width:413px;height:auto\" srcset=\"https:\/\/agora.xtec.cat\/iesagustiserra\/wp-content\/uploads\/usu1681\/2025\/09\/BECAAA-1.jpg 751w, https:\/\/agora.xtec.cat\/iesagustiserra\/wp-content\/uploads\/usu1681\/2025\/09\/BECAAA-1-600x340.jpg 600w\" sizes=\"auto, (max-width: 751px) 100vw, 751px\" \/><\/figure>\n\n\n\n<p>L\u2019FP dual intensiva amb beca formativa<\/p>\n\n\n\n<ul class=\"wp-block-list\">\n<li><strong>Formaci\u00f3 combinada<\/strong> d\u2019aprenentatges te\u00f2rics al centre educatiu amb pr\u00e0ctiques formatives reals a l\u2019empresa.<\/li>\n\n\n\n<li><strong>Reconeixement econ\u00f2mic<\/strong> a trav\u00e9s d\u2019una beca formativa proporcional a l&#8217;SMI vigent en el moment de la signatura de la beca.<\/li>\n\n\n\n<li><strong>Protecci\u00f3 socia<\/strong>l. L\u2019alumnat est\u00e0 incl\u00f2s en el r\u00e8gim general de la Seguretat Social, sense establir.<\/li>\n\n\n\n<li>una relaci\u00f3 laboral estricta.<\/li>\n<\/ul>\n\n\n\n<h6 class=\"wp-block-heading\" id=\"ge186362eae62\">Caracter\u00edstiques<\/h6>\n\n\n\n<ul class=\"wp-block-list\">\n<li>Import beca GM, m\u00ednim del 50% de l&#8217;SMI vigent.<\/li>\n\n\n\n<li>Import beca GS, entre el 60% i el 70% de l&#8217;SMI vigent, segons la fase formativa.<\/li>\n\n\n\n<li>Seguretat Social: l\u2019alumnat t\u00e9 acc\u00e9s a prestacions (baixa per malaltia, maternitat, etc.).<\/li>\n\n\n\n<li>Durada: Estada a l\u2019empresa 1.000 hores (entre 800 i 1.200 hores). <\/li>\n\n\n\n<li>Pla Formatiu Individual: Document que regula les activitats formatives, horaris i condicions de l\u2019estada.<\/li>\n<\/ul>\n<\/div>\n<\/div>\n\n\n\n<div style=\"height:37px\" aria-hidden=\"true\" class=\"wp-block-spacer\"><\/div>\n\n\n\n<h4 class=\"wp-block-heading\" id=\"gfa391ac616c1\"><span style=\"color: #418000;\"><mark style=\"background-color:rgba(0, 0, 0, 0)\" class=\"has-inline-color has-ast-global-color-0-color\">M\u00e9s informaci\u00f3<\/mark><\/span><\/h4>\n\n\n\n<ul class=\"wp-block-list\">\n<li><strong>V\u00eddeo campanya<\/strong> de la <a href=\"https:\/\/youtu.be\/BNnmWVgxMa4\" target=\"_blank\" rel=\"noopener noreferrer\">Generalitat FP Dual 174\u00b0&nbsp;<\/a><\/li>\n\n\n\n<li><strong>V\u00eddeo Dual FSE:<\/strong><\/li>\n<\/ul>\n\n\n\n<div align=\"center\"><iframe loading=\"lazy\" title=\"YouTube video player\" src=\"https:\/\/www.youtube.com\/embed\/vDkR-lNeBpw\" width=\"560\" height=\"315\" frameborder=\"0\" allowfullscreen=\"allowfullscreen\"><\/iframe><\/div>\n\n\n\n<p><\/p>\n\n\n\n<h4 class=\"wp-block-heading\" id=\"gfa391ac616c1\"><span style=\"color: #418000;\"><mark style=\"background-color:rgba(0, 0, 0, 0)\" class=\"has-inline-color has-ast-global-color-0-color\">Contacte<\/mark><\/span><\/h4>\n\n\n\n<p>L\u2019Institut disposa d\u2019una coordinadora de la formaci\u00f3 dual en centres de treball:<\/p>\n\n\n\n<p><strong>Professora: <\/strong>M\u00f2nica S\u00e1nchez:<strong>&nbsp;<\/strong><a href=\"dualintensiva@institutagustiserra.cat\">dualintensiva@institutagustiserra.cat<\/a><\/p>\n\n\n\n<h4 class=\"wp-block-heading\" id=\"g4bb44de4e931\"><mark style=\"background-color:rgba(0, 0, 0, 0)\" class=\"has-inline-color has-ast-global-color-0-color\">Voleu col\u00b7laborar amb nosaltres?<\/mark><\/h4>\n\n\n\n<div class=\"wp-block-columns is-layout-flex wp-container-core-columns-is-layout-3 wp-block-columns-is-layout-flex\" style=\"padding-top:0;padding-bottom:0\">\n<div class=\"wp-block-column is-layout-flow wp-block-column-is-layout-flow\" style=\"flex-basis:50%\">\n<p class=\"has-text-align-left\">Si la vostra empresa est\u00e0 interessada a acollir alumnat dels nostres Cicles Formatius, us convidem a omplir aquest formulari:<\/p>\n<\/div>\n\n\n\n<div class=\"wp-block-column is-layout-flow wp-block-column-is-layout-flow\" style=\"flex-basis:50%\">\n<div class=\"wp-block-buttons is-layout-flex wp-block-buttons-is-layout-flex\">\n<div class=\"wp-block-button\"><a class=\"wp-block-button__link wp-element-button\" href=\"https:\/\/forms.gle\/tuqhpvF7XxHF85sG6\" style=\"border-radius:31px;padding-right:var(--wp--preset--spacing--50);padding-left:var(--wp--preset--spacing--50)\" target=\"_blank\" rel=\"noreferrer noopener\">Formulari d&#8217;oferta de pr\u00e0ctiques per a empreses<\/a><\/div>\n<\/div>\n<\/div>\n<\/div>\n","protected":false},"excerpt":{"rendered":"<p>Empresari, empres\u00e0ria! Aix\u00f2 us pot interessar! La formaci\u00f3 dual recupera la figura de l\u2019aprenent. Es combina la formaci\u00f3 acad\u00e8mica en [&hellip;]<\/p>\n","protected":false},"author":1,"featured_media":0,"parent":27169,"menu_order":11,"comment_status":"closed","ping_status":"closed","template":"","meta":{"site-sidebar-layout":"default","site-content-layout":"","ast-site-content-layout":"default","site-content-style":"default","site-sidebar-style":"default","ast-global-header-display":"","ast-banner-title-visibility":"","ast-main-header-display":"","ast-hfb-above-header-display":"","ast-hfb-below-header-display":"","ast-hfb-mobile-header-display":"","site-post-title":"","ast-breadcrumbs-content":"","ast-featured-img":"","footer-sml-layout":"","theme-transparent-header-meta":"","adv-header-id-meta":"","stick-header-meta":"","header-above-stick-meta":"","header-main-stick-meta":"","header-below-stick-meta":"","astra-migrate-meta-layouts":"set","ast-page-background-enabled":"default","ast-page-background-meta":{"desktop":{"background-color":"var(--ast-global-color-4)","background-image":"","background-repeat":"repeat","background-position":"center center","background-size":"auto","background-attachment":"scroll","background-type":"","background-media":"","overlay-type":"","overlay-color":"","overlay-opacity":"","overlay-gradient":""},"tablet":{"background-color":"","background-image":"","background-repeat":"repeat","background-position":"center center","background-size":"auto","background-attachment":"scroll","background-type":"","background-media":"","overlay-type":"","overlay-color":"","overlay-opacity":"","overlay-gradient":""},"mobile":{"background-color":"","background-image":"","background-repeat":"repeat","background-position":"center center","background-size":"auto","background-attachment":"scroll","background-type":"","background-media":"","overlay-type":"","overlay-color":"","overlay-opacity":"","overlay-gradient":""}},"ast-content-background-meta":{"desktop":{"background-color":"var(--ast-global-color-5)","background-image":"","background-repeat":"repeat","background-position":"center center","background-size":"auto","background-attachment":"scroll","background-type":"","background-media":"","overlay-type":"","overlay-color":"","overlay-opacity":"","overlay-gradient":""},"tablet":{"background-color":"var(--ast-global-color-5)","background-image":"","background-repeat":"repeat","background-position":"center center","background-size":"auto","background-attachment":"scroll","background-type":"","background-media":"","overlay-type":"","overlay-color":"","overlay-opacity":"","overlay-gradient":""},"mobile":{"background-color":"var(--ast-global-color-5)","background-image":"","background-repeat":"repeat","background-position":"center center","background-size":"auto","background-attachment":"scroll","background-type":"","background-media":"","overlay-type":"","overlay-color":"","overlay-opacity":"","overlay-gradient":""}},"footnotes":""},"class_list":["post-2526","page","type-page","status-publish","hentry"],"post_mailing_queue_ids":[],"_links":{"self":[{"href":"https:\/\/agora.xtec.cat\/iesagustiserra\/wp-json\/wp\/v2\/pages\/2526","targetHints":{"allow":["GET"]}}],"collection":[{"href":"https:\/\/agora.xtec.cat\/iesagustiserra\/wp-json\/wp\/v2\/pages"}],"about":[{"href":"https:\/\/agora.xtec.cat\/iesagustiserra\/wp-json\/wp\/v2\/types\/page"}],"author":[{"embeddable":true,"href":"https:\/\/agora.xtec.cat\/iesagustiserra\/wp-json\/wp\/v2\/users\/1"}],"replies":[{"embeddable":true,"href":"https:\/\/agora.xtec.cat\/iesagustiserra\/wp-json\/wp\/v2\/comments?post=2526"}],"version-history":[{"count":6,"href":"https:\/\/agora.xtec.cat\/iesagustiserra\/wp-json\/wp\/v2\/pages\/2526\/revisions"}],"predecessor-version":[{"id":38938,"href":"https:\/\/agora.xtec.cat\/iesagustiserra\/wp-json\/wp\/v2\/pages\/2526\/revisions\/38938"}],"up":[{"embeddable":true,"href":"https:\/\/agora.xtec.cat\/iesagustiserra\/wp-json\/wp\/v2\/pages\/27169"}],"wp:attachment":[{"href":"https:\/\/agora.xtec.cat\/iesagustiserra\/wp-json\/wp\/v2\/media?parent=2526"}],"curies":[{"name":"wp","href":"https:\/\/api.w.org\/{rel}","templated":true}]}}