{"id":2524,"date":"2020-02-10T18:44:34","date_gmt":"2020-02-10T17:44:34","guid":{"rendered":"http:\/\/agora.xtec.cat\/iesagustiserra\/?page_id=2524"},"modified":"2026-02-27T11:24:57","modified_gmt":"2026-02-27T10:24:57","slug":"cicles-formatius","status":"publish","type":"page","link":"https:\/\/agora.xtec.cat\/iesagustiserra\/estudis\/cicles-formatius\/","title":{"rendered":"Cicles Formatius"},"content":{"rendered":"\n<h4 class=\"wp-block-heading\">Tots els cicles formatius que es poden cursar s\u00f3n en modalitat DUAL:<\/h4>\n\n\n\n<div class=\"wp-block-columns is-layout-flex wp-container-core-columns-is-layout-1 wp-block-columns-is-layout-flex\" style=\"margin-top:0;margin-bottom:0;padding-top:0;padding-right:0;padding-bottom:0;padding-left:0\">\n<div class=\"wp-block-column is-layout-flow wp-block-column-is-layout-flow\">\n<h6 class=\"wp-block-heading\">Grau mitj\u00e0<\/h6>\n\n\n\n<div style=\"text-align: center;\">\n<p><iframe loading=\"lazy\" width=\"560\" height=\"315\" src=\"https:\/\/www.youtube.com\/embed\/EAQlVjoFliU?si=Jkl1ImYd_-LFzdru\" title=\"YouTube video player\" frameborder=\"0\" allow=\"accelerometer; autoplay; clipboard-write; encrypted-media; gyroscope; picture-in-picture; web-share\" referrerpolicy=\"strict-origin-when-cross-origin\" allowfullscreen><\/iframe><\/p>\n<hr \/><\/div>\n<\/div>\n\n\n\n<div class=\"wp-block-column is-layout-flow wp-block-column-is-layout-flow\">\n<h6 class=\"wp-block-heading\">Grau superior<\/h6>\n\n\n\n<div style=\"text-align: center;\">\n<p><iframe loading=\"lazy\" width=\"560\" height=\"315\" src=\"https:\/\/www.youtube.com\/embed\/bw7Xc-7X5Og?si=1dnMmAsNJV0Ns7u9\" title=\"YouTube video player\" frameborder=\"0\" allow=\"accelerometer; autoplay; clipboard-write; encrypted-media; gyroscope; picture-in-picture; web-share\" referrerpolicy=\"strict-origin-when-cross-origin\" allowfullscreen><\/iframe><\/p>\n<hr \/><\/div>\n<\/div>\n<\/div>\n\n\n\n<div class=\"wp-block-getwid-table has-horizontal-align-left\"><table><thead><tr><th colspan=\"2\"><strong><a href=\"https:\/\/agora.xtec.cat\/iesagustiserra\/estudis\/cicles-formatius\/activitats-fisiques-i-esportives\/\">Fam\u00edlia Activitats f\u00edsiques i esportives<\/a><\/strong><\/th><\/tr><\/thead><tbody><tr><td style=\"border-color:#000000;border-width:1px;padding-right:33px\">CFGM<\/td><td style=\"border-color:#000;border-width:1px\"><a href=\"https:\/\/agora.xtec.cat\/iesagustiserra\/estudis\/cicles-formatius\/activitats-fisiques-i-esportives\/cfgs-guia-en-el-medi-natural-i-de-temps-de-lleure\/\" target=\"_blank\" rel=\"noreferrer noopener\">AE10 \u2013 Guia en el medi natural i de temps de lleure<\/a><\/td><\/tr><tr><td style=\"border-color:#000;border-width:1px\">CFGS<\/td><td style=\"border-color:#323030;border-width:1px\"><a href=\"https:\/\/agora.xtec.cat\/iesagustiserra\/estudis\/cicles-formatius\/activitats-fisiques-i-esportives\/cfgs-ensenyament-i-animacio-socioesportiva\/\" target=\"_blank\" rel=\"noreferrer noopener\">AEA0 \u2013 Ensenyament i animaci\u00f3 socioesportiva<\/a><\/td><\/tr><tr><td style=\"border-color:#393939;border-width:1px\">CFGS<\/td><td style=\"border-color:#000;border-width:1px\"><a href=\"https:\/\/agora.xtec.cat\/iesagustiserra\/estudis\/cicles-formatius\/activitats-fisiques-i-esportives\/cfgs-condicionament-fisic\/\" target=\"_blank\" rel=\"noreferrer noopener\">AEB0 \u2013 Condicionament f\u00edsic&nbsp;<\/a><\/td><\/tr><\/tbody><\/table><\/div>\n\n\n\n<div class=\"wp-block-getwid-table\"><table><thead><tr><th colspan=\"2\" style=\"text-align:left\"><strong><a href=\"https:\/\/agora.xtec.cat\/iesagustiserra\/estudis\/cicles-formatius\/administracio-i-gestio-2\/\">Fam\u00edlia Administraci\u00f3 i gesti\u00f3<\/a><\/strong><\/th><\/tr><\/thead><tbody><tr><td style=\"border-color:#000000;border-width:1px;padding-right:54px\">CFGM<\/td><td style=\"border-color:#000;border-width:1px\"><a href=\"https:\/\/agora.xtec.cat\/iesagustiserra\/estudis\/cicles-formatius\/administracio-i-gestio-2\/cfgm-gestio-administrativa\/\">AG10 \u2013 Gesti\u00f3 administrativa<\/a><\/td><\/tr><tr><td style=\"border-color:#000;border-width:1px\">CFGM<\/td><td style=\"border-color:#323030;border-width:1px\"><a href=\"https:\/\/agora.xtec.cat\/iesagustiserra\/estudis\/cicles-formatius\/administracio-i-gestio-2\/gestio-administrativa-perfil-professional-ambit-sanitari\/\">AG12 \u2013 Gesti\u00f3 administrativa, perfil professional \u00e0mbit Sanitari<\/a><\/td><\/tr><tr><td style=\"border-color:#393939;border-width:1px\">CFGS<\/td><td style=\"border-color:#000;border-width:1px\"><a href=\"https:\/\/agora.xtec.cat\/iesagustiserra\/estudis\/cicles-formatius\/administracio-i-gestio-2\/cfgs-administracio-i-finances\/\">AGB0 \u2013 Administraci\u00f3 i finances<\/a><\/td><\/tr><\/tbody><\/table><\/div>\n\n\n\n<div class=\"wp-block-getwid-table\"><table><thead><tr><th colspan=\"2\" style=\"text-align:left\"><strong><a href=\"https:\/\/agora.xtec.cat\/iesagustiserra\/estudis\/cicles-formatius\/arts-grafiques-2\/\">Fam\u00edlia Arts gr\u00e0fiques<\/a><\/strong><\/th><\/tr><\/thead><tbody><tr><td style=\"border-color:#000000;border-width:1px;padding-right:52px\">CFGM<\/td><td style=\"border-color:#000;border-width:1px;padding-right:13px\"><a href=\"https:\/\/agora.xtec.cat\/iesagustiserra\/estudis\/cicles-formatius\/arts-grafiques-2\/cfgm-preimpressio-digital\/\">AF10 \u2013 Preimpressi\u00f3 digital<\/a><\/td><\/tr><tr><td style=\"border-color:#000;border-width:1px\">CFGS<\/td><td style=\"border-color:#323030;border-width:1px\"><a href=\"https:\/\/agora.xtec.cat\/iesagustiserra\/estudis\/cicles-formatius\/arts-grafiques-2\/cfgs-disseny-i-edicio-de-publicacions-impreses-i-multimedia\/\">AFA0 \u2013 Disseny i edici\u00f3 de publicacions impreses i multim\u00e8dia<\/a><\/td><\/tr><\/tbody><\/table><\/div>\n\n\n\n<div class=\"wp-block-getwid-table\"><table><thead><tr><th colspan=\"2\" style=\"text-align:left\"><strong><a href=\"https:\/\/agora.xtec.cat\/iesagustiserra\/estudis\/cicles-formatius\/comerc-i-marketing\/\">Fam\u00edlia Comer\u00e7 i m\u00e0rqueting<\/a><\/strong><\/th><\/tr><\/thead><tbody><tr><td style=\"border-color:#000000;border-width:1px;padding-right:20px\">CFGM<\/td><td style=\"border-color:#000;border-width:1px;padding-right:100px\"><a href=\"https:\/\/agora.xtec.cat\/iesagustiserra\/estudis\/cicles-formatius\/comerc-i-marketing\/cfgm-activitats-comercials\/\" data-type=\"link\" data-id=\"https:\/\/agora.xtec.cat\/iesagustiserra\/estudis\/cicles-formatius\/comerc-i-marketing\/cfgm-activitats-comercials\/\">CM10 \u2013 Activitats comercials<\/a><\/td><\/tr><tr><td style=\"border-color:#000;border-width:1px;padding-right:7px\">CFGS<\/td><td style=\"border-color:#323030;border-width:1px;padding-right:100px\"><a href=\"https:\/\/agora.xtec.cat\/iesagustiserra\/estudis\/cicles-formatius\/comerc-i-marketing\/marqueting-i-publicitat-2\/\">CMD0 \u2013 M\u00e0rqueting i publicitat<\/a><\/td><\/tr><\/tbody><\/table><\/div>\n\n\n\n<div class=\"wp-block-getwid-table\"><table><thead><tr><th colspan=\"2\" style=\"text-align:left\"><strong><a href=\"https:\/\/agora.xtec.cat\/iesagustiserra\/estudis\/cicles-formatius\/electricitat-2\/\">Fam\u00edlia Electricitat i electr\u00f2nica<\/a><\/strong><\/th><\/tr><\/thead><tbody><tr><td style=\"border-color:#000000;border-width:1px;padding-right:28px\">CFGM<\/td><td style=\"border-color:#000;border-width:1px\"><a href=\"https:\/\/agora.xtec.cat\/iesagustiserra\/estudis\/cicles-formatius\/electricitat-2\/cfgm-installacions-electriques-i-automatiques\/\">EE10 \u2013 Instal\u00b7lacions el\u00e8ctriques i autom\u00e0tiques<\/a><\/td><\/tr><tr><td style=\"border-color:#000;border-width:1px\">CFGS<\/td><td style=\"border-color:#323030;border-width:1px\"><a href=\"https:\/\/agora.xtec.cat\/iesagustiserra\/estudis\/cicles-formatius\/electricitat-2\/cfgs-automatitzacio-i-robotica-industrial\/\">EEB0 \u2013 Automatitzaci\u00f3 i rob\u00f2tica industrial<\/a><\/td><\/tr><\/tbody><\/table><\/div>\n","protected":false},"excerpt":{"rendered":"<p>Tots els cicles formatius que es poden cursar s\u00f3n en modalitat DUAL: Grau mitj\u00e0 Grau superior<\/p>\n","protected":false},"author":1,"featured_media":0,"parent":195,"menu_order":20,"comment_status":"closed","ping_status":"closed","template":"","meta":{"site-sidebar-layout":"default","site-content-layout":"","ast-site-content-layout":"default","site-content-style":"default","site-sidebar-style":"default","ast-global-header-display":"","ast-banner-title-visibility":"","ast-main-header-display":"","ast-hfb-above-header-display":"","ast-hfb-below-header-display":"","ast-hfb-mobile-header-display":"","site-post-title":"","ast-breadcrumbs-content":"","ast-featured-img":"","footer-sml-layout":"","theme-transparent-header-meta":"","adv-header-id-meta":"","stick-header-meta":"","header-above-stick-meta":"","header-main-stick-meta":"","header-below-stick-meta":"","astra-migrate-meta-layouts":"set","ast-page-background-enabled":"default","ast-page-background-meta":{"desktop":{"background-color":"var(--ast-global-color-4)","background-image":"","background-repeat":"repeat","background-position":"center center","background-size":"auto","background-attachment":"scroll","background-type":"","background-media":"","overlay-type":"","overlay-color":"","overlay-opacity":"","overlay-gradient":""},"tablet":{"background-color":"","background-image":"","background-repeat":"repeat","background-position":"center center","background-size":"auto","background-attachment":"scroll","background-type":"","background-media":"","overlay-type":"","overlay-color":"","overlay-opacity":"","overlay-gradient":""},"mobile":{"background-color":"","background-image":"","background-repeat":"repeat","background-position":"center center","background-size":"auto","background-attachment":"scroll","background-type":"","background-media":"","overlay-type":"","overlay-color":"","overlay-opacity":"","overlay-gradient":""}},"ast-content-background-meta":{"desktop":{"background-color":"var(--ast-global-color-5)","background-image":"","background-repeat":"repeat","background-position":"center center","background-size":"auto","background-attachment":"scroll","background-type":"","background-media":"","overlay-type":"","overlay-color":"","overlay-opacity":"","overlay-gradient":""},"tablet":{"background-color":"var(--ast-global-color-5)","background-image":"","background-repeat":"repeat","background-position":"center center","background-size":"auto","background-attachment":"scroll","background-type":"","background-media":"","overlay-type":"","overlay-color":"","overlay-opacity":"","overlay-gradient":""},"mobile":{"background-color":"var(--ast-global-color-5)","background-image":"","background-repeat":"repeat","background-position":"center center","background-size":"auto","background-attachment":"scroll","background-type":"","background-media":"","overlay-type":"","overlay-color":"","overlay-opacity":"","overlay-gradient":""}},"footnotes":""},"class_list":["post-2524","page","type-page","status-publish","hentry"],"post_mailing_queue_ids":[],"_links":{"self":[{"href":"https:\/\/agora.xtec.cat\/iesagustiserra\/wp-json\/wp\/v2\/pages\/2524","targetHints":{"allow":["GET"]}}],"collection":[{"href":"https:\/\/agora.xtec.cat\/iesagustiserra\/wp-json\/wp\/v2\/pages"}],"about":[{"href":"https:\/\/agora.xtec.cat\/iesagustiserra\/wp-json\/wp\/v2\/types\/page"}],"author":[{"embeddable":true,"href":"https:\/\/agora.xtec.cat\/iesagustiserra\/wp-json\/wp\/v2\/users\/1"}],"replies":[{"embeddable":true,"href":"https:\/\/agora.xtec.cat\/iesagustiserra\/wp-json\/wp\/v2\/comments?post=2524"}],"version-history":[{"count":6,"href":"https:\/\/agora.xtec.cat\/iesagustiserra\/wp-json\/wp\/v2\/pages\/2524\/revisions"}],"predecessor-version":[{"id":38866,"href":"https:\/\/agora.xtec.cat\/iesagustiserra\/wp-json\/wp\/v2\/pages\/2524\/revisions\/38866"}],"up":[{"embeddable":true,"href":"https:\/\/agora.xtec.cat\/iesagustiserra\/wp-json\/wp\/v2\/pages\/195"}],"wp:attachment":[{"href":"https:\/\/agora.xtec.cat\/iesagustiserra\/wp-json\/wp\/v2\/media?parent=2524"}],"curies":[{"name":"wp","href":"https:\/\/api.w.org\/{rel}","templated":true}]}}