{"id":2521,"date":"2020-02-10T18:31:01","date_gmt":"2020-02-10T17:31:01","guid":{"rendered":"http:\/\/agora.xtec.cat\/iesagustiserra\/?page_id=2521"},"modified":"2025-03-28T12:20:04","modified_gmt":"2025-03-28T11:20:04","slug":"pfi-ife","status":"publish","type":"page","link":"https:\/\/agora.xtec.cat\/iesagustiserra\/estudis\/pfi-ife\/","title":{"rendered":"PFI"},"content":{"rendered":"\n<figure class=\"wp-block-image aligncenter size-full is-resized\"><img loading=\"lazy\" decoding=\"async\" width=\"538\" height=\"538\" src=\"https:\/\/agora.xtec.cat\/iesagustiserra\/wp-content\/uploads\/usu1681\/2025\/03\/LOGO-PFI.png\" alt=\"\" class=\"wp-image-32549\" style=\"width:218px\" srcset=\"https:\/\/agora.xtec.cat\/iesagustiserra\/wp-content\/uploads\/usu1681\/2025\/03\/LOGO-PFI.png 538w, https:\/\/agora.xtec.cat\/iesagustiserra\/wp-content\/uploads\/usu1681\/2025\/03\/LOGO-PFI-150x150.png 150w\" sizes=\"auto, (max-width: 538px) 100vw, 538px\" \/><\/figure>\n\n\n\n<div class=\"wp-block-group is-layout-constrained wp-block-group-is-layout-constrained\">\n<h1 class=\"wp-block-heading\">Programes de Formaci\u00f3 i Inserci\u00f3 (PFI)<\/h1>\n\n\n\n<p>Els Programes de formaci\u00f3 i inserci\u00f3 estan adre\u00e7ats als joves que compleixin com a m\u00ednim 16 anys i com a m\u00e0xim 21 en l&#8217;any d&#8217;inici del programa, que hagin deixat l&#8217;Educaci\u00f3 Secund\u00e0ria Obligat\u00f2ria sense obtenir-ne el t\u00edtol i que, en el moment d&#8217;iniciar els programes, no segueixin estudis en el sistema educatiu ni participin en altres accions de formaci\u00f3.<\/p>\n\n\n\n<p>El nostre centre ofert els seg\u00fcents programes de formaci\u00f3 (PFI):<\/p>\n\n\n\n<p>\u2714<a href=\"http:\/\/agora.xtec.cat\/iesagustiserra\/jornades-virtuals-de-portes-obertes-estudis-postibligatoris\/pfi-programes-de-formacio-i-insercio\/pfi-auxiliar-dactivitats-doficina\/\" target=\"_blank\" rel=\"noopener noreferrer\"> <\/a><a href=\"https:\/\/agora.xtec.cat\/iesagustiserra\/estudis\/pfi-ife\/pfi-auxiliar-dactivitats-doficina\/\" target=\"_blank\" rel=\"noreferrer noopener\"><span class=\"negreta\">AG01 <\/span> Auxiliar d\u2019Activitats d\u2019Oficina i en Serveis Administratius Generals<\/a><\/p>\n\n\n\n<ul class=\"wp-block-list\">\n<li><a href=\"https:\/\/triaeducativa.gencat.cat\/ca\/fp\/pfi\/families-professionals\/administracio-gestio\/?p_id=2710&amp;estudi\" target=\"_blank\" rel=\"noreferrer noopener\">Informaci\u00f3 Triaeducativa<\/a><\/li>\n<\/ul>\n\n\n\n<p><a href=\"https:\/\/agora.xtec.cat\/iesagustiserra\/estudis\/pfi-ife\/pfi-auxiliar-de-muntatges-dinstallacions-electriques-daigua-i-gas\/\" target=\"_blank\" rel=\"noreferrer noopener\">\u2714 EE01 Auxiliar de muntatges d\u2019instal\u00b7lacions electrot\u00e8cniques en edificis<\/a><\/p>\n\n\n\n<ul class=\"wp-block-list\">\n<li><a href=\"https:\/\/triaeducativa.gencat.cat\/ca\/estudis\/?auxiliar-muntatges-installacions-electrotecniques-edificis&amp;p_id=2795\" target=\"_blank\" rel=\"noreferrer noopener\">Informaci\u00f3 Triaeducativa<\/a><\/li>\n<\/ul>\n\n\n\n<p>Aquests programes es configuren com a cursos formatius que han de permetre a aquests joves reintroduir-se en el sistema educatiu per prosseguir estudis de formaci\u00f3 professional. Han de facilitar, tamb\u00e9, l&#8217;aprenentatge imprescindible per accedir al mercat de treball amb millors possibilitats d&#8217;obtenir una ocupaci\u00f3 qualificada i duradora.<\/p>\n\n\n\n<p>Podeu obtenir m\u00e9s informaci\u00f3 en el seg\u00fcent enlla\u00e7:<\/p>\n\n\n\n<p class=\"has-text-align-center\"><a href=\"https:\/\/triaeducativa.gencat.cat\/ca\/fp\/pfi\/\" target=\"_blank\" rel=\"noopener noreferrer\"><span style=\"font-size: 15.75px;\"><b><a href=\"https:\/\/triaeducativa.gencat.cat\/ca\/fp\/pfi\/\" target=\"_blank\" rel=\"noopener noreferrer\"><span style=\"font-size: 15.75px;\"><b>Web Generalitat de Catalunya: triaeducativa<\/b><\/span><\/a><\/b><\/span><\/a><\/p>\n\n\n\n<hr class=\"wp-block-separator has-text-color has-black-color has-alpha-channel-opacity has-black-background-color has-background is-style-wide\"\/>\n<\/div>\n\n\n\n<div class=\"wp-block-group is-layout-constrained wp-block-group-is-layout-constrained\">\n<p><strong>Estructura PFI 2024-2025 (II)<\/strong><\/p>\n\n\n\n<figure class=\"wp-block-table alignleft\"><table><tbody><tr><td class=\"has-text-align-left\" data-align=\"left\" rowspan=\"4\">M\u00f2duls de formaci\u00f3 professional<\/td><td class=\"has-text-align-left\" data-align=\"left\">M\u00f2duls inclosos en els curr\u00edculums dels cicles formatius de grau b\u00e0sic<\/td><td class=\"has-text-align-right\" data-align=\"right\" rowspan=\"2\">595 h <em>(inclouen 200 h<\/em> <em>d\u2019estada a l\u2019empresa)<\/em><\/td><\/tr><tr><td class=\"has-text-align-left\" data-align=\"left\">M\u00f2duls espec\u00edfics no inclosos en els curr\u00edculums dels cicles de grau b\u00e0sic<\/td><\/tr><tr><td class=\"has-text-align-left\" data-align=\"left\">M\u00f2dul de prevenci\u00f3 de riscos laborals<\/td><td class=\"has-text-align-right\" data-align=\"right\">30 h<\/td><\/tr><tr><td class=\"has-text-align-left\" data-align=\"left\">Projecte<\/td><td class=\"has-text-align-right\" data-align=\"right\">25 h<\/td><\/tr><tr><td class=\"has-text-align-left\" data-align=\"left\" rowspan=\"4\">M\u00f2duls de formaci\u00f3 general<\/td><td class=\"has-text-align-left\" data-align=\"left\">Estrat\u00e8gies i eines de comunicaci\u00f3<\/td><td class=\"has-text-align-right\" data-align=\"right\">110 h<\/td><\/tr><tr><td class=\"has-text-align-left\" data-align=\"left\">Entorn social i territorial<\/td><td class=\"has-text-align-right\" data-align=\"right\">                                    45 h<\/td><\/tr><tr><td class=\"has-text-align-left\" data-align=\"left\">Estrat\u00e8gies i eines matem\u00e0tiques<\/td><td class=\"has-text-align-right\" data-align=\"right\">                                  110 h<\/td><\/tr><tr><td class=\"has-text-align-left\" data-align=\"left\">Incorporaci\u00f3 al m\u00f3n professional<\/td><td class=\"has-text-align-right\" data-align=\"right\">                                    50 h<\/td><\/tr><tr><td class=\"has-text-align-left\" data-align=\"left\" colspan=\"2\">Tutoria<\/td><td class=\"has-text-align-right\" data-align=\"right\">                                    35 h<\/td><\/tr><tr><td class=\"has-text-align-left\" data-align=\"left\" colspan=\"2\"><strong>Total<\/strong><\/td><td class=\"has-text-align-right\" data-align=\"right\"> <strong>1000 h<\/strong><\/td><\/tr><\/tbody><\/table><\/figure>\n<\/div>\n","protected":false},"excerpt":{"rendered":"<p>Programes de Formaci\u00f3 i Inserci\u00f3 (PFI) Els Programes de formaci\u00f3 i inserci\u00f3 estan adre\u00e7ats als joves que compleixin com a [&hellip;]<\/p>\n","protected":false},"author":1,"featured_media":0,"parent":195,"menu_order":50,"comment_status":"closed","ping_status":"closed","template":"","meta":{"site-sidebar-layout":"default","site-content-layout":"","ast-site-content-layout":"default","site-content-style":"default","site-sidebar-style":"default","ast-global-header-display":"","ast-banner-title-visibility":"","ast-main-header-display":"","ast-hfb-above-header-display":"","ast-hfb-below-header-display":"","ast-hfb-mobile-header-display":"","site-post-title":"","ast-breadcrumbs-content":"","ast-featured-img":"","footer-sml-layout":"","theme-transparent-header-meta":"","adv-header-id-meta":"","stick-header-meta":"","header-above-stick-meta":"","header-main-stick-meta":"","header-below-stick-meta":"","astra-migrate-meta-layouts":"set","ast-page-background-enabled":"default","ast-page-background-meta":{"desktop":{"background-color":"var(--ast-global-color-4)","background-image":"","background-repeat":"repeat","background-position":"center center","background-size":"auto","background-attachment":"scroll","background-type":"","background-media":"","overlay-type":"","overlay-color":"","overlay-opacity":"","overlay-gradient":""},"tablet":{"background-color":"","background-image":"","background-repeat":"repeat","background-position":"center center","background-size":"auto","background-attachment":"scroll","background-type":"","background-media":"","overlay-type":"","overlay-color":"","overlay-opacity":"","overlay-gradient":""},"mobile":{"background-color":"","background-image":"","background-repeat":"repeat","background-position":"center center","background-size":"auto","background-attachment":"scroll","background-type":"","background-media":"","overlay-type":"","overlay-color":"","overlay-opacity":"","overlay-gradient":""}},"ast-content-background-meta":{"desktop":{"background-color":"var(--ast-global-color-5)","background-image":"","background-repeat":"repeat","background-position":"center center","background-size":"auto","background-attachment":"scroll","background-type":"","background-media":"","overlay-type":"","overlay-color":"","overlay-opacity":"","overlay-gradient":""},"tablet":{"background-color":"var(--ast-global-color-5)","background-image":"","background-repeat":"repeat","background-position":"center center","background-size":"auto","background-attachment":"scroll","background-type":"","background-media":"","overlay-type":"","overlay-color":"","overlay-opacity":"","overlay-gradient":""},"mobile":{"background-color":"var(--ast-global-color-5)","background-image":"","background-repeat":"repeat","background-position":"center center","background-size":"auto","background-attachment":"scroll","background-type":"","background-media":"","overlay-type":"","overlay-color":"","overlay-opacity":"","overlay-gradient":""}},"footnotes":""},"class_list":["post-2521","page","type-page","status-publish","hentry"],"post_mailing_queue_ids":[],"_links":{"self":[{"href":"https:\/\/agora.xtec.cat\/iesagustiserra\/wp-json\/wp\/v2\/pages\/2521","targetHints":{"allow":["GET"]}}],"collection":[{"href":"https:\/\/agora.xtec.cat\/iesagustiserra\/wp-json\/wp\/v2\/pages"}],"about":[{"href":"https:\/\/agora.xtec.cat\/iesagustiserra\/wp-json\/wp\/v2\/types\/page"}],"author":[{"embeddable":true,"href":"https:\/\/agora.xtec.cat\/iesagustiserra\/wp-json\/wp\/v2\/users\/1"}],"replies":[{"embeddable":true,"href":"https:\/\/agora.xtec.cat\/iesagustiserra\/wp-json\/wp\/v2\/comments?post=2521"}],"version-history":[{"count":6,"href":"https:\/\/agora.xtec.cat\/iesagustiserra\/wp-json\/wp\/v2\/pages\/2521\/revisions"}],"predecessor-version":[{"id":32550,"href":"https:\/\/agora.xtec.cat\/iesagustiserra\/wp-json\/wp\/v2\/pages\/2521\/revisions\/32550"}],"up":[{"embeddable":true,"href":"https:\/\/agora.xtec.cat\/iesagustiserra\/wp-json\/wp\/v2\/pages\/195"}],"wp:attachment":[{"href":"https:\/\/agora.xtec.cat\/iesagustiserra\/wp-json\/wp\/v2\/media?parent=2521"}],"curies":[{"name":"wp","href":"https:\/\/api.w.org\/{rel}","templated":true}]}}