{"id":2515,"date":"2020-02-10T18:29:47","date_gmt":"2020-02-10T17:29:47","guid":{"rendered":"http:\/\/agora.xtec.cat\/iesagustiserra\/?page_id=2515"},"modified":"2025-01-16T13:29:49","modified_gmt":"2025-01-16T12:29:49","slug":"salvament-i-socorrisme","status":"publish","type":"page","link":"https:\/\/agora.xtec.cat\/iesagustiserra\/estudis\/ensenyaments-esportius-2\/salvament-i-socorrisme\/","title":{"rendered":"Salvament i socorrisme  CFGM (LOE)"},"content":{"rendered":"\n<p>\u2714V\u00eddeos<\/p>\n\n\n\n<div align=\"center\"><iframe loading=\"lazy\" width=\"560\" height=\"315\" src=\"https:\/\/www.youtube.com\/embed\/xM6jkIOeqCU?si=JIUOXNeNHgb-uunv\" title=\"YouTube video player\" frameborder=\"0\" allow=\"accelerometer; autoplay; clipboard-write; encrypted-media; gyroscope; picture-in-picture; web-share\" referrerpolicy=\"strict-origin-when-cross-origin\" allowfullscreen><\/iframe><\/div>\n\n\n<div style=\"text-align: center;\"><iframe loading=\"lazy\" title=\"YouTube video player\" src=\"https:\/\/www.youtube.com\/embed\/uKawbare-RA\" width=\"560\" height=\"315\" frameborder=\"0\" allowfullscreen=\"allowfullscreen\"><\/iframe><\/div>\n<hr \/>\n<h4 style=\"text-align: left;\">\u2714Preguntes freq\u00fcents<\/h4>\n<h6 style=\"text-align: left;\"><a class=\"button normal\" style=\"padding: 0.5em; margin: 0.1em; color: white !important; background-color: #767676;\" href=\"https:\/\/agora.xtec.cat\/iesagustiserra\/wp-content\/uploads\/usu1681\/2022\/03\/Preguntes-frequents.pdf\" target=\"_blank\" rel=\"noopener noreferrer\">Veure document amb les preguntes<\/a><\/h6>\n<hr \/>\n<div style=\"text-align: center;\">\u00a0<\/div>\n<h4>\u2714 Ensenyaments Esportius<\/h4>\n<p>L&#8217;Institut ofereix el cicle formatiu de grau mitj\u00e0 de\u00a0<span class=\"negreta\">Salvament i socorrisme<\/span>. Aquesta \u00e9s una titulaci\u00f3 de l\u2019\u00e0mbit de les activitats f\u00edsiques i de l\u2019esport que es pot cursar dins dels ensenyaments esportius de r\u00e8gim especial.<\/p>\n<p class=\"gris\">Cicle Formatiu de Grau mitj\u00e0 de r\u00e8gim especial<\/p>\n<h6 style=\"text-align: left;\"><a class=\"button normal\" style=\"padding: 0.5em; margin: 0.1em; color: white !important; background-color: #767676;\" href=\"https:\/\/agora.xtec.cat\/iesagustiserra\/wp-content\/uploads\/usu1681\/2022\/03\/Salvament-i-socorrisme.pdf\" target=\"_blank\" rel=\"noopener noreferrer\">Descarregar tr\u00edptic<\/a><\/h6>\n<div style=\"text-align: center;\">\n<div style=\"text-align: center;\"><hr \/>\n<div id='gallery-1' class='gallery galleryid-2515 gallery-columns-1 gallery-size-full'><figure class='gallery-item'>\n\t\t\t<div class='gallery-icon landscape'>\n\t\t\t\t<a href='https:\/\/agora.xtec.cat\/iesagustiserra\/estudis\/ensenyaments-esportius-2\/salvament-i-socorrisme\/attachment\/savament-i-socorrisme_cara-1\/'><img loading=\"lazy\" decoding=\"async\" width=\"1251\" height=\"908\" src=\"https:\/\/agora.xtec.cat\/iesagustiserra\/wp-content\/uploads\/usu1681\/2022\/03\/Savament-i-socorrisme_cara-1.jpg\" class=\"attachment-full size-full\" alt=\"Savament i socorrisme_cara 1\" srcset=\"https:\/\/agora.xtec.cat\/iesagustiserra\/wp-content\/uploads\/usu1681\/2022\/03\/Savament-i-socorrisme_cara-1.jpg 1251w, https:\/\/agora.xtec.cat\/iesagustiserra\/wp-content\/uploads\/usu1681\/2022\/03\/Savament-i-socorrisme_cara-1-300x218.jpg 300w, https:\/\/agora.xtec.cat\/iesagustiserra\/wp-content\/uploads\/usu1681\/2022\/03\/Savament-i-socorrisme_cara-1-1024x743.jpg 1024w, https:\/\/agora.xtec.cat\/iesagustiserra\/wp-content\/uploads\/usu1681\/2022\/03\/Savament-i-socorrisme_cara-1-768x557.jpg 768w\" sizes=\"auto, (max-width: 1251px) 100vw, 1251px\" \/><\/a>\n\t\t\t<\/div><\/figure><figure class='gallery-item'>\n\t\t\t<div class='gallery-icon landscape'>\n\t\t\t\t<a href='https:\/\/agora.xtec.cat\/iesagustiserra\/estudis\/ensenyaments-esportius-2\/salvament-i-socorrisme\/attachment\/savament-i-socorrisme_cara-2\/'><img loading=\"lazy\" decoding=\"async\" width=\"1251\" height=\"908\" src=\"https:\/\/agora.xtec.cat\/iesagustiserra\/wp-content\/uploads\/usu1681\/2022\/03\/Savament-i-socorrisme_cara-2.jpg\" class=\"attachment-full size-full\" alt=\"Savament i socorrisme_cara 2\" srcset=\"https:\/\/agora.xtec.cat\/iesagustiserra\/wp-content\/uploads\/usu1681\/2022\/03\/Savament-i-socorrisme_cara-2.jpg 1251w, https:\/\/agora.xtec.cat\/iesagustiserra\/wp-content\/uploads\/usu1681\/2022\/03\/Savament-i-socorrisme_cara-2-300x218.jpg 300w, https:\/\/agora.xtec.cat\/iesagustiserra\/wp-content\/uploads\/usu1681\/2022\/03\/Savament-i-socorrisme_cara-2-1024x743.jpg 1024w, https:\/\/agora.xtec.cat\/iesagustiserra\/wp-content\/uploads\/usu1681\/2022\/03\/Savament-i-socorrisme_cara-2-768x557.jpg 768w\" sizes=\"auto, (max-width: 1251px) 100vw, 1251px\" \/><\/a>\n\t\t\t<\/div><\/figure>\n\t\t<\/div>\n\n<hr \/>\n<h4 style=\"text-align: left;\">\u2714Desenvolupament curricular<\/h4>\n<h3 style=\"text-align: left;\">1155 hores<\/h3>\n<table border=\"0\" width=\"90%\" cellspacing=\"30\">\n<tbody>\n<tr>\n<td>\n<h2 class=\"titol_taula01\" style=\"text-align: left;\">Compet\u00e8ncia general<\/h2>\n<p style=\"text-align: justify;\">El\u00a0<span class=\"negreta\">cicle inicial<\/span>\u00a0d\u2019aquests estudis capacita per dinamitzar, instruir, dirigir i concretar la iniciaci\u00f3 al medi aqu\u00e0tic i esportiva en salvament i socorrisme, i per organitzar, acompanyar i tutelar els socorristes i usuaris en la participaci\u00f3 d\u2019activitats, competicions i esdeveniments propis d\u2019aquest nivell, tot aix\u00f2 d\u2019acord amb les directrius que s\u2019estableixen en la programaci\u00f3 de refer\u00e8ncia, les mesures de prevenci\u00f3 i rescat necess\u00e0ries per garantir les condicions de seguretat dels usuaris en piscines i instal\u00b7lacions aqu\u00e0tiques (intervenint-hi amb efic\u00e0cia en l\u2019ajuda o el rescat en cas d\u2019accident) i el nivell \u00f2ptim de qualitat que permeti la satisfacci\u00f3 dels socorristes i usuaris de l\u2019activitat i la instal\u00b7laci\u00f3.<\/p>\n<p style=\"text-align: justify;\">El\u00a0<span class=\"negreta\">cicle final<\/span>\u00a0capacita per adaptar, dirigir i dinamitzar l\u2019entrenament b\u00e0sic i el perfeccionament t\u00e8cnic en l\u2019etapa de tecnificaci\u00f3 esportiva de salvament i socorrisme; organitzar, acompanyar i tutelar els esportistes i usuaris en la participaci\u00f3 d\u2019activitats, competicions i esdeveniments; gestionar els recursos materials necessaris i coordinar les activitats dels t\u00e8cnics al seu c\u00e0rrec, i organitzar activitats, competicions i esdeveniments dels nivells d\u2019iniciaci\u00f3 esportiva, garantint la seguretat dels usuaris d\u2019activitats aqu\u00e0tiques i d\u2019espais aqu\u00e0tics naturals, fent una vigil\u00e0ncia permanent i eficient, preveient situacions potencialment perilloses i intervenint de forma efica\u00e7 davant un accident o situaci\u00f3 d\u2019emerg\u00e8ncia, tot aix\u00f2 d\u2019acord amb les directrius que s\u2019estableixen en la programaci\u00f3 de refer\u00e8ncia i amb el nivell \u00f2ptim de qualitat que permeti la satisfacci\u00f3 dels socorristes i usuaris que participen en l\u2019activitat, i d\u2019espais aqu\u00e0tics naturals.<\/p>\n<p style=\"text-align: justify;\">Aquests cicles inicial i final es poden fer en un o dos cursos acad\u00e8mics.<\/p>\n<\/td>\n<\/tr>\n<\/tbody>\n<\/table>\n<table style=\"height: 443px; width: 90%;\" border=\"0\" width=\"1053\" cellspacing=\"20\" cellpadding=\"3\">\n<tbody>\n<tr style=\"height: 58px;\">\n<td class=\"titol_taula01gran\" style=\"height: 58px;\" width=\"90%\">\n<h4 style=\"text-align: left;\">Cicle inicial.<\/h4>\n<\/td>\n<td class=\"titol_taula01_durada\" style=\"height: 58px;\">\u00a0<\/td>\n<\/tr>\n<tr style=\"height: 44px;\">\n<td class=\"titol_taula01\" style=\"height: 44px;\" width=\"90%\">\n<h6>\u00a0<\/h6>\n<\/td>\n<td class=\"titol_taula01_durada\" style=\"height: 44px;\"><strong>Hores<\/strong><\/td>\n<\/tr>\n<tr style=\"height: 31px;\">\n<td class=\"taula01\" style=\"height: 31px; text-align: left;\" colspan=\"2\" width=\"90%\"><strong>Bloc com\u00fa<\/strong><\/td>\n<\/tr>\n<tr style=\"height: 31px;\">\n<td class=\"taula01\" style=\"height: 31px; text-align: left;\">Bases del comportament esportiu.<\/td>\n<td style=\"text-align: right; height: 31px;\">30<\/td>\n<\/tr>\n<tr style=\"height: 31px;\">\n<td class=\"taula01\" style=\"height: 31px; text-align: left;\">Primers auxilis.<\/td>\n<td style=\"text-align: right; height: 31px;\">30<\/td>\n<\/tr>\n<tr style=\"height: 31px;\">\n<td class=\"taula01\" style=\"height: 31px; text-align: left;\">Activitat f\u00edsica adaptada i discapacitat.<\/td>\n<td style=\"text-align: right; height: 31px;\">10<\/td>\n<\/tr>\n<tr style=\"height: 31px;\">\n<td class=\"taula01\" style=\"height: 31px; text-align: left;\">Organitzaci\u00f3 esportiva.<\/td>\n<td style=\"text-align: right; height: 31px;\">10<\/td>\n<\/tr>\n<tr style=\"height: 31px;\">\n<td class=\"taula01\" style=\"height: 31px; text-align: left;\" colspan=\"2\" width=\"90%\"><strong>Bloc espec\u00edfic<\/strong><\/td>\n<\/tr>\n<tr style=\"height: 31px;\">\n<td class=\"taula01\" style=\"height: 31px; text-align: left;\">Instal\u00b7lacions aqu\u00e0tiques i materials.<\/td>\n<td style=\"text-align: right; height: 31px;\">25<\/td>\n<\/tr>\n<tr style=\"height: 31px;\">\n<td class=\"taula01\" style=\"height: 31px; text-align: left;\">Metodologia de salvament i materials.<\/td>\n<td style=\"text-align: right; height: 31px;\">65<\/td>\n<\/tr>\n<tr style=\"height: 31px;\">\n<td class=\"taula01\" style=\"height: 31px; text-align: left;\">Organitzaci\u00f3 d&#8217;esdeveniments d&#8217;iniciaci\u00f3 en salvament i socorrisme.<\/td>\n<td style=\"text-align: right; height: 31px;\">25<\/td>\n<\/tr>\n<tr style=\"height: 31px;\">\n<td class=\"taula01\" style=\"text-align: left; height: 31px;\">Seguretat i intervenci\u00f3 en instal\u00b7lacions aqu\u00e0tiques.<\/td>\n<td style=\"text-align: right; height: 31px;\">65<\/td>\n<\/tr>\n<tr style=\"height: 31px;\">\n<td class=\"taula01\" style=\"height: 31px; text-align: right;\">Total hores<\/td>\n<td style=\"text-align: right; height: 31px;\">260<\/td>\n<\/tr>\n<\/tbody>\n<\/table>\n<table style=\"height: 893px; width: 90%;\" border=\"0\" width=\"1056\" cellspacing=\"20\" cellpadding=\"3\">\n<tbody>\n<tr>\n<td class=\"titol_taula01gran\" style=\"width: 1185px;\">\n<h4 style=\"text-align: left;\">Cicle final.<\/h4>\n<\/td>\n<td class=\"titol_taula01_durada\" style=\"width: 132px;\">\u00a0<\/td>\n<\/tr>\n<tr>\n<td class=\"titol_taula01\" style=\"width: 1185px;\">\n<h6>\u00a0<\/h6>\n<\/td>\n<td class=\"titol_taula01_durada\" style=\"width: 132px;\"><strong>Hores<\/strong><\/td>\n<\/tr>\n<tr>\n<td class=\"taula01\" style=\"width: 1185px; text-align: left;\" colspan=\"2\"><strong>Bloc com\u00fa<\/strong><\/td>\n<\/tr>\n<tr>\n<td class=\"taula01\" style=\"text-align: left;\">Bases de l&#8217;aprenentatge esportiu.<\/td>\n<td style=\"text-align: right;\">60<\/td>\n<\/tr>\n<tr>\n<td class=\"taula01\" style=\"text-align: left;\">Bases de l&#8217;entrenament esportiu.<\/td>\n<td style=\"text-align: right;\">70<\/td>\n<\/tr>\n<tr>\n<td class=\"taula01\" style=\"text-align: left;\">Esport adaptat i discapacitat.<\/td>\n<td style=\"text-align: right;\">20<\/td>\n<\/tr>\n<tr>\n<td class=\"taula01\" style=\"text-align: left;\">Organitzaci\u00f3 i legislaci\u00f3 esportiva.<\/td>\n<td style=\"text-align: right;\">20<\/td>\n<\/tr>\n<tr>\n<td class=\"taula01\" style=\"text-align: left;\">G\u00e9nere i esport.<\/td>\n<td style=\"text-align: right;\">10<\/td>\n<\/tr>\n<tr>\n<td class=\"taula01\" style=\"width: 1185px; text-align: left;\" colspan=\"2\"><strong>Bloc espec\u00edfic<\/strong><\/td>\n<\/tr>\n<tr>\n<td class=\"taula01\" style=\"text-align: left;\">Escola de salvament i socorrisme.<\/td>\n<td style=\"text-align: right;\">30<\/td>\n<\/tr>\n<tr>\n<td class=\"taula01\" style=\"text-align: left;\">Preparaci\u00f3 f\u00edsica del socorrista.<\/td>\n<td style=\"text-align: right;\">35<\/td>\n<\/tr>\n<tr>\n<td class=\"taula01\" style=\"text-align: left;\">Perfeccionament t\u00e8cnic en salvament i socorrisme.<\/td>\n<td style=\"text-align: right;\">50<\/td>\n<\/tr>\n<tr>\n<td class=\"taula01\" style=\"text-align: left;\">Organitzaci\u00f3 d&#8217;esdeveniments de tecnificaci\u00f3 en salvament i socorrisme.<\/td>\n<td style=\"text-align: right;\">35<\/td>\n<\/tr>\n<tr>\n<td class=\"taula01\" style=\"text-align: left;\">Espais aqu\u00e0tics i materials.<\/td>\n<td style=\"text-align: right;\">60<\/td>\n<\/tr>\n<tr>\n<td class=\"taula01\" style=\"text-align: left;\">Seguretat i intervenci\u00f3 en espais aqu\u00e0tics naturals.<\/td>\n<td style=\"text-align: right;\">90<\/td>\n<\/tr>\n<tr>\n<td class=\"curriculum\" style=\"text-align: right;\">Total hores<\/td>\n<td style=\"text-align: right;\">480<\/td>\n<\/tr>\n<\/tbody>\n<\/table>\n<hr \/>\n<p style=\"text-align: left;\">Podeu obtenir m\u00e9s informaci\u00f3 en el seg\u00fcent enlla\u00e7:<\/p>\n<p style=\"text-align: center;\"><a href=\"https:\/\/projectes.xtec.cat\/ere\/\" target=\"_blank\" rel=\"noopener noreferrer\"><span style=\"font-size: 15.75px;\"><b>Web Generalitat de Catalunya: triaeducativa<\/b><\/span><\/a><\/p>\n<hr \/>\n<h4 style=\"text-align: left;\">\u2714Ensenyaments de R\u00e8gim especial<\/h4>\n<h6 style=\"text-align: left;\"><a class=\"button normal\" style=\"padding: 0.5em; margin: 0.1em; color: white !important; background-color: #767676;\" href=\"https:\/\/projectes.xtec.cat\/ere\/\" target=\"_blank\" rel=\"noopener noreferrer\">Enlla\u00e7 al web de la Gencat<\/a><a class=\"button normal\" style=\"padding: 0.5em; margin: 0.1em; color: white !important; background-color: #767676;\" href=\"https:\/\/projectes.xtec.cat\/ere\/activitats-esportius\/\" target=\"_blank\" rel=\"noopener noreferrer\">Enlla\u00e7 a les activitats esportives Gencat<\/a><a class=\"button normal\" style=\"padding: 0.5em; margin: 0.1em; color: white !important; background-color: #767676;\" href=\"https:\/\/agora.xtec.cat\/iesagustiserra\/wp-content\/uploads\/usu1681\/2025\/01\/SALV-i-SOCO_2022.pdf\" target=\"_blank\" rel=\"noopener noreferrer\">Fitxa de l&#8217;estudi<\/a><\/h6>\n<br \/><hr \/><\/div>\n<\/div>\n\n\n<p><\/p>\n","protected":false},"excerpt":{"rendered":"<p>\u2714V\u00eddeos \u2714Preguntes freq\u00fcents Veure document amb les preguntes \u00a0 \u2714 Ensenyaments Esportius L&#8217;Institut ofereix el cicle formatiu de grau mitj\u00e0 [&hellip;]<\/p>\n","protected":false},"author":1,"featured_media":0,"parent":24446,"menu_order":0,"comment_status":"closed","ping_status":"closed","template":"page-templates\/side-menu.php","meta":{"site-sidebar-layout":"default","site-content-layout":"","ast-site-content-layout":"","site-content-style":"default","site-sidebar-style":"default","ast-global-header-display":"","ast-banner-title-visibility":"","ast-main-header-display":"","ast-hfb-above-header-display":"","ast-hfb-below-header-display":"","ast-hfb-mobile-header-display":"","site-post-title":"","ast-breadcrumbs-content":"","ast-featured-img":"","footer-sml-layout":"","theme-transparent-header-meta":"","adv-header-id-meta":"","stick-header-meta":"","header-above-stick-meta":"","header-main-stick-meta":"","header-below-stick-meta":"","astra-migrate-meta-layouts":"default","ast-page-background-enabled":"default","ast-page-background-meta":{"desktop":{"background-color":"var(--ast-global-color-4)","background-image":"","background-repeat":"repeat","background-position":"center center","background-size":"auto","background-attachment":"scroll","background-type":"","background-media":"","overlay-type":"","overlay-color":"","overlay-opacity":"","overlay-gradient":""},"tablet":{"background-color":"","background-image":"","background-repeat":"repeat","background-position":"center center","background-size":"auto","background-attachment":"scroll","background-type":"","background-media":"","overlay-type":"","overlay-color":"","overlay-opacity":"","overlay-gradient":""},"mobile":{"background-color":"","background-image":"","background-repeat":"repeat","background-position":"center center","background-size":"auto","background-attachment":"scroll","background-type":"","background-media":"","overlay-type":"","overlay-color":"","overlay-opacity":"","overlay-gradient":""}},"ast-content-background-meta":{"desktop":{"background-color":"var(--ast-global-color-5)","background-image":"","background-repeat":"repeat","background-position":"center center","background-size":"auto","background-attachment":"scroll","background-type":"","background-media":"","overlay-type":"","overlay-color":"","overlay-opacity":"","overlay-gradient":""},"tablet":{"background-color":"var(--ast-global-color-5)","background-image":"","background-repeat":"repeat","background-position":"center center","background-size":"auto","background-attachment":"scroll","background-type":"","background-media":"","overlay-type":"","overlay-color":"","overlay-opacity":"","overlay-gradient":""},"mobile":{"background-color":"var(--ast-global-color-5)","background-image":"","background-repeat":"repeat","background-position":"center center","background-size":"auto","background-attachment":"scroll","background-type":"","background-media":"","overlay-type":"","overlay-color":"","overlay-opacity":"","overlay-gradient":""}},"footnotes":""},"class_list":["post-2515","page","type-page","status-publish","hentry"],"post_mailing_queue_ids":[],"_links":{"self":[{"href":"https:\/\/agora.xtec.cat\/iesagustiserra\/wp-json\/wp\/v2\/pages\/2515","targetHints":{"allow":["GET"]}}],"collection":[{"href":"https:\/\/agora.xtec.cat\/iesagustiserra\/wp-json\/wp\/v2\/pages"}],"about":[{"href":"https:\/\/agora.xtec.cat\/iesagustiserra\/wp-json\/wp\/v2\/types\/page"}],"author":[{"embeddable":true,"href":"https:\/\/agora.xtec.cat\/iesagustiserra\/wp-json\/wp\/v2\/users\/1"}],"replies":[{"embeddable":true,"href":"https:\/\/agora.xtec.cat\/iesagustiserra\/wp-json\/wp\/v2\/comments?post=2515"}],"version-history":[{"count":6,"href":"https:\/\/agora.xtec.cat\/iesagustiserra\/wp-json\/wp\/v2\/pages\/2515\/revisions"}],"predecessor-version":[{"id":30535,"href":"https:\/\/agora.xtec.cat\/iesagustiserra\/wp-json\/wp\/v2\/pages\/2515\/revisions\/30535"}],"up":[{"embeddable":true,"href":"https:\/\/agora.xtec.cat\/iesagustiserra\/wp-json\/wp\/v2\/pages\/24446"}],"wp:attachment":[{"href":"https:\/\/agora.xtec.cat\/iesagustiserra\/wp-json\/wp\/v2\/media?parent=2515"}],"curies":[{"name":"wp","href":"https:\/\/api.w.org\/{rel}","templated":true}]}}