{"id":2513,"date":"2020-02-10T18:27:47","date_gmt":"2020-02-10T17:27:47","guid":{"rendered":"http:\/\/agora.xtec.cat\/iesagustiserra\/?page_id=2513"},"modified":"2025-09-01T09:05:29","modified_gmt":"2025-09-01T07:05:29","slug":"batxillerat","status":"publish","type":"page","link":"https:\/\/agora.xtec.cat\/iesagustiserra\/estudis\/batxillerat\/","title":{"rendered":"Batxillerat"},"content":{"rendered":"\n<div style=\"text-align: center;\">\n<iframe loading=\"lazy\" src=\"https:\/\/docs.google.com\/presentation\/d\/e\/2PACX-1vSnVIvPqkd3aDckIamIbw8pJxAUCUXyhFbrpOtrjLmKAdR7FSzQjeau9UndDMzefV9CK6kMC1QfhFDw\/pubembed?start=false&#038;loop=false&#038;delayms=3000\" frameborder=\"0\" width=\"1280\" height=\"749\" allowfullscreen=\"true\" mozallowfullscreen=\"true\" webkitallowfullscreen=\"true\"><\/iframe>\n<\/div>\n\n\n\n<p>El batxillerat est\u00e0 estructurat en dos cursos acad\u00e8mics. Aquesta etapa es cursa de forma convencional entre els 16 i els 18 anys, per\u00f2 \u00e9s oberta a persones de qualsevol edat, sigui de forma presencial o a dist\u00e0ncia. Al nostre centre s&#8217;imparteix de forma presencial.<\/p>\n\n\n\n<p>L&#8217;institut ofereix en el torn de mat\u00ed tres modalitats de batxillerat:<\/p>\n\n\n\n<p><span style=\"font-size: revert; text-align: justify; background-color: rgba(0, 0, 0, 0); font-weight: inherit;\">El batxillerat prepara els alumnes per a la seva incorporaci\u00f3 a estudis posteriors, tant professionals com universitaris, i per a l\u2019acc\u00e9s al m\u00f3n laboral<\/span>.<p class=\"gris\" style=\"text-align: justify;\"><span style=\"font-size: revert; background-color: rgba(0, 0, 0, 0); font-weight: inherit;\">En el mes de juny es duen a terme les proves ordin\u00e0ries de les PAU. Anualment hi ha dues convocat\u00f2ries de les PAU: una d&#8217;ordin\u00e0ria (al mes de juny) i una d&#8217;extraordin\u00e0ria (al mes de setembre).<\/span><\/p><\/p>\n\n\n\n<h4 class=\"wp-block-heading\"><a href=\"http:\/\/queestudiar.gencat.cat\/ca\/estudis\/fp\/cicles-families\/act-fisiques-esportives\/?p_id=46&amp;estudi\" target=\"_blank\" rel=\"noopener noreferrer\"><strong>\u2714<\/strong><\/a><strong>Llibres de text curs 2025-2026<\/strong><\/h4>\n\n\n\n<figure class=\"wp-block-table\"><table class=\"has-fixed-layout\"><tbody><tr><td><a href=\"https:\/\/agora.xtec.cat\/iesagustiserra\/wp-content\/uploads\/usu1681\/2025\/07\/Llibres-de-text-Batxillerat-CIENCIES-Curs-25-26-1.pdf\">Llibres de text de Batxillerat de Ci\u00e8ncies<\/a><\/td><\/tr><tr><td><a href=\"https:\/\/agora.xtec.cat\/iesagustiserra\/wp-content\/uploads\/usu1681\/2025\/07\/Llibres-de-text-Batxillerat-Ciencies-Socials-Curs-25-26-1.pdf\" target=\"_blank\" rel=\"noreferrer noopener\">Llibres de text de Batxillerat de Ci\u00e8ncies socials<\/a><\/td><\/tr><tr><td><a href=\"https:\/\/agora.xtec.cat\/iesagustiserra\/wp-content\/uploads\/usu1681\/2025\/07\/Llibres-de-text-Batxillerat-HUMANITATS-Curs-25-26-1.pdf\" target=\"_blank\" rel=\"noreferrer noopener\">Llibres de text de Batxillerat d\u2019Humanitats<\/a><\/td><\/tr><tr><td><a href=\"https:\/\/agora.xtec.cat\/iesagustiserra\/wp-content\/uploads\/usu1681\/2025\/07\/Llibres-de-text-Batxillerat-Tecnologia-Curs-25-26-1.pdf\" target=\"_blank\" rel=\"noreferrer noopener\">Llibres de text de Batxillerat de Tecnologia<\/a><\/td><\/tr><\/tbody><\/table><\/figure>\n\n\n\n<h4 class=\"wp-block-heading\"><a href=\"http:\/\/queestudiar.gencat.cat\/ca\/estudis\/fp\/cicles-families\/act-fisiques-esportives\/?p_id=46&amp;estudi\" target=\"_blank\" rel=\"noopener noreferrer\"><strong>\u2714<\/strong><\/a><strong>Desenvolupament curricular<\/strong><\/h4>\n\n\n\n<p class=\"has-medium-font-size\"><span style=\"font-size: revert; background-color: rgba(0, 0, 0, 0); font-family: Lato, sans-serif; font-weight: inherit;\">En negreta es marquen les assignatures obligat\u00f2ries a les PAU.<\/span><\/p>\n\n\n\n<h5 class=\"wp-block-heading\"><strong style=\"font-size: 1.33333rem; background-color: rgba(0, 0, 0, 0);\">Modalitat de Ci\u00e8ncies i Tecnologies<\/strong><\/h5>\n\n\n\n<p>                                   <span style=\"font-family: Poppins, sans-serif; font-size: 1.11111rem; font-weight: 600; background-color: rgba(0, 0, 0, 0);\">Primer curs<\/span><\/p>\n\n\n\n<ul class=\"wp-block-list\">\n<li><table style=\"height: 252px; width: 100%; border-color: #000000; border-style: solid;\" border=\"0\" width=\"100%\" cellspacing=\"20\" cellpadding=\"3\" align=\"left\"><tbody><tr style=\"border-style: solid; border-color: #000000;\"><td class=\"titol_taula01\" style=\"width: 111.219px; border-style: solid; border-color: #000000; height: 92px;\"><br><h4>Franja<\/h4><br><\/td><td class=\"titol_taula01\" style=\"width: 468.875px; border-style: solid; border-color: #000000; height: 92px;\"><br><h4>Tecnologia<\/h4><br><\/td><td class=\"titol_taula01\" style=\"width: 468.906px; border-style: solid; border-color: #000000; height: 92px;\"><br><h4>Ci\u00e8ncies de la Salut<\/h4><br><\/td><\/tr><tr style=\"border-style: solid; border-color: #000000;\"><td class=\"taula01\" style=\"width: 111.219px; border-style: solid; border-color: #000000; height: 32px;\">1a<\/td><td class=\"taula01\" style=\"width: 468.875px; border-style: solid; border-color: #000000; height: 32px;\"><strong><span class=\"mesnegreta\">Matem\u00e0tiques I<\/span><\/strong><\/td><td class=\"taula01\" style=\"width: 468.906px; border-style: solid; border-color: #000000; height: 32px;\"><strong>Matem\u00e0tiques I<\/strong><\/td><\/tr><tr style=\"border-style: solid; border-color: #000000;\"><td class=\"taula01\" style=\"width: 111.219px; border-style: solid; border-color: #000000; height: 64px;\">1b<\/td><td class=\"taula01\" style=\"width: 468.875px; border-style: solid; border-color: #000000; height: 64px;\"><span class=\"mesnegreta\">F\u00edsica I<\/span><\/td><td class=\"taula01\" style=\"width: 468.906px; border-style: solid; border-color: #000000; height: 64px;\">Geologia i<br>Ci\u00e8ncies Ambientals I<\/td><\/tr><tr style=\"border-style: solid; border-color: #000000;\"><td class=\"taula01\" style=\"width: 111.219px; border-style: solid; border-color: #000000; height: 32px;\">1c<\/td><td class=\"taula01\" style=\"width: 468.875px; border-style: solid; border-color: #000000; height: 32px;\">Dibuix T\u00e8cnic I<\/td><td class=\"taula01\" style=\"width: 468.906px; border-style: solid; border-color: #000000; height: 32px;\"><span class=\"mesnegreta\">Qu\u00edmica I<\/span><\/td><\/tr><tr style=\"border-style: solid; border-color: #000000;\"><td class=\"taula01\" style=\"width: 111.219px; border-style: solid; border-color: #000000; height: 32px;\">1d<\/td><td class=\"taula01\" style=\"width: 468.875px; border-style: solid; border-color: #000000; height: 32px;\">Tecnologia i Enginyeria I<\/td><td class=\"taula01\" style=\"width: 468.906px; border-style: solid; border-color: #000000; height: 32px;\"><span class=\"mesnegreta\">Biologia I<\/span><\/td><\/tr><\/tbody><\/table><br><h5 class=\"verd\">Segon curs<\/h5><table style=\"border-style: solid; width: 100%; border-color: #000000;\" border=\"0\" width=\"100%\" cellspacing=\"20\" cellpadding=\"3\" align=\"left\"><tbody><tr><td class=\"titol_taula01\" style=\"border-style: solid; border-color: #000000;\" width=\"10%\"><br><h4>Franja<\/h4><br><\/td><td class=\"titol_taula01\" style=\"border-style: solid; border-color: #000000;\" width=\"40%\"><br><h4>Tecnologia<\/h4><br><\/td><td class=\"titol_taula01\" style=\"border-style: solid; border-color: #000000;\" width=\"40%\"><br><h4>Ci\u00e8ncies de la Salut<\/h4><br><\/td><\/tr><tr><td class=\"taula01\" style=\"border-style: solid; border-color: #000000;\" width=\"10%\">2a<\/td><td class=\"taula01\" style=\"border-style: solid; border-color: #000000;\" width=\"40%\"><strong><span class=\"mesnegreta\">Matem\u00e0tiques II<\/span><\/strong><\/td><td class=\"taula01\" style=\"border-style: solid; border-color: #000000;\" width=\"40%\"><strong>Matem\u00e0tiques II<\/strong><\/td><\/tr><tr><td class=\"taula01\" style=\"border-style: solid; border-color: #000000;\" width=\"10%\">2b<\/td><td class=\"taula01\" style=\"border-style: solid; border-color: #000000;\" width=\"40%\"><span class=\"mesnegreta\">F\u00edsica II<\/span><\/td><td class=\"taula01\" style=\"border-style: solid; border-color: #000000;\" width=\"40%\">Geologia i<br>Ci\u00e8ncies Ambientals II<\/td><\/tr><tr><td class=\"taula01\" style=\"border-style: solid; border-color: #000000;\" width=\"10%\">2c<\/td><td class=\"taula01\" style=\"border-style: solid; border-color: #000000;\" width=\"40%\">Dibuix T\u00e8cnic II<\/td><td class=\"taula01\" style=\"border-style: solid; border-color: #000000;\" width=\"40%\"><span class=\"mesnegreta\">Qu\u00edmica II<\/span><\/td><\/tr><tr><td class=\"taula01\" style=\"border-style: solid; border-color: #000000;\" width=\"10%\">2d<\/td><td class=\"taula01\" style=\"border-style: solid; border-color: #000000;\" width=\"40%\">Tecnologia i Enginyeria II<\/td><td class=\"taula01\" style=\"border-style: solid; border-color: #000000;\" width=\"40%\"><span class=\"mesnegreta\">Biologia II<\/span><\/td><\/tr><\/tbody><\/table><br><h5 style=\"text-align: center;\"><\/h5><br><h4><strong style=\"font-size: 1.33333rem; background-color: rgba(0, 0, 0, 0);\">Modalitat d&#8217;Humanitats i Ci\u00e8ncies Socials<\/strong><\/h4><p>En negreta es marquen les assignatures obligat\u00f2ries a les PAU.<\/p><h5 class=\"verd\">Primer curs<\/h5><table style=\"height: 182px; width: 100%; border-style: solid; border-color: #000000;\" border=\"0\" width=\"100%\" cellspacing=\"20\" cellpadding=\"3\" align=\"left\"><tbody><tr style=\"border-style: solid;\"><td class=\"titol_taula01\" style=\"height: 58px; border-style: solid; border-color: #000000;\" width=\"10%\"><br><h4>Franja<\/h4><br><\/td><td class=\"titol_taula01\" style=\"height: 58px; border-style: solid; border-color: #000000;\" width=\"40%\"><br><h4>Filol\u00f2gic<\/h4><br><\/td><td class=\"titol_taula01\" style=\"height: 58px; border-style: solid; border-color: #000000;\" width=\"40%\"><br><h4>Gesti\u00f3<\/h4><br><\/td><\/tr><tr style=\"border-style: solid;\"><td class=\"taula03\" style=\"height: 31px; border-style: solid; border-color: #000000;\" width=\"10%\">1a<\/td><td class=\"taula03\" style=\"height: 31px; border-style: solid; border-color: #000000;\" width=\"40%\"><strong><span class=\"mesnegreta\">Llat\u00ed I<\/span><\/strong><\/td><td class=\"taula03\" style=\"height: 31px; border-style: solid; border-color: #000000;\" width=\"40%\"><strong><span class=\"mesnegreta\">Matem\u00e0tiques aplicades a les Ci\u00e8ncies Socials I<\/span><\/strong><\/td><\/tr><tr style=\"border-style: solid;\"><td class=\"taula03\" style=\"height: 31px; border-style: solid; border-color: #000000;\" width=\"10%\">1b<\/td><td class=\"taula03\" style=\"height: 31px; border-style: solid; border-color: #000000;\" width=\"40%\">Segona llengua estrangera (Franc\u00e8s) \/ Psicologia<\/td><td class=\"taula01\" style=\"height: 31px; border-style: solid; border-color: #000000;\" width=\"40%\">Funcionament Empresa<\/td><\/tr><tr style=\"border-style: solid;\"><td class=\"taula03\" style=\"height: 31px; border-style: solid; border-color: #000000;\" width=\"10%\">1c<\/td><td class=\"taula03\" style=\"height: 31px; border-style: solid; border-color: #000000;\" width=\"40%\">Literatura Universal<\/td><td class=\"taula03\" style=\"height: 31px; border-style: solid; border-color: #000000;\" width=\"40%\">Economia<\/td><\/tr><tr style=\"border-style: solid;\"><td class=\"taula03\" style=\"height: 31px; border-style: solid; border-color: #000000;\" width=\"10%\">1d<\/td><td class=\"taula03\" style=\"height: 31px; border-style: solid; border-color: #000000;\" width=\"40%\">Hist\u00f2ria del M\u00f3n Contemporani<\/td><td class=\"taula03\" style=\"height: 31px; border-style: solid; border-color: #000000;\" width=\"40%\">Hist\u00f2ria del M\u00f3n Contemporani<\/td><\/tr><\/tbody><\/table><br><h5 class=\"verd\">Segon curs<\/h5><table style=\"border-style: solid; width: 100%; border-color: #000000;\" border=\"0\" width=\"100%\" cellspacing=\"20\" cellpadding=\"3\" align=\"left\"><tbody><tr style=\"border-style: solid; border-color: #000000;\"><td class=\"titol_taula01\" style=\"border-style: solid; border-color: #000000;\" width=\"10%\"><br><h4>Franja<\/h4><br><\/td><td class=\"titol_taula01\" style=\"border-style: solid; border-color: #000000;\" width=\"40%\"><br><h4>Filol\u00f2gic<\/h4><br><\/td><td class=\"titol_taula01\" style=\"border-style: solid; border-color: #000000;\" width=\"40%\"><br><h4>Gesti\u00f3<\/h4><br><\/td><\/tr><tr style=\"border-style: solid; border-color: #000000;\"><td class=\"taula03\" style=\"border-style: solid; border-color: #000000;\" width=\"10%\">1a<\/td><td class=\"taula03\" style=\"border-style: solid; border-color: #000000;\" width=\"40%\"><strong><span class=\"mesnegreta\">Llat\u00ed II&nbsp;<\/span><\/strong><\/td><td class=\"taula03\" style=\"border-style: solid; border-color: #000000;\" width=\"40%\"><strong><span class=\"mesnegreta\">Matem\u00e0tiques aplicades a les Ci\u00e8ncies Socials II<\/span><\/strong><\/td><\/tr><tr style=\"border-style: solid; border-color: #000000;\"><td class=\"taula03\" style=\"border-style: solid; border-color: #000000;\" width=\"10%\">1b<\/td><td class=\"taula03\" style=\"border-style: solid; border-color: #000000;\" width=\"40%\">Literatura Catalana<\/td><td class=\"taula01\" style=\"border-style: solid; border-color: #000000;\" width=\"40%\"><span class=\"mesnegreta\">Geografia<\/span><\/td><\/tr><tr style=\"border-style: solid; border-color: #000000;\"><td class=\"taula03\" style=\"border-style: solid; border-color: #000000;\" width=\"10%\">1c<\/td><td class=\"taula03\" style=\"border-style: solid; border-color: #000000;\" width=\"40%\"><span class=\"mesnegreta\">Literatura Castellana<\/span><\/td><td class=\"taula03\" style=\"border-style: solid; border-color: #000000;\" width=\"40%\">Funcionament de l&#8217;Empresa i Disseny de models de negoci<\/td><\/tr><tr style=\"border-style: solid; border-color: #000000;\"><td class=\"taula03\" style=\"border-style: solid; border-color: #000000;\" width=\"10%\">1d<\/td><td class=\"taula03\" style=\"border-style: solid; border-color: #000000;\" width=\"40%\"><span class=\"mesnegreta\">Hist\u00f2ria de l&#8217;Art<\/span><\/td><td class=\"taula03\" style=\"border-style: solid; border-color: #000000;\" width=\"40%\">Hist\u00f2ria de l&#8217;Art<\/td><\/tr><\/tbody><\/table><br><h5 style=\"text-align: left;\"><\/h5><p style=\"text-align: left;\">Podeu obtenir m\u00e9s informaci\u00f3 en el seg\u00fcent enlla\u00e7:<\/p><p style=\"text-align: center;\"><a href=\"https:\/\/triaeducativa.gencat.cat\/ca\/batxillerat\/\" target=\"_blank\" rel=\"noopener noreferrer\"><span style=\"font-size: 15.75px;\"><b>Web Generalitat de Catalunya: triaeducativa<\/b><\/span><\/a><\/p><\/li>\n<\/ul>\n","protected":false},"excerpt":{"rendered":"<p>El batxillerat est\u00e0 estructurat en dos cursos acad\u00e8mics. Aquesta etapa es cursa de forma convencional entre els 16 i els [&hellip;]<\/p>\n","protected":false},"author":1,"featured_media":0,"parent":195,"menu_order":10,"comment_status":"closed","ping_status":"closed","template":"","meta":{"site-sidebar-layout":"default","site-content-layout":"","ast-site-content-layout":"default","site-content-style":"default","site-sidebar-style":"default","ast-global-header-display":"","ast-banner-title-visibility":"","ast-main-header-display":"","ast-hfb-above-header-display":"","ast-hfb-below-header-display":"","ast-hfb-mobile-header-display":"","site-post-title":"","ast-breadcrumbs-content":"","ast-featured-img":"","footer-sml-layout":"","theme-transparent-header-meta":"","adv-header-id-meta":"","stick-header-meta":"","header-above-stick-meta":"","header-main-stick-meta":"","header-below-stick-meta":"","astra-migrate-meta-layouts":"set","ast-page-background-enabled":"default","ast-page-background-meta":{"desktop":{"background-color":"var(--ast-global-color-4)","background-image":"","background-repeat":"repeat","background-position":"center center","background-size":"auto","background-attachment":"scroll","background-type":"","background-media":"","overlay-type":"","overlay-color":"","overlay-opacity":"","overlay-gradient":""},"tablet":{"background-color":"","background-image":"","background-repeat":"repeat","background-position":"center center","background-size":"auto","background-attachment":"scroll","background-type":"","background-media":"","overlay-type":"","overlay-color":"","overlay-opacity":"","overlay-gradient":""},"mobile":{"background-color":"","background-image":"","background-repeat":"repeat","background-position":"center center","background-size":"auto","background-attachment":"scroll","background-type":"","background-media":"","overlay-type":"","overlay-color":"","overlay-opacity":"","overlay-gradient":""}},"ast-content-background-meta":{"desktop":{"background-color":"var(--ast-global-color-5)","background-image":"","background-repeat":"repeat","background-position":"center center","background-size":"auto","background-attachment":"scroll","background-type":"","background-media":"","overlay-type":"","overlay-color":"","overlay-opacity":"","overlay-gradient":""},"tablet":{"background-color":"var(--ast-global-color-5)","background-image":"","background-repeat":"repeat","background-position":"center center","background-size":"auto","background-attachment":"scroll","background-type":"","background-media":"","overlay-type":"","overlay-color":"","overlay-opacity":"","overlay-gradient":""},"mobile":{"background-color":"var(--ast-global-color-5)","background-image":"","background-repeat":"repeat","background-position":"center center","background-size":"auto","background-attachment":"scroll","background-type":"","background-media":"","overlay-type":"","overlay-color":"","overlay-opacity":"","overlay-gradient":""}},"footnotes":""},"class_list":["post-2513","page","type-page","status-publish","hentry"],"post_mailing_queue_ids":[],"_links":{"self":[{"href":"https:\/\/agora.xtec.cat\/iesagustiserra\/wp-json\/wp\/v2\/pages\/2513","targetHints":{"allow":["GET"]}}],"collection":[{"href":"https:\/\/agora.xtec.cat\/iesagustiserra\/wp-json\/wp\/v2\/pages"}],"about":[{"href":"https:\/\/agora.xtec.cat\/iesagustiserra\/wp-json\/wp\/v2\/types\/page"}],"author":[{"embeddable":true,"href":"https:\/\/agora.xtec.cat\/iesagustiserra\/wp-json\/wp\/v2\/users\/1"}],"replies":[{"embeddable":true,"href":"https:\/\/agora.xtec.cat\/iesagustiserra\/wp-json\/wp\/v2\/comments?post=2513"}],"version-history":[{"count":6,"href":"https:\/\/agora.xtec.cat\/iesagustiserra\/wp-json\/wp\/v2\/pages\/2513\/revisions"}],"predecessor-version":[{"id":35598,"href":"https:\/\/agora.xtec.cat\/iesagustiserra\/wp-json\/wp\/v2\/pages\/2513\/revisions\/35598"}],"up":[{"embeddable":true,"href":"https:\/\/agora.xtec.cat\/iesagustiserra\/wp-json\/wp\/v2\/pages\/195"}],"wp:attachment":[{"href":"https:\/\/agora.xtec.cat\/iesagustiserra\/wp-json\/wp\/v2\/media?parent=2513"}],"curies":[{"name":"wp","href":"https:\/\/api.w.org\/{rel}","templated":true}]}}