{"id":24446,"date":"2024-04-19T12:42:31","date_gmt":"2024-04-19T10:42:31","guid":{"rendered":"https:\/\/agora.xtec.cat\/iesagustiserra\/?page_id=24446"},"modified":"2024-04-19T12:44:48","modified_gmt":"2024-04-19T10:44:48","slug":"ensenyaments-esportius-2","status":"publish","type":"page","link":"https:\/\/agora.xtec.cat\/iesagustiserra\/estudis\/ensenyaments-esportius-2\/","title":{"rendered":"Ensenyaments esportius"},"content":{"rendered":"<p style=\"text-align: justify;\">Els cicles d&#8217;ensenyaments esportius de grau mitj\u00e0 ofereixen la possibilitat d&#8217;obtenir les titulacions reglades de t\u00e8cnics esportius en diverses especialitats esportives, i capaciten per a la incorporaci\u00f3 al mercat laboral en les professions d&#8217;entrenadors, directors, coordinadors esportius, etc.<\/p>\n<p style=\"text-align: justify;\">Hi ha catorze modalitats professionals amb una oferta de vint-i-quatre especialitats.<\/p>\n<p style=\"text-align: justify;\">La durada est\u00e0 establerta entre 950 i 1.540 hores, repartides en un o dos cursos. Una part d&#8217;aquestes hores es destina a la formaci\u00f3 en un centre educatiu i una altra, a la pr\u00e0ctica en centres de treball.<\/p>\n<p style=\"text-align: justify;\">Els cicles de grau mitj\u00e0 comprenen dos nivells en el cas de les modalitats esportives regulades per la LOGSE i de dos cicles en les modalitats regulades per la LOE:<\/p>\n<ul style=\"text-align: justify;\">\n<li style=\"text-align: justify;\">el primer nivell o cicle inicial, comporta l&#8217;obtenci\u00f3 del certificat corresponent, i<\/li>\n<li style=\"text-align: justify;\">el segon nivell o cicle final, comporta l&#8217;obtenci\u00f3 del t\u00edtol de t\u00e8cnic esportiu en l&#8217;especialitat corresponent.<\/li>\n<\/ul>\n<h6 style=\"text-align: justify;\"><strong>Acc\u00e9s<\/strong><\/h6>\n<p style=\"text-align: justify;\">Per accedir al primer nivell o al cicle inicial cal complir els requisits seg\u00fcents:<\/p>\n<ol style=\"text-align: justify;\">\n<li>Tenir el t\u00edtol de graduat en educaci\u00f3 secund\u00e0ria obligat\u00f2ria (o equivalent a efectes acad\u00e8mics) o haver superat la prova d&#8217;acc\u00e9s a la universitat per a m\u00e9s grans de 25 anys. Les persones que no compleixen aquests requisits han de superar el curs espec\u00edfic per a l&#8217;acc\u00e9s a cicles de grau mitj\u00e0 o una prova general d&#8217;acc\u00e9s. Per presentar-s&#8217;hi cal tenir com a m\u00ednim 17 anys l&#8217;any en qu\u00e8 es fa la prova.<\/li>\n<li>Superar una prova espec\u00edfica.<\/li>\n<\/ol>\n<p style=\"text-align: justify;\">Per accedir al segon nivell o al cicle final cal haver aprovat el primer nivell o el cicle final de l&#8217;especialitat (i en alguns casos superar la prova espec\u00edfica d&#8217;acc\u00e9s de segon nivell o cicle final, si n&#8217;hi ha).<\/p>\n<p style=\"text-align: justify;\">Per cursar aquests ensenyaments cal formalitzar la <strong>preinscripci\u00f3 <\/strong>i presentar-la al centre i per a l&#8217;ensenyament demanat en primer lloc.<\/p>\n<p style=\"text-align: justify;\">Per assignar les places, les sol\u00b7licituds s&#8217;ordenen segons la<\/p>\n<p style=\"text-align: justify;\">puntuaci\u00f3 obtinguda en sumar:<\/p>\n<ul style=\"text-align: justify;\">\n<li>la qualificaci\u00f3 mitjana del requisit d&#8217;acc\u00e9s al\u00b7legat,<\/li>\n<li>dos punts si la persona sol\u00b7licitant est\u00e0 domiciliada a Catalunya i<\/li>\n<li>un punt si s\u2019ha fet la prova espec\u00edfica d\u2019acc\u00e9s en alguna convocat\u00f2ria anterior.<\/li>\n<\/ul>\n<p style=\"text-align: justify;\">Les sol\u00b7licituds que tenen la mateixa puntuaci\u00f3 s&#8217;ordenen a partir d&#8217;un n\u00famero de desempat que s&#8217;obt\u00e9 per sorteig.<\/p>\n<p style=\"text-align: justify;\">Pel que fa a l&#8217;<strong>import de la matr\u00edcula<\/strong>, vegeu els documents que detallen els preus p\u00fablics en els centres dependents del Departament d&#8217;Educaci\u00f3.<\/p>\n<p style=\"text-align: justify;\">Consulteu els sup\u00f2sits d&#8217;exempcions i bonificacions generals i espec\u00edfiques a l&#8217;apartat de preus p\u00fablics.<\/p>\n<p style=\"text-align: justify;\">Per a la resta de centres, consulteu l&#8217;import en el centre corresponent.<\/p>\n<h6 style=\"text-align: justify;\"><strong>Continu\u00eftat<\/strong><\/h6>\n<p style=\"text-align: justify;\">Les persones que superen el primer nivell o cicle inicial obtenen un certificat que els permet accedir:<\/p>\n<ul style=\"text-align: justify;\">\n<li>al segon nivell (si reuneix els requisits) i<\/li>\n<li>al m\u00f3n<\/li>\n<\/ul>\n<p style=\"text-align: justify;\">Les persones que superen el segon nivell o cicle mitj\u00e0 obtenen un t\u00edtol de t\u00e8cnic esportiu, que els permet accedir:<\/p>\n<ul>\n<li style=\"text-align: justify;\">a un cicle de grau superior d&#8217;ensenyaments esportius de la mateixa modalitat, si en superen la prova general d&#8217;acc\u00e9s o b\u00e9 tenen el t\u00edtol de batxiller;<\/li>\n<li style=\"text-align: justify;\">a un cicle de grau superior de formaci\u00f3 professional, si en superen la prova d&#8217;acc\u00e9s o b\u00e9 tenen el t\u00edtol de batxiller;<\/li>\n<li>al batxillerat (no cal fer les mat\u00e8ries optatives, ja que queden convalidades), i<\/li>\n<li>al m\u00f3n<\/li>\n<\/ul>\n<p style=\"text-align: justify;\"><strong>Normativa<\/strong><\/p>\n<p style=\"text-align: justify;\">Reial decret 1363\/2007, de 24 d&#8217;octubre, pel qual s&#8217;estableix l\u2019ordenaci\u00f3 general dels ensenyaments esportius de r\u00e8gim especial (BOE n\u00fam. 268, de 8.11.2007)<\/p>\n<p style=\"text-align: justify;\">Decret 25\/2014, de 25 de febrer, d&#8217;ordenaci\u00f3 general dels ensenyaments esportius de r\u00e8gim especial (DOGC n\u00fam. 6571, de 27.2.2014)<\/p>\n","protected":false},"excerpt":{"rendered":"<p>Els cicles d&#8217;ensenyaments esportius de grau mitj\u00e0 ofereixen la possibilitat d&#8217;obtenir les titulacions reglades de t\u00e8cnics esportius en diverses especialitats [&hellip;]<\/p>\n","protected":false},"author":1,"featured_media":0,"parent":195,"menu_order":30,"comment_status":"closed","ping_status":"closed","template":"page-templates\/side-menu.php","meta":{"site-sidebar-layout":"default","site-content-layout":"","ast-site-content-layout":"","site-content-style":"default","site-sidebar-style":"default","ast-global-header-display":"","ast-banner-title-visibility":"","ast-main-header-display":"","ast-hfb-above-header-display":"","ast-hfb-below-header-display":"","ast-hfb-mobile-header-display":"","site-post-title":"","ast-breadcrumbs-content":"","ast-featured-img":"","footer-sml-layout":"","theme-transparent-header-meta":"","adv-header-id-meta":"","stick-header-meta":"","header-above-stick-meta":"","header-main-stick-meta":"","header-below-stick-meta":"","astra-migrate-meta-layouts":"default","ast-page-background-enabled":"default","ast-page-background-meta":{"desktop":{"background-color":"var(--ast-global-color-4)","background-image":"","background-repeat":"repeat","background-position":"center center","background-size":"auto","background-attachment":"scroll","background-type":"","background-media":"","overlay-type":"","overlay-color":"","overlay-opacity":"","overlay-gradient":""},"tablet":{"background-color":"","background-image":"","background-repeat":"repeat","background-position":"center center","background-size":"auto","background-attachment":"scroll","background-type":"","background-media":"","overlay-type":"","overlay-color":"","overlay-opacity":"","overlay-gradient":""},"mobile":{"background-color":"","background-image":"","background-repeat":"repeat","background-position":"center center","background-size":"auto","background-attachment":"scroll","background-type":"","background-media":"","overlay-type":"","overlay-color":"","overlay-opacity":"","overlay-gradient":""}},"ast-content-background-meta":{"desktop":{"background-color":"var(--ast-global-color-5)","background-image":"","background-repeat":"repeat","background-position":"center center","background-size":"auto","background-attachment":"scroll","background-type":"","background-media":"","overlay-type":"","overlay-color":"","overlay-opacity":"","overlay-gradient":""},"tablet":{"background-color":"var(--ast-global-color-5)","background-image":"","background-repeat":"repeat","background-position":"center center","background-size":"auto","background-attachment":"scroll","background-type":"","background-media":"","overlay-type":"","overlay-color":"","overlay-opacity":"","overlay-gradient":""},"mobile":{"background-color":"var(--ast-global-color-5)","background-image":"","background-repeat":"repeat","background-position":"center center","background-size":"auto","background-attachment":"scroll","background-type":"","background-media":"","overlay-type":"","overlay-color":"","overlay-opacity":"","overlay-gradient":""}},"footnotes":""},"class_list":["post-24446","page","type-page","status-publish","hentry"],"post_mailing_queue_ids":[],"_links":{"self":[{"href":"https:\/\/agora.xtec.cat\/iesagustiserra\/wp-json\/wp\/v2\/pages\/24446","targetHints":{"allow":["GET"]}}],"collection":[{"href":"https:\/\/agora.xtec.cat\/iesagustiserra\/wp-json\/wp\/v2\/pages"}],"about":[{"href":"https:\/\/agora.xtec.cat\/iesagustiserra\/wp-json\/wp\/v2\/types\/page"}],"author":[{"embeddable":true,"href":"https:\/\/agora.xtec.cat\/iesagustiserra\/wp-json\/wp\/v2\/users\/1"}],"replies":[{"embeddable":true,"href":"https:\/\/agora.xtec.cat\/iesagustiserra\/wp-json\/wp\/v2\/comments?post=24446"}],"version-history":[{"count":1,"href":"https:\/\/agora.xtec.cat\/iesagustiserra\/wp-json\/wp\/v2\/pages\/24446\/revisions"}],"predecessor-version":[{"id":25641,"href":"https:\/\/agora.xtec.cat\/iesagustiserra\/wp-json\/wp\/v2\/pages\/24446\/revisions\/25641"}],"up":[{"embeddable":true,"href":"https:\/\/agora.xtec.cat\/iesagustiserra\/wp-json\/wp\/v2\/pages\/195"}],"wp:attachment":[{"href":"https:\/\/agora.xtec.cat\/iesagustiserra\/wp-json\/wp\/v2\/media?parent=24446"}],"curies":[{"name":"wp","href":"https:\/\/api.w.org\/{rel}","templated":true}]}}