{"id":24288,"date":"2024-02-07T12:26:22","date_gmt":"2024-02-07T11:26:22","guid":{"rendered":"https:\/\/agora.xtec.cat\/iesagustiserra\/?page_id=24288"},"modified":"2025-03-13T10:12:13","modified_gmt":"2025-03-13T09:12:13","slug":"calendari-preinscripcio-i-matricula-curs-2024-2025","status":"publish","type":"page","link":"https:\/\/agora.xtec.cat\/iesagustiserra\/calendari-preinscripcio-i-matricula-curs-2024-2025\/","title":{"rendered":"CALENDARI PREINSCRIPCI\u00d3 I MATR\u00cdCULA ALUMNAT NOU &#8211; CURS 2024-2025"},"content":{"rendered":"\n<div align=\"center\">\n<p><\/p><\/div>\n\n\n\n<figure class=\"wp-block-gallery has-nested-images columns-1 is-cropped wp-block-gallery-1 is-layout-flex wp-block-gallery-is-layout-flex\">\n<figure class=\"wp-block-image size-large\"><img loading=\"lazy\" decoding=\"async\" width=\"1024\" height=\"201\" data-id=\"24523\" src=\"https:\/\/agora.xtec.cat\/iesagustiserra\/wp-content\/uploads\/usu1681\/2024\/02\/imatge-impacte2024-1024x201.jpg\" alt=\"\" class=\"wp-image-24523\" srcset=\"https:\/\/agora.xtec.cat\/iesagustiserra\/wp-content\/uploads\/usu1681\/2024\/02\/imatge-impacte2024-1024x201.jpg 1024w, https:\/\/agora.xtec.cat\/iesagustiserra\/wp-content\/uploads\/usu1681\/2024\/02\/imatge-impacte2024-300x59.jpg 300w, https:\/\/agora.xtec.cat\/iesagustiserra\/wp-content\/uploads\/usu1681\/2024\/02\/imatge-impacte2024-768x151.jpg 768w, https:\/\/agora.xtec.cat\/iesagustiserra\/wp-content\/uploads\/usu1681\/2024\/02\/imatge-impacte2024-1536x302.jpg 1536w, https:\/\/agora.xtec.cat\/iesagustiserra\/wp-content\/uploads\/usu1681\/2024\/02\/imatge-impacte2024.jpg 1900w\" sizes=\"auto, (max-width: 1024px) 100vw, 1024px\" \/><\/figure>\n<\/figure>\n\n\n\n<figure class=\"wp-block-table\"><table><tbody><tr><td>\n<h6 style=\"text-align: left;\"><strong><span style=\"color: #000000;\">ESTUDIS<\/span><\/strong><\/h6>\n<\/td><td>\n<h6><a href=\"https:\/\/agora.xtec.cat\/iesagustiserra\/preinscripcio-curs-2024-2025\/\" target=\"_blank\" rel=\"noopener\"><strong><span style=\"color: #000000;\">PREINSCRIPCI\u00d3<\/span><\/strong><\/a><\/h6>\n<p><strong>Presentaci\u00f3 de sol\u00b7licituds<\/strong><\/p>\n<\/td><td>\n<h6><strong><span style=\"color: #000000;\">MATR\u00cdCULA&nbsp;<\/span><\/strong><\/h6>\n<\/td><\/tr><tr><td>\n<h5 style=\"text-align: left;\"><a href=\"https:\/\/preinscripcio.gencat.cat\/ca\/estudis\/eso\/inici\/\" target=\"_blank\" rel=\"noopener\"><strong>Educaci\u00f3 Secund\u00e0ria Obligat\u00f2ria<\/strong><\/a><\/h5>\n<\/td><td><strong>Del 8 al 20 de mar\u00e7<\/strong><\/td><td><strong>Del 18 al 26 de juny<\/strong><\/td><\/tr><tr><td>\n<h5 style=\"text-align: left;\"><a href=\"https:\/\/preinscripcio.gencat.cat\/ca\/estudis\/batxillerat\/inici\/\" target=\"_blank\" rel=\"noopener\"><strong>Batxillerat<\/strong><\/a><\/h5>\n<\/td><td><strong>Del 18 al 25 d&#8217;abril<\/strong><\/td><td><strong>Del 21 de juny a l&#8217;1 de juliol<\/strong><\/td><\/tr><tr><td>\n<h5 style=\"text-align: left;\"><a href=\"https:\/\/agora.xtec.cat\/iesagustiserra\/preinscripcio-curs-2024-2025\/\" target=\"_blank\" rel=\"noopener\"><strong>Batxillerat esportiu 3&#215;2<\/strong><\/a><\/h5>\n<\/td><td><strong>Del 25 d&#8217;abril al 3 de maig<\/strong><\/td><td><strong>Del 21 de juny a l&#8217;1 de juliol<\/strong><\/td><\/tr><tr><td rowspan=\"2\">\n<h5 style=\"text-align: left;\"><a href=\"https:\/\/preinscripcio.gencat.cat\/ca\/estudis\/fp-grau-mitja\/inici\/\" target=\"_blank\" rel=\"noopener\"><strong>Cicles de formaci\u00f3 professional&nbsp;<\/strong><\/a><\/h5>\n<\/td><td rowspan=\"2\"><span style=\"color: #000000;\"><strong>Grau mitj\u00e0 i grau superior:<\/strong><\/span><span style=\"color: #000000;\"><strong>d<\/strong><strong>el 24 al 30 de maig<\/strong><\/span><\/td><td>\n<h5 style=\"text-align: left;\"><strong>Matr\u00edcula primera assignaci\u00f3<\/strong><\/h5>\n<p style=\"text-align: left; padding-left: 40px;\"><strong>Grau mitj\u00e0: del 17 al 22 de juliol<\/strong><\/p>\n<p style=\"text-align: left; padding-left: 40px;\"><strong>Grau superior: del 15 al 18 de juliol<\/strong><\/p>\n<\/td><\/tr><tr><td>\n<h5 style=\"text-align: left;\"><strong>Matr\u00edcula resta d&#8217;assignacions<\/strong><\/h5>\n<p style=\"text-align: left; padding-left: 40px;\"><strong>Grau mitj\u00e0 i grau superior: del 2 al 6 de <\/strong><b>setembre<\/b><\/p>\n<\/td><\/tr><tr><td>\n<h5><a href=\"https:\/\/preinscripcio.gencat.cat\/ca\/estudis\/esportius\/inici\/\" target=\"_blank\" rel=\"noopener\"><strong>Salvament i socorrisme<\/strong><\/a><\/h5>\n<\/td><td><strong>Del 25 d\u2019abril al 3 de maig (primer termini)<\/strong><strong><span style=\"color: #ff0000;\">(\u00fanic per\u00edode per a l\u2019alumnat que sol\u00b7licita BATXILLERAT ESPORTIU 3\u00d72)<\/span><\/strong><hr>\n<p><strong>Del 24 al 30 de maig (segon termini)<\/strong><\/p>\n<\/td><td><strong>Del 17 al 22 de juliol (primer termini)<\/strong><span style=\"color: #ff0000;\"><strong>(\u00fanic per\u00edode per a l\u2019alumnat que sol\u00b7licita BATXILLERAT ESPORTIU 3\u00d72)<\/strong><\/span><hr>\n<p><strong>Abans del 4 de setembre (segon termini)<\/strong><\/p>\n<\/td><\/tr><tr><td>\n<h5><a href=\"https:\/\/preinscripcio.gencat.cat\/ca\/estudis\/pfi\/inici\/\" target=\"_blank\" rel=\"noopener\"><strong>PFI &#8211; PTT<\/strong><\/a><\/h5>\n<\/td><td><strong>Del 2 al 9 de maig <\/strong><br><span style=\"color: #ff0000;\"><strong>(novetat: telem\u00e0tica)<\/strong><\/span><\/td><td><strong>Del 2 al 8 de juliol<\/strong><\/td><\/tr><tr><td>\n<h5 style=\"text-align: left;\"><a href=\"https:\/\/preinscripcio.gencat.cat\/ca\/estudis\/ife\/inici\/\" target=\"_blank\" rel=\"noopener\"><strong>IFE<\/strong><\/a><\/h5>\n<\/td><td><strong>Del 13 al 24 de maig<\/strong><\/td><td><strong>Del 20 al 28 de juny<\/strong><\/td><\/tr><\/tbody><\/table><\/figure>\n\n\n\n<hr class=\"wp-block-separator has-alpha-channel-opacity\"\/>\n","protected":false},"excerpt":{"rendered":"<p>ESTUDIS PREINSCRIPCI\u00d3 Presentaci\u00f3 de sol\u00b7licituds MATR\u00cdCULA&nbsp; Educaci\u00f3 Secund\u00e0ria Obligat\u00f2ria Del 8 al 20 de mar\u00e7 Del 18 al 26 de [&hellip;]<\/p>\n","protected":false},"author":1,"featured_media":0,"parent":0,"menu_order":0,"comment_status":"closed","ping_status":"closed","template":"","meta":{"site-sidebar-layout":"default","site-content-layout":"","ast-site-content-layout":"default","site-content-style":"default","site-sidebar-style":"default","ast-global-header-display":"","ast-banner-title-visibility":"","ast-main-header-display":"","ast-hfb-above-header-display":"","ast-hfb-below-header-display":"","ast-hfb-mobile-header-display":"","site-post-title":"","ast-breadcrumbs-content":"","ast-featured-img":"","footer-sml-layout":"","theme-transparent-header-meta":"","adv-header-id-meta":"","stick-header-meta":"","header-above-stick-meta":"","header-main-stick-meta":"","header-below-stick-meta":"","astra-migrate-meta-layouts":"set","ast-page-background-enabled":"default","ast-page-background-meta":{"desktop":{"background-color":"var(--ast-global-color-4)","background-image":"","background-repeat":"repeat","background-position":"center center","background-size":"auto","background-attachment":"scroll","background-type":"","background-media":"","overlay-type":"","overlay-color":"","overlay-opacity":"","overlay-gradient":""},"tablet":{"background-color":"","background-image":"","background-repeat":"repeat","background-position":"center center","background-size":"auto","background-attachment":"scroll","background-type":"","background-media":"","overlay-type":"","overlay-color":"","overlay-opacity":"","overlay-gradient":""},"mobile":{"background-color":"","background-image":"","background-repeat":"repeat","background-position":"center center","background-size":"auto","background-attachment":"scroll","background-type":"","background-media":"","overlay-type":"","overlay-color":"","overlay-opacity":"","overlay-gradient":""}},"ast-content-background-meta":{"desktop":{"background-color":"var(--ast-global-color-5)","background-image":"","background-repeat":"repeat","background-position":"center center","background-size":"auto","background-attachment":"scroll","background-type":"","background-media":"","overlay-type":"","overlay-color":"","overlay-opacity":"","overlay-gradient":""},"tablet":{"background-color":"var(--ast-global-color-5)","background-image":"","background-repeat":"repeat","background-position":"center center","background-size":"auto","background-attachment":"scroll","background-type":"","background-media":"","overlay-type":"","overlay-color":"","overlay-opacity":"","overlay-gradient":""},"mobile":{"background-color":"var(--ast-global-color-5)","background-image":"","background-repeat":"repeat","background-position":"center center","background-size":"auto","background-attachment":"scroll","background-type":"","background-media":"","overlay-type":"","overlay-color":"","overlay-opacity":"","overlay-gradient":""}},"footnotes":""},"class_list":["post-24288","page","type-page","status-publish","hentry"],"post_mailing_queue_ids":[],"_links":{"self":[{"href":"https:\/\/agora.xtec.cat\/iesagustiserra\/wp-json\/wp\/v2\/pages\/24288","targetHints":{"allow":["GET"]}}],"collection":[{"href":"https:\/\/agora.xtec.cat\/iesagustiserra\/wp-json\/wp\/v2\/pages"}],"about":[{"href":"https:\/\/agora.xtec.cat\/iesagustiserra\/wp-json\/wp\/v2\/types\/page"}],"author":[{"embeddable":true,"href":"https:\/\/agora.xtec.cat\/iesagustiserra\/wp-json\/wp\/v2\/users\/1"}],"replies":[{"embeddable":true,"href":"https:\/\/agora.xtec.cat\/iesagustiserra\/wp-json\/wp\/v2\/comments?post=24288"}],"version-history":[{"count":6,"href":"https:\/\/agora.xtec.cat\/iesagustiserra\/wp-json\/wp\/v2\/pages\/24288\/revisions"}],"predecessor-version":[{"id":31969,"href":"https:\/\/agora.xtec.cat\/iesagustiserra\/wp-json\/wp\/v2\/pages\/24288\/revisions\/31969"}],"wp:attachment":[{"href":"https:\/\/agora.xtec.cat\/iesagustiserra\/wp-json\/wp\/v2\/media?parent=24288"}],"curies":[{"name":"wp","href":"https:\/\/api.w.org\/{rel}","templated":true}]}}