{"id":24136,"date":"2024-01-31T11:58:31","date_gmt":"2024-01-31T10:58:31","guid":{"rendered":"https:\/\/agora.xtec.cat\/iesagustiserra\/?page_id=24136"},"modified":"2026-04-13T12:24:16","modified_gmt":"2026-04-13T10:24:16","slug":"oficina-jove-sabadell","status":"publish","type":"page","link":"https:\/\/agora.xtec.cat\/iesagustiserra\/serveis\/oficina-jove-sabadell\/","title":{"rendered":"Oficina Jove Sabadell"},"content":{"rendered":"\n<div class=\"wp-block-columns is-layout-flex wp-container-core-columns-is-layout-1 wp-block-columns-is-layout-flex\">\n<div class=\"wp-block-column is-layout-flow wp-block-column-is-layout-flow\" style=\"flex-basis:66.66%\">\n<div class=\"wp-block-getwid-table-of-contents is-style-default\"><ul class=\"wp-block-getwid-table-of-contents__list\"><li><a href=\"#g3d22989c2c2e\">Agenda mensual<\/a><ul><li><a href=\"#g65f8783391d7\">Abril 2026<\/a><\/li><\/ul><\/li><li><a href=\"#gb46398299d12\">Activitats l\u2019Oficina Jove&nbsp;de Sabadell<\/a><ul><li><a href=\"#gd61cbe92ba9b\">Xerrades i programa Orienta26<\/a><\/li><\/ul><\/li><li><a href=\"#g4dd5f7a5138e\">Xarxes socials<\/a><\/li><li><a href=\"#g4dd5f7a5138e\">Contacte<\/a><\/li><\/ul><\/div>\n<\/div>\n\n\n\n<div class=\"wp-block-column is-layout-flow wp-block-column-is-layout-flow\" style=\"flex-basis:33.33%\">\n<figure class=\"wp-block-image aligncenter size-full is-resized\" style=\"margin-top:0;margin-bottom:0\"><a href=\"https:\/\/web.sabadell.cat\/oficina-jove\" target=\"_blank\" rel=\" noreferrer noopener\"><img loading=\"lazy\" decoding=\"async\" width=\"500\" height=\"500\" src=\"https:\/\/agora.xtec.cat\/iesagustiserra\/wp-content\/uploads\/usu1681\/2024\/01\/Oficina-Jove.png\" alt=\"Oficina Jove\" class=\"wp-image-24139\" style=\"width:282px;height:auto\" srcset=\"https:\/\/agora.xtec.cat\/iesagustiserra\/wp-content\/uploads\/usu1681\/2024\/01\/Oficina-Jove.png 500w, https:\/\/agora.xtec.cat\/iesagustiserra\/wp-content\/uploads\/usu1681\/2024\/01\/Oficina-Jove-300x300.png 300w, https:\/\/agora.xtec.cat\/iesagustiserra\/wp-content\/uploads\/usu1681\/2024\/01\/Oficina-Jove-150x150.png 150w\" sizes=\"auto, (max-width: 500px) 100vw, 500px\" \/><\/a><figcaption class=\"wp-element-caption\">Oficina Jove<\/figcaption><\/figure>\n<\/div>\n<\/div>\n\n\n\n<hr class=\"wp-block-separator has-alpha-channel-opacity\"\/>\n\n\n\n<h3 class=\"wp-block-heading\" id=\"g3d22989c2c2e\"><strong><a href=\"https:\/\/web.sabadell.cat\/programes\/estiu-jove-2024-activitats\" target=\"_blank\" rel=\"noreferrer noopener\">Agenda mensual<\/a><\/strong><\/h3>\n\n\n\n<h5 class=\"wp-block-heading has-text-align-left\" id=\"g65f8783391d7\">Abril 2026<\/h5>\n\n\n\n<div class=\"wp-block-columns is-layout-flex wp-container-core-columns-is-layout-2 wp-block-columns-is-layout-flex\">\n<div class=\"wp-block-column is-vertically-aligned-center is-layout-flow wp-block-column-is-layout-flow\">\n<figure class=\"wp-block-image aligncenter size-full is-resized\"><a href=\"https:\/\/agora.xtec.cat\/iesagustiserra\/wp-content\/uploads\/usu1681\/2026\/04\/CAN-PUIGGENER-3.png\"><img loading=\"lazy\" decoding=\"async\" width=\"1080\" height=\"1080\" src=\"https:\/\/agora.xtec.cat\/iesagustiserra\/wp-content\/uploads\/usu1681\/2026\/04\/CAN-PUIGGENER-3.png\" alt=\"\" class=\"wp-image-39909\" style=\"width:460px;height:auto\" srcset=\"https:\/\/agora.xtec.cat\/iesagustiserra\/wp-content\/uploads\/usu1681\/2026\/04\/CAN-PUIGGENER-3.png 1080w, https:\/\/agora.xtec.cat\/iesagustiserra\/wp-content\/uploads\/usu1681\/2026\/04\/CAN-PUIGGENER-3-600x600.png 600w, https:\/\/agora.xtec.cat\/iesagustiserra\/wp-content\/uploads\/usu1681\/2026\/04\/CAN-PUIGGENER-3-1024x1024.png 1024w, https:\/\/agora.xtec.cat\/iesagustiserra\/wp-content\/uploads\/usu1681\/2026\/04\/CAN-PUIGGENER-3-150x150.png 150w, https:\/\/agora.xtec.cat\/iesagustiserra\/wp-content\/uploads\/usu1681\/2026\/04\/CAN-PUIGGENER-3-768x768.png 768w\" sizes=\"auto, (max-width: 1080px) 100vw, 1080px\" \/><\/a><\/figure>\n<\/div>\n\n\n\n<div class=\"wp-block-column is-vertically-aligned-center is-layout-flow wp-block-column-is-layout-flow\">\n<p>Aquest mes hi ha<strong> 3 xerrades<\/strong> que requereixen<strong> inscripci\u00f3 pr\u00e8via<\/strong>:<\/p>\n\n\n\n<p><strong>09\/04 <\/strong>\u2013 Xerrada per a fam\u00edlies i altres referents adultes: Compres, subscripcions, apostes, etc. Gesti\u00f3 familiar de la despesa adolescent en entorns digitals. Oficina Jove &#8211; 17:30 h<\/p>\n\n\n\n<p><strong>14\/04 &#8211;<\/strong> Xerrada Voluntariat Internacional (oberta a tothom). Oficina Jove &#8211; 17h<\/p>\n\n\n\n<p><strong>29\/04<\/strong> \u2013 Xerrada per a fam\u00edlies i altres referents adultes: Avui puc sortir? Gesti\u00f3 familiar de les primeres sortides de festa. Oficina Jove &#8211; 17:30h<\/p>\n<\/div>\n<\/div>\n\n\n\n<hr class=\"wp-block-separator has-alpha-channel-opacity\"\/>\n\n\n\n<h3 class=\"wp-block-heading\" id=\"gb46398299d12\">Activitats <strong>l\u2019Oficina Jove&nbsp;de Sabadell<\/strong><\/h3>\n\n\n\n<h5 class=\"wp-block-heading\" id=\"gd61cbe92ba9b\">Xerrades i programa Orienta26<\/h5>\n\n\n\n<div class=\"wp-block-columns is-layout-flex wp-container-core-columns-is-layout-3 wp-block-columns-is-layout-flex\" style=\"padding-top:var(--wp--preset--spacing--30);padding-right:var(--wp--preset--spacing--20);padding-bottom:var(--wp--preset--spacing--30);padding-left:var(--wp--preset--spacing--20)\">\n<div class=\"wp-block-column is-layout-flow wp-block-column-is-layout-flow\" style=\"flex-basis:35%\">\n<figure data-wp-context=\"{&quot;imageId&quot;:&quot;69e2ce766b1a5&quot;}\" data-wp-interactive=\"core\/image\" class=\"wp-block-image aligncenter size-large is-resized wp-lightbox-container\"><img loading=\"lazy\" decoding=\"async\" width=\"1024\" height=\"1024\" data-wp-class--hide=\"state.isContentHidden\" data-wp-class--show=\"state.isContentVisible\" data-wp-init=\"callbacks.setButtonStyles\" data-wp-on-async--click=\"actions.showLightbox\" data-wp-on-async--load=\"callbacks.setButtonStyles\" data-wp-on-async-window--resize=\"callbacks.setButtonStyles\" src=\"https:\/\/agora.xtec.cat\/iesagustiserra\/wp-content\/uploads\/usu1681\/2026\/03\/JOVENTUT-ORIENTA-1-1024x1024.png\" alt=\"\" class=\"wp-image-39011\" style=\"width:280px;height:auto\" srcset=\"https:\/\/agora.xtec.cat\/iesagustiserra\/wp-content\/uploads\/usu1681\/2026\/03\/JOVENTUT-ORIENTA-1-1024x1024.png 1024w, https:\/\/agora.xtec.cat\/iesagustiserra\/wp-content\/uploads\/usu1681\/2026\/03\/JOVENTUT-ORIENTA-1-600x600.png 600w, https:\/\/agora.xtec.cat\/iesagustiserra\/wp-content\/uploads\/usu1681\/2026\/03\/JOVENTUT-ORIENTA-1-150x150.png 150w, https:\/\/agora.xtec.cat\/iesagustiserra\/wp-content\/uploads\/usu1681\/2026\/03\/JOVENTUT-ORIENTA-1-768x768.png 768w, https:\/\/agora.xtec.cat\/iesagustiserra\/wp-content\/uploads\/usu1681\/2026\/03\/JOVENTUT-ORIENTA-1.png 1080w\" sizes=\"auto, (max-width: 1024px) 100vw, 1024px\" \/><button\n\t\t\tclass=\"lightbox-trigger\"\n\t\t\ttype=\"button\"\n\t\t\taria-haspopup=\"dialog\"\n\t\t\taria-label=\"Amplia la imatge\"\n\t\t\tdata-wp-init=\"callbacks.initTriggerButton\"\n\t\t\tdata-wp-on-async--click=\"actions.showLightbox\"\n\t\t\tdata-wp-style--right=\"state.imageButtonRight\"\n\t\t\tdata-wp-style--top=\"state.imageButtonTop\"\n\t\t>\n\t\t\t<svg xmlns=\"http:\/\/www.w3.org\/2000\/svg\" width=\"12\" height=\"12\" fill=\"none\" viewBox=\"0 0 12 12\">\n\t\t\t\t<path fill=\"#fff\" d=\"M2 0a2 2 0 0 0-2 2v2h1.5V2a.5.5 0 0 1 .5-.5h2V0H2Zm2 10.5H2a.5.5 0 0 1-.5-.5V8H0v2a2 2 0 0 0 2 2h2v-1.5ZM8 12v-1.5h2a.5.5 0 0 0 .5-.5V8H12v2a2 2 0 0 1-2 2H8Zm2-12a2 2 0 0 1 2 2v2h-1.5V2a.5.5 0 0 0-.5-.5H8V0h2Z\" \/>\n\t\t\t<\/svg>\n\t\t<\/button><\/figure>\n<\/div>\n\n\n\n<div class=\"wp-block-column is-layout-flow wp-block-column-is-layout-flow\" style=\"flex-basis:30%\">\n<figure data-wp-context=\"{&quot;imageId&quot;:&quot;69e2ce766b70b&quot;}\" data-wp-interactive=\"core\/image\" class=\"wp-block-image aligncenter size-large is-resized wp-lightbox-container\"><img loading=\"lazy\" decoding=\"async\" width=\"819\" height=\"1024\" data-wp-class--hide=\"state.isContentHidden\" data-wp-class--show=\"state.isContentVisible\" data-wp-init=\"callbacks.setButtonStyles\" data-wp-on-async--click=\"actions.showLightbox\" data-wp-on-async--load=\"callbacks.setButtonStyles\" data-wp-on-async-window--resize=\"callbacks.setButtonStyles\" src=\"https:\/\/agora.xtec.cat\/iesagustiserra\/wp-content\/uploads\/usu1681\/2026\/01\/2026_JO_Batxi-Int-819x1024.png\" alt=\"\" class=\"wp-image-37984\" style=\"width:257px;height:auto\" srcset=\"https:\/\/agora.xtec.cat\/iesagustiserra\/wp-content\/uploads\/usu1681\/2026\/01\/2026_JO_Batxi-Int-819x1024.png 819w, https:\/\/agora.xtec.cat\/iesagustiserra\/wp-content\/uploads\/usu1681\/2026\/01\/2026_JO_Batxi-Int-480x600.png 480w, https:\/\/agora.xtec.cat\/iesagustiserra\/wp-content\/uploads\/usu1681\/2026\/01\/2026_JO_Batxi-Int-768x960.png 768w, https:\/\/agora.xtec.cat\/iesagustiserra\/wp-content\/uploads\/usu1681\/2026\/01\/2026_JO_Batxi-Int.png 1080w\" sizes=\"auto, (max-width: 819px) 100vw, 819px\" \/><button\n\t\t\tclass=\"lightbox-trigger\"\n\t\t\ttype=\"button\"\n\t\t\taria-haspopup=\"dialog\"\n\t\t\taria-label=\"Amplia la imatge\"\n\t\t\tdata-wp-init=\"callbacks.initTriggerButton\"\n\t\t\tdata-wp-on-async--click=\"actions.showLightbox\"\n\t\t\tdata-wp-style--right=\"state.imageButtonRight\"\n\t\t\tdata-wp-style--top=\"state.imageButtonTop\"\n\t\t>\n\t\t\t<svg xmlns=\"http:\/\/www.w3.org\/2000\/svg\" width=\"12\" height=\"12\" fill=\"none\" viewBox=\"0 0 12 12\">\n\t\t\t\t<path fill=\"#fff\" d=\"M2 0a2 2 0 0 0-2 2v2h1.5V2a.5.5 0 0 1 .5-.5h2V0H2Zm2 10.5H2a.5.5 0 0 1-.5-.5V8H0v2a2 2 0 0 0 2 2h2v-1.5ZM8 12v-1.5h2a.5.5 0 0 0 .5-.5V8H12v2a2 2 0 0 1-2 2H8Zm2-12a2 2 0 0 1 2 2v2h-1.5V2a.5.5 0 0 0-.5-.5H8V0h2Z\" \/>\n\t\t\t<\/svg>\n\t\t<\/button><\/figure>\n<\/div>\n\n\n\n<div class=\"wp-block-column is-layout-flow wp-block-column-is-layout-flow\" style=\"flex-basis:30%\">\n<figure data-wp-context=\"{&quot;imageId&quot;:&quot;69e2ce766bc07&quot;}\" data-wp-interactive=\"core\/image\" class=\"wp-block-image aligncenter size-large is-resized wp-lightbox-container\"><img loading=\"lazy\" decoding=\"async\" width=\"724\" height=\"1024\" data-wp-class--hide=\"state.isContentHidden\" data-wp-class--show=\"state.isContentVisible\" data-wp-init=\"callbacks.setButtonStyles\" data-wp-on-async--click=\"actions.showLightbox\" data-wp-on-async--load=\"callbacks.setButtonStyles\" data-wp-on-async-window--resize=\"callbacks.setButtonStyles\" src=\"https:\/\/agora.xtec.cat\/iesagustiserra\/wp-content\/uploads\/usu1681\/2026\/01\/cartellJoventutOrienta26-OK-724x1024.jpg\" alt=\"\" class=\"wp-image-37989\" style=\"width:235px;height:auto\" srcset=\"https:\/\/agora.xtec.cat\/iesagustiserra\/wp-content\/uploads\/usu1681\/2026\/01\/cartellJoventutOrienta26-OK-724x1024.jpg 724w, https:\/\/agora.xtec.cat\/iesagustiserra\/wp-content\/uploads\/usu1681\/2026\/01\/cartellJoventutOrienta26-OK-424x600.jpg 424w, https:\/\/agora.xtec.cat\/iesagustiserra\/wp-content\/uploads\/usu1681\/2026\/01\/cartellJoventutOrienta26-OK-768x1087.jpg 768w, https:\/\/agora.xtec.cat\/iesagustiserra\/wp-content\/uploads\/usu1681\/2026\/01\/cartellJoventutOrienta26-OK.jpg 841w\" sizes=\"auto, (max-width: 724px) 100vw, 724px\" \/><button\n\t\t\tclass=\"lightbox-trigger\"\n\t\t\ttype=\"button\"\n\t\t\taria-haspopup=\"dialog\"\n\t\t\taria-label=\"Amplia la imatge\"\n\t\t\tdata-wp-init=\"callbacks.initTriggerButton\"\n\t\t\tdata-wp-on-async--click=\"actions.showLightbox\"\n\t\t\tdata-wp-style--right=\"state.imageButtonRight\"\n\t\t\tdata-wp-style--top=\"state.imageButtonTop\"\n\t\t>\n\t\t\t<svg xmlns=\"http:\/\/www.w3.org\/2000\/svg\" width=\"12\" height=\"12\" fill=\"none\" viewBox=\"0 0 12 12\">\n\t\t\t\t<path fill=\"#fff\" d=\"M2 0a2 2 0 0 0-2 2v2h1.5V2a.5.5 0 0 1 .5-.5h2V0H2Zm2 10.5H2a.5.5 0 0 1-.5-.5V8H0v2a2 2 0 0 0 2 2h2v-1.5ZM8 12v-1.5h2a.5.5 0 0 0 .5-.5V8H12v2a2 2 0 0 1-2 2H8Zm2-12a2 2 0 0 1 2 2v2h-1.5V2a.5.5 0 0 0-.5-.5H8V0h2Z\" \/>\n\t\t\t<\/svg>\n\t\t<\/button><figcaption class=\"wp-element-caption\"><a href=\"https:\/\/agora.xtec.cat\/iesagustiserra\/wp-content\/uploads\/usu1681\/2026\/01\/programaJoventutOrienta26-ok.pdf\" target=\"_blank\" rel=\"noreferrer noopener\">Programa Joventut Orienta26 <\/a><\/figcaption><\/figure>\n<\/div>\n<\/div>\n\n\n\n<p>Cal recordar que per aquestes activitats cal inscripci\u00f3 pr\u00e8via i que l\u2019<strong>Oficina Jove est\u00e0 ubicada al C\/Blasco de Garay, 19.<\/strong><\/p>\n\n\n\n<p>Aqu\u00ed us podeu inscriure a totes les xerrades:<\/p>\n\n\n\n<div class=\"wp-block-buttons is-content-justification-center is-layout-flex wp-container-core-buttons-is-layout-1 wp-block-buttons-is-layout-flex\">\n<div class=\"wp-block-button\"><a class=\"wp-block-button__link wp-element-button\" href=\"https:\/\/web.sabadell.cat\/formulari-inscripcio-joventut-orienta-2026\" target=\"_blank\" rel=\"noreferrer noopener\">ENLLA\u00c7 INSCRIPCI\u00d3 PR\u00c8VIA<\/a><\/div>\n<\/div>\n\n\n\n<ul class=\"wp-block-list\">\n<li><strong>27 gener<\/strong>&nbsp;\/ 17 h \u2013&nbsp;<strong>Qu\u00e8 \u00e9s el Batxillerat Internacional?<\/strong> A c\u00e0rrec de les coordinadores del Batxillerat Internacional de l\u2019IES Sabadell i l\u2019Institut Forat del Vent (Cerdanyola)<\/li>\n\n\n\n<li><strong>3 febrer<\/strong>&nbsp;\/ 18 h \u2013&nbsp;<strong>Cossos d\u2019emerg\u00e8ncies: bombers, agents rurals, protecci\u00f3 civil i emerg\u00e8ncies sanit\u00e0ries<\/strong> A c\u00e0rrec del Cos de Bombers de Sabadell i alumnat i professionals de la Nau112<\/li>\n\n\n\n<li><strong>12 febrer<\/strong>&nbsp;\/ 18\u202fh \u2013&nbsp;<strong>Quan acabo l\u2019ESO, qu\u00e8? Opcions formatives i ocupacionals<\/strong> A c\u00e0rrec de l\u2019Assessoria d\u2019Educaci\u00f3 i Formaci\u00f3 de l\u2019Oficina Jove i del Programa de Suport a l\u2019Ocupaci\u00f3 Juvenil <strong><em>Xerrada en l\u00ednia<\/em><\/strong><\/li>\n\n\n\n<li><strong>19 febrer<\/strong>&nbsp;\/ 17 h<em>&nbsp;\u2013&nbsp;<\/em><strong>Cossos de seguretat: Mossos d\u2019Esquadra i Policia Municipal<\/strong> A c\u00e0rrec de Grup de promoci\u00f3 a l\u2019acc\u00e9s al cos de Mossos d\u2019Esquadra i la Policia Municipal de Sabadell<\/li>\n\n\n\n<li><strong>4 mar\u00e7<\/strong>&nbsp;\/ 17\u202fh \u2013&nbsp;<strong>Dem\u00e0 examen! Millor estudio d\u2019aqu\u00ed una estona&#8230;<\/strong> A c\u00e0rrec de l\u2019Assessoria d\u2019Acompanyament Emocional de l\u2019Oficina Jove<\/li>\n<\/ul>\n\n\n\n<ul class=\"wp-block-list\">\n<li><strong>10 mar\u00e7<\/strong>\/ 17\u202fh \u2013&nbsp;<strong>Qu\u00e8 puc estudiar quan acabo el Batxillerat?<\/strong> A c\u00e0rrec de l\u2019Assessoria d\u2019Educaci\u00f3 i Formaci\u00f3 de l\u2019Oficina Jove<\/li>\n\n\n\n<li><strong>17 mar\u00e7<\/strong>&nbsp;\/17\u202fh \u2013&nbsp;<strong>Beques i estudis a l\u2019estranger<\/strong> A c\u00e0rrec de l\u2019Assessoria de Mobilitat Internacional de l\u2019Oficina Jove&nbsp;<\/li>\n\n\n\n<li><strong>24 mar\u00e7&nbsp;<\/strong>&nbsp;\/17\u202fh \u2013&nbsp;<strong>Qu\u00e8 he de tenir en compte per les preinscripcions a estudis postobligatoris?<\/strong> A c\u00e0rrec de l\u2019Assessoria d\u2019Educaci\u00f3 i Formaci\u00f3 de l\u2019Oficina Jove <strong><em>Xerrada en l\u00ednia<\/em><\/strong><\/li>\n\n\n\n<li><strong>31 mar\u00e7&nbsp;<\/strong>&nbsp;\/ 17 h\u2013&nbsp;<strong>Tot el que has de saber sobre beques d\u2019estudis postobligatoris, universitaris i no universitaris<\/strong>A c\u00e0rrec d\u2019\u00c0lvar Salas, de l\u2019Ag\u00e8ncia de Gesti\u00f3 d\u2019Ajuts Universitaris i de Recerca (AGAUR)&nbsp;<\/li>\n<\/ul>\n\n\n\n<div class=\"wp-block-columns is-layout-flex wp-container-core-columns-is-layout-4 wp-block-columns-is-layout-flex\" style=\"padding-top:var(--wp--preset--spacing--20);padding-right:var(--wp--preset--spacing--20);padding-bottom:var(--wp--preset--spacing--20);padding-left:var(--wp--preset--spacing--20)\">\n<div class=\"wp-block-column is-layout-flow wp-block-column-is-layout-flow\" style=\"flex-basis:50%\">\n<p class=\"has-text-align-right\"><strong>Cal inscripci\u00f3 <\/strong>pr\u00e8via:&nbsp; <\/p>\n<\/div>\n\n\n\n<div class=\"wp-block-column is-layout-flow wp-block-column-is-layout-flow\" style=\"flex-basis:50%\">\n<div class=\"wp-block-buttons is-layout-flex wp-block-buttons-is-layout-flex\">\n<div class=\"wp-block-button\"><a class=\"wp-block-button__link wp-element-button\" href=\"https:\/\/forms.gle\/iuj2ZBTunryuP33AA\" target=\"_blank\" rel=\"noreferrer noopener\">Enlla\u00e7 a inscripci\u00f3 pr\u00e8via<\/a><\/div>\n<\/div>\n<\/div>\n<\/div>\n\n\n\n<hr class=\"wp-block-separator has-alpha-channel-opacity is-style-wide\"\/>\n\n\n\n<hr class=\"wp-block-separator has-alpha-channel-opacity\"\/>\n\n\n\n<h3 class=\"wp-block-heading\" id=\"g4dd5f7a5138e\"><strong><a rel=\"noreferrer noopener\" href=\"https:\/\/web.sabadell.cat\/programes\/estiu-jove-2024-activitats\" target=\"_blank\">Xarxes socials<\/a><\/strong><\/h3>\n\n\n\n<ul class=\"wp-block-list\">\n<li><a href=\"https:\/\/www.instagram.com\/sbdjove\/\" data-type=\"link\" data-id=\"https:\/\/www.instagram.com\/sbdjove\/\" target=\"_blank\" rel=\"noreferrer noopener\">Instagram Oficina Jove: <strong>@sbdjove<\/strong><\/a><\/li>\n\n\n\n<li><a href=\"https:\/\/www.instagram.com\/agusti_serra_i_fontanet\/\" data-type=\"link\" data-id=\"https:\/\/www.instagram.com\/agusti_serra_i_fontanet\/\" target=\"_blank\" rel=\"noreferrer noopener\">Instagram Institut Agust\u00ed Serra i Fontanet: @<strong>agusti_serra_i_fontanet<\/strong><\/a><\/li>\n<\/ul>\n\n\n\n<h3 class=\"wp-block-heading\" id=\"g4dd5f7a5138e\"><strong><a href=\"https:\/\/web.sabadell.cat\/programes\/estiu-jove-2024-activitats\" target=\"_blank\" rel=\"noreferrer noopener\">Contacte<\/a><\/strong><\/h3>\n\n\n\n<p>Per a m\u00e9s informaci\u00f3:<\/p>\n\n\n\n<p>Correu:&nbsp;<a href=\"mailto:oficinajove@ajsabadell.cat\" target=\"_blank\" rel=\"noreferrer noopener\">oficinajove@ajsabadell.cat<\/a><br>Tel\u00e8fon: 93 745 33 01 \/\/ Whatsapp: 689 32 19 45<br>Instagram: @sbdjove<\/p>\n","protected":false},"excerpt":{"rendered":"<p>Agenda mensual Abril 2026 Aquest mes hi ha 3 xerrades que requereixen inscripci\u00f3 pr\u00e8via: 09\/04 \u2013 Xerrada per a fam\u00edlies [&hellip;]<\/p>\n","protected":false},"author":1,"featured_media":0,"parent":63,"menu_order":45,"comment_status":"closed","ping_status":"closed","template":"","meta":{"site-sidebar-layout":"default","site-content-layout":"","ast-site-content-layout":"default","site-content-style":"default","site-sidebar-style":"default","ast-global-header-display":"","ast-banner-title-visibility":"","ast-main-header-display":"","ast-hfb-above-header-display":"","ast-hfb-below-header-display":"","ast-hfb-mobile-header-display":"","site-post-title":"","ast-breadcrumbs-content":"","ast-featured-img":"","footer-sml-layout":"","theme-transparent-header-meta":"","adv-header-id-meta":"","stick-header-meta":"","header-above-stick-meta":"","header-main-stick-meta":"","header-below-stick-meta":"","astra-migrate-meta-layouts":"set","ast-page-background-enabled":"default","ast-page-background-meta":{"desktop":{"background-color":"var(--ast-global-color-4)","background-image":"","background-repeat":"repeat","background-position":"center center","background-size":"auto","background-attachment":"scroll","background-type":"","background-media":"","overlay-type":"","overlay-color":"","overlay-opacity":"","overlay-gradient":""},"tablet":{"background-color":"","background-image":"","background-repeat":"repeat","background-position":"center center","background-size":"auto","background-attachment":"scroll","background-type":"","background-media":"","overlay-type":"","overlay-color":"","overlay-opacity":"","overlay-gradient":""},"mobile":{"background-color":"","background-image":"","background-repeat":"repeat","background-position":"center center","background-size":"auto","background-attachment":"scroll","background-type":"","background-media":"","overlay-type":"","overlay-color":"","overlay-opacity":"","overlay-gradient":""}},"ast-content-background-meta":{"desktop":{"background-color":"var(--ast-global-color-5)","background-image":"","background-repeat":"repeat","background-position":"center center","background-size":"auto","background-attachment":"scroll","background-type":"","background-media":"","overlay-type":"","overlay-color":"","overlay-opacity":"","overlay-gradient":""},"tablet":{"background-color":"var(--ast-global-color-5)","background-image":"","background-repeat":"repeat","background-position":"center center","background-size":"auto","background-attachment":"scroll","background-type":"","background-media":"","overlay-type":"","overlay-color":"","overlay-opacity":"","overlay-gradient":""},"mobile":{"background-color":"var(--ast-global-color-5)","background-image":"","background-repeat":"repeat","background-position":"center center","background-size":"auto","background-attachment":"scroll","background-type":"","background-media":"","overlay-type":"","overlay-color":"","overlay-opacity":"","overlay-gradient":""}},"footnotes":""},"class_list":["post-24136","page","type-page","status-publish","hentry"],"post_mailing_queue_ids":[],"_links":{"self":[{"href":"https:\/\/agora.xtec.cat\/iesagustiserra\/wp-json\/wp\/v2\/pages\/24136","targetHints":{"allow":["GET"]}}],"collection":[{"href":"https:\/\/agora.xtec.cat\/iesagustiserra\/wp-json\/wp\/v2\/pages"}],"about":[{"href":"https:\/\/agora.xtec.cat\/iesagustiserra\/wp-json\/wp\/v2\/types\/page"}],"author":[{"embeddable":true,"href":"https:\/\/agora.xtec.cat\/iesagustiserra\/wp-json\/wp\/v2\/users\/1"}],"replies":[{"embeddable":true,"href":"https:\/\/agora.xtec.cat\/iesagustiserra\/wp-json\/wp\/v2\/comments?post=24136"}],"version-history":[{"count":6,"href":"https:\/\/agora.xtec.cat\/iesagustiserra\/wp-json\/wp\/v2\/pages\/24136\/revisions"}],"predecessor-version":[{"id":39912,"href":"https:\/\/agora.xtec.cat\/iesagustiserra\/wp-json\/wp\/v2\/pages\/24136\/revisions\/39912"}],"up":[{"embeddable":true,"href":"https:\/\/agora.xtec.cat\/iesagustiserra\/wp-json\/wp\/v2\/pages\/63"}],"wp:attachment":[{"href":"https:\/\/agora.xtec.cat\/iesagustiserra\/wp-json\/wp\/v2\/media?parent=24136"}],"curies":[{"name":"wp","href":"https:\/\/api.w.org\/{rel}","templated":true}]}}