{"id":23456,"date":"2023-11-17T11:29:36","date_gmt":"2023-11-17T10:29:36","guid":{"rendered":"https:\/\/agora.xtec.cat\/iesagustiserra\/?page_id=23456"},"modified":"2023-11-17T14:26:08","modified_gmt":"2023-11-17T13:26:08","slug":"candidatures-consell-escolar-2023","status":"publish","type":"page","link":"https:\/\/agora.xtec.cat\/iesagustiserra\/candidatures-consell-escolar-2023\/","title":{"rendered":"Candidatures Consell escolar 2023"},"content":{"rendered":"<div align=\"center\">\n<h3 style=\"text-align: center;\"><span style=\"color: #000000;\"><strong>Candidatures professorat Consell escolar <\/strong><\/span><span style=\"color: #000000;\"><strong>2023<\/strong><\/span><\/h3>\n<table style=\"width: 100%;\">\n<tbody>\n<tr>\n<td style=\"background-color: #55cd00; border-color: #d8d8d8; width: 20.1157%; text-align: left;\">\n<h4 style=\"text-align: left;\">Professorat<\/h4>\n<\/td>\n<td style=\"text-align: center; background-color: #55cd00; border-color: #d8d8d8; width: 20.1157%;\">\n<h4 style=\"text-align: left;\">Fam\u00edlies<\/h4>\n<\/td>\n<td style=\"text-align: center; background-color: #55cd00; border-color: #d8d8d8; width: 20.4496%;\">\n<h4 style=\"text-align: left;\">Alumnat<\/h4>\n<\/td>\n<\/tr>\n<tr>\n<td style=\"width: 20.1157%;\">Gemma Moreno<\/td>\n<td style=\"width: 20.1157%;\"><\/td>\n<td style=\"width: 20.4496%;\"><\/td>\n<\/tr>\n<tr>\n<td style=\"width: 20.1157%;\">Juan Antonio S\u00e1nchez<\/td>\n<td style=\"width: 20.1157%;\"><\/td>\n<td style=\"width: 20.4496%;\"><\/td>\n<\/tr>\n<tr>\n<td style=\"width: 20.1157%;\">N\u00faria Pocino<\/td>\n<td style=\"width: 20.1157%;\"><\/td>\n<td style=\"width: 20.4496%;\"><\/td>\n<\/tr>\n<tr>\n<td style=\"width: 20.1157%;\">Guisela Gonz\u00e1lez<\/td>\n<td style=\"width: 20.1157%;\"><\/td>\n<td style=\"width: 20.4496%;\"><\/td>\n<\/tr>\n<tr>\n<td style=\"width: 20.1157%;\">Genoveva Sousa<\/td>\n<td style=\"width: 20.1157%;\"><\/td>\n<td style=\"width: 20.4496%;\"><\/td>\n<\/tr>\n<tr>\n<td style=\"width: 20.1157%;\">Daniel Salvador<\/td>\n<td style=\"width: 20.1157%;\"><\/td>\n<td style=\"width: 20.4496%;\"><\/td>\n<\/tr>\n<tr>\n<td style=\"width: 20.1157%;\">Alberto Jim\u00e9nez<\/td>\n<td style=\"width: 20.1157%;\"><\/td>\n<td style=\"width: 20.4496%;\"><\/td>\n<\/tr>\n<tr>\n<td style=\"width: 20.1157%;\"><\/td>\n<td style=\"width: 20.1157%;\"><\/td>\n<td style=\"width: 20.4496%;\"><\/td>\n<\/tr>\n<\/tbody>\n<\/table>\n<hr \/>\n<\/div>\n","protected":false},"excerpt":{"rendered":"<p>Candidatures professorat Consell escolar 2023 Professorat Fam\u00edlies Alumnat Gemma Moreno Juan Antonio S\u00e1nchez N\u00faria Pocino Guisela Gonz\u00e1lez Genoveva Sousa Daniel [&hellip;]<\/p>\n","protected":false},"author":1,"featured_media":0,"parent":0,"menu_order":0,"comment_status":"closed","ping_status":"closed","template":"","meta":{"site-sidebar-layout":"default","site-content-layout":"","ast-site-content-layout":"","site-content-style":"default","site-sidebar-style":"default","ast-global-header-display":"","ast-banner-title-visibility":"","ast-main-header-display":"","ast-hfb-above-header-display":"","ast-hfb-below-header-display":"","ast-hfb-mobile-header-display":"","site-post-title":"","ast-breadcrumbs-content":"","ast-featured-img":"","footer-sml-layout":"","theme-transparent-header-meta":"","adv-header-id-meta":"","stick-header-meta":"","header-above-stick-meta":"","header-main-stick-meta":"","header-below-stick-meta":"","astra-migrate-meta-layouts":"default","ast-page-background-enabled":"default","ast-page-background-meta":{"desktop":{"background-color":"var(--ast-global-color-4)","background-image":"","background-repeat":"repeat","background-position":"center center","background-size":"auto","background-attachment":"scroll","background-type":"","background-media":"","overlay-type":"","overlay-color":"","overlay-opacity":"","overlay-gradient":""},"tablet":{"background-color":"","background-image":"","background-repeat":"repeat","background-position":"center center","background-size":"auto","background-attachment":"scroll","background-type":"","background-media":"","overlay-type":"","overlay-color":"","overlay-opacity":"","overlay-gradient":""},"mobile":{"background-color":"","background-image":"","background-repeat":"repeat","background-position":"center center","background-size":"auto","background-attachment":"scroll","background-type":"","background-media":"","overlay-type":"","overlay-color":"","overlay-opacity":"","overlay-gradient":""}},"ast-content-background-meta":{"desktop":{"background-color":"var(--ast-global-color-5)","background-image":"","background-repeat":"repeat","background-position":"center center","background-size":"auto","background-attachment":"scroll","background-type":"","background-media":"","overlay-type":"","overlay-color":"","overlay-opacity":"","overlay-gradient":""},"tablet":{"background-color":"var(--ast-global-color-5)","background-image":"","background-repeat":"repeat","background-position":"center center","background-size":"auto","background-attachment":"scroll","background-type":"","background-media":"","overlay-type":"","overlay-color":"","overlay-opacity":"","overlay-gradient":""},"mobile":{"background-color":"var(--ast-global-color-5)","background-image":"","background-repeat":"repeat","background-position":"center center","background-size":"auto","background-attachment":"scroll","background-type":"","background-media":"","overlay-type":"","overlay-color":"","overlay-opacity":"","overlay-gradient":""}},"footnotes":""},"class_list":["post-23456","page","type-page","status-publish","hentry"],"post_mailing_queue_ids":[],"_links":{"self":[{"href":"https:\/\/agora.xtec.cat\/iesagustiserra\/wp-json\/wp\/v2\/pages\/23456","targetHints":{"allow":["GET"]}}],"collection":[{"href":"https:\/\/agora.xtec.cat\/iesagustiserra\/wp-json\/wp\/v2\/pages"}],"about":[{"href":"https:\/\/agora.xtec.cat\/iesagustiserra\/wp-json\/wp\/v2\/types\/page"}],"author":[{"embeddable":true,"href":"https:\/\/agora.xtec.cat\/iesagustiserra\/wp-json\/wp\/v2\/users\/1"}],"replies":[{"embeddable":true,"href":"https:\/\/agora.xtec.cat\/iesagustiserra\/wp-json\/wp\/v2\/comments?post=23456"}],"version-history":[{"count":5,"href":"https:\/\/agora.xtec.cat\/iesagustiserra\/wp-json\/wp\/v2\/pages\/23456\/revisions"}],"predecessor-version":[{"id":23465,"href":"https:\/\/agora.xtec.cat\/iesagustiserra\/wp-json\/wp\/v2\/pages\/23456\/revisions\/23465"}],"wp:attachment":[{"href":"https:\/\/agora.xtec.cat\/iesagustiserra\/wp-json\/wp\/v2\/media?parent=23456"}],"curies":[{"name":"wp","href":"https:\/\/api.w.org\/{rel}","templated":true}]}}