{"id":23208,"date":"2023-10-31T11:48:11","date_gmt":"2023-10-31T10:48:11","guid":{"rendered":"https:\/\/agora.xtec.cat\/iesagustiserra\/?page_id=23208"},"modified":"2023-11-17T11:32:38","modified_gmt":"2023-11-17T10:32:38","slug":"calendari-votacions-a-partir-del-2-11-23","status":"publish","type":"page","link":"https:\/\/agora.xtec.cat\/iesagustiserra\/calendari-votacions-a-partir-del-2-11-23\/","title":{"rendered":"Calendari votacions a partir del 2\/11\/23"},"content":{"rendered":"<h6><a href=\"https:\/\/agora.xtec.cat\/iesagustiserra\/candidatures-consell-escolar-2023\/\" target=\"_blank\" rel=\"noopener\">https:\/\/agora.xtec.cat\/iesagustiserra\/candidatures-consell-escolar-2023\/<\/a>El consell escolar del centre \u00e9s l\u2019\u00f2rgan col\u00b7legiat de participaci\u00f3 de la comunitat escolar en el govern del centre. En el consell escolar hi ha representats tots els col\u00b7lectius que intervenen en la comunitat educativa: director, professorat, alumnat, personal d\u2019administraci\u00f3 i serveis, etc.<\/h6>\n<p>En els centres p\u00fablics, la funci\u00f3 principal del consell escolar \u00e9s participar en la presa de decisions en relaci\u00f3 amb aquells temes importants per al funcionament i l\u2019organitzaci\u00f3 del centre: el projecte educatiu, la programaci\u00f3 general, la gesti\u00f3 econ\u00f2mica, etc.<\/p>\n<p>Els membres del consell escolar s\u00f3n elegits per un per\u00edode de quatre anys i es renoven per meitats cada dos anys.<\/p>\n<div align=\"center\">\n<h3 style=\"text-align: center;\"><span style=\"color: #000000;\"><strong>Calendari eleccions Consell escolar<\/strong><\/span><\/h3>\n<table style=\"width: 100%; height: 752px;\">\n<tbody>\n<tr style=\"height: 60px;\">\n<td style=\"text-align: center; background-color: #55cd00; border-color: #d8d8d8; width: 40.8992%; height: 60px;\">\n<h4 style=\"text-align: left;\">Renovaci\u00f3 Parcial<\/h4>\n<\/td>\n<td style=\"text-align: center; background-color: #55cd00; border-color: #d8d8d8; width: 23.5678%; height: 60px;\">\n<h4><strong><span style=\"color: #000000;\">Data<\/span><\/strong><\/h4>\n<\/td>\n<\/tr>\n<tr style=\"height: 35px;\">\n<td style=\"width: 40.8992%; height: 35px;\">El\/la director\/a convoca les eleccions (dies, hores de votaci\u00f3 i lloc)<\/td>\n<td style=\"width: 23.5678%; text-align: center; height: 35px;\"><strong>\u00a0<\/strong>6 novembre<\/td>\n<\/tr>\n<tr style=\"height: 97px;\">\n<td style=\"height: 97px;\">Publicaci\u00f3 del cens electoral provisional de cada sector.<\/p>\n<p>Publicaci\u00f3 del nombre de representants de cada sector que s\u2019han de renovar. Reclamacions al cens electoral.<\/td>\n<td style=\"width: 23.5678%; text-align: center; height: 97px;\">6-7-8 novembre<\/td>\n<\/tr>\n<tr style=\"height: 33px;\">\n<td style=\"width: 40.8992%; height: 33px;\">SORTEIG per tal de designar els membres vocals de les meses Electorals<\/td>\n<td style=\"width: 23.5678%; text-align: center; height: 33px;\">10 novembre<\/td>\n<\/tr>\n<tr style=\"height: 97px;\">\n<td style=\"width: 40.8992%; height: 97px;\">Constituci\u00f3 de les meses electorals.<\/p>\n<p>Resoluci\u00f3 de les reclamacions i aprovaci\u00f3 del cens definitiu<\/td>\n<td style=\"width: 23.5678%; text-align: center; height: 97px;\">15 novembre<\/td>\n<\/tr>\n<tr style=\"height: 33px;\">\n<td style=\"width: 40.8992%; height: 33px;\">Publicaci\u00f3 del cens definitiu<\/td>\n<td style=\"width: 23.5678%; text-align: center; height: 33px;\">16 novembre<\/td>\n<\/tr>\n<tr style=\"height: 33px;\">\n<td style=\"width: 40.8992%; height: 33px;\">Presentaci\u00f3 candidatures.<\/td>\n<td style=\"width: 23.5678%; text-align: center; height: 33px;\">Fins el 17 novembre<\/td>\n<\/tr>\n<tr style=\"height: 33px;\">\n<td style=\"width: 40.8992%; height: 33px;\">\n<h6><a href=\"https:\/\/agora.xtec.cat\/iesagustiserra\/candidatures-consell-escolar-2023\/\" target=\"_blank\" rel=\"noopener\"><strong>Publicaci\u00f3 candidatures (vegeu llistat)<\/strong><\/a><\/h6>\n<\/td>\n<td style=\"width: 23.5678%; text-align: center; height: 33px;\">17 novembre<\/td>\n<\/tr>\n<tr style=\"height: 33px;\">\n<td style=\"width: 40.8992%; height: 33px;\">Els candidats poden donar a con\u00e8ixer les seves propostes.<\/td>\n<td style=\"width: 23.5678%; text-align: center; height: 33px;\">Fins el 22 novembre<\/td>\n<\/tr>\n<tr style=\"height: 33px;\">\n<td style=\"width: 40.8992%; height: 33px;\">Elecci\u00f3 de <strong>pares\/mares\/tutors legals<\/strong> dels alumnes<\/td>\n<td style=\"width: 23.5678%; text-align: center; height: 33px;\"><strong>22 novembre<\/strong><span style=\"color: #ff0000;\"> <strong>(16 h a 20 h)<\/strong><\/span><\/td>\n<\/tr>\n<tr style=\"height: 33px;\">\n<td style=\"width: 40.8992%; height: 33px;\">Elecci\u00f3 de <strong>professorat<\/strong><\/td>\n<td style=\"width: 23.5678%; text-align: center; height: 33px;\"><strong>22 novembre <span style=\"color: #ff0000;\">(14.30 h)<\/span><\/strong><\/td>\n<\/tr>\n<tr style=\"height: 33px;\">\n<td style=\"width: 40.8992%; height: 33px;\">Elecci\u00f3 <strong>d&#8217;alumnat<\/strong><\/td>\n<td style=\"width: 23.5678%; text-align: center; height: 33px;\"><strong>22 novembre <span style=\"color: #ff0000;\">(10 h a 11.30 h i 18.15 h a 18.45 h)<\/span><\/strong><\/td>\n<\/tr>\n<tr style=\"height: 52px;\">\n<td style=\"width: 40.8992%; height: 52px;\">Notificaci\u00f3 del representant de l&#8217;Ajuntament.<\/td>\n<td style=\"width: 23.5678%; text-align: center; height: 52px;\"><strong>\u00a0<\/strong>Fins el 4 novembre<\/td>\n<\/tr>\n<tr style=\"height: 33px;\">\n<td style=\"width: 40.8992%; height: 33px;\">Constituci\u00f3 del Consell Escolar resultant.<\/td>\n<td style=\"width: 23.5678%; text-align: center; height: 33px;\">Abans del 21 novembre<\/td>\n<\/tr>\n<tr style=\"height: 33px;\">\n<td style=\"width: 40.8992%; height: 49px;\">Constituci\u00f3 de les comissions previstes al Decret 102\/2010 de 3 d\u2019agost, d\u2019autonomia dels centres educatius, i en les normes d\u2019organitzaci\u00f3 i funcionament del centre.<\/td>\n<td style=\"width: 23.5678%; text-align: center; height: 49px;\">M\u00e0xim 30 dies, des de la constituci\u00f3 del Consell Escolar resultant<\/td>\n<\/tr>\n<tr style=\"height: 33px;\">\n<td style=\"width: 40.8992%; height: 65px;\">La direcci\u00f3 del centre p\u00fablic i la titularitat del centre privat concertat ha de trametre als Serveis Territorials c\u00f2pia autenticada de l\u2019acta de constituci\u00f3 del consell escolar resultant dels proc\u00e9s electoral, i informar de les dades de participaci\u00f3 electoral, en un termini no m\u00e9s enll\u00e0 de l\u2019\u00faltim dia lectiu del m\u00e9s de desembre.<\/td>\n<td style=\"width: 23.5678%; text-align: center; height: 65px;\"><strong>\u00a0<\/strong>Fins el 21 novembre<\/td>\n<\/tr>\n<\/tbody>\n<\/table>\n<hr \/>\n<\/div>\n","protected":false},"excerpt":{"rendered":"<p>https:\/\/agora.xtec.cat\/iesagustiserra\/candidatures-consell-escolar-2023\/El consell escolar del centre \u00e9s l\u2019\u00f2rgan col\u00b7legiat de participaci\u00f3 de la comunitat escolar en el govern del centre. En [&hellip;]<\/p>\n","protected":false},"author":1,"featured_media":0,"parent":0,"menu_order":0,"comment_status":"closed","ping_status":"closed","template":"","meta":{"site-sidebar-layout":"default","site-content-layout":"","ast-site-content-layout":"","site-content-style":"default","site-sidebar-style":"default","ast-global-header-display":"","ast-banner-title-visibility":"","ast-main-header-display":"","ast-hfb-above-header-display":"","ast-hfb-below-header-display":"","ast-hfb-mobile-header-display":"","site-post-title":"","ast-breadcrumbs-content":"","ast-featured-img":"","footer-sml-layout":"","theme-transparent-header-meta":"","adv-header-id-meta":"","stick-header-meta":"","header-above-stick-meta":"","header-main-stick-meta":"","header-below-stick-meta":"","astra-migrate-meta-layouts":"default","ast-page-background-enabled":"default","ast-page-background-meta":{"desktop":{"background-color":"var(--ast-global-color-4)","background-image":"","background-repeat":"repeat","background-position":"center center","background-size":"auto","background-attachment":"scroll","background-type":"","background-media":"","overlay-type":"","overlay-color":"","overlay-opacity":"","overlay-gradient":""},"tablet":{"background-color":"","background-image":"","background-repeat":"repeat","background-position":"center center","background-size":"auto","background-attachment":"scroll","background-type":"","background-media":"","overlay-type":"","overlay-color":"","overlay-opacity":"","overlay-gradient":""},"mobile":{"background-color":"","background-image":"","background-repeat":"repeat","background-position":"center center","background-size":"auto","background-attachment":"scroll","background-type":"","background-media":"","overlay-type":"","overlay-color":"","overlay-opacity":"","overlay-gradient":""}},"ast-content-background-meta":{"desktop":{"background-color":"var(--ast-global-color-5)","background-image":"","background-repeat":"repeat","background-position":"center center","background-size":"auto","background-attachment":"scroll","background-type":"","background-media":"","overlay-type":"","overlay-color":"","overlay-opacity":"","overlay-gradient":""},"tablet":{"background-color":"var(--ast-global-color-5)","background-image":"","background-repeat":"repeat","background-position":"center center","background-size":"auto","background-attachment":"scroll","background-type":"","background-media":"","overlay-type":"","overlay-color":"","overlay-opacity":"","overlay-gradient":""},"mobile":{"background-color":"var(--ast-global-color-5)","background-image":"","background-repeat":"repeat","background-position":"center center","background-size":"auto","background-attachment":"scroll","background-type":"","background-media":"","overlay-type":"","overlay-color":"","overlay-opacity":"","overlay-gradient":""}},"footnotes":""},"class_list":["post-23208","page","type-page","status-publish","hentry"],"post_mailing_queue_ids":[],"_links":{"self":[{"href":"https:\/\/agora.xtec.cat\/iesagustiserra\/wp-json\/wp\/v2\/pages\/23208","targetHints":{"allow":["GET"]}}],"collection":[{"href":"https:\/\/agora.xtec.cat\/iesagustiserra\/wp-json\/wp\/v2\/pages"}],"about":[{"href":"https:\/\/agora.xtec.cat\/iesagustiserra\/wp-json\/wp\/v2\/types\/page"}],"author":[{"embeddable":true,"href":"https:\/\/agora.xtec.cat\/iesagustiserra\/wp-json\/wp\/v2\/users\/1"}],"replies":[{"embeddable":true,"href":"https:\/\/agora.xtec.cat\/iesagustiserra\/wp-json\/wp\/v2\/comments?post=23208"}],"version-history":[{"count":6,"href":"https:\/\/agora.xtec.cat\/iesagustiserra\/wp-json\/wp\/v2\/pages\/23208\/revisions"}],"predecessor-version":[{"id":23463,"href":"https:\/\/agora.xtec.cat\/iesagustiserra\/wp-json\/wp\/v2\/pages\/23208\/revisions\/23463"}],"wp:attachment":[{"href":"https:\/\/agora.xtec.cat\/iesagustiserra\/wp-json\/wp\/v2\/media?parent=23208"}],"curies":[{"name":"wp","href":"https:\/\/api.w.org\/{rel}","templated":true}]}}