{"id":22257,"date":"2023-07-04T09:18:11","date_gmt":"2023-07-04T07:18:11","guid":{"rendered":"https:\/\/agora.xtec.cat\/iesagustiserra\/?page_id=22257"},"modified":"2025-09-04T13:34:45","modified_gmt":"2025-09-04T11:34:45","slug":"llibres-de-text-curs-2025-2026","status":"publish","type":"page","link":"https:\/\/agora.xtec.cat\/iesagustiserra\/estudis\/llibres-de-text-curs-2025-2026\/","title":{"rendered":"Llibres de text curs 2025-2026"},"content":{"rendered":"\n<div class=\"wp-block-getwid-table\"><table><tbody><tr><td colspan=\"2\" style=\"text-align:center;background-color:var(--ast-global-color-0);color:#fef8f8\">BATXILLERAT<\/td><\/tr><tr><td style=\"border-color:#000;background-color:#f3f2f2\"><\/td><td style=\"border-color:#000;background-color:#f3f2f2\"><a href=\"https:\/\/agora.xtec.cat\/iesagustiserra\/wp-content\/uploads\/usu1681\/2025\/07\/Llibres-de-text-Batxillerat-CIENCIES-Curs-25-26-1.pdf\">Llibres de text de Batxillerat de Ci\u00e8ncies<\/a><\/td><\/tr><tr><td style=\"border-color:#000\"><\/td><td style=\"border-color:#000\"><a href=\"https:\/\/agora.xtec.cat\/iesagustiserra\/wp-content\/uploads\/usu1681\/2025\/07\/Llibres-de-text-Batxillerat-Ciencies-Socials-Curs-25-26-1.pdf\" target=\"_blank\" rel=\"noreferrer noopener\">Llibres de text de Batxillerat de Ci\u00e8ncies socials<\/a><\/td><\/tr><tr><td style=\"border-color:#000;background-color:#f3f2f2\"><\/td><td style=\"border-color:#000;background-color:#f3f2f2\"><a href=\"https:\/\/agora.xtec.cat\/iesagustiserra\/wp-content\/uploads\/usu1681\/2025\/07\/Llibres-de-text-Batxillerat-HUMANITATS-Curs-25-26-1.pdf\" target=\"_blank\" rel=\"noreferrer noopener\">Llibres de text de Batxillerat d\u2019Humanitats<\/a><\/td><\/tr><tr><td style=\"border-color:#000\"><\/td><td style=\"border-color:#000\"><a href=\"https:\/\/agora.xtec.cat\/iesagustiserra\/wp-content\/uploads\/usu1681\/2025\/07\/Llibres-de-text-Batxillerat-Tecnologia-Curs-25-26-1.pdf\" target=\"_blank\" rel=\"noreferrer noopener\">Llibres de text de Batxillerat de Tecnologia<\/a><\/td><\/tr><tr><td colspan=\"2\" style=\"background-color:var(--ast-global-color-0);color:#fef8f8;text-align:center\">FAM\u00cdLIA ACTIVITATS F\u00cdSIQUES I ESPORTIVES<\/td><\/tr><tr><td style=\"border-color:#000;background-color:#fbfbfb\">CFGM<\/td><td style=\"border-color:#000;background-color:#fbfbfb\"><a href=\"https:\/\/agora.xtec.cat\/iesagustiserra\/wp-content\/uploads\/usu1681\/2025\/07\/LLIBRES-TEXT-CFGM-GUIA-EN-EL-MEDI-NATURAL-I-DE-TEMPS-DE-LLEURE.pdf\" target=\"_blank\" rel=\"noreferrer noopener\">Guia en el medi natural i de temps de lleure<\/a><\/td><\/tr><tr><td style=\"border-color:#000;background-color:#f3f2f2\">CFGS<\/td><td style=\"border-color:#000;background-color:#f3f2f2\"><a href=\"https:\/\/agora.xtec.cat\/iesagustiserra\/wp-content\/uploads\/usu1681\/2025\/07\/LLIBRES-TEXT-CFGS-ENSENYAMENT-I-ANIMACIO-SOCIOESPORTIVA.pdf\" target=\"_blank\" rel=\"noreferrer noopener\">Ensenyament i animaci\u00f3 socioesportiva<\/a><\/td><\/tr><tr><td style=\"border-color:#000;background-color:#fbfbfb\">CFGS<\/td><td style=\"border-color:#000;background-color:#fbfbfb\"><a href=\"https:\/\/agora.xtec.cat\/iesagustiserra\/wp-content\/uploads\/usu1681\/2025\/07\/LLIBRES-TEXT-CFGS-CONDICIONAMENT-FISIC.pdf\" target=\"_blank\" rel=\"noreferrer noopener\">Condicionament f\u00edsic&nbsp;<\/a><\/td><\/tr><tr><td colspan=\"2\" style=\"background-color:var(--ast-global-color-0);color:#fef8f8;text-align:center\">FAM\u00cdLIA ADMINISTRACI\u00d3 I GESTI\u00d3<\/td><\/tr><tr><td style=\"border-color:#000\">CFGM<\/td><td style=\"border-color:#000\"><a href=\"https:\/\/agora.xtec.cat\/iesagustiserra\/wp-content\/uploads\/usu1681\/2025\/09\/LLIBRES-TEXT-CFGM-GESTIO-ADMINISTRATIVA.docx.pdf\" target=\"_blank\" rel=\"noreferrer noopener\">Gesti\u00f3 administrativa<\/a><\/td><\/tr><tr><td style=\"border-color:#000;background-color:#f3f2f2\">CFGM<\/td><td style=\"border-color:#000;background-color:#f3f2f2\"><a href=\"https:\/\/agora.xtec.cat\/iesagustiserra\/wp-content\/uploads\/usu1681\/2025\/09\/LLIBRES-TEXT-CFGM-GESTIO-ADMINISTRATIVA-PERFIL-PROFESSIONAL-AMBIT-SANITARI.docx.pdf\" data-type=\"link\" data-id=\"https:\/\/agora.xtec.cat\/iesagustiserra\/wp-content\/uploads\/usu1681\/2025\/09\/LLIBRES-TEXT-CFGM-GESTIO-ADMINISTRATIVA-PERFIL-PROFESSIONAL-AMBIT-SANITARI.docx.pdf\">Gesti\u00f3 Administrativa, perfil professional \u00e0mbit Sanitari<\/a><\/td><\/tr><tr><td style=\"border-color:#000\">CFGS<\/td><td style=\"border-color:#000\"><a href=\"https:\/\/agora.xtec.cat\/iesagustiserra\/wp-content\/uploads\/usu1681\/2025\/09\/LLIBRES-TEXT-CFGS-ADMINISTRACIO-I-FINANCES.docx.pdf\" target=\"_blank\" rel=\"noreferrer noopener\">Administraci\u00f3 i finances<\/a><\/td><\/tr><tr><td colspan=\"2\" style=\"background-color:var(--ast-global-color-0);color:#fef8f8;text-align:center;border-color:#000\">FAM\u00cdLIA ARTS GR\u00c0FIQUES<\/td><\/tr><tr><td style=\"border-color:#000;background-color:#f3f2f2\">CFGM<\/td><td style=\"border-color:#000;background-color:#f3f2f2\"><a href=\"https:\/\/agora.xtec.cat\/iesagustiserra\/wp-content\/uploads\/usu1681\/2025\/07\/LLIBRES-TEXT-CFGM-FAMILIA-ARTS-GRAFIQUES.pdf\" target=\"_blank\" rel=\"noreferrer noopener\">Preimpressi\u00f3 digital<\/a><\/td><\/tr><tr><td style=\"border-color:#000\">CFGS<\/td><td style=\"border-color:#000\"><a href=\"https:\/\/agora.xtec.cat\/iesagustiserra\/wp-content\/uploads\/usu1681\/2025\/07\/LLIBRES-TEXT-CFGS-DISSENY-I-EDICIO-DE-PUBLICACIONS-IMPRESES-I-MULTIMEDIA.pdf\" target=\"_blank\" rel=\"noreferrer noopener\">Disseny i edici\u00f3 de publicacions impreses i multim\u00e8dia<\/a><\/td><\/tr><tr><td colspan=\"2\" style=\"background-color:var(--ast-global-color-0);color:#fef8f8;text-align:center\">FAM\u00cdLIA COMER\u00c7 I M\u00c0RQUETING<\/td><\/tr><tr><td style=\"border-color:#000;background-color:#f3f2f2\">CFGM<\/td><td style=\"border-color:#000;background-color:#f3f2f2\"><a href=\"https:\/\/agora.xtec.cat\/iesagustiserra\/wp-content\/uploads\/usu1681\/2025\/09\/LLIBRES-TEXT-CFGM-COMERC-I-MARQUETING.docx.pdf\">Activitats comercials<\/a><\/td><\/tr><tr><td style=\"border-color:#000\">CFGS<\/td><td style=\"color:#ff0000;border-color:#000\"><a href=\"https:\/\/agora.xtec.cat\/iesagustiserra\/wp-content\/uploads\/usu1681\/2025\/09\/LLIBRES-TEXT-CFGS-MARQUETING-I-PUBLICITAT.docx.pdf\">M\u00e0rqueting i publicitat<\/a><\/td><\/tr><tr><td colspan=\"2\" style=\"background-color:var(--ast-global-color-0);color:#fef8f8;text-align:center\">FAM\u00cdLIA D&#8217;ELECTRICITAT I ELECTR\u00d2NICA<\/td><\/tr><tr><td style=\"border-color:#000;background-color:#f3f2f2\">CFGM<\/td><td style=\"border-color:#000;background-color:#f3f2f2\"><a href=\"https:\/\/agora.xtec.cat\/iesagustiserra\/wp-content\/uploads\/usu1681\/2025\/07\/LLIBRES-TEXT-CFGM-FAMILIA-ELECTRICITAT-I-ELECTRONICA.pdf\" target=\"_blank\" rel=\"noreferrer noopener\">Instal\u00b7lacions el\u00e8ctriques i autom\u00e0tiques<\/a><\/td><\/tr><tr><td style=\"border-color:#000\">CFGS<\/td><td style=\"border-color:#000\"><a href=\"https:\/\/agora.xtec.cat\/iesagustiserra\/wp-content\/uploads\/usu1681\/2025\/07\/LLIBRES-TEXT-CFGS-FAMILIA-ELECTRICITAT-I-ELECTRONICA.pdf\" target=\"_blank\" rel=\"noreferrer noopener\">Automatitzaci\u00f3 i rob\u00f2tica industrial<\/a><\/td><\/tr><\/tbody><\/table><\/div>\n\n\n\n<p><\/p>\n","protected":false},"excerpt":{"rendered":"","protected":false},"author":1,"featured_media":0,"parent":195,"menu_order":100,"comment_status":"closed","ping_status":"closed","template":"","meta":{"site-sidebar-layout":"default","site-content-layout":"","ast-site-content-layout":"default","site-content-style":"default","site-sidebar-style":"default","ast-global-header-display":"","ast-banner-title-visibility":"","ast-main-header-display":"","ast-hfb-above-header-display":"","ast-hfb-below-header-display":"","ast-hfb-mobile-header-display":"","site-post-title":"","ast-breadcrumbs-content":"","ast-featured-img":"","footer-sml-layout":"","theme-transparent-header-meta":"","adv-header-id-meta":"","stick-header-meta":"","header-above-stick-meta":"","header-main-stick-meta":"","header-below-stick-meta":"","astra-migrate-meta-layouts":"set","ast-page-background-enabled":"default","ast-page-background-meta":{"desktop":{"background-color":"var(--ast-global-color-4)","background-image":"","background-repeat":"repeat","background-position":"center center","background-size":"auto","background-attachment":"scroll","background-type":"","background-media":"","overlay-type":"","overlay-color":"","overlay-opacity":"","overlay-gradient":""},"tablet":{"background-color":"","background-image":"","background-repeat":"repeat","background-position":"center center","background-size":"auto","background-attachment":"scroll","background-type":"","background-media":"","overlay-type":"","overlay-color":"","overlay-opacity":"","overlay-gradient":""},"mobile":{"background-color":"","background-image":"","background-repeat":"repeat","background-position":"center center","background-size":"auto","background-attachment":"scroll","background-type":"","background-media":"","overlay-type":"","overlay-color":"","overlay-opacity":"","overlay-gradient":""}},"ast-content-background-meta":{"desktop":{"background-color":"var(--ast-global-color-5)","background-image":"","background-repeat":"repeat","background-position":"center center","background-size":"auto","background-attachment":"scroll","background-type":"","background-media":"","overlay-type":"","overlay-color":"","overlay-opacity":"","overlay-gradient":""},"tablet":{"background-color":"var(--ast-global-color-5)","background-image":"","background-repeat":"repeat","background-position":"center center","background-size":"auto","background-attachment":"scroll","background-type":"","background-media":"","overlay-type":"","overlay-color":"","overlay-opacity":"","overlay-gradient":""},"mobile":{"background-color":"var(--ast-global-color-5)","background-image":"","background-repeat":"repeat","background-position":"center center","background-size":"auto","background-attachment":"scroll","background-type":"","background-media":"","overlay-type":"","overlay-color":"","overlay-opacity":"","overlay-gradient":""}},"footnotes":""},"class_list":["post-22257","page","type-page","status-publish","hentry"],"post_mailing_queue_ids":[],"_links":{"self":[{"href":"https:\/\/agora.xtec.cat\/iesagustiserra\/wp-json\/wp\/v2\/pages\/22257","targetHints":{"allow":["GET"]}}],"collection":[{"href":"https:\/\/agora.xtec.cat\/iesagustiserra\/wp-json\/wp\/v2\/pages"}],"about":[{"href":"https:\/\/agora.xtec.cat\/iesagustiserra\/wp-json\/wp\/v2\/types\/page"}],"author":[{"embeddable":true,"href":"https:\/\/agora.xtec.cat\/iesagustiserra\/wp-json\/wp\/v2\/users\/1"}],"replies":[{"embeddable":true,"href":"https:\/\/agora.xtec.cat\/iesagustiserra\/wp-json\/wp\/v2\/comments?post=22257"}],"version-history":[{"count":6,"href":"https:\/\/agora.xtec.cat\/iesagustiserra\/wp-json\/wp\/v2\/pages\/22257\/revisions"}],"predecessor-version":[{"id":35752,"href":"https:\/\/agora.xtec.cat\/iesagustiserra\/wp-json\/wp\/v2\/pages\/22257\/revisions\/35752"}],"up":[{"embeddable":true,"href":"https:\/\/agora.xtec.cat\/iesagustiserra\/wp-json\/wp\/v2\/pages\/195"}],"wp:attachment":[{"href":"https:\/\/agora.xtec.cat\/iesagustiserra\/wp-json\/wp\/v2\/media?parent=22257"}],"curies":[{"name":"wp","href":"https:\/\/api.w.org\/{rel}","templated":true}]}}