{"id":21098,"date":"2023-05-22T13:02:24","date_gmt":"2023-05-22T11:02:24","guid":{"rendered":"https:\/\/agora.xtec.cat\/iesagustiserra\/?page_id=21098"},"modified":"2024-06-25T13:31:37","modified_gmt":"2024-06-25T11:31:37","slug":"comunicacio-i-xarxes","status":"publish","type":"page","link":"https:\/\/agora.xtec.cat\/iesagustiserra\/estrategia-digital-de-centre-edc\/cultura-digital\/comunicacio-i-xarxes\/","title":{"rendered":"Comunicaci\u00f3 i xarxes"},"content":{"rendered":"<div align=\"center\">\n<table style=\"width: 100%; height: 633px;\">\n<tbody>\n<tr style=\"height: 71px;\">\n<td style=\"background-color: #ffffff; border-color: #55cd00; width: 98.9887%; height: 71px;\" colspan=\"2\">\n<h6 style=\"text-align: center;\"><span style=\"color: #333333;\"><strong>CANALS DE COMUNICACI\u00d3 I XARXES SOCIALS<\/strong><\/span><\/h6>\n<\/td>\n<\/tr>\n<tr style=\"height: 71px;\">\n<td style=\"background-color: #ffffff; border-color: #55cd00; width: 98.9887%; height: 71px;\" colspan=\"2\">\n<h6><strong><span style=\"color: #000000;\">Institut i fam\u00edlies poden contactar utilitzant:<\/span><\/strong><\/h6>\n<\/td>\n<\/tr>\n<tr style=\"height: 23px;\">\n<td style=\"background-color: #ffffff; border-color: #55cd00; width: 36.1568%; height: 23px;\">Tel\u00e8fon<\/td>\n<td style=\"background-color: #ffffff; border-color: #55cd00; width: 62.8319%; height: 23px;\">93 723 03 12<\/td>\n<\/tr>\n<tr style=\"height: 23px;\">\n<td style=\"background-color: #ffffff; border-color: #55cd00; width: 36.1568%; height: 23px;\">Correu electr\u00f2nic oficial de l&#8217;Institut<\/td>\n<td style=\"background-color: #ffffff; border-color: #55cd00; width: 62.8319%; height: 23px;\">a8039203@xtec.cat<\/td>\n<\/tr>\n<tr style=\"height: 71px;\">\n<td style=\"background-color: #ffffff; border-color: #55cd00; width: 36.1568%; height: 71px;\">Correu electr\u00f2nic de cada nivell educatiu<\/td>\n<td style=\"width: 62.8319%; height: 71px;\">\n<h6><a href=\"https:\/\/agora.xtec.cat\/iesagustiserra\/qui-som\/tutories\/\" target=\"_blank\" rel=\"noopener\">b\u00fasties tutors\/es<\/a><\/h6>\n<\/td>\n<\/tr>\n<tr style=\"height: 71px;\">\n<td style=\"background-color: #ffffff; border-color: #55cd00; width: 98.9887%; height: 71px;\" colspan=\"2\">\n<h6><strong><span style=\"color: #000000;\">Institut i fam\u00edlies tamb\u00e9 poden contactar utilitzant:<\/span><\/strong><\/h6>\n<\/td>\n<\/tr>\n<tr style=\"height: 23px;\">\n<td style=\"background-color: #ffffff; border-color: #55cd00; width: 36.1568%; height: 23px;\">Notes informatives<\/td>\n<td style=\"background-color: #ffffff; border-color: #55cd00; width: 62.8319%; height: 23px;\">En format paper, per mail, per iEduca i per TPVescola<\/td>\n<\/tr>\n<tr style=\"height: 23px;\">\n<td style=\"background-color: #ffffff; border-color: #55cd00; width: 36.1568%; height: 23px;\">Web de l&#8217;institut<\/td>\n<td style=\"background-color: #ffffff; border-color: #55cd00; width: 62.8319%; height: 23px;\"><a href=\"https:\/\/agora.xtec.cat\/iesagustiserra\/\">www.institutagustiserra.cat<\/a><\/td>\n<\/tr>\n<tr style=\"height: 23px;\">\n<td style=\"background-color: #ffffff; border-color: #55cd00; width: 36.1568%; height: 23px;\">Canal de YouTube<\/td>\n<td style=\"background-color: #ffffff; border-color: #55cd00; width: 62.8319%; height: 23px;\"><a href=\"https:\/\/www.youtube.com\/channel\/UCXOHg9uO-hrVtH8qdJZU0IA\" target=\"_blank\" rel=\"noopener\">INS Agust\u00ed Serra i Fontanet Web Nodes Mediateca<\/a><\/td>\n<\/tr>\n<tr style=\"height: 23px;\">\n<td style=\"background-color: #ffffff; border-color: #55cd00; width: 36.1568%; height: 23px;\">Telegram<\/td>\n<td style=\"background-color: #ffffff; border-color: #55cd00; width: 62.8319%; height: 23px;\"><a href=\"https:\/\/t.me\/+T6aUp9XcV4obBreu\" target=\"_blank\" rel=\"noopener\">Canal Institut ASF<\/a><\/td>\n<\/tr>\n<tr style=\"height: 23px;\">\n<td style=\"background-color: #ffffff; border-color: #55cd00; width: 36.1568%; height: 23px;\">Instagram (general institut)<\/td>\n<td style=\"background-color: #ffffff; border-color: #55cd00; width: 62.8319%; height: 23px;\"><a href=\"https:\/\/www.instagram.com\/agusti_serra_i_fontanet\/\" target=\"_blank\" rel=\"noopener\">Instagram<\/a><\/td>\n<\/tr>\n<tr style=\"height: 142px;\">\n<td style=\"background-color: #ffffff; border-color: #55cd00; width: 36.1568%; height: 142px;\">Instagram (espec\u00edfics)<\/td>\n<td style=\"background-color: #ffffff; border-color: #55cd00; width: 62.8319%; height: 142px;\"><span style=\"color: #ffffff;\">@asgrafiques<\/span><br \/>\n<span style=\"color: #ffffff;\">@radioagustiserra<\/span><br \/>\n<span style=\"color: #ffffff;\">@ifeamie_agustiserra<\/span><br \/>\n<span style=\"color: #ffffff;\">@asesport.cat<\/span><br \/>\n<span style=\"color: #ffffff;\">@stolpersteine_agusti_serra<\/span><br \/>\n<span style=\"color: #ffffff;\">@asmarqueting<\/span><br \/>\n<span style=\"color: #ffffff;\">@aselectricitat<\/span><\/td>\n<\/tr>\n<tr style=\"height: 46px;\">\n<td style=\"width: 36.1568%; height: 46px;\">Facebook (espec\u00edfic)<\/td>\n<td style=\"background-color: #ffffff; border-color: #55cd00; width: 62.8319%; height: 46px;\"><a href=\"https:\/\/www.facebook.com\/R%C3%A0dio-Agust%C3%AD-Serra-102073157935801\/\" target=\"_blank\" rel=\"noopener\">Facebook del projecte R\u00e0dio Agust\u00ed Serra: Facebook R\u00e0dio Agust\u00ed Serra:<\/a><\/td>\n<\/tr>\n<\/tbody>\n<\/table>\n<\/div>\n","protected":false},"excerpt":{"rendered":"<p>CANALS DE COMUNICACI\u00d3 I XARXES SOCIALS Institut i fam\u00edlies poden contactar utilitzant: Tel\u00e8fon 93 723 03 12 Correu electr\u00f2nic oficial [&hellip;]<\/p>\n","protected":false},"author":1,"featured_media":0,"parent":20150,"menu_order":40,"comment_status":"closed","ping_status":"closed","template":"page-templates\/side-menu.php","meta":{"site-sidebar-layout":"default","site-content-layout":"","ast-site-content-layout":"","site-content-style":"default","site-sidebar-style":"default","ast-global-header-display":"","ast-banner-title-visibility":"","ast-main-header-display":"","ast-hfb-above-header-display":"","ast-hfb-below-header-display":"","ast-hfb-mobile-header-display":"","site-post-title":"","ast-breadcrumbs-content":"","ast-featured-img":"","footer-sml-layout":"","theme-transparent-header-meta":"","adv-header-id-meta":"","stick-header-meta":"","header-above-stick-meta":"","header-main-stick-meta":"","header-below-stick-meta":"","astra-migrate-meta-layouts":"default","ast-page-background-enabled":"default","ast-page-background-meta":{"desktop":{"background-color":"var(--ast-global-color-4)","background-image":"","background-repeat":"repeat","background-position":"center center","background-size":"auto","background-attachment":"scroll","background-type":"","background-media":"","overlay-type":"","overlay-color":"","overlay-opacity":"","overlay-gradient":""},"tablet":{"background-color":"","background-image":"","background-repeat":"repeat","background-position":"center center","background-size":"auto","background-attachment":"scroll","background-type":"","background-media":"","overlay-type":"","overlay-color":"","overlay-opacity":"","overlay-gradient":""},"mobile":{"background-color":"","background-image":"","background-repeat":"repeat","background-position":"center center","background-size":"auto","background-attachment":"scroll","background-type":"","background-media":"","overlay-type":"","overlay-color":"","overlay-opacity":"","overlay-gradient":""}},"ast-content-background-meta":{"desktop":{"background-color":"var(--ast-global-color-5)","background-image":"","background-repeat":"repeat","background-position":"center center","background-size":"auto","background-attachment":"scroll","background-type":"","background-media":"","overlay-type":"","overlay-color":"","overlay-opacity":"","overlay-gradient":""},"tablet":{"background-color":"var(--ast-global-color-5)","background-image":"","background-repeat":"repeat","background-position":"center center","background-size":"auto","background-attachment":"scroll","background-type":"","background-media":"","overlay-type":"","overlay-color":"","overlay-opacity":"","overlay-gradient":""},"mobile":{"background-color":"var(--ast-global-color-5)","background-image":"","background-repeat":"repeat","background-position":"center center","background-size":"auto","background-attachment":"scroll","background-type":"","background-media":"","overlay-type":"","overlay-color":"","overlay-opacity":"","overlay-gradient":""}},"footnotes":""},"class_list":["post-21098","page","type-page","status-publish","hentry"],"post_mailing_queue_ids":[],"_links":{"self":[{"href":"https:\/\/agora.xtec.cat\/iesagustiserra\/wp-json\/wp\/v2\/pages\/21098","targetHints":{"allow":["GET"]}}],"collection":[{"href":"https:\/\/agora.xtec.cat\/iesagustiserra\/wp-json\/wp\/v2\/pages"}],"about":[{"href":"https:\/\/agora.xtec.cat\/iesagustiserra\/wp-json\/wp\/v2\/types\/page"}],"author":[{"embeddable":true,"href":"https:\/\/agora.xtec.cat\/iesagustiserra\/wp-json\/wp\/v2\/users\/1"}],"replies":[{"embeddable":true,"href":"https:\/\/agora.xtec.cat\/iesagustiserra\/wp-json\/wp\/v2\/comments?post=21098"}],"version-history":[{"count":3,"href":"https:\/\/agora.xtec.cat\/iesagustiserra\/wp-json\/wp\/v2\/pages\/21098\/revisions"}],"predecessor-version":[{"id":28130,"href":"https:\/\/agora.xtec.cat\/iesagustiserra\/wp-json\/wp\/v2\/pages\/21098\/revisions\/28130"}],"up":[{"embeddable":true,"href":"https:\/\/agora.xtec.cat\/iesagustiserra\/wp-json\/wp\/v2\/pages\/20150"}],"wp:attachment":[{"href":"https:\/\/agora.xtec.cat\/iesagustiserra\/wp-json\/wp\/v2\/media?parent=21098"}],"curies":[{"name":"wp","href":"https:\/\/api.w.org\/{rel}","templated":true}]}}