{"id":21085,"date":"2023-05-22T12:50:58","date_gmt":"2023-05-22T10:50:58","guid":{"rendered":"https:\/\/agora.xtec.cat\/iesagustiserra\/?page_id=21085"},"modified":"2024-06-28T08:29:38","modified_gmt":"2024-06-28T06:29:38","slug":"objectius","status":"publish","type":"page","link":"https:\/\/agora.xtec.cat\/iesagustiserra\/estrategia-digital-de-centre-edc\/estrategia\/objectius\/","title":{"rendered":"Objectius"},"content":{"rendered":"<h4>OBJECTIUS<\/h4>\n<p style=\"text-align: justify;\">Una vegada feta la diagnosi es creu convenient establir uns objectius (l\u00ednia de treball) que ens permetran millorar i avan\u00e7ar cap a una millora de la compet\u00e8ncia digital tant d&#8217;alumnat com dels docents.<\/p>\n<p style=\"text-align: justify;\">Els <strong>objectius<\/strong> s\u2019han redactat a partir dels punts febles detectats en la diagnosi, i s\u2019han tingut en compte els documents de centre (Projecte educatiu, projecte directiu\u2026). Aquests prop\u00f2sits defineixen l\u2019Estrat\u00e8gia Digital del Centre.<\/p>\n<p style=\"text-align: justify;\">Els objectius establerts s\u00f3n:<\/p>\n<ol>\n<li style=\"text-align: justify;\"><strong>Objectiu<\/strong>: Fer servir canals digitals per millorar la comunicaci\u00f3 entre les fam\u00edlies i alumnes i el centre.\n<ol>\n<li>Activitats:\n<ul>\n<li style=\"text-align: justify;\">Implementaci\u00f3 del TPV a tots els cursos.<\/li>\n<li style=\"text-align: justify;\">A l\u2019hora de la matr\u00edcula: fer servir TPV escola<\/li>\n<\/ul>\n<\/li>\n<li>Indicador: Millora del percentatge d&#8217;\u00fas del TPV<\/li>\n<li>Implementaci\u00f3 de la plataforma iEduka a tots els cursos<\/li>\n<\/ol>\n<\/li>\n<li><strong style=\"font-family: inherit; font-size: 1em;\">Objectiu<\/strong><span style=\"font-family: inherit; font-size: 1em;\">: Millorar l&#8217;\u00fas dels mecanismes de retroalimentaci\u00f3 en Entorns Virtuals d\u2019Aprenentatge (EVA) per avaluar el progr\u00e9s dels alumnes.<\/span>\n<ol>\n<li><span style=\"font-family: inherit; font-size: 1em;\">Activitats:<\/span>\n<ul>\n<li style=\"list-style-type: none;\">\n<ul>\n<li>Creaci\u00f3 d&#8217;un banc de r\u00fabriques.<\/li>\n<\/ul>\n<\/li>\n<\/ul>\n<\/li>\n<li><span style=\"font-family: inherit; font-size: 1em;\">Indicador: Creaci\u00f3 de r\u00fabriques.<\/span><\/li>\n<\/ol>\n<\/li>\n<li><strong style=\"font-family: inherit; font-size: 1em;\">Objectiu<\/strong><span style=\"font-family: inherit; font-size: 1em;\"><span style=\"font-family: inherit; font-size: 1em;\">: Millorar la compet\u00e8ncia digital<\/span><\/span> del professorat del centre<span style=\"font-weight: 400;\">.<\/span>\n<ol>\n<li>Activitat: Desenvolupament de la FIC<\/li>\n<li><span style=\"font-weight: 400;\">Indicador<span style=\"font-weight: 400;\">: Certificaci\u00f3 A1 dels docents (80%)<\/span><\/span><\/li>\n<\/ol>\n<\/li>\n<li><strong style=\"font-family: inherit; font-size: 1em;\">Objectiu<\/strong><span style=\"font-family: inherit; font-size: 1em;\"><span style=\"font-family: inherit; font-size: 1em;\">: <\/span><\/span>Elaborar el Pla d&#8217;acolliment digital del centre.\n<ol>\n<li>Activitat: Elaboraci\u00f3 i difusi\u00f3 del Pla d&#8217;acollida dels docents.<\/li>\n<li>Indicador: Publicaci\u00f3 dels Plans d&#8217;acollida.<\/li>\n<\/ol>\n<\/li>\n<li><strong>Objectiu 5<\/strong> Elaborar el desplegament curricular de la compet\u00e8ncia digital de l&#8217;alumnat<\/li>\n<\/ol>\n","protected":false},"excerpt":{"rendered":"<p>OBJECTIUS Una vegada feta la diagnosi es creu convenient establir uns objectius (l\u00ednia de treball) que ens permetran millorar i [&hellip;]<\/p>\n","protected":false},"author":1,"featured_media":0,"parent":20148,"menu_order":10,"comment_status":"closed","ping_status":"closed","template":"page-templates\/side-menu.php","meta":{"site-sidebar-layout":"default","site-content-layout":"","ast-site-content-layout":"","site-content-style":"default","site-sidebar-style":"default","ast-global-header-display":"","ast-banner-title-visibility":"","ast-main-header-display":"","ast-hfb-above-header-display":"","ast-hfb-below-header-display":"","ast-hfb-mobile-header-display":"","site-post-title":"","ast-breadcrumbs-content":"","ast-featured-img":"","footer-sml-layout":"","theme-transparent-header-meta":"","adv-header-id-meta":"","stick-header-meta":"","header-above-stick-meta":"","header-main-stick-meta":"","header-below-stick-meta":"","astra-migrate-meta-layouts":"default","ast-page-background-enabled":"default","ast-page-background-meta":{"desktop":{"background-color":"var(--ast-global-color-4)","background-image":"","background-repeat":"repeat","background-position":"center center","background-size":"auto","background-attachment":"scroll","background-type":"","background-media":"","overlay-type":"","overlay-color":"","overlay-opacity":"","overlay-gradient":""},"tablet":{"background-color":"","background-image":"","background-repeat":"repeat","background-position":"center center","background-size":"auto","background-attachment":"scroll","background-type":"","background-media":"","overlay-type":"","overlay-color":"","overlay-opacity":"","overlay-gradient":""},"mobile":{"background-color":"","background-image":"","background-repeat":"repeat","background-position":"center center","background-size":"auto","background-attachment":"scroll","background-type":"","background-media":"","overlay-type":"","overlay-color":"","overlay-opacity":"","overlay-gradient":""}},"ast-content-background-meta":{"desktop":{"background-color":"var(--ast-global-color-5)","background-image":"","background-repeat":"repeat","background-position":"center center","background-size":"auto","background-attachment":"scroll","background-type":"","background-media":"","overlay-type":"","overlay-color":"","overlay-opacity":"","overlay-gradient":""},"tablet":{"background-color":"var(--ast-global-color-5)","background-image":"","background-repeat":"repeat","background-position":"center center","background-size":"auto","background-attachment":"scroll","background-type":"","background-media":"","overlay-type":"","overlay-color":"","overlay-opacity":"","overlay-gradient":""},"mobile":{"background-color":"var(--ast-global-color-5)","background-image":"","background-repeat":"repeat","background-position":"center center","background-size":"auto","background-attachment":"scroll","background-type":"","background-media":"","overlay-type":"","overlay-color":"","overlay-opacity":"","overlay-gradient":""}},"footnotes":""},"class_list":["post-21085","page","type-page","status-publish","hentry"],"post_mailing_queue_ids":[],"_links":{"self":[{"href":"https:\/\/agora.xtec.cat\/iesagustiserra\/wp-json\/wp\/v2\/pages\/21085","targetHints":{"allow":["GET"]}}],"collection":[{"href":"https:\/\/agora.xtec.cat\/iesagustiserra\/wp-json\/wp\/v2\/pages"}],"about":[{"href":"https:\/\/agora.xtec.cat\/iesagustiserra\/wp-json\/wp\/v2\/types\/page"}],"author":[{"embeddable":true,"href":"https:\/\/agora.xtec.cat\/iesagustiserra\/wp-json\/wp\/v2\/users\/1"}],"replies":[{"embeddable":true,"href":"https:\/\/agora.xtec.cat\/iesagustiserra\/wp-json\/wp\/v2\/comments?post=21085"}],"version-history":[{"count":3,"href":"https:\/\/agora.xtec.cat\/iesagustiserra\/wp-json\/wp\/v2\/pages\/21085\/revisions"}],"predecessor-version":[{"id":28326,"href":"https:\/\/agora.xtec.cat\/iesagustiserra\/wp-json\/wp\/v2\/pages\/21085\/revisions\/28326"}],"up":[{"embeddable":true,"href":"https:\/\/agora.xtec.cat\/iesagustiserra\/wp-json\/wp\/v2\/pages\/20148"}],"wp:attachment":[{"href":"https:\/\/agora.xtec.cat\/iesagustiserra\/wp-json\/wp\/v2\/media?parent=21085"}],"curies":[{"name":"wp","href":"https:\/\/api.w.org\/{rel}","templated":true}]}}