{"id":19446,"date":"2023-03-06T13:02:11","date_gmt":"2023-03-06T12:02:11","guid":{"rendered":"https:\/\/agora.xtec.cat\/iesagustiserra\/?page_id=19446"},"modified":"2023-03-06T13:08:52","modified_gmt":"2023-03-06T12:08:52","slug":"electricitat-i-electronica","status":"publish","type":"page","link":"https:\/\/agora.xtec.cat\/iesagustiserra\/portal-empreses\/novetats-estades-empreses\/fp-dual-intensiva\/electricitat-i-electronica\/","title":{"rendered":"Electricitat i electr\u00f2nica"},"content":{"rendered":"<p><a href=\"https:\/\/agora.xtec.cat\/iesagustiserra\/wp-content\/uploads\/usu1681\/2021\/02\/Arts-Grafiques-INS-Agusti-Serra-Fontanet-FP-Dual-Sabadell.jpg\"><br \/>\n<img loading=\"lazy\" decoding=\"async\" class=\"size-full wp-image-8704 aligncenter\" src=\"https:\/\/agora.xtec.cat\/iesagustiserra\/wp-content\/uploads\/usu1681\/2023\/03\/Installacions-electricitat-robot.jpg\" alt=\"\" width=\"983\" height=\"413\" \/><\/a><\/p>\n<table style=\"width: 100%; height: 696px;\" border=\"1\">\n<tbody>\n<tr style=\"height: 931px;\">\n<td style=\"vertical-align: top; width: 36.8383%; height: 696px;\">\n<h4><span style=\"color: #55cd00;\"><strong>CFGM Instal\u00b7lacions El\u00e8ctriques i Autom\u00e0tiques <\/strong><\/span><\/h4>\n<p><strong>Descripci\u00f3<\/strong><\/p>\n<p>Muntar i mantenir infraestructures de telecomunicaci\u00f3 en edificis, i<span style=\"font-family: inherit; font-size: 1em;\">nstal\u00b7lacions el\u00e8ctriques de baixa tensi\u00f3 i m<\/span><span style=\"font-family: inherit; font-size: 1em;\">\u00e0quines el\u00e8ctriques i sistemes automatitzats<\/span><\/p>\n<p><strong>Continguts:<\/strong><\/p>\n<ul>\n<li style=\"text-align: justify;\">Automatismes Industrials<\/li>\n<li style=\"text-align: justify;\">Instal\u00b7lacions El\u00e8ctriques Interiors<\/li>\n<li style=\"text-align: justify;\">Instal\u00b7lacions de Distribuci\u00f3<\/li>\n<li style=\"text-align: justify;\">Infraestructures Comunes de Telecomunicaci\u00f3 en habitatges i edificis<\/li>\n<li style=\"text-align: justify;\">Instal\u00b7lacions Dom\u00f2tiques<\/li>\n<li style=\"text-align: justify;\">Instal\u00b7lacions Solars Fotovoltaiques<\/li>\n<li style=\"text-align: justify;\">M\u00e0quines El\u00e8ctriques<\/li>\n<li style=\"text-align: justify;\">Instal\u00b7lacions El\u00e8ctriques Especials<\/li>\n<li style=\"text-align: justify;\">Electr\u00f2nica<\/li>\n<li style=\"text-align: justify;\">Electrot\u00e8cnia<\/li>\n<li style=\"text-align: justify;\">Formaci\u00f3 i Orientaci\u00f3 Laboral<\/li>\n<li style=\"text-align: justify;\">Empresa i Iniciativa Emprenedora<\/li>\n<li style=\"text-align: justify;\">Angl\u00e8s T\u00e8cnic<\/li>\n<li style=\"text-align: justify;\">S\u00edntesi<\/li>\n<li style=\"text-align: justify;\">Formaci\u00f3 en Centres de Treball<\/li>\n<\/ul>\n<p><strong>Sortides professionals:<\/strong><\/p>\n<ul>\n<li>Electricista industrial i d&#8217;instal\u00b7lacions el\u00e8ctriques d&#8217;edificis<\/li>\n<li>Instal\u00b7lador o instal\u00b7ladora de l\u00ednies el\u00e8ctriques, equips<br \/>\nelectr\u00f2nics en edificis, antenes i equips telef\u00f2nics<\/li>\n<li>Electricista de construcci\u00f3<\/li>\n<li>Electricista de manteniment<\/li>\n<li>Instal\u00b7lador o instal\u00b7ladora i mantenidor o mantenidora de sistemes<\/li>\n<li>dom\u00f2tics<\/li>\n<li>Muntador o muntadora d&#8217;instal\u00b7lacions d&#8217;energia solar<br \/>\nfotovoltaica<\/li>\n<li>Instal\u00b7lador de telecomunicacions en edificis i habitatges<\/li>\n<\/ul>\n<p><strong>Sectors empresarials:<\/strong><\/p>\n<p>Empresa instal\u00b7ladora d&#8217;infraestructures comunes de<br \/>\ntelecomunicacions.<\/td>\n<td style=\"vertical-align: top; width: 62.5815%; height: 696px;\">\n<h4><strong><span style=\"color: #55cd00;\">CFGS Automatitzaci\u00f3 i Rob\u00f2tica Industrial <\/span><\/strong><\/h4>\n<p><strong>Descripci\u00f3<\/strong><\/p>\n<p>Desenvolupar i gestionar projectes de muntatge i manteniment d&#8217;instal\u00b7lacions autom\u00e0tiques de mesura. Regular i controlar processos en sistemes industrials, aix\u00ed com supervisar o executar el muntatge, i, m<span style=\"font-family: inherit; font-size: 1em;\">antenir i posar en marxa d&#8217;aquests sistemes, respectant criteris de qualitat, seguretat i respecte al medi ambient i al disseny per a tots.<\/span><\/p>\n<p><strong>Continguts<\/strong><\/p>\n<ul>\n<li>Sistemes El\u00e8ctrics, Pneum\u00e0tics i Hidr\u00e0ulics<\/li>\n<li>Sistemes Seq\u00fcencials Programables<\/li>\n<li>Sistemes de Mesura i Regulaci\u00f3<\/li>\n<li>Sistemes de Pot\u00e8ncia<\/li>\n<li>Documentaci\u00f3 T\u00e8cnica<\/li>\n<li>Inform\u00e0tica Industrial<\/li>\n<li>Sistemes Programables Avan\u00e7ats<\/li>\n<li>Rob\u00f2tica Industrial<\/li>\n<li>Comunicacions Industrials<\/li>\n<li>Integraci\u00f3 de Sistemes d&#8217;Automatitzaci\u00f3 Industrial<\/li>\n<li>Projecte d&#8217;Automatitzaci\u00f3 i Rob\u00f2tica Industrial<\/li>\n<li>Formaci\u00f3 i Orientaci\u00f3 Laboral<\/li>\n<li>Empresa i Iniciativa Emprenedora<\/li>\n<li>Formaci\u00f3 en Centres de Treball<\/li>\n<\/ul>\n<p><strong>Sortides professionals:<\/strong><\/p>\n<ul>\n<li style=\"text-align: justify;\">Cap d&#8217;equip de supervisi\u00f3 de muntatge i de manteniment de sistemes d&#8217;automatitzaci\u00f3 industrial<\/li>\n<li style=\"text-align: justify;\">Verificador o verificadora d&#8217;aparells, quadres i equips el\u00e8ctrics<\/li>\n<li style=\"text-align: justify;\">Cap d&#8217;equip en un taller electromec\u00e0nic; t\u00e8cnic o t\u00e8cnica en organitzaci\u00f3 de manteniment de sistemes d&#8217;automatitzaci\u00f3 industrial<\/li>\n<li style=\"text-align: justify;\">T\u00e8cnic o t\u00e8cnica de posada en marxa de sistemes<br \/>\nd&#8217;automatitzaci\u00f3 industrial<\/li>\n<li style=\"text-align: justify;\">Projectista de sistemes de control de sistemes d&#8217;automatitzaci\u00f3 industrial;<\/li>\n<li style=\"text-align: justify;\">Projectista de sistemes de mesura i regulaci\u00f3 de sistemes d&#8217;automatitzaci\u00f3 industrial<\/li>\n<li style=\"text-align: justify;\">Projectista de xarxes de comunicaci\u00f3 de sistemes d&#8217;automatitzaci\u00f3 industrial<\/li>\n<li style=\"text-align: justify;\">Programador i controlador o programadora i controladora de robots industrials<\/li>\n<li style=\"text-align: justify;\">T\u00e8cnic o t\u00e8cnica en disseny de sistemes de control el\u00e8ctric<\/li>\n<li style=\"text-align: justify;\">Dissenyador o dissenyadora de circuits i sistemes integrats en automatitzaci\u00f3 industrial.<\/li>\n<\/ul>\n<p><strong>Sectors empresarials:<\/strong><\/p>\n<p>Empreses segons descripci\u00f3<\/td>\n<\/tr>\n<\/tbody>\n<\/table>\n","protected":false},"excerpt":{"rendered":"<p>CFGM Instal\u00b7lacions El\u00e8ctriques i Autom\u00e0tiques Descripci\u00f3 Muntar i mantenir infraestructures de telecomunicaci\u00f3 en edificis, instal\u00b7lacions el\u00e8ctriques de baixa tensi\u00f3 i [&hellip;]<\/p>\n","protected":false},"author":1,"featured_media":0,"parent":2526,"menu_order":50,"comment_status":"closed","ping_status":"closed","template":"page-templates\/side-menu.php","meta":{"site-sidebar-layout":"default","site-content-layout":"","ast-site-content-layout":"","site-content-style":"default","site-sidebar-style":"default","ast-global-header-display":"","ast-banner-title-visibility":"","ast-main-header-display":"","ast-hfb-above-header-display":"","ast-hfb-below-header-display":"","ast-hfb-mobile-header-display":"","site-post-title":"","ast-breadcrumbs-content":"","ast-featured-img":"","footer-sml-layout":"","theme-transparent-header-meta":"","adv-header-id-meta":"","stick-header-meta":"","header-above-stick-meta":"","header-main-stick-meta":"","header-below-stick-meta":"","astra-migrate-meta-layouts":"default","ast-page-background-enabled":"default","ast-page-background-meta":{"desktop":{"background-color":"var(--ast-global-color-4)","background-image":"","background-repeat":"repeat","background-position":"center center","background-size":"auto","background-attachment":"scroll","background-type":"","background-media":"","overlay-type":"","overlay-color":"","overlay-opacity":"","overlay-gradient":""},"tablet":{"background-color":"","background-image":"","background-repeat":"repeat","background-position":"center center","background-size":"auto","background-attachment":"scroll","background-type":"","background-media":"","overlay-type":"","overlay-color":"","overlay-opacity":"","overlay-gradient":""},"mobile":{"background-color":"","background-image":"","background-repeat":"repeat","background-position":"center center","background-size":"auto","background-attachment":"scroll","background-type":"","background-media":"","overlay-type":"","overlay-color":"","overlay-opacity":"","overlay-gradient":""}},"ast-content-background-meta":{"desktop":{"background-color":"var(--ast-global-color-5)","background-image":"","background-repeat":"repeat","background-position":"center center","background-size":"auto","background-attachment":"scroll","background-type":"","background-media":"","overlay-type":"","overlay-color":"","overlay-opacity":"","overlay-gradient":""},"tablet":{"background-color":"var(--ast-global-color-5)","background-image":"","background-repeat":"repeat","background-position":"center center","background-size":"auto","background-attachment":"scroll","background-type":"","background-media":"","overlay-type":"","overlay-color":"","overlay-opacity":"","overlay-gradient":""},"mobile":{"background-color":"var(--ast-global-color-5)","background-image":"","background-repeat":"repeat","background-position":"center center","background-size":"auto","background-attachment":"scroll","background-type":"","background-media":"","overlay-type":"","overlay-color":"","overlay-opacity":"","overlay-gradient":""}},"footnotes":""},"class_list":["post-19446","page","type-page","status-publish","hentry"],"post_mailing_queue_ids":[],"_links":{"self":[{"href":"https:\/\/agora.xtec.cat\/iesagustiserra\/wp-json\/wp\/v2\/pages\/19446","targetHints":{"allow":["GET"]}}],"collection":[{"href":"https:\/\/agora.xtec.cat\/iesagustiserra\/wp-json\/wp\/v2\/pages"}],"about":[{"href":"https:\/\/agora.xtec.cat\/iesagustiserra\/wp-json\/wp\/v2\/types\/page"}],"author":[{"embeddable":true,"href":"https:\/\/agora.xtec.cat\/iesagustiserra\/wp-json\/wp\/v2\/users\/1"}],"replies":[{"embeddable":true,"href":"https:\/\/agora.xtec.cat\/iesagustiserra\/wp-json\/wp\/v2\/comments?post=19446"}],"version-history":[{"count":4,"href":"https:\/\/agora.xtec.cat\/iesagustiserra\/wp-json\/wp\/v2\/pages\/19446\/revisions"}],"predecessor-version":[{"id":27171,"href":"https:\/\/agora.xtec.cat\/iesagustiserra\/wp-json\/wp\/v2\/pages\/19446\/revisions\/27171"}],"up":[{"embeddable":true,"href":"https:\/\/agora.xtec.cat\/iesagustiserra\/wp-json\/wp\/v2\/pages\/2526"}],"wp:attachment":[{"href":"https:\/\/agora.xtec.cat\/iesagustiserra\/wp-json\/wp\/v2\/media?parent=19446"}],"curies":[{"name":"wp","href":"https:\/\/api.w.org\/{rel}","templated":true}]}}