{"id":18090,"date":"2022-11-18T12:24:37","date_gmt":"2022-11-18T11:24:37","guid":{"rendered":"https:\/\/agora.xtec.cat\/iesagustiserra\/?page_id=18090"},"modified":"2025-03-28T12:21:34","modified_gmt":"2025-03-28T11:21:34","slug":"pfi-ptt","status":"publish","type":"page","link":"https:\/\/agora.xtec.cat\/iesagustiserra\/estudis\/pfi-ptt\/","title":{"rendered":"PFI &#8211; PTT (Estudis)"},"content":{"rendered":"\n<figure class=\"wp-block-image aligncenter size-full is-resized\"><img loading=\"lazy\" decoding=\"async\" width=\"251\" height=\"255\" src=\"https:\/\/agora.xtec.cat\/iesagustiserra\/wp-content\/uploads\/usu1681\/2025\/03\/LOGO-PFI-PTT-1.jpg\" alt=\"\" class=\"wp-image-32551\" style=\"width:218px\"\/><\/figure>\n\n\n\n<div style=\"height:13px\" aria-hidden=\"true\" class=\"wp-block-spacer\"><\/div>\n\n\n\n<h5 class=\"wp-block-heading\"><span style=\"color: #000000;\"><strong>Ubicaci\u00f3 centre de formaci\u00f3: <a style=\"color: #000000;\" href=\"https:\/\/www.vaporllonch.cat\/calmolins\" target=\"_blank\" rel=\"noopener\"><mark style=\"background-color:rgba(0, 0, 0, 0);color:#fd0101\" class=\"has-inline-color\">Edifici Cal Molins (carrer Calders, 32, 08205 Sabadell)<\/mark><\/a><\/strong><\/span><\/h5>\n\n\n\n<p>Els Programes de formaci\u00f3 i inserci\u00f3 estan adre\u00e7ats als joves que compleixin com a m\u00ednim 16 anys i com a m\u00e0xim 21 en l&#8217;any d&#8217;inici del programa, que hagin deixat l&#8217;Educaci\u00f3 Secund\u00e0ria Obligat\u00f2ria sense obtenir-ne el t\u00edtol i que, en el moment d&#8217;iniciar els programes, no segueixin estudis en el sistema educatiu ni participin en altres accions de formaci\u00f3.<\/p>\n\n\n\n<p>El nostre centre ofert els seg\u00fcents programes de formaci\u00f3 (PFI &#8211; PTT):<\/p>\n\n\n\n<p><a href=\"https:\/\/triaeducativa.gencat.cat\/ca\/fp\/pfi\/families-professionals\/hoteleria-turisme\/?p_id=2779&amp;estudi\" target=\"_blank\" rel=\"noopener\"><strong>\u2714<\/strong><\/a> Hoteleria i turisme<\/p>\n\n\n\n<ul class=\"wp-block-list\" id=\"block-d1665ba0-ac98-4277-a434-45e7ff197d3f\">\n<li><strong><a href=\"https:\/\/agora.xtec.cat\/iesagustiserra\/estudis\/pfi-ptt\/ht06-auxiliar-de-serveis-de-restauracio-i-cuina\/\">HT06: Auxiliar d&#8217;Hoteleria: Cuina i Serveis de Restauraci\u00f3.<\/a><\/strong><\/li>\n\n\n\n<li><a href=\"https:\/\/triaeducativa.gencat.cat\/ca\/estudis\/?auxiliar-serveis-restauracio-cuina&amp;p_id=6930\" target=\"_blank\" rel=\"noreferrer noopener\">Web Triaeduccativa<\/a><\/li>\n<\/ul>\n\n\n\n<p><strong><a href=\"https:\/\/triaeducativa.gencat.cat\/ca\/estudis\/?auxiliar-comerc-atencio-public&amp;p_id=2772\" target=\"_blank\" rel=\"noreferrer noopener\">\u2714 <\/a><\/strong> Comer\u00e7<\/p>\n\n\n\n<ul class=\"wp-block-list\" id=\"block-0d9833f6-bd6b-45ab-92be-42462305eab3\">\n<li><strong><a href=\"https:\/\/agora.xtec.cat\/iesagustiserra\/estudis\/pfi-ptt\/cm02-auxiliar-de-comerc-i-atencio-al-public\/\">CM02: Auxiliar de comer\u00e7 i atenci\u00f3 al p\u00fablic<\/a><\/strong><\/li>\n\n\n\n<li><a href=\"https:\/\/triaeducativa.gencat.cat\/ca\/estudis\/?auxiliar-comerc-atencio-public&amp;p_id=2772\" target=\"_blank\" rel=\"noreferrer noopener\">Web Triaeducativa<\/a><\/li>\n<\/ul>\n\n\n\n<hr class=\"wp-block-separator has-alpha-channel-opacity\"\/>\n\n\n\n<p class=\"has-text-align-center\"><a href=\"https:\/\/triaeducativa.gencat.cat\/ca\/fp\/pfi\/\" target=\"_blank\" rel=\"noopener noreferrer\"><span style=\"font-size: 15.75px;\"><b>Web Generalitat de Catalunya: triaeducativa<\/b><\/span><\/a><\/p>\n","protected":false},"excerpt":{"rendered":"<p>Ubicaci\u00f3 centre de formaci\u00f3: Edifici Cal Molins (carrer Calders, 32, 08205 Sabadell) Els Programes de formaci\u00f3 i inserci\u00f3 estan adre\u00e7ats [&hellip;]<\/p>\n","protected":false},"author":1,"featured_media":0,"parent":195,"menu_order":52,"comment_status":"closed","ping_status":"closed","template":"","meta":{"site-sidebar-layout":"default","site-content-layout":"","ast-site-content-layout":"default","site-content-style":"default","site-sidebar-style":"default","ast-global-header-display":"","ast-banner-title-visibility":"","ast-main-header-display":"","ast-hfb-above-header-display":"","ast-hfb-below-header-display":"","ast-hfb-mobile-header-display":"","site-post-title":"","ast-breadcrumbs-content":"","ast-featured-img":"","footer-sml-layout":"","theme-transparent-header-meta":"","adv-header-id-meta":"","stick-header-meta":"","header-above-stick-meta":"","header-main-stick-meta":"","header-below-stick-meta":"","astra-migrate-meta-layouts":"set","ast-page-background-enabled":"default","ast-page-background-meta":{"desktop":{"background-color":"var(--ast-global-color-4)","background-image":"","background-repeat":"repeat","background-position":"center center","background-size":"auto","background-attachment":"scroll","background-type":"","background-media":"","overlay-type":"","overlay-color":"","overlay-opacity":"","overlay-gradient":""},"tablet":{"background-color":"","background-image":"","background-repeat":"repeat","background-position":"center center","background-size":"auto","background-attachment":"scroll","background-type":"","background-media":"","overlay-type":"","overlay-color":"","overlay-opacity":"","overlay-gradient":""},"mobile":{"background-color":"","background-image":"","background-repeat":"repeat","background-position":"center center","background-size":"auto","background-attachment":"scroll","background-type":"","background-media":"","overlay-type":"","overlay-color":"","overlay-opacity":"","overlay-gradient":""}},"ast-content-background-meta":{"desktop":{"background-color":"var(--ast-global-color-5)","background-image":"","background-repeat":"repeat","background-position":"center center","background-size":"auto","background-attachment":"scroll","background-type":"","background-media":"","overlay-type":"","overlay-color":"","overlay-opacity":"","overlay-gradient":""},"tablet":{"background-color":"var(--ast-global-color-5)","background-image":"","background-repeat":"repeat","background-position":"center center","background-size":"auto","background-attachment":"scroll","background-type":"","background-media":"","overlay-type":"","overlay-color":"","overlay-opacity":"","overlay-gradient":""},"mobile":{"background-color":"var(--ast-global-color-5)","background-image":"","background-repeat":"repeat","background-position":"center center","background-size":"auto","background-attachment":"scroll","background-type":"","background-media":"","overlay-type":"","overlay-color":"","overlay-opacity":"","overlay-gradient":""}},"footnotes":""},"class_list":["post-18090","page","type-page","status-publish","hentry"],"post_mailing_queue_ids":[],"_links":{"self":[{"href":"https:\/\/agora.xtec.cat\/iesagustiserra\/wp-json\/wp\/v2\/pages\/18090","targetHints":{"allow":["GET"]}}],"collection":[{"href":"https:\/\/agora.xtec.cat\/iesagustiserra\/wp-json\/wp\/v2\/pages"}],"about":[{"href":"https:\/\/agora.xtec.cat\/iesagustiserra\/wp-json\/wp\/v2\/types\/page"}],"author":[{"embeddable":true,"href":"https:\/\/agora.xtec.cat\/iesagustiserra\/wp-json\/wp\/v2\/users\/1"}],"replies":[{"embeddable":true,"href":"https:\/\/agora.xtec.cat\/iesagustiserra\/wp-json\/wp\/v2\/comments?post=18090"}],"version-history":[{"count":6,"href":"https:\/\/agora.xtec.cat\/iesagustiserra\/wp-json\/wp\/v2\/pages\/18090\/revisions"}],"predecessor-version":[{"id":32553,"href":"https:\/\/agora.xtec.cat\/iesagustiserra\/wp-json\/wp\/v2\/pages\/18090\/revisions\/32553"}],"up":[{"embeddable":true,"href":"https:\/\/agora.xtec.cat\/iesagustiserra\/wp-json\/wp\/v2\/pages\/195"}],"wp:attachment":[{"href":"https:\/\/agora.xtec.cat\/iesagustiserra\/wp-json\/wp\/v2\/media?parent=18090"}],"curies":[{"name":"wp","href":"https:\/\/api.w.org\/{rel}","templated":true}]}}