{"id":1391,"date":"2019-11-18T19:54:27","date_gmt":"2019-11-18T18:54:27","guid":{"rendered":"http:\/\/agora.xtec.cat\/iesagustiserra\/?page_id=1391"},"modified":"2026-03-12T13:52:42","modified_gmt":"2026-03-12T12:52:42","slug":"tutories","status":"publish","type":"page","link":"https:\/\/agora.xtec.cat\/iesagustiserra\/linstitut\/qui-som\/tutories\/","title":{"rendered":"Tutories"},"content":{"rendered":"\n<h3 class=\"wp-block-heading has-text-align-left\">Curs 2025-26 <\/h3>\n\n\n\n<h4 class=\"wp-block-heading has-text-align-center\"><strong>1r ESO<\/strong><\/h4>\n\n\n\n<figure class=\"wp-block-table\"><table class=\"has-fixed-layout\"><tbody><tr><td><strong>Grup<\/strong><\/td><td><strong>Tutor\/a<\/strong><\/td><td><strong>B\u00fastia de correu<\/strong><\/td><\/tr><tr><td>1A<\/td><td>Mart\u00ed Devant<\/td><td>prof.mdevant@institutagustiserra.cat<\/td><\/tr><tr><td>1B<\/td><td>Aldara Pere\u00f1\u00edguez<\/td><td>prof.aperenig@institutagustiserra.cat<\/td><\/tr><tr><td>1C<\/td><td>Quit\u00e8ria Florent\u00ed<\/td><td>prof.qfiorent@institutagustiserra.cat<\/td><\/tr><tr><td>1D<\/td><td>Carme Garc\u00eda<\/td><td>prof.cgarc254@institutagustiserra.cat<\/td><\/tr><\/tbody><\/table><\/figure>\n\n\n\n<h4 class=\"wp-block-heading has-text-align-center\"><strong>2n ESO<\/strong><\/h4>\n\n\n\n<figure class=\"wp-block-table\"><table class=\"has-fixed-layout\"><tbody><tr><td><strong>Grup<\/strong><\/td><td><strong>Tutor\/a<\/strong> <\/td><td><strong>B\u00fastia de correu&nbsp;<\/strong><\/td><\/tr><tr><td>2A<\/td><td>Alba Higueras         <\/td><td>prof.ahiguer4@institutagustiserra.cat<\/td><\/tr><tr><td>2B<\/td><td>L\u00eddia Sayago<\/td><td>prof.lsayago@institutagustiserra.cat<\/td><\/tr><tr><td>2C<\/td><td>Ferran Galante<\/td><td>prof.fgalante@institutagustiserra.cat<\/td><\/tr><tr><td>2D<\/td><td>Ana M. Requena<\/td><td>prof.areque14@institutagustiserra.cat<\/td><\/tr><\/tbody><\/table><\/figure>\n\n\n\n<h4 class=\"wp-block-heading has-text-align-center\"><strong>3r ESO<\/strong><\/h4>\n\n\n\n<figure class=\"wp-block-table\"><table class=\"has-fixed-layout\"><tbody><tr><td><strong>Grup<\/strong><\/td><td><strong>Tutor\/a<\/strong> <\/td><td><strong>B\u00fastia de correu&nbsp;<\/strong><\/td><\/tr><tr><td>3A<\/td><td>N\u00faria Pocino         <\/td><td>prof.npocino@institutagustiserra.cat<\/td><\/tr><tr><td>3B<\/td><td>Mar\u00eda V\u00edvar<\/td><td>prof.mvivar1@institutagustiserra.cat<\/td><\/tr><tr><td>3C<\/td><td>Raquel \u00c1lvarez<\/td><td>prof.ralvar10@institutagustiserra.cat<\/td><\/tr><tr><td>3D<\/td><td>Carla Luna<\/td><td>prof.cluna10@institutagustiserra.cat<\/td><\/tr><\/tbody><\/table><\/figure>\n\n\n\n<h4 class=\"wp-block-heading has-text-align-center\"><strong>4t ESO<\/strong><\/h4>\n\n\n\n<figure class=\"wp-block-table\"><table class=\"has-fixed-layout\"><tbody><tr><td><strong>Grup<\/strong><\/td><td><strong>Tutor\/a<\/strong>        <\/td><td><strong>B\u00fastia de correu&nbsp;&nbsp;<\/strong><\/td><\/tr><tr><td>4A<\/td><td>M\u00f2nica Mill\u00e1n        <\/td><td>prof.mmilla15@institutagustiserra.cat<\/td><\/tr><tr><td>4B<\/td><td>Stivens Garcia<\/td><td>prof.sgarc59@institutagustiserra.cat<\/td><\/tr><tr><td>4C<\/td><td>Carme Dom\u00ednguez<\/td><td>prof.cdomin21@institutagustiserra.cat<\/td><\/tr><tr><td>4D<\/td><td>Marta Sol\u00e9<\/td><td>prof.msole10@institutagustiserra.cat<\/td><\/tr><\/tbody><\/table><\/figure>\n\n\n\n<h4 class=\"wp-block-heading has-text-align-center\"><strong>AULA D\u2019ACOLLIDA<\/strong><\/h4>\n\n\n\n<figure class=\"wp-block-table\"><table class=\"has-fixed-layout\"><tbody><tr><td><strong>Grup<\/strong><\/td><td><strong>Tutor\/a<\/strong>  <\/td><td><strong>B\u00fastia de correu&nbsp;&nbsp;<\/strong><\/td><\/tr><tr><td>AA<\/td><td>Teresa Su\u00f1ol      <\/td><td>prof.tsunol@institutagustiserra.cat<\/td><\/tr><\/tbody><\/table><\/figure>\n\n\n\n<h4 class=\"wp-block-heading has-text-align-center\">1 <strong>BATXILLERAT<\/strong><\/h4>\n\n\n\n<figure class=\"wp-block-table\"><table class=\"has-fixed-layout\"><tbody><tr><td><strong>Grup<\/strong><\/td><td><strong>Tutor\/a<\/strong><\/td><td><strong>B\u00fastia de correu&nbsp;&nbsp;<\/strong><\/td><\/tr><tr><td>A<\/td><td>Maria Souza           <\/td><td>prof.msouza@institutagustiserra.cat<\/td><\/tr><tr><td>B<\/td><td>Ana Calsina<\/td><td>prof.acalsina@institutagustiserra.cat<\/td><\/tr><tr><td>C<\/td><td>Carlos Barbero<\/td><td>prof.cbarber5@institutagustiserra.cat<\/td><\/tr><\/tbody><\/table><\/figure>\n\n\n\n<h4 class=\"wp-block-heading has-text-align-center\">2 <strong>BATXILLERAT<\/strong><\/h4>\n\n\n\n<figure class=\"wp-block-table\"><table class=\"has-fixed-layout\"><tbody><tr><td><strong>Grup<\/strong><\/td><td><strong>Tutor\/a<\/strong>      <\/td><td><strong>B\u00fastia de correu&nbsp;&nbsp;<\/strong><\/td><\/tr><tr><td>A<\/td><td>Anna Andr\u00e9s          <\/td><td>prof.aandre26@institutagustiserra.cat<\/td><\/tr><tr><td>B<\/td><td>Pilar Solbes<\/td><td>prof.msolbes@institutagustiserra.cat<\/td><\/tr><\/tbody><\/table><\/figure>\n\n\n\n<h4 class=\"wp-block-heading has-text-align-center\">&nbsp;<strong>CICLES FORMATIUS (INFORMACI\u00d3 CURS 2025-2026)<\/strong><\/h4>\n\n\n\n<figure class=\"wp-block-table\"><table><tbody><tr><td><strong>Grup<\/strong><\/td><td><strong>Tutor\/a<\/strong><\/td><td><strong>B\u00fastia de correu&nbsp;&nbsp;<\/strong><\/td><\/tr><tr><td colspan=\"3\"><strong>Dept. Activitats f\u00edsiques<\/strong><\/td><\/tr><tr><td>AE10 \u2013 Guia en el medi natural i de temps de lleure 1r A<\/td><td>Jordi Exp\u00f3sito<\/td><td>prof.jexposi8@institutagustiserra.cat<\/td><\/tr><tr><td>AE10 \u2013 Guia en el medi natural i de temps de lleure 1r B<\/td><td>Alba Villa<\/td><td>prof.avilla1@institutagustiserra.cat<\/td><\/tr><tr><td>AE10 \u2013 Guia en el medi natural i de temps de lleure 2n A<\/td><td>Carles Ferran<\/td><td>prof.cferra13@institutagustiserra.cat<\/td><\/tr><tr><td>AE10 \u2013 Guia en el medi natural i de temps de lleure 2n B<\/td><td>Jos\u00e9 Ort\u00edz<\/td><td>prof.jortiz40@institutagustiserra.cat<\/td><\/tr><tr><td>AEA0 \u2013 Ensenyament i animaci\u00f3 socioesportiva 1r<\/td><td>Cl\u00e0udia Sapi\u00f1a<\/td><td>prof.csapina1@institutagustiserra.cat<\/td><\/tr><tr><td>AEA0 \u2013 Ensenyament i animaci\u00f3 socioesportiva 2n<\/td><td>Ra\u00fcl Moll\u00e0<\/td><td>prof.rmolla5@institutagustiserra.cat<\/td><\/tr><tr><td>AEB0 \u2013 Condicionament f\u00edsic 1r<\/td><td>Montse Julbe<\/td><td>prof.mjulbe@institutagustiserra.cat<\/td><\/tr><tr><td>AEB0 \u2013 Condicionament f\u00edsic 2n<\/td><td>Marina Sanz<\/td><td>prof.msanz16@institutagustiserra.cat<\/td><\/tr><tr><td colspan=\"3\"><strong>Dept. administraci\u00f3 i gesti\u00f3<\/strong><\/td><\/tr><tr><td>AG10 \u2013 Gesti\u00f3 administrativa 1r Mat\u00ed<\/td><td>Juan Carlos Ballester<\/td><td>prof.jballe12@institutagustiserra.cat<\/td><\/tr><tr><td>AG10 \u2013 Gesti\u00f3 administrativa 2n Mat\u00ed<\/td><td>Maria Faz<\/td><td>prof.mfaz@institutagustiserra.cat<\/td><\/tr><tr><td>AG12 \u2013 Gesti\u00f3 Administrativa, perfil professional \u00e0mbit Sanitari 1r Tarda<\/td><td>Cristina Pons<\/td><td>prof.cpons35@institutagustiserra.cat<\/td><\/tr><tr><td>AG12 \u2013 Gesti\u00f3 Administrativa, perfil professional \u00e0mbit Sanitari 2n Tarda<\/td><td>Patr\u00edcia Acu\u00f1a<\/td><td>prof.pacuna1@institutagustiserra.cat<\/td><\/tr><tr><td>AGB0 \u2013 Administraci\u00f3 i finances 1<\/td><td>Gaiet\u00e0 Pareja<\/td><td>prof.gpareja@institutagustiserra.cat<\/td><\/tr><tr><td>AGB0 \u2013 Administraci\u00f3 i finances 2<\/td><td>Cristina Izquierdo<\/td><td>prof.cizquie1@institutagustiserra.cat<\/td><\/tr><tr><td colspan=\"3\"><strong>Dept. Arts gr\u00e0fiques<\/strong><\/td><\/tr><tr><td>AF10 \u2013 Preimpressi\u00f3 digital 1r Mat\u00ed<\/td><td>Sandra Maya<\/td><td>prof.smaya3@institutagustiserra.cat<\/td><\/tr><tr><td>AF10 \u2013 Preimpressi\u00f3 digital 1r Tarda<\/td><td>Eusebi Mestre<\/td><td>prof.emestre@institutagustiserra.cat<\/td><\/tr><tr><td>AF10 \u2013 Preimpressi\u00f3 digital 2n Mat\u00ed<\/td><td>Ra\u00fal P\u00edo Bustos<\/td><td>prof.rbustos@institutagustiserra.cat<\/td><\/tr><tr><td>AF10 \u2013 Preimpressi\u00f3 digital 2n Tarda<\/td><td>Santiago Rom\u00e1n<\/td><td>prof.sroman4@institutagustiserra.cat<\/td><\/tr><tr><td>AFA0 \u2013 Disseny i edici\u00f3 de publicacions impreses i multim\u00e8dia 1r Mat\u00ed<\/td><td>Maria Carmen Cuevas<\/td><td>prof.mcueva6@institutagustiserra.cat<\/td><\/tr><tr><td>AFA0 \u2013 Disseny i edici\u00f3 de publicacions impreses i multim\u00e8dia 2n Tarda<\/td><td>Salvador Carmona<\/td><td>prof.scarmo11@institutagustiserra.cat<\/td><\/tr><tr><td colspan=\"3\"><strong>Dept. Comer\u00e7 i m\u00e0rqueting<\/strong><\/td><\/tr><tr><td>CM10 \u2013 Activitats comercials 1r Mat\u00ed<\/td><td>Aleix Mart\u00ed<\/td><td>prof.amart500@institutagustiserra.cat<\/td><\/tr><tr><td>CM10 \u2013 Activitats comercials 1r Tarda<\/td><td>Jordi Besc\u00f3s<\/td><td>prof.jbescos@institutagustiserra.cat<\/td><\/tr><tr><td>CM10 \u2013 Activitats comercials 2n Mat\u00ed<\/td><td>N\u00faria Mart\u00ednez<\/td><td>prof.nmart117@institutagustiserra.cat<\/td><\/tr><tr><td>CM10 \u2013 Activitats comercials 2n Tarda<\/td><td>Sandra Gozalbo<\/td><td>prof.sgozalb3@institutagustiserra.cat<\/td><\/tr><tr><td>CMD0 \u2013 M\u00e0rqueting i publicitat 1r<\/td><td>Miguel \u00c1ngel Aguilar<\/td><td>prof.maguil14@institutagustiserra.cat<\/td><\/tr><tr><td>CMD0 \u2013 M\u00e0rqueting i publicitat 2n<\/td><td>Beatriz G\u00f3mez<\/td><td>prof.bgomez10@institutagustiserra.cat<\/td><\/tr><tr><td colspan=\"3\"><strong>Dept. electricitat i electr\u00f2nica<\/strong><\/td><\/tr><tr><td>EE10 \u2013 Instal\u00b7lacions el\u00e8ctriques i autom\u00e0tiques 1r Mat\u00ed<\/td><td>Dan Tous<\/td><td>prof.dtous@institutagustiserra.cat<\/td><\/tr><tr><td>EE10 \u2013 Instal\u00b7lacions el\u00e8ctriques i autom\u00e0tiques 1r Tarda<\/td><td>Roger Bernab\u00e9<\/td><td>prof.rbernabe@institutagustiserra.cat<\/td><\/tr><tr><td>EE10 \u2013 Instal\u00b7lacions el\u00e8ctriques i autom\u00e0tiques 2n Mat\u00ed<\/td><td>Sergio Castillo<\/td><td>prof.scasti20@institutagustiserra.cat<\/td><\/tr><tr><td>EE10 \u2013 Instal\u00b7lacions el\u00e8ctriques i autom\u00e0tiques 2n Tarda<\/td><td>Javier Soriano<\/td><td>prof.jsoria10@institutagustiserra.cat<\/td><\/tr><tr><td>EEB0 \u2013 Automatitzaci\u00f3 i rob\u00f2tica industrial 1r Mat\u00ed<\/td><td>Sergi Ram\u00edrez<\/td><td>prof.sramire2@institutagustiserra.cat<\/td><\/tr><tr><td>EEB0 \u2013 Automatitzaci\u00f3 i rob\u00f2tica industrial 2n Mat\u00ed<\/td><td>Jos\u00e9 Manuel Reyes<\/td><td>prof.jreyes12@institutagustiserra.cat<\/td><\/tr><tr><td>EEB0 \u2013 Automatitzaci\u00f3 i rob\u00f2tica industrial 1r Tarda<\/td><td>Pablo Coronado<\/td><td>prof.pcorona1@institutagustiserra.cat<\/td><\/tr><tr><td>EEB0 \u2013 Automatitzaci\u00f3 i rob\u00f2tica industrial 2n Tarda<\/td><td>Carlos Morales<\/td><td>prof.cmoral4@institutagustiserra.cat<\/td><\/tr><\/tbody><\/table><\/figure>\n\n\n\n<h4 class=\"wp-block-heading has-text-align-center\"><strong>SALVAMENT I SOCORRISME<\/strong><\/h4>\n\n\n\n<figure class=\"wp-block-table\"><table><tbody><tr><td><strong>Grup<\/strong><\/td><td><strong>Tutor\/a<\/strong><\/td><td><strong>B\u00fastia de correu&nbsp;&nbsp;<\/strong><\/td><\/tr><tr><td>Salvament i socorrisme<\/td><td>Alexandre Juan<\/td><td>prof.ajuan10@institutagustiserra.cat<\/td><\/tr><\/tbody><\/table><\/figure>\n\n\n\n<h4 class=\"wp-block-heading has-text-align-center\"><strong>PFI<\/strong><\/h4>\n\n\n\n<figure class=\"wp-block-table\"><table><tbody><tr><td><strong>Grup<\/strong><\/td><td><strong>Tutor\/a<\/strong><\/td><td><strong>B\u00fastia de correu&nbsp;&nbsp;<\/strong><\/td><\/tr><tr><td>PFI Auxiliar de muntatges d&#8217;instal\u00b7lacions el\u00e8ctriques i d&#8217;aigua i gas<\/td><td>Albert Perales<\/td><td>prof.aperale1@institutagustiserra.cat<\/td><\/tr><tr><td>PFI Auxiliar d&#8217;activitats d&#8217;oficina i en serveis administratius generals<\/td><td>Daniel Arnau<\/td><td>prof.darnau3@institutagustiserra.cat<\/td><\/tr><\/tbody><\/table><\/figure>\n\n\n\n<h4 class=\"wp-block-heading has-text-align-center\"><strong>PTT &#8211; Cal Molins&nbsp; &nbsp; &nbsp; &nbsp; &nbsp; &nbsp; &nbsp; &nbsp; &nbsp;<\/strong><\/h4>\n\n\n\n<figure class=\"wp-block-table\"><table><tbody><tr><td><strong>Grup<\/strong><\/td><td><strong>Tutor\/a<\/strong><\/td><td><strong>B\u00fastia de correu&nbsp;&nbsp;<\/strong><\/td><\/tr><tr><td>PFI \u2013 PTT Auxiliar de vendes, oficina i atenci\u00f3 al p\u00fablic<\/td><td>Anabel&nbsp; Conde<\/td><td>prof.aconde3@institutagustiserra.cat<\/td><\/tr><tr><td>PFI \u2013 PTT Auxiliar de serveis de restauraci\u00f3 i cuina<\/td><td>Anna Gabarr\u00f3<\/td><td>prof.agabarro@institutagustiserra.cat<\/td><\/tr><\/tbody><\/table><\/figure>\n\n\n\n<h4 class=\"wp-block-heading has-text-align-center\"><strong>IFE<\/strong><\/h4>\n\n\n\n<figure class=\"wp-block-table\"><table><tbody><tr><td><strong>Grup<\/strong><\/td><td><strong>Tutor\/a<\/strong><\/td><td><strong>B\u00fastia de correu&nbsp;&nbsp;<\/strong><\/td><\/tr><tr><td>IFE 1r<\/td><td>Alejandro Garc\u00eda<\/td><td>prof.agarc192@institutagustiserra.cat<\/td><\/tr><tr><td>IFE 2n<\/td><td>Eug\u00e8nia Prat<\/td><td>prof.eprat6@institutagustiserra.cat<\/td><\/tr><tr><td>IFE 3r<\/td><td>Bego\u00f1a Arias<\/td><td>prof.marias18@institutagustiserra.cat<\/td><\/tr><tr><td>IFE 4t<\/td><td>Miquel \u00c1ngel Mart\u00ednez<\/td><td>prof.mmart417@institutagustiserra.cat<\/td><\/tr><\/tbody><\/table><\/figure>\n","protected":false},"excerpt":{"rendered":"<p>Curs 2025-26 1r ESO Grup Tutor\/a B\u00fastia de correu 1A Mart\u00ed Devant prof.mdevant@institutagustiserra.cat 1B Aldara Pere\u00f1\u00edguez prof.aperenig@institutagustiserra.cat 1C Quit\u00e8ria Florent\u00ed [&hellip;]<\/p>\n","protected":false},"author":1,"featured_media":0,"parent":1964,"menu_order":40,"comment_status":"closed","ping_status":"closed","template":"","meta":{"site-sidebar-layout":"default","site-content-layout":"","ast-site-content-layout":"default","site-content-style":"default","site-sidebar-style":"default","ast-global-header-display":"","ast-banner-title-visibility":"","ast-main-header-display":"","ast-hfb-above-header-display":"","ast-hfb-below-header-display":"","ast-hfb-mobile-header-display":"","site-post-title":"","ast-breadcrumbs-content":"","ast-featured-img":"","footer-sml-layout":"","theme-transparent-header-meta":"","adv-header-id-meta":"","stick-header-meta":"","header-above-stick-meta":"","header-main-stick-meta":"","header-below-stick-meta":"","astra-migrate-meta-layouts":"set","ast-page-background-enabled":"default","ast-page-background-meta":{"desktop":{"background-color":"var(--ast-global-color-4)","background-image":"","background-repeat":"repeat","background-position":"center center","background-size":"auto","background-attachment":"scroll","background-type":"","background-media":"","overlay-type":"","overlay-color":"","overlay-opacity":"","overlay-gradient":""},"tablet":{"background-color":"","background-image":"","background-repeat":"repeat","background-position":"center center","background-size":"auto","background-attachment":"scroll","background-type":"","background-media":"","overlay-type":"","overlay-color":"","overlay-opacity":"","overlay-gradient":""},"mobile":{"background-color":"","background-image":"","background-repeat":"repeat","background-position":"center center","background-size":"auto","background-attachment":"scroll","background-type":"","background-media":"","overlay-type":"","overlay-color":"","overlay-opacity":"","overlay-gradient":""}},"ast-content-background-meta":{"desktop":{"background-color":"var(--ast-global-color-5)","background-image":"","background-repeat":"repeat","background-position":"center center","background-size":"auto","background-attachment":"scroll","background-type":"","background-media":"","overlay-type":"","overlay-color":"","overlay-opacity":"","overlay-gradient":""},"tablet":{"background-color":"var(--ast-global-color-5)","background-image":"","background-repeat":"repeat","background-position":"center center","background-size":"auto","background-attachment":"scroll","background-type":"","background-media":"","overlay-type":"","overlay-color":"","overlay-opacity":"","overlay-gradient":""},"mobile":{"background-color":"var(--ast-global-color-5)","background-image":"","background-repeat":"repeat","background-position":"center center","background-size":"auto","background-attachment":"scroll","background-type":"","background-media":"","overlay-type":"","overlay-color":"","overlay-opacity":"","overlay-gradient":""}},"footnotes":""},"class_list":["post-1391","page","type-page","status-publish","hentry"],"post_mailing_queue_ids":[],"_links":{"self":[{"href":"https:\/\/agora.xtec.cat\/iesagustiserra\/wp-json\/wp\/v2\/pages\/1391","targetHints":{"allow":["GET"]}}],"collection":[{"href":"https:\/\/agora.xtec.cat\/iesagustiserra\/wp-json\/wp\/v2\/pages"}],"about":[{"href":"https:\/\/agora.xtec.cat\/iesagustiserra\/wp-json\/wp\/v2\/types\/page"}],"author":[{"embeddable":true,"href":"https:\/\/agora.xtec.cat\/iesagustiserra\/wp-json\/wp\/v2\/users\/1"}],"replies":[{"embeddable":true,"href":"https:\/\/agora.xtec.cat\/iesagustiserra\/wp-json\/wp\/v2\/comments?post=1391"}],"version-history":[{"count":6,"href":"https:\/\/agora.xtec.cat\/iesagustiserra\/wp-json\/wp\/v2\/pages\/1391\/revisions"}],"predecessor-version":[{"id":39329,"href":"https:\/\/agora.xtec.cat\/iesagustiserra\/wp-json\/wp\/v2\/pages\/1391\/revisions\/39329"}],"up":[{"embeddable":true,"href":"https:\/\/agora.xtec.cat\/iesagustiserra\/wp-json\/wp\/v2\/pages\/1964"}],"wp:attachment":[{"href":"https:\/\/agora.xtec.cat\/iesagustiserra\/wp-json\/wp\/v2\/media?parent=1391"}],"curies":[{"name":"wp","href":"https:\/\/api.w.org\/{rel}","templated":true}]}}