{"id":1389,"date":"2019-11-18T19:54:08","date_gmt":"2019-11-18T18:54:08","guid":{"rendered":"http:\/\/agora.xtec.cat\/iesagustiserra\/?page_id=1389"},"modified":"2025-09-22T12:55:28","modified_gmt":"2025-09-22T10:55:28","slug":"comissions","status":"publish","type":"page","link":"https:\/\/agora.xtec.cat\/iesagustiserra\/linstitut\/qui-som\/comissions\/","title":{"rendered":"Comissions"},"content":{"rendered":"\n<figure class=\"wp-block-table\"><table><tbody><tr><td rowspan=\"5\"><strong>Comissions<\/strong><\/td><td>Coeducaci\u00f3<\/td><td>Gemma Moreno<\/td><\/tr><tr><td>Medi ambient<\/td><td>Dept. de Ci\u00e8ncies<\/td><\/tr><tr><td>XL<\/td><td>\n<p style=\"text-align: left;\">Nora Almada<\/p>\n<p style=\"text-align: left;\">Anna Fuentes<\/p>\n<p style=\"text-align: left;\">Aldara Pere\u00f1iguez<\/p>\n<p style=\"text-align: left;\">Pilar Solbes<\/p>\n<\/td><\/tr><tr><td>Estrat\u00e8gia Digital de Centre (EDC)<\/td><td>&nbsp;<\/td><\/tr><tr><td>Qualitat i millora<\/td><td>Antonio Fornieles<\/td><\/tr><\/tbody><\/table><\/figure>\n","protected":false},"excerpt":{"rendered":"<p>Comissions Coeducaci\u00f3 Gemma Moreno Medi ambient Dept. de Ci\u00e8ncies XL Nora Almada Anna Fuentes Aldara Pere\u00f1iguez Pilar Solbes Estrat\u00e8gia Digital [&hellip;]<\/p>\n","protected":false},"author":1,"featured_media":0,"parent":1964,"menu_order":50,"comment_status":"closed","ping_status":"closed","template":"","meta":{"site-sidebar-layout":"default","site-content-layout":"","ast-site-content-layout":"default","site-content-style":"default","site-sidebar-style":"default","ast-global-header-display":"","ast-banner-title-visibility":"","ast-main-header-display":"","ast-hfb-above-header-display":"","ast-hfb-below-header-display":"","ast-hfb-mobile-header-display":"","site-post-title":"","ast-breadcrumbs-content":"","ast-featured-img":"","footer-sml-layout":"","theme-transparent-header-meta":"","adv-header-id-meta":"","stick-header-meta":"","header-above-stick-meta":"","header-main-stick-meta":"","header-below-stick-meta":"","astra-migrate-meta-layouts":"set","ast-page-background-enabled":"default","ast-page-background-meta":{"desktop":{"background-color":"var(--ast-global-color-4)","background-image":"","background-repeat":"repeat","background-position":"center center","background-size":"auto","background-attachment":"scroll","background-type":"","background-media":"","overlay-type":"","overlay-color":"","overlay-opacity":"","overlay-gradient":""},"tablet":{"background-color":"","background-image":"","background-repeat":"repeat","background-position":"center center","background-size":"auto","background-attachment":"scroll","background-type":"","background-media":"","overlay-type":"","overlay-color":"","overlay-opacity":"","overlay-gradient":""},"mobile":{"background-color":"","background-image":"","background-repeat":"repeat","background-position":"center center","background-size":"auto","background-attachment":"scroll","background-type":"","background-media":"","overlay-type":"","overlay-color":"","overlay-opacity":"","overlay-gradient":""}},"ast-content-background-meta":{"desktop":{"background-color":"var(--ast-global-color-5)","background-image":"","background-repeat":"repeat","background-position":"center center","background-size":"auto","background-attachment":"scroll","background-type":"","background-media":"","overlay-type":"","overlay-color":"","overlay-opacity":"","overlay-gradient":""},"tablet":{"background-color":"var(--ast-global-color-5)","background-image":"","background-repeat":"repeat","background-position":"center center","background-size":"auto","background-attachment":"scroll","background-type":"","background-media":"","overlay-type":"","overlay-color":"","overlay-opacity":"","overlay-gradient":""},"mobile":{"background-color":"var(--ast-global-color-5)","background-image":"","background-repeat":"repeat","background-position":"center center","background-size":"auto","background-attachment":"scroll","background-type":"","background-media":"","overlay-type":"","overlay-color":"","overlay-opacity":"","overlay-gradient":""}},"footnotes":""},"class_list":["post-1389","page","type-page","status-publish","hentry"],"post_mailing_queue_ids":[],"_links":{"self":[{"href":"https:\/\/agora.xtec.cat\/iesagustiserra\/wp-json\/wp\/v2\/pages\/1389","targetHints":{"allow":["GET"]}}],"collection":[{"href":"https:\/\/agora.xtec.cat\/iesagustiserra\/wp-json\/wp\/v2\/pages"}],"about":[{"href":"https:\/\/agora.xtec.cat\/iesagustiserra\/wp-json\/wp\/v2\/types\/page"}],"author":[{"embeddable":true,"href":"https:\/\/agora.xtec.cat\/iesagustiserra\/wp-json\/wp\/v2\/users\/1"}],"replies":[{"embeddable":true,"href":"https:\/\/agora.xtec.cat\/iesagustiserra\/wp-json\/wp\/v2\/comments?post=1389"}],"version-history":[{"count":6,"href":"https:\/\/agora.xtec.cat\/iesagustiserra\/wp-json\/wp\/v2\/pages\/1389\/revisions"}],"predecessor-version":[{"id":35996,"href":"https:\/\/agora.xtec.cat\/iesagustiserra\/wp-json\/wp\/v2\/pages\/1389\/revisions\/35996"}],"up":[{"embeddable":true,"href":"https:\/\/agora.xtec.cat\/iesagustiserra\/wp-json\/wp\/v2\/pages\/1964"}],"wp:attachment":[{"href":"https:\/\/agora.xtec.cat\/iesagustiserra\/wp-json\/wp\/v2\/media?parent=1389"}],"curies":[{"name":"wp","href":"https:\/\/api.w.org\/{rel}","templated":true}]}}