{"id":1356,"date":"2019-11-16T20:20:56","date_gmt":"2019-11-16T19:20:56","guid":{"rendered":"http:\/\/agora.xtec.cat\/iesagustiserra\/?page_id=1356"},"modified":"2026-01-22T10:59:18","modified_gmt":"2026-01-22T09:59:18","slug":"ampa","status":"publish","type":"page","link":"https:\/\/agora.xtec.cat\/iesagustiserra\/linstitut\/qui-som\/ampa\/","title":{"rendered":"AMPA"},"content":{"rendered":"\n<h2 class=\"wp-block-heading\"><span style=\"color: #008000;\">Horari 2025-2026<\/span><\/h2>\n\n\n\n<p>De l\u20191 d\u2019octubre al 30 de juny:<\/p>\n\n\n\n<ul class=\"wp-block-list\">\n<li><strong>Dijous<\/strong>, de 9.00 a 12.00 h (a la porta a la dreta de consergeria)<\/li>\n<\/ul>\n\n\n\n<p>Durant l\u2019estiu, juliol i setembre, l\u2019horari \u00e9s:<\/p>\n\n\n\n<ul class=\"wp-block-list\">\n<li>De dilluns a divendres de 9.00 h a 12.00 h<\/li>\n<\/ul>\n\n\n\n<h2 class=\"wp-block-heading\"><span style=\"color: #008000;\">Contacte<\/span><\/h2>\n\n\n\n<p class=\"adreca2\"><a class=\"mail\" href=\"mailto:\/\/ampaagustiserra@lycos.es\" target=\"_blank\" rel=\"noopener\"><span style=\"color: #333333;\"><strong>@<\/strong> Correu electr\u00f2nic:<\/span> <span style=\"color: #008000;\"><strong>ampa@institutagustiserra.cat<\/strong><\/span><\/a><\/p>\n\n\n\n<hr class=\"wp-block-separator has-alpha-channel-opacity\"\/>\n\n\n\n<h3 class=\"wp-block-heading\"><figure><a href=\"https:\/\/agora.xtec.cat\/iesagustiserra\/estudis\/llibres-de-text-curs-2023-2024\/\" target=\"_blank\" rel=\"noopener\"><img decoding=\"async\" src=\"https:\/\/img.icons8.com\/color\/80\/000000\/books.png\"><\/a><\/figure><\/h3>\n\n\n\n<h5 class=\"wp-block-heading\"> <a href=\"https:\/\/agora.xtec.cat\/iesagustiserra\/estudis\/llibres-de-text-curs-2025-2026\/\" target=\"_blank\" rel=\"noreferrer noopener\">Sistema de llibres socialitzats curs 2025-2026<\/a><\/h5>\n\n\n\n<hr class=\"wp-block-separator has-alpha-channel-opacity\"\/>\n\n\n\n<h2 class=\"wp-block-heading\"><span style=\"color: #008000;\">L&#8217;Associaci\u00f3<\/span><\/h2>\n\n\n\n<p class=\"gris\">L&#8217;AMPA \u00e9s una entitat sense \u00e0nim de lucre, formada per mares i pares d&#8217;alumnes de l&#8217;institut que volunt\u00e0riament ho desitgen. Est\u00e0 inscrita en el Registre d&#8217;Associacions de la Generalitat de Catalunya i \u00e9s membre de FAMPAES (Federaci\u00f3 d&#8217;Associacions de Mares i Pares d&#8217;Ensenyament Secundari Obligatori).<\/p>\n\n\n\n<p class=\"gris\">Animem a totes les mares i tots els pares a col\u00b7laborar en la bona marxa dels estudis dels seus fills. Recordeu que ens podeu trobar en el centre a la porta a la dreta de consergeria, tal com arribeu des del vest\u00edbul.<\/p>\n\n\n\n<h2 class=\"wp-block-heading\"><span style=\"color: #008000;\">Objectius<\/span><\/h2>\n\n\n\n<p><span class=\"gris\">Els objectius que duu a terme s\u00f3n:<\/span><\/p>\n\n\n\n<ul class=\"wp-block-list\">\n<li>Socialitzaci\u00f3 de llibres: \u00e9s una de les nostres principals tasques. Aquest sistema permet a totes les fam\u00edlies dels alumnes un estalvi.<\/li>\n\n\n\n<li>Activitats extraescolars.<\/li>\n\n\n\n<li>Col\u00b7laboraci\u00f3 amb la millora del centre: millora cont\u00ednua del centre i la tasca educativa.<\/li>\n\n\n\n<li>Col\u00b7laboraci\u00f3 molt estreta amb la biblioteca de l&#8217;Institut.<\/li>\n\n\n\n<li><span class=\"gris\">Participaci\u00f3 en el Consell Escolar: la participaci\u00f3 permet col\u00b7laborar a les activitats, en la programaci\u00f3 d&#8217;activitats extraescolars i serveis.<\/span><\/li>\n<\/ul>\n","protected":false},"excerpt":{"rendered":"<p>Horari 2025-2026 De l\u20191 d\u2019octubre al 30 de juny: Durant l\u2019estiu, juliol i setembre, l\u2019horari \u00e9s: Contacte @ Correu electr\u00f2nic: [&hellip;]<\/p>\n","protected":false},"author":1,"featured_media":0,"parent":1964,"menu_order":70,"comment_status":"closed","ping_status":"closed","template":"","meta":{"site-sidebar-layout":"default","site-content-layout":"","ast-site-content-layout":"default","site-content-style":"default","site-sidebar-style":"default","ast-global-header-display":"","ast-banner-title-visibility":"","ast-main-header-display":"","ast-hfb-above-header-display":"","ast-hfb-below-header-display":"","ast-hfb-mobile-header-display":"","site-post-title":"","ast-breadcrumbs-content":"","ast-featured-img":"","footer-sml-layout":"","theme-transparent-header-meta":"","adv-header-id-meta":"","stick-header-meta":"","header-above-stick-meta":"","header-main-stick-meta":"","header-below-stick-meta":"","astra-migrate-meta-layouts":"set","ast-page-background-enabled":"default","ast-page-background-meta":{"desktop":{"background-color":"var(--ast-global-color-4)","background-image":"","background-repeat":"repeat","background-position":"center center","background-size":"auto","background-attachment":"scroll","background-type":"","background-media":"","overlay-type":"","overlay-color":"","overlay-opacity":"","overlay-gradient":""},"tablet":{"background-color":"","background-image":"","background-repeat":"repeat","background-position":"center center","background-size":"auto","background-attachment":"scroll","background-type":"","background-media":"","overlay-type":"","overlay-color":"","overlay-opacity":"","overlay-gradient":""},"mobile":{"background-color":"","background-image":"","background-repeat":"repeat","background-position":"center center","background-size":"auto","background-attachment":"scroll","background-type":"","background-media":"","overlay-type":"","overlay-color":"","overlay-opacity":"","overlay-gradient":""}},"ast-content-background-meta":{"desktop":{"background-color":"var(--ast-global-color-5)","background-image":"","background-repeat":"repeat","background-position":"center center","background-size":"auto","background-attachment":"scroll","background-type":"","background-media":"","overlay-type":"","overlay-color":"","overlay-opacity":"","overlay-gradient":""},"tablet":{"background-color":"var(--ast-global-color-5)","background-image":"","background-repeat":"repeat","background-position":"center center","background-size":"auto","background-attachment":"scroll","background-type":"","background-media":"","overlay-type":"","overlay-color":"","overlay-opacity":"","overlay-gradient":""},"mobile":{"background-color":"var(--ast-global-color-5)","background-image":"","background-repeat":"repeat","background-position":"center center","background-size":"auto","background-attachment":"scroll","background-type":"","background-media":"","overlay-type":"","overlay-color":"","overlay-opacity":"","overlay-gradient":""}},"footnotes":""},"class_list":["post-1356","page","type-page","status-publish","hentry"],"post_mailing_queue_ids":[],"_links":{"self":[{"href":"https:\/\/agora.xtec.cat\/iesagustiserra\/wp-json\/wp\/v2\/pages\/1356","targetHints":{"allow":["GET"]}}],"collection":[{"href":"https:\/\/agora.xtec.cat\/iesagustiserra\/wp-json\/wp\/v2\/pages"}],"about":[{"href":"https:\/\/agora.xtec.cat\/iesagustiserra\/wp-json\/wp\/v2\/types\/page"}],"author":[{"embeddable":true,"href":"https:\/\/agora.xtec.cat\/iesagustiserra\/wp-json\/wp\/v2\/users\/1"}],"replies":[{"embeddable":true,"href":"https:\/\/agora.xtec.cat\/iesagustiserra\/wp-json\/wp\/v2\/comments?post=1356"}],"version-history":[{"count":6,"href":"https:\/\/agora.xtec.cat\/iesagustiserra\/wp-json\/wp\/v2\/pages\/1356\/revisions"}],"predecessor-version":[{"id":38064,"href":"https:\/\/agora.xtec.cat\/iesagustiserra\/wp-json\/wp\/v2\/pages\/1356\/revisions\/38064"}],"up":[{"embeddable":true,"href":"https:\/\/agora.xtec.cat\/iesagustiserra\/wp-json\/wp\/v2\/pages\/1964"}],"wp:attachment":[{"href":"https:\/\/agora.xtec.cat\/iesagustiserra\/wp-json\/wp\/v2\/media?parent=1356"}],"curies":[{"name":"wp","href":"https:\/\/api.w.org\/{rel}","templated":true}]}}