{"id":1334,"date":"2019-11-16T18:46:59","date_gmt":"2019-11-16T17:46:59","guid":{"rendered":"http:\/\/agora.xtec.cat\/iesagustiserra\/?page_id=1334"},"modified":"2023-04-26T14:00:36","modified_gmt":"2023-04-26T12:00:36","slug":"medalla-dor","status":"publish","type":"page","link":"https:\/\/agora.xtec.cat\/iesagustiserra\/linstitut\/historia\/medalla-dor\/","title":{"rendered":"Medalla d&#8217;Honor"},"content":{"rendered":"<p style=\"text-align: justify;\">L\u2019Institut Agust\u00ed Serra i Fontanet rep la <span style=\"color: #008000;\"><strong>Medalla d\u2019Honor<\/strong><\/span>\u00a0de la ciutat de Sabadell l&#8217;any 2014 per la tasca que desenvolupa al barri en col\u00b7laboraci\u00f3 amb diverses entitats com a resultat dels valors de participaci\u00f3 i ciutadania inculcats per l\u2019equip directiu i docent als seus alumnes.<\/p>\n<blockquote>\n<p style=\"text-align: center;\"><em>\u201cEl centre \u00e9s un gresol policrom\u00e0tic que t\u00e9 assumida la cultura del treball, ja que l\u2019\u00e8xit radica en un conjunt d\u2019esfor\u00e7os individuals i col\u00b7lectius que condueixen a la realitzaci\u00f3 personal i professional de l\u2019alumnat. La fita de l\u2019institut \u00e9s la millora cont\u00ednua per posar formaci\u00f3 acad\u00e8mica al servei del barri i de la ciutat.\u201d<\/em><\/p>\n<\/blockquote>\n<p style=\"text-align: right;\"><span style=\"color: #808080;\">Manuel Robles, director del centre (2014)<\/span><\/p>\n<p style=\"text-align: justify;\">Actualment, amb 40 anys de bagatge dedicat a la Formaci\u00f3 Professional, el centre t\u00e9 com a objectius principals la formaci\u00f3 integral de l\u2019alumat tant en la vessant intel\u00b7lectual, com professional i humana, en un marc on es potencien els valors ciutadans i la capacitat de relaci\u00f3 i treball en equip.<\/p>\n","protected":false},"excerpt":{"rendered":"<p>L\u2019Institut Agust\u00ed Serra i Fontanet rep la Medalla d\u2019Honor\u00a0de la ciutat de Sabadell l&#8217;any 2014 per la tasca que desenvolupa [&hellip;]<\/p>\n","protected":false},"author":1,"featured_media":0,"parent":27,"menu_order":1,"comment_status":"closed","ping_status":"closed","template":"page-templates\/side-menu.php","meta":{"site-sidebar-layout":"default","site-content-layout":"","ast-site-content-layout":"","site-content-style":"default","site-sidebar-style":"default","ast-global-header-display":"","ast-banner-title-visibility":"","ast-main-header-display":"","ast-hfb-above-header-display":"","ast-hfb-below-header-display":"","ast-hfb-mobile-header-display":"","site-post-title":"","ast-breadcrumbs-content":"","ast-featured-img":"","footer-sml-layout":"","theme-transparent-header-meta":"","adv-header-id-meta":"","stick-header-meta":"","header-above-stick-meta":"","header-main-stick-meta":"","header-below-stick-meta":"","astra-migrate-meta-layouts":"default","ast-page-background-enabled":"default","ast-page-background-meta":{"desktop":{"background-color":"var(--ast-global-color-4)","background-image":"","background-repeat":"repeat","background-position":"center center","background-size":"auto","background-attachment":"scroll","background-type":"","background-media":"","overlay-type":"","overlay-color":"","overlay-opacity":"","overlay-gradient":""},"tablet":{"background-color":"","background-image":"","background-repeat":"repeat","background-position":"center center","background-size":"auto","background-attachment":"scroll","background-type":"","background-media":"","overlay-type":"","overlay-color":"","overlay-opacity":"","overlay-gradient":""},"mobile":{"background-color":"","background-image":"","background-repeat":"repeat","background-position":"center center","background-size":"auto","background-attachment":"scroll","background-type":"","background-media":"","overlay-type":"","overlay-color":"","overlay-opacity":"","overlay-gradient":""}},"ast-content-background-meta":{"desktop":{"background-color":"var(--ast-global-color-5)","background-image":"","background-repeat":"repeat","background-position":"center center","background-size":"auto","background-attachment":"scroll","background-type":"","background-media":"","overlay-type":"","overlay-color":"","overlay-opacity":"","overlay-gradient":""},"tablet":{"background-color":"var(--ast-global-color-5)","background-image":"","background-repeat":"repeat","background-position":"center center","background-size":"auto","background-attachment":"scroll","background-type":"","background-media":"","overlay-type":"","overlay-color":"","overlay-opacity":"","overlay-gradient":""},"mobile":{"background-color":"var(--ast-global-color-5)","background-image":"","background-repeat":"repeat","background-position":"center center","background-size":"auto","background-attachment":"scroll","background-type":"","background-media":"","overlay-type":"","overlay-color":"","overlay-opacity":"","overlay-gradient":""}},"footnotes":""},"class_list":["post-1334","page","type-page","status-publish","hentry"],"post_mailing_queue_ids":[],"_links":{"self":[{"href":"https:\/\/agora.xtec.cat\/iesagustiserra\/wp-json\/wp\/v2\/pages\/1334","targetHints":{"allow":["GET"]}}],"collection":[{"href":"https:\/\/agora.xtec.cat\/iesagustiserra\/wp-json\/wp\/v2\/pages"}],"about":[{"href":"https:\/\/agora.xtec.cat\/iesagustiserra\/wp-json\/wp\/v2\/types\/page"}],"author":[{"embeddable":true,"href":"https:\/\/agora.xtec.cat\/iesagustiserra\/wp-json\/wp\/v2\/users\/1"}],"replies":[{"embeddable":true,"href":"https:\/\/agora.xtec.cat\/iesagustiserra\/wp-json\/wp\/v2\/comments?post=1334"}],"version-history":[{"count":4,"href":"https:\/\/agora.xtec.cat\/iesagustiserra\/wp-json\/wp\/v2\/pages\/1334\/revisions"}],"predecessor-version":[{"id":19318,"href":"https:\/\/agora.xtec.cat\/iesagustiserra\/wp-json\/wp\/v2\/pages\/1334\/revisions\/19318"}],"up":[{"embeddable":true,"href":"https:\/\/agora.xtec.cat\/iesagustiserra\/wp-json\/wp\/v2\/pages\/27"}],"wp:attachment":[{"href":"https:\/\/agora.xtec.cat\/iesagustiserra\/wp-json\/wp\/v2\/media?parent=1334"}],"curies":[{"name":"wp","href":"https:\/\/api.w.org\/{rel}","templated":true}]}}