{"id":13145,"date":"2022-01-19T13:28:21","date_gmt":"2022-01-19T12:28:21","guid":{"rendered":"https:\/\/agora.xtec.cat\/iesagustiserra\/?page_id=13145"},"modified":"2025-09-22T13:06:29","modified_gmt":"2025-09-22T11:06:29","slug":"estudi-assistit","status":"publish","type":"page","link":"https:\/\/agora.xtec.cat\/iesagustiserra\/serveis\/estudi-assistit\/","title":{"rendered":"Refor\u00e7 acad\u00e8mic extraescolar"},"content":{"rendered":"\n<h3 class=\"wp-block-heading has-text-align-center\">INFORMACI\u00d3 CURS 2025-2026 <mark style=\"background-color:rgba(0, 0, 0, 0)\" class=\"has-inline-color has-vivid-red-color\"><strong>PENDENT<\/strong><\/mark><\/h3>\n\n\n\n<h3 class=\"wp-block-heading has-text-align-center\"><mark style=\"background-color:rgba(0, 0, 0, 0)\" class=\"has-inline-color has-vivid-red-color\"><strong>Inici (pendent d&#8217;actualitzar)<\/strong><\/mark><\/h3>\n\n\n\n<figure class=\"wp-block-gallery has-nested-images columns-4 is-cropped wp-block-gallery-1 is-layout-flex wp-block-gallery-is-layout-flex\">\n<figure class=\"wp-block-image size-large\"><img loading=\"lazy\" decoding=\"async\" width=\"1024\" height=\"461\" data-id=\"23833\" src=\"https:\/\/agora.xtec.cat\/iesagustiserra\/wp-content\/uploads\/usu1681\/2024\/01\/Taller-assistit-curs-23_24-a.jpg\" alt=\"\" class=\"wp-image-23833\" srcset=\"https:\/\/agora.xtec.cat\/iesagustiserra\/wp-content\/uploads\/usu1681\/2024\/01\/Taller-assistit-curs-23_24-a.jpg 1024w, https:\/\/agora.xtec.cat\/iesagustiserra\/wp-content\/uploads\/usu1681\/2024\/01\/Taller-assistit-curs-23_24-a-300x135.jpg 300w, https:\/\/agora.xtec.cat\/iesagustiserra\/wp-content\/uploads\/usu1681\/2024\/01\/Taller-assistit-curs-23_24-a-768x346.jpg 768w\" sizes=\"auto, (max-width: 1024px) 100vw, 1024px\" \/><\/figure>\n\n\n\n<figure class=\"wp-block-image size-large\"><img loading=\"lazy\" decoding=\"async\" width=\"1024\" height=\"461\" data-id=\"23834\" src=\"https:\/\/agora.xtec.cat\/iesagustiserra\/wp-content\/uploads\/usu1681\/2024\/01\/Taller-assistit-curs-23_24-b.jpg\" alt=\"\" class=\"wp-image-23834\" srcset=\"https:\/\/agora.xtec.cat\/iesagustiserra\/wp-content\/uploads\/usu1681\/2024\/01\/Taller-assistit-curs-23_24-b.jpg 1024w, https:\/\/agora.xtec.cat\/iesagustiserra\/wp-content\/uploads\/usu1681\/2024\/01\/Taller-assistit-curs-23_24-b-300x135.jpg 300w, https:\/\/agora.xtec.cat\/iesagustiserra\/wp-content\/uploads\/usu1681\/2024\/01\/Taller-assistit-curs-23_24-b-768x346.jpg 768w\" sizes=\"auto, (max-width: 1024px) 100vw, 1024px\" \/><\/figure>\n\n\n\n<figure class=\"wp-block-image size-large\"><img loading=\"lazy\" decoding=\"async\" width=\"1024\" height=\"461\" data-id=\"23835\" src=\"https:\/\/agora.xtec.cat\/iesagustiserra\/wp-content\/uploads\/usu1681\/2024\/01\/Taller-assistit-curs-23_24-c.jpg\" alt=\"\" class=\"wp-image-23835\" srcset=\"https:\/\/agora.xtec.cat\/iesagustiserra\/wp-content\/uploads\/usu1681\/2024\/01\/Taller-assistit-curs-23_24-c.jpg 1024w, https:\/\/agora.xtec.cat\/iesagustiserra\/wp-content\/uploads\/usu1681\/2024\/01\/Taller-assistit-curs-23_24-c-300x135.jpg 300w, https:\/\/agora.xtec.cat\/iesagustiserra\/wp-content\/uploads\/usu1681\/2024\/01\/Taller-assistit-curs-23_24-c-768x346.jpg 768w\" sizes=\"auto, (max-width: 1024px) 100vw, 1024px\" \/><\/figure>\n\n\n\n<figure class=\"wp-block-image size-large\"><img loading=\"lazy\" decoding=\"async\" width=\"1024\" height=\"461\" data-id=\"23836\" src=\"https:\/\/agora.xtec.cat\/iesagustiserra\/wp-content\/uploads\/usu1681\/2024\/01\/Taller-assistit-curs-23_24.jpg\" alt=\"\" class=\"wp-image-23836\" srcset=\"https:\/\/agora.xtec.cat\/iesagustiserra\/wp-content\/uploads\/usu1681\/2024\/01\/Taller-assistit-curs-23_24.jpg 1024w, https:\/\/agora.xtec.cat\/iesagustiserra\/wp-content\/uploads\/usu1681\/2024\/01\/Taller-assistit-curs-23_24-300x135.jpg 300w, https:\/\/agora.xtec.cat\/iesagustiserra\/wp-content\/uploads\/usu1681\/2024\/01\/Taller-assistit-curs-23_24-768x346.jpg 768w\" sizes=\"auto, (max-width: 1024px) 100vw, 1024px\" \/><\/figure>\n<\/figure>\n\n\n\n<p>Aquest curs <strong>2024-25<\/strong> tornem a realitzar e<strong>l&nbsp;refor\u00e7 acad\u00e8mic <\/strong>extraescolar que oferim per a l&#8217;ESO i el BATXILLERAT. <\/p>\n\n\n\n<p>L&#8217;objectiu \u00e9s ajudar a <strong>consolidar <\/strong>el que aprenen a l&#8217;aula i tamb\u00e9 <strong>pujar la mitjana acad\u00e8mica <\/strong>per triar estudis futurs.<\/p>\n\n\n\n<h4 class=\"wp-block-heading\"><strong>Horari<\/strong><\/h4>\n\n\n\n<ul class=\"wp-block-list\">\n<li><strong>ESO<\/strong>: 1r i 2n Cicle ESO: Dilluns i dimecres de 16\u202fh a 17.30\u202fh.<\/li>\n\n\n\n<li><strong>BATXILLERAT<\/strong>: Dimarts i dimecres de 16\u202fh a 17.30\u202fh.<\/li>\n<\/ul>\n\n\n\n<hr class=\"wp-block-separator has-alpha-channel-opacity\"\/>\n\n\n\n<div class=\"wp-block-buttons has-custom-font-size is-horizontal is-content-justification-left is-layout-flex wp-container-core-buttons-is-layout-1 wp-block-buttons-is-layout-flex\" style=\"font-size:15px\">\n<div class=\"wp-block-button has-custom-width wp-block-button__width-25\"><a class=\"wp-block-button__link has-text-align-center wp-element-button\" href=\"\/\/agora.xtec.cat\/iesagustiserra\/wp-content\/uploads\/usu1681\/2024\/10\/AUTORITZACIO-REFORC-ACADEMIC-2024_2025.pdf\" target=\"_blank\" rel=\"noreferrer noopener\"><strong>Formulari d&#8217;autoritzaci\u00f3<\/strong><\/a><\/div>\n<\/div>\n","protected":false},"excerpt":{"rendered":"<p>INFORMACI\u00d3 CURS 2025-2026 PENDENT Inici (pendent d&#8217;actualitzar) Aquest curs 2024-25 tornem a realitzar el&nbsp;refor\u00e7 acad\u00e8mic extraescolar que oferim per a [&hellip;]<\/p>\n","protected":false},"author":1,"featured_media":0,"parent":63,"menu_order":50,"comment_status":"closed","ping_status":"closed","template":"","meta":{"site-sidebar-layout":"default","site-content-layout":"","ast-site-content-layout":"default","site-content-style":"default","site-sidebar-style":"default","ast-global-header-display":"","ast-banner-title-visibility":"","ast-main-header-display":"","ast-hfb-above-header-display":"","ast-hfb-below-header-display":"","ast-hfb-mobile-header-display":"","site-post-title":"","ast-breadcrumbs-content":"","ast-featured-img":"","footer-sml-layout":"","theme-transparent-header-meta":"","adv-header-id-meta":"","stick-header-meta":"","header-above-stick-meta":"","header-main-stick-meta":"","header-below-stick-meta":"","astra-migrate-meta-layouts":"set","ast-page-background-enabled":"default","ast-page-background-meta":{"desktop":{"background-color":"var(--ast-global-color-4)","background-image":"","background-repeat":"repeat","background-position":"center center","background-size":"auto","background-attachment":"scroll","background-type":"","background-media":"","overlay-type":"","overlay-color":"","overlay-opacity":"","overlay-gradient":""},"tablet":{"background-color":"","background-image":"","background-repeat":"repeat","background-position":"center center","background-size":"auto","background-attachment":"scroll","background-type":"","background-media":"","overlay-type":"","overlay-color":"","overlay-opacity":"","overlay-gradient":""},"mobile":{"background-color":"","background-image":"","background-repeat":"repeat","background-position":"center center","background-size":"auto","background-attachment":"scroll","background-type":"","background-media":"","overlay-type":"","overlay-color":"","overlay-opacity":"","overlay-gradient":""}},"ast-content-background-meta":{"desktop":{"background-color":"var(--ast-global-color-5)","background-image":"","background-repeat":"repeat","background-position":"center center","background-size":"auto","background-attachment":"scroll","background-type":"","background-media":"","overlay-type":"","overlay-color":"","overlay-opacity":"","overlay-gradient":""},"tablet":{"background-color":"var(--ast-global-color-5)","background-image":"","background-repeat":"repeat","background-position":"center center","background-size":"auto","background-attachment":"scroll","background-type":"","background-media":"","overlay-type":"","overlay-color":"","overlay-opacity":"","overlay-gradient":""},"mobile":{"background-color":"var(--ast-global-color-5)","background-image":"","background-repeat":"repeat","background-position":"center center","background-size":"auto","background-attachment":"scroll","background-type":"","background-media":"","overlay-type":"","overlay-color":"","overlay-opacity":"","overlay-gradient":""}},"footnotes":""},"class_list":["post-13145","page","type-page","status-publish","hentry"],"post_mailing_queue_ids":[],"_links":{"self":[{"href":"https:\/\/agora.xtec.cat\/iesagustiserra\/wp-json\/wp\/v2\/pages\/13145","targetHints":{"allow":["GET"]}}],"collection":[{"href":"https:\/\/agora.xtec.cat\/iesagustiserra\/wp-json\/wp\/v2\/pages"}],"about":[{"href":"https:\/\/agora.xtec.cat\/iesagustiserra\/wp-json\/wp\/v2\/types\/page"}],"author":[{"embeddable":true,"href":"https:\/\/agora.xtec.cat\/iesagustiserra\/wp-json\/wp\/v2\/users\/1"}],"replies":[{"embeddable":true,"href":"https:\/\/agora.xtec.cat\/iesagustiserra\/wp-json\/wp\/v2\/comments?post=13145"}],"version-history":[{"count":6,"href":"https:\/\/agora.xtec.cat\/iesagustiserra\/wp-json\/wp\/v2\/pages\/13145\/revisions"}],"predecessor-version":[{"id":35997,"href":"https:\/\/agora.xtec.cat\/iesagustiserra\/wp-json\/wp\/v2\/pages\/13145\/revisions\/35997"}],"up":[{"embeddable":true,"href":"https:\/\/agora.xtec.cat\/iesagustiserra\/wp-json\/wp\/v2\/pages\/63"}],"wp:attachment":[{"href":"https:\/\/agora.xtec.cat\/iesagustiserra\/wp-json\/wp\/v2\/media?parent=13145"}],"curies":[{"name":"wp","href":"https:\/\/api.w.org\/{rel}","templated":true}]}}