{"id":9191,"date":"2024-06-14T11:15:45","date_gmt":"2024-06-14T09:15:45","guid":{"rendered":"https:\/\/agora.xtec.cat\/iesacumella\/?page_id=9191"},"modified":"2025-05-22T11:55:27","modified_gmt":"2025-05-22T09:55:27","slug":"llibres-del-curs-2024-2025","status":"publish","type":"page","link":"https:\/\/agora.xtec.cat\/iesacumella\/llibres-del-curs-2024-2025\/","title":{"rendered":"Llibres del curs 2024-2025"},"content":{"rendered":"<p><a href=\"https:\/\/agora.xtec.cat\/iesacumella\/wp-content\/uploads\/usu1642\/2024\/07\/Llista-de-llibres-Institut-Antoni-Cumella-Curs-2024-2025.pdf\">Aquesta \u00e9s la llista de llibres del curs 2024-2025<\/a>. <span style=\"color: #ff0000;\"><strong>Actualitzaci\u00f3 19\/07\/2024:<\/strong><\/span> s&#8217;ha corregit un ISBN incorrecte de l&#8217;Student Book d&#8217;angl\u00e8s de 2n de Batxillerat.<\/p>\n<p>La llista tamb\u00e9 est\u00e0 disponible a trav\u00e9s <a href=\"https:\/\/microsites.iddink.es\/ca\/335_institut_antoni_cumella\/\">d&#8217;Iddink<\/a>. En el cas de les llic\u00e8ncies digitals d&#8217;Innovamat (Matem\u00e0tiques 1r, 2n i 3r d&#8217;ESO), ScienceBits (Biologia i Geologia de 4t d&#8217;ESO), i de la plataforma Sherpa (Tecnologia de 1r, 2n i 3r d&#8217;ESO), <strong>cal <a href=\"https:\/\/microsites.iddink.es\/ca\/335_institut_antoni_cumella\/\">comprar-la a trav\u00e9s d&#8217;Iddink<\/a> per facilitar-ne la gesti\u00f3<\/strong>. Per a la resta de llibres, podeu utilitzar el servei de llibres socialitzats d&#8217;Iddink o qualsevol altre prove\u00efdor.<\/p>\n<p>El retorn dels llibres es far\u00e0 el 26 de juny de 9:30 a 15:00.<\/p>\n","protected":false},"excerpt":{"rendered":"<p><a href=\"https:\/\/agora.xtec.cat\/iesacumella\/wp-content\/uploads\/usu1642\/2024\/07\/Llista-de-llibres-Institut-Antoni-Cumella-Curs-2024-2025.pdf\">Aquesta \u00e9s la llista de llibres del curs 2024-2025<\/a>. Actualitzaci\u00f3 19\/07\/2024: s&#8217;ha corregit un ISBN incorrecte de l&#8217;Student Book d&#8217;angl\u00e8s de 2n de Batxillerat.<br \/>\nLa llista tamb\u00e9 est\u00e0 disponible a trav\u00e9s <a href=\"https:\/\/microsites.iddink.es\/ca\/335_institut_antoni_cumella\/\">d&#8217;Iddink<\/a>. En el cas de les llic\u00e8ncies digitals d&#8217;Innovamat (Matem\u00e0tiques 1r, 2n i&hellip;  <a href=\"https:\/\/agora.xtec.cat\/iesacumella\/llibres-del-curs-2024-2025\/\" title=\"Read Llibres del curs 2024-2025\">Llegeix m\u00e9s\u00bb<\/a><\/p>\n","protected":false},"author":1,"featured_media":0,"parent":0,"menu_order":0,"comment_status":"closed","ping_status":"closed","template":"","meta":{"_bbp_topic_count":0,"_bbp_reply_count":0,"_bbp_total_topic_count":0,"_bbp_total_reply_count":0,"_bbp_voice_count":0,"_bbp_anonymous_reply_count":0,"_bbp_topic_count_hidden":0,"_bbp_reply_count_hidden":0,"_bbp_forum_subforum_count":0,"footnotes":""},"class_list":["post-9191","page","type-page","status-publish","hentry"],"post_mailing_queue_ids":[],"_links":{"self":[{"href":"https:\/\/agora.xtec.cat\/iesacumella\/wp-json\/wp\/v2\/pages\/9191","targetHints":{"allow":["GET"]}}],"collection":[{"href":"https:\/\/agora.xtec.cat\/iesacumella\/wp-json\/wp\/v2\/pages"}],"about":[{"href":"https:\/\/agora.xtec.cat\/iesacumella\/wp-json\/wp\/v2\/types\/page"}],"author":[{"embeddable":true,"href":"https:\/\/agora.xtec.cat\/iesacumella\/wp-json\/wp\/v2\/users\/1"}],"replies":[{"embeddable":true,"href":"https:\/\/agora.xtec.cat\/iesacumella\/wp-json\/wp\/v2\/comments?post=9191"}],"version-history":[{"count":6,"href":"https:\/\/agora.xtec.cat\/iesacumella\/wp-json\/wp\/v2\/pages\/9191\/revisions"}],"predecessor-version":[{"id":9533,"href":"https:\/\/agora.xtec.cat\/iesacumella\/wp-json\/wp\/v2\/pages\/9191\/revisions\/9533"}],"wp:attachment":[{"href":"https:\/\/agora.xtec.cat\/iesacumella\/wp-json\/wp\/v2\/media?parent=9191"}],"curies":[{"name":"wp","href":"https:\/\/api.w.org\/{rel}","templated":true}]}}