{"id":9027,"date":"2023-06-20T12:13:34","date_gmt":"2023-06-20T10:13:34","guid":{"rendered":"https:\/\/agora.xtec.cat\/iesacumella\/?page_id=9027"},"modified":"2023-07-05T13:03:16","modified_gmt":"2023-07-05T11:03:16","slug":"llibres-del-curs-2023-2024","status":"publish","type":"page","link":"https:\/\/agora.xtec.cat\/iesacumella\/llibres-del-curs-2023-2024\/","title":{"rendered":"Llibres del curs 2023-2024"},"content":{"rendered":"<p><a href=\"https:\/\/agora.xtec.cat\/iesacumella\/wp-content\/uploads\/usu1642\/2023\/07\/Llista-de-llibres-Institut-Antoni-Cumella-Curs-2023-2024.pdf\">Aquesta \u00e9s la llista de llibres del curs 2023-2024<\/a>. La llista tamb\u00e9 est\u00e0 disponible a trav\u00e9s <a href=\"https:\/\/microsites.iddink.es\/ca\/335_institut_antoni_cumella\/\">d&#8217;Iddink<\/a>. En el cas de les llic\u00e8ncies digitals d&#8217;Innovamat (Matem\u00e0tiques 1r, 2n i 3r d&#8217;ESO), ScienceBits (Biologia i Geologia de 4t d&#8217;ESO), de la plataforma Sherpa (Tecnologia) i de Castell\u00e0 (1r i 2n de Batxillerat), <strong>cal <a href=\"https:\/\/microsites.iddink.es\/ca\/335_institut_antoni_cumella\/\">comprar-la a trav\u00e9s d&#8217;Iddink<\/a> per facilitar-ne la gesti\u00f3<\/strong>. Per a la resta de llibres, podeu utilitzar el servei de llibres socialitzats d&#8217;Iddink o qualsevol altre prove\u00efdor.<\/p>\n<p style=\"margin: 12px auto 6px auto; font-family: Helvetica,Arial,Sans-serif; font-style: normal; font-variant: normal; font-weight: normal; font-size: 14px; line-height: normal; font-size-adjust: none; font-stretch: normal; -x-system-font: none; display: block;\"><a style=\"text-decoration: underline;\" title=\"View Llista de Llibres - Institut Antoni Cumella - Curs 2023-2024 on Scribd\" href=\"https:\/\/www.scribd.com\/document\/654198531\/Llista-de-Llibres-Institut-Antoni-Cumella-Curs-2023-2024#from_embed\">Llista de Llibres &#8211; Institut Antoni Cumella &#8211; Curs 2023-2024<\/a> by <a style=\"text-decoration: underline;\" title=\"View Comunicacio Ins Antoni Cumella's profile on Scribd\" href=\"https:\/\/www.scribd.com\/user\/364765361\/Comunicacio-Ins-Antoni-Cumella#from_embed\">Comunicacio Ins Antoni Cumella<\/a> on Scribd<\/p>\n<p><iframe loading=\"lazy\" id=\"doc_63948\" class=\"scribd_iframe_embed\" title=\"Llista de Llibres - Institut Antoni Cumella - Curs 2023-2024\" src=\"https:\/\/www.scribd.com\/embeds\/654198531\/content?start_page=1&amp;view_mode=scroll&amp;access_key=key-Y5DdbbTldgfDPgVTGcNt\" width=\"100%\" height=\"600\" frameborder=\"0\" scrolling=\"no\" data-auto-height=\"false\" data-aspect-ratio=\"0.7080062794348508\"><\/iframe><\/p>\n","protected":false},"excerpt":{"rendered":"<p><a href=\"https:\/\/agora.xtec.cat\/iesacumella\/wp-content\/uploads\/usu1642\/2023\/07\/Llista-de-llibres-Institut-Antoni-Cumella-Curs-2023-2024.pdf\">Aquesta \u00e9s la llista de llibres del curs 2023-2024<\/a>. La llista tamb\u00e9 est\u00e0 disponible a trav\u00e9s <a href=\"https:\/\/microsites.iddink.es\/ca\/335_institut_antoni_cumella\/\">d&#8217;Iddink<\/a>. En el cas de les llic\u00e8ncies digitals d&#8217;Innovamat (Matem\u00e0tiques 1r, 2n i 3r d&#8217;ESO), ScienceBits (Biologia i Geologia de 4t d&#8217;ESO), de la plataforma Sherpa (Tecnologia)&hellip;  <a href=\"https:\/\/agora.xtec.cat\/iesacumella\/llibres-del-curs-2023-2024\/\" title=\"Read Llibres del curs 2023-2024\">Llegeix m\u00e9s\u00bb<\/a><\/p>\n","protected":false},"author":1,"featured_media":0,"parent":0,"menu_order":0,"comment_status":"closed","ping_status":"closed","template":"","meta":{"_bbp_topic_count":0,"_bbp_reply_count":0,"_bbp_total_topic_count":0,"_bbp_total_reply_count":0,"_bbp_voice_count":0,"_bbp_anonymous_reply_count":0,"_bbp_topic_count_hidden":0,"_bbp_reply_count_hidden":0,"_bbp_forum_subforum_count":0,"footnotes":""},"class_list":["post-9027","page","type-page","status-publish","hentry"],"post_mailing_queue_ids":[],"_links":{"self":[{"href":"https:\/\/agora.xtec.cat\/iesacumella\/wp-json\/wp\/v2\/pages\/9027","targetHints":{"allow":["GET"]}}],"collection":[{"href":"https:\/\/agora.xtec.cat\/iesacumella\/wp-json\/wp\/v2\/pages"}],"about":[{"href":"https:\/\/agora.xtec.cat\/iesacumella\/wp-json\/wp\/v2\/types\/page"}],"author":[{"embeddable":true,"href":"https:\/\/agora.xtec.cat\/iesacumella\/wp-json\/wp\/v2\/users\/1"}],"replies":[{"embeddable":true,"href":"https:\/\/agora.xtec.cat\/iesacumella\/wp-json\/wp\/v2\/comments?post=9027"}],"version-history":[{"count":2,"href":"https:\/\/agora.xtec.cat\/iesacumella\/wp-json\/wp\/v2\/pages\/9027\/revisions"}],"predecessor-version":[{"id":9044,"href":"https:\/\/agora.xtec.cat\/iesacumella\/wp-json\/wp\/v2\/pages\/9027\/revisions\/9044"}],"wp:attachment":[{"href":"https:\/\/agora.xtec.cat\/iesacumella\/wp-json\/wp\/v2\/media?parent=9027"}],"curies":[{"name":"wp","href":"https:\/\/api.w.org\/{rel}","templated":true}]}}