{"id":8769,"date":"2022-10-25T11:42:49","date_gmt":"2022-10-25T09:42:49","guid":{"rendered":"https:\/\/agora.xtec.cat\/iesacumella\/?page_id=8769"},"modified":"2024-11-22T14:07:12","modified_gmt":"2024-11-22T13:07:12","slug":"time-to-read-time-to-have-fun-2022-2023","status":"publish","type":"page","link":"https:\/\/agora.xtec.cat\/iesacumella\/projecte-educatiu\/programa-erasmus\/time-to-read-time-to-have-fun-2022-2023\/","title":{"rendered":"Time to read, time to have fun (2022-2023)"},"content":{"rendered":"<p><strong>Objectiu:<\/strong> Fomentar l\u2019adquisici\u00f3 d\u2019estrat\u00e8gies de comprensi\u00f3 lectora i l\u2019h\u00e0bit lector.<\/p>\n<p><b>Activitats<\/b><strong>:<\/strong> Lectura de 2 o 3 novel\u00b7les d\u2019autors dels pa\u00efsos participants i diverses tasques relacionades treballant les lectures.<\/p>\n<p><strong>Mat\u00e8ries implicades:<\/strong> Angl\u00e8s, Catal\u00e0, Castell\u00e0 i Lectura.<\/p>\n<p><strong>Mobilitats: <\/strong>Granollers gener 2023, Bornem (B\u00e8lgica) mar\u00e7 2023, Piacenza (It\u00e0lia) maig 2023.<\/p>\n<p><strong>Participants:<\/strong> Tot el nivell de 4t d&#8217;ESO. D&#8217;aquests, aproximadament 24 alumnes realitzen les mobilitats (6 a B\u00e8lgica i 16-18 a It\u00e0lia).<\/p>\n<p>La selecci\u00f3 de l\u2019alumnat participant a les mobilitats es fa seguint els seg\u00fcents criteris d&#8217;i<span style=\"font-family: inherit; font-size: 1em;\">nter\u00e8s i motivaci\u00f3 per participar a la mobilitat, entrevista personal, c<\/span><span style=\"font-family: inherit; font-size: 1em;\">omprom\u00eds amb l\u2019objectiu associat a la mobilitat mostrant inter\u00e8s a les hores de lectura i i<\/span><span style=\"font-family: inherit; font-size: 1em;\">mplicaci\u00f3 amb el centre.<\/span><\/p>\n<p><b>Visita preparat\u00f2ria de projecte:<\/b> Setembre 2022 a Piacenza (It\u00e0lia) on han participat dues professores.<\/p>\n<p><strong>Resultats del projecte:<\/strong> <a href=\"https:\/\/sites.google.com\/iesacumella.cat\/timetoreadtimetohavefun?usp=sharing\">Web Time to Read, Time to Have Fun<\/a><\/p>\n","protected":false},"excerpt":{"rendered":"<p>Objectiu: Fomentar l\u2019adquisici\u00f3 d\u2019estrat\u00e8gies de comprensi\u00f3 lectora i l\u2019h\u00e0bit lector.<br \/>\nActivitats: Lectura de 2 o 3 novel\u00b7les d\u2019autors dels pa\u00efsos participants i diverses tasques relacionades treballant les lectures.<br \/>\nMat\u00e8ries implicades: Angl\u00e8s, Catal\u00e0, Castell\u00e0 i Lectura.<br \/>\nMobilitats: Granollers gener 2023, Bornem (B\u00e8lgica) mar\u00e7 2023, Piacenza (It\u00e0lia) maig 2023.<br \/>\nParticipants: Tot&hellip;  <a href=\"https:\/\/agora.xtec.cat\/iesacumella\/projecte-educatiu\/programa-erasmus\/time-to-read-time-to-have-fun-2022-2023\/\" title=\"Read Time to read, time to have fun (2022-2023)\">Llegeix m\u00e9s\u00bb<\/a><\/p>\n","protected":false},"author":1,"featured_media":0,"parent":3432,"menu_order":3,"comment_status":"closed","ping_status":"closed","template":"page-templates\/side-menu.php","meta":{"_bbp_topic_count":0,"_bbp_reply_count":0,"_bbp_total_topic_count":0,"_bbp_total_reply_count":0,"_bbp_voice_count":0,"_bbp_anonymous_reply_count":0,"_bbp_topic_count_hidden":0,"_bbp_reply_count_hidden":0,"_bbp_forum_subforum_count":0,"footnotes":""},"class_list":["post-8769","page","type-page","status-publish","hentry"],"post_mailing_queue_ids":[],"_links":{"self":[{"href":"https:\/\/agora.xtec.cat\/iesacumella\/wp-json\/wp\/v2\/pages\/8769","targetHints":{"allow":["GET"]}}],"collection":[{"href":"https:\/\/agora.xtec.cat\/iesacumella\/wp-json\/wp\/v2\/pages"}],"about":[{"href":"https:\/\/agora.xtec.cat\/iesacumella\/wp-json\/wp\/v2\/types\/page"}],"author":[{"embeddable":true,"href":"https:\/\/agora.xtec.cat\/iesacumella\/wp-json\/wp\/v2\/users\/1"}],"replies":[{"embeddable":true,"href":"https:\/\/agora.xtec.cat\/iesacumella\/wp-json\/wp\/v2\/comments?post=8769"}],"version-history":[{"count":4,"href":"https:\/\/agora.xtec.cat\/iesacumella\/wp-json\/wp\/v2\/pages\/8769\/revisions"}],"predecessor-version":[{"id":9118,"href":"https:\/\/agora.xtec.cat\/iesacumella\/wp-json\/wp\/v2\/pages\/8769\/revisions\/9118"}],"up":[{"embeddable":true,"href":"https:\/\/agora.xtec.cat\/iesacumella\/wp-json\/wp\/v2\/pages\/3432"}],"wp:attachment":[{"href":"https:\/\/agora.xtec.cat\/iesacumella\/wp-json\/wp\/v2\/media?parent=8769"}],"curies":[{"name":"wp","href":"https:\/\/api.w.org\/{rel}","templated":true}]}}