{"id":5473,"date":"2018-05-08T18:08:34","date_gmt":"2018-05-08T16:08:34","guid":{"rendered":"http:\/\/agora.xtec.cat\/iesacumella\/?page_id=5473"},"modified":"2023-01-12T09:58:38","modified_gmt":"2023-01-12T08:58:38","slug":"projecte-gep","status":"publish","type":"page","link":"https:\/\/agora.xtec.cat\/iesacumella\/projecte-educatiu\/projecte-gep\/","title":{"rendered":"Projecte GEP"},"content":{"rendered":"<p><a href=\"https:\/\/agora.xtec.cat\/iesacumella\/wp-content\/uploads\/usu1642\/2022\/02\/gep.png\"><img loading=\"lazy\" decoding=\"async\" class=\"alignright size-full wp-image-8350\" src=\"https:\/\/agora.xtec.cat\/iesacumella\/wp-content\/uploads\/usu1642\/2022\/02\/gep.png\" alt=\"\" width=\"296\" height=\"109\" \/><\/a>L\u2019AICLE (aprenentatge integrat de continguts i llengua estrangera), en angl\u00e8s CLIL (<em>content and language integrated learning<\/em>), \u00e9s una metodologia que promou l\u2019\u00fas de la llengua estrangera per a l\u2019ensenyament i aprenentatge de mat\u00e8ries diferents de la mateixa llengua en q\u00fcesti\u00f3. L\u2019Institut Antoni Cumella va formar part del primer programa d&#8217;innovaci\u00f3 GEP (Grup Experimental Pluriling\u00fce), des del curs 2014-2015 fins el curs 2016-2017, i actualment forma part del mateix programa d&#8217;innovaci\u00f3 del Departament d&#8217;Educaci\u00f3 (ara anomenat Generaci\u00f3 Pluriling\u00fce).<\/p>\n<p>Actualment, el projecte AICLE s\u2019est\u00e0 duent a terme a les seg\u00fcents mat\u00e8ries:<\/p>\n<ul>\n<li>1r d&#8217;ESO: <strong>Biologia i Geologia<\/strong> i <strong>Educaci\u00f3 F\u00edsica<\/strong>.<\/li>\n<li>2n d&#8217;ESO: <strong>Ci\u00e8ncies Socials<\/strong>, <strong>Matem\u00e0tiques<\/strong> i <strong>Projecte GEP<\/strong>.<\/li>\n<li>3r d&#8217;ESO: <strong>Biologia i Geologia<\/strong> i <strong>Educaci\u00f3 Pl\u00e0stica, Visual i Audiovisual<\/strong>.<\/li>\n<li>4t d&#8217;ESO: <strong>Ci\u00e8ncies Socials<\/strong> i <strong>Matem\u00e0tiques<\/strong>.<\/li>\n<\/ul>\n<p>En aquestes mat\u00e8ries comptem amb la col\u00b7laboraci\u00f3 del professorat de llengua anglesa a trav\u00e9s de la codoc\u00e8ncia (<em>coteaching<\/em>) en almenys una sessi\u00f3 setmanal, i tamb\u00e9 de l&#8217;auxiliar de conversa. A m\u00e9s, els treballs de s\u00edntesi de cada nivell incorporen tamb\u00e9 de manera intensiva la llengua anglesa.<\/p>\n<p>El programa GEP s\u2019emmarca en l\u2019objectiu del projecte de centre de fomentar el pluriling\u00fcisme, la millora dels resultats de llengua anglesa i la internacionalitzaci\u00f3. A m\u00e9s del programa GEP, el centre participa en el <a href=\"https:\/\/agora.xtec.cat\/iesacumella\/programa-erasmus\/\">programa Erasmus+<\/a>. En el marc dels dos programes es potencia l\u2019\u00fas de la plataforma eTwinning per l\u2019elaboraci\u00f3 de projectes pluriling\u00fces.<\/p>\n","protected":false},"excerpt":{"rendered":"<p><a href=\"https:\/\/agora.xtec.cat\/iesacumella\/wp-content\/uploads\/usu1642\/2022\/02\/gep.png\"><\/a>L\u2019AICLE (aprenentatge integrat de continguts i llengua estrangera), en angl\u00e8s CLIL (content and language integrated learning), \u00e9s una metodologia que promou l\u2019\u00fas de la llengua estrangera per a l\u2019ensenyament i aprenentatge de mat\u00e8ries diferents de la mateixa llengua en q\u00fcesti\u00f3. L\u2019Institut Antoni Cumella va&hellip;  <a href=\"https:\/\/agora.xtec.cat\/iesacumella\/projecte-educatiu\/projecte-gep\/\" title=\"Read Projecte GEP\">Llegeix m\u00e9s\u00bb<\/a><\/p>\n","protected":false},"author":1,"featured_media":0,"parent":57,"menu_order":2,"comment_status":"closed","ping_status":"closed","template":"page-templates\/side-menu.php","meta":{"_bbp_topic_count":0,"_bbp_reply_count":0,"_bbp_total_topic_count":0,"_bbp_total_reply_count":0,"_bbp_voice_count":0,"_bbp_anonymous_reply_count":0,"_bbp_topic_count_hidden":0,"_bbp_reply_count_hidden":0,"_bbp_forum_subforum_count":0,"footnotes":""},"class_list":["post-5473","page","type-page","status-publish","hentry"],"post_mailing_queue_ids":[],"_links":{"self":[{"href":"https:\/\/agora.xtec.cat\/iesacumella\/wp-json\/wp\/v2\/pages\/5473","targetHints":{"allow":["GET"]}}],"collection":[{"href":"https:\/\/agora.xtec.cat\/iesacumella\/wp-json\/wp\/v2\/pages"}],"about":[{"href":"https:\/\/agora.xtec.cat\/iesacumella\/wp-json\/wp\/v2\/types\/page"}],"author":[{"embeddable":true,"href":"https:\/\/agora.xtec.cat\/iesacumella\/wp-json\/wp\/v2\/users\/1"}],"replies":[{"embeddable":true,"href":"https:\/\/agora.xtec.cat\/iesacumella\/wp-json\/wp\/v2\/comments?post=5473"}],"version-history":[{"count":3,"href":"https:\/\/agora.xtec.cat\/iesacumella\/wp-json\/wp\/v2\/pages\/5473\/revisions"}],"predecessor-version":[{"id":8868,"href":"https:\/\/agora.xtec.cat\/iesacumella\/wp-json\/wp\/v2\/pages\/5473\/revisions\/8868"}],"up":[{"embeddable":true,"href":"https:\/\/agora.xtec.cat\/iesacumella\/wp-json\/wp\/v2\/pages\/57"}],"wp:attachment":[{"href":"https:\/\/agora.xtec.cat\/iesacumella\/wp-json\/wp\/v2\/media?parent=5473"}],"curies":[{"name":"wp","href":"https:\/\/api.w.org\/{rel}","templated":true}]}}