{"id":195,"date":"2014-09-22T10:39:39","date_gmt":"2014-09-22T10:39:39","guid":{"rendered":"http:\/\/agora.xtec.cat\/iesacumella\/?page_id=195"},"modified":"2026-03-03T10:42:07","modified_gmt":"2026-03-03T09:42:07","slug":"estudis","status":"publish","type":"page","link":"https:\/\/agora.xtec.cat\/iesacumella\/estudis\/","title":{"rendered":"Estudis"},"content":{"rendered":"<p>L&#8217;Institut Antoni Cumella \u00e9s un centre de tres l\u00ednies <a href=\"https:\/\/agora.xtec.cat\/iesacumella\/estudis\/eso\/\">d&#8217;ESO,<\/a> tres l\u00ednies a 1r de <a href=\"https:\/\/agora.xtec.cat\/iesacumella\/estudis\/batxillerat\/\" target=\"_blank\" rel=\"noopener\">Batxillerat<\/a> di\u00fcrn, dues l\u00ednies a 2n de Batxillerat di\u00fcrn, 1 l\u00ednia a 1r de <a href=\"https:\/\/agora.xtec.cat\/iesacumella\/estudis\/batxillerat-nocturn\/\" target=\"_blank\" rel=\"noopener\">Batxillerat tarda<\/a> i una l\u00ednia a 2n de Batxillerat tarda. Per l&#8217;alta demanda educativa a Granollers, el curs 2025\u20132026 hi ha un grup addicional a 4t d&#8217;ESO i a 2n de Batxillerat.<\/p>\n<p>A m\u00e9s, organitzem els recursos humans i d&#8217;espai a l&#8217;institut per ampliar en un\u00a0 grup cada un dels nivells d&#8217;ESO, per tal de tenir sempre grups de 20-24 alumnes a l&#8217;aula.<\/p>\n<p>Aix\u00ed, l&#8217;oferta formativa del centre pel curs 2025\u20132026 \u00e9s:<\/p>\n<table style=\"border-collapse: collapse; width: 100%;\">\n<tbody>\n<tr>\n<td style=\"width: 16.6667%; background-color: #b03bba; text-align: center;\" colspan=\"6\"><strong><a href=\"https:\/\/agora.xtec.cat\/iesacumella\/estudis\/eso\/\"><span style=\"color: black;\">Educaci\u00f3 Secund\u00e0ria Obligat\u00f2ria<\/span><\/a> \u2014 8:00 a 14:30<\/strong><\/td>\n<\/tr>\n<tr>\n<td style=\"width: 16.6667%; text-align: center;\"><strong>1r d&#8217;ESO<\/strong><\/td>\n<td style=\"width: 16.6667%; text-align: center;\">A<\/td>\n<td style=\"width: 16.6667%; text-align: center;\">B<\/td>\n<td style=\"width: 16.6667%; text-align: center;\">C<\/td>\n<td style=\"width: 16.6667%; text-align: center;\">D<\/td>\n<td style=\"width: 16.6667%; text-align: center;\"><\/td>\n<\/tr>\n<tr>\n<td style=\"width: 16.6667%; text-align: center;\"><strong>2n d&#8217;ESO<\/strong><\/td>\n<td style=\"width: 16.6667%; text-align: center;\">A<\/td>\n<td style=\"width: 16.6667%; text-align: center;\">B<\/td>\n<td style=\"width: 16.6667%; text-align: center;\">C<\/td>\n<td style=\"width: 16.6667%; text-align: center;\">D<\/td>\n<td style=\"width: 16.6667%; text-align: center;\"><\/td>\n<\/tr>\n<tr>\n<td style=\"width: 16.6667%; text-align: center;\"><strong>3r d&#8217;ESO<\/strong><\/td>\n<td style=\"width: 16.6667%; text-align: center;\">A<\/td>\n<td style=\"width: 16.6667%; text-align: center;\">B<\/td>\n<td style=\"width: 16.6667%; text-align: center;\">C<\/td>\n<td style=\"width: 16.6667%; text-align: center;\">D<\/td>\n<td style=\"width: 16.6667%; text-align: center;\"><\/td>\n<\/tr>\n<tr>\n<td style=\"width: 16.6667%; text-align: center;\"><strong>4t d&#8217;ESO<\/strong><\/td>\n<td style=\"width: 16.6667%; text-align: center;\">A<\/td>\n<td style=\"width: 16.6667%; text-align: center;\">B<\/td>\n<td style=\"width: 16.6667%; text-align: center;\">C<\/td>\n<td style=\"width: 16.6667%; text-align: center;\">D<\/td>\n<td style=\"width: 16.6667%; text-align: center;\">E<\/td>\n<\/tr>\n<\/tbody>\n<\/table>\n<table style=\"border-collapse: collapse; width: 100%;\">\n<tbody>\n<tr>\n<td style=\"width: 20%; background-color: #b03bba; text-align: center;\" colspan=\"5\"><a href=\"https:\/\/agora.xtec.cat\/iesacumella\/estudis\/batxillerat\/\"><strong><span style=\"color: black;\">Batxillerat<\/span><\/strong><\/a><\/td>\n<\/tr>\n<tr>\n<td style=\"width: 20%; text-align: center;\"><\/td>\n<td style=\"width: 20%; text-align: center;\" colspan=\"3\"><strong>Mat\u00ed: 8:00 a 14:30<\/strong><\/td>\n<td style=\"width: 20%; text-align: center;\"><strong>Tarda: 16:00 a 21:15<\/strong><\/td>\n<\/tr>\n<tr>\n<td style=\"width: 20%; text-align: center;\"><strong>1r de Batxillerat<\/strong><\/td>\n<td style=\"width: 20%; text-align: center;\">A (cientificot\u00e8cnic)<\/td>\n<td style=\"width: 20%; text-align: center;\">B (social-human\u00edstic)<\/td>\n<td style=\"width: 20%; text-align: center;\">C (social-human\u00edstic)<\/td>\n<td style=\"width: 20%; text-align: center;\">N (social-human\u00edstic)<\/td>\n<\/tr>\n<tr>\n<td style=\"width: 20%; text-align: center;\"><strong>2n de Batxillerat<\/strong><\/td>\n<td style=\"width: 20%; text-align: center;\">A (cientificot\u00e8cnic)<\/td>\n<td style=\"width: 20%; text-align: center;\">B (social-human\u00edstic)<\/td>\n<td style=\"width: 20%; text-align: center;\">C (social-human\u00edstic)<\/td>\n<td style=\"width: 20%; text-align: center;\">N (social-human\u00edstic)<\/td>\n<\/tr>\n<\/tbody>\n<\/table>\n<p>&nbsp;<\/p>\n","protected":false},"excerpt":{"rendered":"<p>L&#8217;Institut Antoni Cumella \u00e9s un centre de tres l\u00ednies <a href=\"https:\/\/agora.xtec.cat\/iesacumella\/estudis\/eso\/\">d&#8217;ESO,<\/a> tres l\u00ednies a 1r de <a href=\"https:\/\/agora.xtec.cat\/iesacumella\/estudis\/batxillerat\/\" target=\"_blank\" rel=\"noopener\">Batxillerat<\/a> di\u00fcrn, dues l\u00ednies a 2n de Batxillerat di\u00fcrn, 1 l\u00ednia a 1r de <a href=\"https:\/\/agora.xtec.cat\/iesacumella\/estudis\/batxillerat-nocturn\/\" target=\"_blank\" rel=\"noopener\">Batxillerat tarda<\/a> i una l\u00ednia a 2n de Batxillerat&hellip;  <a href=\"https:\/\/agora.xtec.cat\/iesacumella\/estudis\/\" title=\"Read Estudis\">Llegeix m\u00e9s\u00bb<\/a><\/p>\n","protected":false},"author":1,"featured_media":0,"parent":0,"menu_order":2,"comment_status":"closed","ping_status":"closed","template":"page-templates\/side-menu.php","meta":{"_bbp_topic_count":0,"_bbp_reply_count":0,"_bbp_total_topic_count":0,"_bbp_total_reply_count":0,"_bbp_voice_count":0,"_bbp_anonymous_reply_count":0,"_bbp_topic_count_hidden":0,"_bbp_reply_count_hidden":0,"_bbp_forum_subforum_count":0,"footnotes":""},"class_list":["post-195","page","type-page","status-publish","hentry"],"post_mailing_queue_ids":[],"_links":{"self":[{"href":"https:\/\/agora.xtec.cat\/iesacumella\/wp-json\/wp\/v2\/pages\/195","targetHints":{"allow":["GET"]}}],"collection":[{"href":"https:\/\/agora.xtec.cat\/iesacumella\/wp-json\/wp\/v2\/pages"}],"about":[{"href":"https:\/\/agora.xtec.cat\/iesacumella\/wp-json\/wp\/v2\/types\/page"}],"author":[{"embeddable":true,"href":"https:\/\/agora.xtec.cat\/iesacumella\/wp-json\/wp\/v2\/users\/1"}],"replies":[{"embeddable":true,"href":"https:\/\/agora.xtec.cat\/iesacumella\/wp-json\/wp\/v2\/comments?post=195"}],"version-history":[{"count":5,"href":"https:\/\/agora.xtec.cat\/iesacumella\/wp-json\/wp\/v2\/pages\/195\/revisions"}],"predecessor-version":[{"id":9785,"href":"https:\/\/agora.xtec.cat\/iesacumella\/wp-json\/wp\/v2\/pages\/195\/revisions\/9785"}],"wp:attachment":[{"href":"https:\/\/agora.xtec.cat\/iesacumella\/wp-json\/wp\/v2\/media?parent=195"}],"curies":[{"name":"wp","href":"https:\/\/api.w.org\/{rel}","templated":true}]}}