{"id":8777,"date":"2024-01-26T11:00:09","date_gmt":"2024-01-26T10:00:09","guid":{"rendered":"https:\/\/agora.xtec.cat\/iesaballester\/?page_id=8777"},"modified":"2026-03-27T11:24:11","modified_gmt":"2026-03-27T10:24:11","slug":"preinscripcio-i-matricula","status":"publish","type":"page","link":"https:\/\/agora.xtec.cat\/iesaballester\/preinscripcio-i-matricula\/","title":{"rendered":"Preinscripci\u00f3 i matr\u00edcula"},"content":{"rendered":"<table style=\"width: 100%; border-collapse: collapse; border-style: hidden; height: 808px;\">\n<tbody>\n<tr style=\"height: 290px;\">\n<td style=\"width: 50%; border-style: hidden; height: 290px;\">\n<h1 data-wp-editing=\"1\">Preinscripci\u00f3<\/h1>\n<p><a href=\"https:\/\/drive.google.com\/drive\/folders\/149h0h6iLiaH4v7andCAf6uILqv0ztulx?usp=sharing\">ESO<\/a><\/p>\n<p><a href=\"https:\/\/drive.google.com\/drive\/folders\/1dJiN3ToZoZy4qMciwR1QWbuiocQ0uybp?usp=sharing\">Batxillerat<\/a><\/p>\n<p><a href=\"https:\/\/drive.google.com\/drive\/folders\/1ySo8mqRJZjPqjKM-q4tQD06i9nRf2iBo?usp=sharing\">Cicles formatius de grau mitj\u00e0<\/a><\/p>\n<p><a href=\"https:\/\/drive.google.com\/drive\/folders\/1ioKkHu4cDMY7ln1xfx1MzL67giEFYqyl?usp=sharing\">FP b\u00e0sica<\/a><\/p>\n<p><a href=\"https:\/\/drive.google.com\/drive\/folders\/1HGubXGJpYisAmG8JEAmGBTT8hp9yA2po?usp=drive_link\">PFI<\/a><\/td>\n<td style=\"width: 50%; border-style: hidden; height: 290px;\">\n<h1>Matr\u00edcula (actiu en per\u00edode de matr\u00edcula)<\/h1>\n<p>ESO<\/p>\n<p>Batxillerat<\/p>\n<p>Cicles Formatius de grau mitj\u00e0<\/p>\n<p>FP b\u00e0sica<\/p>\n<p>PFI<\/td>\n<\/tr>\n<tr style=\"height: 518px;\">\n<td style=\"width: 50%; border-style: hidden; height: 518px;\">\n<h2>Calendari general de preinscripci\u00f3<\/h2>\n<table style=\"border-collapse: collapse; width: 99.4273%; border-style: hidden; height: 204px;\">\n<tbody>\n<tr style=\"height: 27px;\">\n<td style=\"width: 50%; border-style: hidden; height: 27px;\"><strong>Estudi<\/strong><\/td>\n<td style=\"width: 49.4318%; border-style: hidden; height: 27px;\"><strong>Dates<\/strong><\/td>\n<\/tr>\n<tr style=\"height: 41px;\">\n<td style=\"width: 50%; border-style: hidden; height: 41px;\">Educaci\u00f3 Secund\u00e0ria Obligat\u00f2ria<\/td>\n<td style=\"width: 49.4318%; border-style: hidden; height: 41px;\"><strong>Del 6 al 18 de mar\u00e7 de 2026<\/strong><\/td>\n<\/tr>\n<tr>\n<td style=\"width: 50%; border-style: hidden;\">Batxillerat<\/td>\n<td style=\"width: 49.4318%; border-style: hidden;\"><strong>Del 09 al 16 d&#8217;abril de 2026<\/strong><\/td>\n<\/tr>\n<tr style=\"height: 41px;\">\n<td style=\"width: 50%; border-style: hidden; height: 41px;\">PFI (Ind\u00fastria i medi agrari)<\/td>\n<td style=\"width: 49.4318%; border-style: hidden; height: 41px;\"><strong>Del 04 al 13 de maig de 2026<\/strong><\/td>\n<\/tr>\n<tr style=\"height: 27px;\">\n<td style=\"width: 50%; border-style: hidden; height: 27px;\">FP b\u00e0sica (inform\u00e0tica oficina)<\/td>\n<td style=\"width: 49.4318%; border-style: hidden; height: 27px;\"><strong>Del 04 al 13 de maig de 2026<\/strong><\/td>\n<\/tr>\n<tr style=\"height: 41px;\">\n<td style=\"width: 50%; border-style: hidden; height: 41px;\">Cicles formatius grau mitj\u00e0<\/td>\n<td style=\"width: 49.4318%; border-style: hidden; height: 41px;\"><strong>Del 26 de maig al 1 de juny de 2026<\/strong><\/td>\n<\/tr>\n<tr>\n<td style=\"width: 50%; border-style: hidden;\"><\/td>\n<td style=\"width: 49.4318%; border-style: hidden;\"><strong>\u00a0<\/strong><\/td>\n<\/tr>\n<tr>\n<td style=\"width: 50%; border-style: hidden;\"><\/td>\n<td style=\"width: 49.4318%; border-style: hidden;\"><strong>\u00a0<\/strong><\/td>\n<\/tr>\n<tr>\n<td style=\"width: 50%; border-style: hidden;\"><\/td>\n<td style=\"width: 49.4318%; border-style: hidden;\"><strong>\u00a0<\/strong><\/td>\n<\/tr>\n<tr>\n<td style=\"width: 50%; border-style: hidden;\"><\/td>\n<td style=\"width: 49.4318%; border-style: hidden;\"><strong>\u00a0<\/strong><\/td>\n<\/tr>\n<tr>\n<td style=\"width: 50%; border-style: hidden;\"><\/td>\n<td style=\"width: 49.4318%; border-style: hidden;\"><strong>\u00a0<\/strong><\/td>\n<\/tr>\n<\/tbody>\n<\/table>\n<\/td>\n<td style=\"width: 50%; border-style: hidden; height: 518px;\">\n<h2>Calendari de matriculaci\u00f3<\/h2>\n<table style=\"border-collapse: collapse; width: 100%; border-style: hidden; height: 286px;\">\n<tbody>\n<tr style=\"height: 27px;\">\n<td style=\"width: 49.9171%; border-style: hidden; height: 27px;\"><strong>Estudi<\/strong><\/td>\n<td style=\"width: 50%; border-style: hidden; height: 27px;\"><strong>Dates<\/strong><\/td>\n<\/tr>\n<tr style=\"height: 27px;\">\n<td style=\"width: 49.9171%; border-style: hidden; height: 27px;\">Educaci\u00f3 Secund\u00e0ria Obligat\u00f2ria <span style=\"color: #ff0000;\"><strong>(Alumnat nou)<\/strong><\/span><\/td>\n<td style=\"width: 50%; border-style: hidden; height: 27px;\"><strong>Del 22 al 30 de juny de 2026<\/strong><\/td>\n<\/tr>\n<tr style=\"height: 27px;\">\n<td style=\"width: 49.9171%; border-style: hidden; height: 27px;\">FP b\u00e0sica (inform\u00e0tica oficina) <strong><span style=\"color: #ff0000;\">(Continu\u00eftat i nou)<\/span><\/strong><\/td>\n<td style=\"width: 50%; border-style: hidden; height: 27px;\"><strong>Del 29 de juny a l&#8217;1 de juliol de 2026<\/strong><\/td>\n<\/tr>\n<tr style=\"height: 27px;\">\n<td style=\"width: 49.9171%; border-style: hidden; height: 27px;\">Batxillerat <strong><span style=\"color: #ff0000;\">(Continu\u00eftat i nou)<\/span><\/strong><\/td>\n<td style=\"width: 50%; border-style: hidden; height: 27px;\"><strong>Del 18 al 30 de juny de 2026<\/strong><\/td>\n<\/tr>\n<tr style=\"height: 27px;\">\n<td style=\"width: 49.9171%; border-style: hidden; height: 27px;\">PFI (Ind\u00fastria i medi agrari)<\/td>\n<td style=\"width: 50%; border-style: hidden; height: 27px;\"><strong>Del 6 al 10 de juliol de 2026<\/strong><\/td>\n<\/tr>\n<tr style=\"height: 83px;\">\n<td style=\"width: 49.9171%; border-style: hidden; height: 83px;\">Cicles formatius de grau mitja <span style=\"color: #ff0000;\"><strong>(continu\u00eftat)<\/strong><\/span><\/td>\n<td style=\"width: 50%; border-style: hidden; height: 83px;\"><strong>Del 25 juny al 3 de juliol de 2026<\/strong><\/td>\n<\/tr>\n<tr style=\"height: 27px;\">\n<td style=\"width: 49.9171%; border-style: hidden; height: 27px;\">Cicle formatiu de grau mitj\u00e0 <strong><span style=\"color: #ff0000;\">(1r proc\u00e9s d&#8217;assignaci\u00f3)<\/span><\/strong><\/td>\n<td style=\"width: 50%; border-style: hidden; height: 27px;\"><strong>Del 10 al 14 de juliol de 2026<\/strong><\/td>\n<\/tr>\n<tr style=\"height: 41px;\">\n<td style=\"width: 49.9171%; border-style: hidden; height: 41px;\">Cicle formatiu de grau mitj\u00e0 <strong><span style=\"color: #ff0000;\">(2n proc\u00e9s d&#8217;assignaci\u00f3)<\/span><\/strong><\/td>\n<td style=\"width: 50%; border-style: hidden; height: 41px;\"><strong>Del 24 al 28 de juliol de 2026<\/strong><\/td>\n<\/tr>\n<\/tbody>\n<\/table>\n<p style=\"text-align: left;\">\n<\/td>\n<\/tr>\n<\/tbody>\n<\/table>\n<p>&nbsp;<\/p>\n","protected":false},"excerpt":{"rendered":"<p>Preinscripci\u00f3<br \/>\n<a href=\"https:\/\/drive.google.com\/drive\/folders\/149h0h6iLiaH4v7andCAf6uILqv0ztulx?usp=sharing\">ESO<\/a><br \/>\n<a href=\"https:\/\/drive.google.com\/drive\/folders\/1dJiN3ToZoZy4qMciwR1QWbuiocQ0uybp?usp=sharing\">Batxillerat<\/a><br \/>\n<a href=\"https:\/\/drive.google.com\/drive\/folders\/1ySo8mqRJZjPqjKM-q4tQD06i9nRf2iBo?usp=sharing\">Cicles formatius de grau mitj\u00e0<\/a><br \/>\n<a href=\"https:\/\/drive.google.com\/drive\/folders\/1ioKkHu4cDMY7ln1xfx1MzL67giEFYqyl?usp=sharing\">FP b\u00e0sica<\/a><br \/>\n<a href=\"https:\/\/drive.google.com\/drive\/folders\/1HGubXGJpYisAmG8JEAmGBTT8hp9yA2po?usp=drive_link\">PFI<\/a><\/p>\n<p>Matr\u00edcula (actiu en per\u00edode de matr\u00edcula)<br \/>\nESO<br \/>\nBatxillerat<br \/>\nCicles Formatius de grau mitj\u00e0<br \/>\nFP b\u00e0sica<br \/>\nPFI<\/p>\n<p>Calendari general de preinscripci\u00f3<\/p>\n<p>Estudi<br \/>\nDates<\/p>\n<p>Educaci\u00f3 Secund\u00e0ria Obligat\u00f2ria<br \/>\nDel 6 al 18 de mar\u00e7 de 2026<\/p>\n<p>Batxillerat<br \/>\nDel 09 al 16 d&#8217;abril de 2026<\/p>\n<p>PFI (Ind\u00fastria i medi agrari)<br \/>\nDel 04 al&hellip;  <a href=\"https:\/\/agora.xtec.cat\/iesaballester\/preinscripcio-i-matricula\/\" title=\"Read Preinscripci\u00f3 i matr\u00edcula\">Llegeix m\u00e9s\u00bb<\/a><\/p>\n","protected":false},"author":1,"featured_media":0,"parent":0,"menu_order":0,"comment_status":"closed","ping_status":"closed","template":"","meta":{"_bbp_topic_count":0,"_bbp_reply_count":0,"_bbp_total_topic_count":0,"_bbp_total_reply_count":0,"_bbp_voice_count":0,"_bbp_anonymous_reply_count":0,"_bbp_topic_count_hidden":0,"_bbp_reply_count_hidden":0,"_bbp_forum_subforum_count":0,"footnotes":""},"class_list":["post-8777","page","type-page","status-publish","hentry"],"post_mailing_queue_ids":[],"_links":{"self":[{"href":"https:\/\/agora.xtec.cat\/iesaballester\/wp-json\/wp\/v2\/pages\/8777","targetHints":{"allow":["GET"]}}],"collection":[{"href":"https:\/\/agora.xtec.cat\/iesaballester\/wp-json\/wp\/v2\/pages"}],"about":[{"href":"https:\/\/agora.xtec.cat\/iesaballester\/wp-json\/wp\/v2\/types\/page"}],"author":[{"embeddable":true,"href":"https:\/\/agora.xtec.cat\/iesaballester\/wp-json\/wp\/v2\/users\/1"}],"replies":[{"embeddable":true,"href":"https:\/\/agora.xtec.cat\/iesaballester\/wp-json\/wp\/v2\/comments?post=8777"}],"version-history":[{"count":7,"href":"https:\/\/agora.xtec.cat\/iesaballester\/wp-json\/wp\/v2\/pages\/8777\/revisions"}],"predecessor-version":[{"id":10434,"href":"https:\/\/agora.xtec.cat\/iesaballester\/wp-json\/wp\/v2\/pages\/8777\/revisions\/10434"}],"wp:attachment":[{"href":"https:\/\/agora.xtec.cat\/iesaballester\/wp-json\/wp\/v2\/media?parent=8777"}],"curies":[{"name":"wp","href":"https:\/\/api.w.org\/{rel}","templated":true}]}}