{"id":43,"date":"2014-09-17T16:45:07","date_gmt":"2014-09-17T16:45:07","guid":{"rendered":"http:\/\/agora.xtec.cat\/iesaballester\/?page_id=43"},"modified":"2025-10-13T15:31:00","modified_gmt":"2025-10-13T13:31:00","slug":"consell-escolar","status":"publish","type":"page","link":"https:\/\/agora.xtec.cat\/iesaballester\/linstitut\/consell-escolar\/","title":{"rendered":"Consell escolar"},"content":{"rendered":"<h4><strong>Membres del consell:<\/strong><\/h4>\n<p>&nbsp;<\/p>\n<div style=\"text-align: center;\"><\/div>\n<div style=\"text-align: center;\">\n<table style=\"margin: 0px auto; width: 369px; height: 541px;\" border=\"0\">\n<tbody>\n<tr style=\"height: 32px;\">\n<td style=\"text-align: left; width: 190px; height: 32px;\"><strong>Presidenta<\/strong><\/td>\n<td style=\"text-align: left; width: 171px; height: 32px;\">Sra.\u00a0Alexandra Estop\u00e0<\/td>\n<\/tr>\n<tr style=\"height: 32px;\">\n<td style=\"text-align: left; width: 190px; height: 32px;\"><strong>Cap d\u2019estudis<\/strong><\/td>\n<td style=\"text-align: left; width: 171px; height: 32px;\">Sr. Andreu Anguera<\/td>\n<\/tr>\n<tr style=\"height: 32px;\">\n<td style=\"text-align: left; width: 190px; height: 32px;\"><strong>Secret\u00e0ri<\/strong><\/td>\n<td style=\"text-align: left; width: 171px; height: 32px;\">Sr. Joan Pelej\u00e0<\/td>\n<\/tr>\n<tr style=\"height: 32px;\">\n<td style=\"text-align: left; width: 190px; height: 32px;\"><strong>Regidora Ajuntament<\/strong><\/td>\n<td style=\"text-align: left; width: 171px; height: 32px;\">Sra. Elvira Montagud<\/td>\n<\/tr>\n<tr style=\"height: 32px;\">\n<td style=\"text-align: left; width: 190px; height: 32px;\"><strong>Representant PAS<\/strong><\/td>\n<td style=\"text-align: left; width: 171px; height: 32px;\">Sr. Xavier G\u00f2mis<\/td>\n<\/tr>\n<tr style=\"height: 32px;\">\n<td style=\"text-align: left; width: 190px; height: 32px;\"><strong>Professorat<\/strong><\/td>\n<td style=\"text-align: left; width: 171px; height: 32px;\">Sra. Tere Panisello<\/td>\n<\/tr>\n<tr style=\"height: 32px;\">\n<td style=\"text-align: left; width: 190px; height: 32px;\"><strong>\u00a0<\/strong><\/td>\n<td style=\"text-align: left; width: 171px; height: 32px;\">Sra. M\u00f2nica Llaurad\u00f3<\/td>\n<\/tr>\n<tr style=\"height: 32px;\">\n<td style=\"text-align: left; width: 190px; height: 32px;\"><strong>\u00a0<\/strong><\/td>\n<td style=\"text-align: left; width: 171px; height: 32px;\">Sra. Raquel Vargas<\/td>\n<\/tr>\n<tr style=\"height: 32px;\">\n<td style=\"text-align: left; width: 190px; height: 32px;\"><strong>\u00a0<\/strong><\/td>\n<td style=\"text-align: left; width: 171px; height: 32px;\">Sr. Luis Alberto Moral<\/td>\n<\/tr>\n<tr style=\"height: 31px;\">\n<td style=\"text-align: left; width: 190px; height: 31px;\"><\/td>\n<td style=\"text-align: left; width: 171px; height: 31px;\"><\/td>\n<\/tr>\n<tr style=\"height: 48px;\">\n<td style=\"text-align: left; width: 190px; height: 48px;\"><strong><strong>\u00a0<\/strong><\/strong><strong>Pares i mares d\u2019alumnes<\/strong><\/td>\n<td style=\"text-align: left; width: 171px; height: 48px;\">Sr.D\u00eddac Claparols<\/td>\n<\/tr>\n<tr style=\"height: 32px;\">\n<td style=\"text-align: left; width: 190px; height: 32px;\"><strong>\u00a0Alumnes<\/strong><\/td>\n<td style=\"text-align: left; width: 171px; height: 32px;\">Noelia Rel<\/td>\n<\/tr>\n<tr style=\"height: 32px;\">\n<td style=\"text-align: left; width: 190px; height: 32px;\"><strong>\u00a0<\/strong><\/td>\n<td style=\"text-align: left; width: 171px; height: 32px;\">Roy Cabrera<\/td>\n<\/tr>\n<tr style=\"height: 31px;\">\n<td style=\"text-align: left; width: 190px; height: 31px;\"><\/td>\n<td style=\"text-align: left; width: 171px; height: 31px;\"><\/td>\n<\/tr>\n<tr style=\"height: 60px;\">\n<td style=\"text-align: left; width: 190px; height: 60px;\"><strong>Representant AFA<\/strong><\/td>\n<td style=\"text-align: left; width: 171px; height: 60px;\">Sr. Ra\u00fal Hern\u00e1ndez<\/td>\n<\/tr>\n<\/tbody>\n<\/table>\n<p>&nbsp;<\/p>\n<h4 style=\"text-align: left;\"><strong>Qu\u00e8 \u00e9s un Consell Escolar?<\/strong><\/h4>\n<p style=\"text-align: justify;\">El Consell escolar del Centre \u00e9s l\u2019\u00f2rgan de participaci\u00f3 de la comunitat escolar en el govern dels Instituts d\u2019educaci\u00f3 secund\u00e0ria i l\u2019\u00f2rgan de programaci\u00f3, seguiment i avaluaci\u00f3 general de les seves activitats.La Llei Org\u00e0nica 2\/2006, de 3 de maig, en regula la seva composici\u00f3 i les seves compet\u00e8ncies.El Plenari del Consell es reunir\u00e0 com a m\u00ednim un cop al trimestre i sempre que el president ho consideri necessari. Tamb\u00e9 es convocar\u00e0 quan ho demani 1\/3 o m\u00e9s dels seus membres amb dret a vot.En la sessi\u00f3 de constituci\u00f3 s\u2019escolliran els membres de les diferents comissions i una persona que impulsi mesures educatives que fomentin la igualtat real i efectiva entre homes i dones. (Art. 126.2 de la LOE)Els acords del Consell i de les seves comissions, sempre que sigui possible es prendran per consens. En cas contrari es realitzar\u00e0 votaci\u00f3 nominal directa i es requerir\u00e0 la majoria dels membres del Consell o de la comissi\u00f3 amb dret a vot per prendre els acords en primera convocat\u00f2ria. En cas de realitzar-se la votaci\u00f3 en segona convocat\u00f2ria es prendr\u00e0 per majoria simple, sempre que no es pugui ajornar la decisi\u00f3. Si per raons de calendari es pot ajornar l\u2019acord fins a una propera reuni\u00f3 ordin\u00e0ria, es proposar\u00e0 la decisi\u00f3.A les reunions del Consell escolar s\u2019hi podr\u00e0 convidar algun c\u00e0rrec unipersonal de coordinaci\u00f3, quan es tractin aspectes del seu \u00e0mbit de gesti\u00f3 o de la seva compet\u00e8ncia.<\/p>\n<h4 style=\"text-align: left;\"><strong>Compet\u00e8ncies:<\/strong><\/h4>\n<ul>\n<li style=\"text-align: justify;\">Con\u00e8ixer les candidatures a la direcci\u00f3 i els projectes de direcci\u00f3 presentats pels candidats \/ es.<\/li>\n<li style=\"text-align: justify;\">Participar en el proc\u00e9s de selecci\u00f3 del director\/a del Centre en els temes que la Llei estableix. Ser informat del nomenament i cessament de la resta dels membres de l\u2019equip directiu.<\/li>\n<li style=\"text-align: justify;\">Decidir sobre l\u2019admissi\u00f3 d\u2019alumnes, dins el marc de la normativa vigent.<\/li>\n<li style=\"text-align: justify;\">Vetllar pel correcte exercici dels drets i deures de l\u2019alumnat.<\/li>\n<li style=\"text-align: justify;\">Revisar, a instancia dels pares, la resoluci\u00f3 definitiva d\u2019expedient inicial al seu fill\/a, presa per la direcci\u00f3 del Centre, i proposar les mesures que consideri oportunes.<\/li>\n<li style=\"text-align: justify;\">Pot sol.licitar con\u00e8ixer la resoluci\u00f3 dels conflictes disciplinaris i vetllar perqu\u00e8 s\u2019atenguin a la normativa vigent.<\/li>\n<li style=\"text-align: justify;\">Avaluar els resultats de l\u2019aplicaci\u00f3 de les normes de conviv\u00e8ncia del Centre, analitzar els problemes detectats en la seva aplicaci\u00f3 efectiva i proposar l\u2019adopci\u00f3 de les mesures per a la seva resoluci\u00f3.<\/li>\n<li style=\"text-align: justify;\">Promoure, mesures i iniciatives que afavoreixin la conviv\u00e8ncia en el Centre, la igualtat entre homes i dones i la resoluci\u00f3 pac\u00edfica de conflictes en tots els \u00e0mbits de la vida personal, familiar i social.<\/li>\n<li style=\"text-align: justify;\">Aprovar el Projecte Educatiu del Centre i avaluar-ne el compliment.<\/li>\n<li style=\"text-align: justify;\">Aprovar el Pressupost del Centre, fer-ne el seguiment i aprovar-ne la liquidaci\u00f3.<\/li>\n<li style=\"text-align: justify;\">Aprovar el Reglament de r\u00e8gim interior del Centre.<\/li>\n<li style=\"text-align: justify;\">Avaluar i aprovar la programaci\u00f3 general del Centre que, amb car\u00e0cter anual, elabora l\u2019equip directiu.<\/li>\n<li style=\"text-align: justify;\">Avaluar i aprovar la mem\u00f2ria anual d\u2019activitats del Centre.<\/li>\n<li style=\"text-align: justify;\">Establir les relacions de col\u00b7laboraci\u00f3 amb altres centres amb finalitats culturals i educatives.<\/li>\n<li style=\"text-align: justify;\">Promoure l\u2019organitzaci\u00f3 de l\u2019\u00fas de les instal\u00b7lacions i material escolar, i la seva renovaci\u00f3, aix\u00ed com vetllar per la seva conservaci\u00f3.<\/li>\n<li style=\"text-align: justify;\">Analitzar i valorar el funcionament general del Centre, l\u2019evoluci\u00f3 del rendiment escolar i els resultats de les avaluacions internes i externes en qu\u00e8 participi el Centre.<\/li>\n<li style=\"text-align: justify;\">Qualsevol altra funci\u00f3 que li sigui atribu\u00efda per disposici\u00f3 del Departament d\u2019Educaci\u00f3.<\/li>\n<\/ul>\n<\/div>\n","protected":false},"excerpt":{"rendered":"<p>Membres del consell:<br \/>\n&nbsp;<\/p>\n<p>Presidenta<br \/>\nSra.\u00a0Alexandra Estop\u00e0<\/p>\n<p>Cap d\u2019estudis<br \/>\nSr. Andreu Anguera<\/p>\n<p>Secret\u00e0ri<br \/>\nSr. Joan Pelej\u00e0<\/p>\n<p>Regidora Ajuntament<br \/>\nSra. Elvira Montagud<\/p>\n<p>Representant PAS<br \/>\nSr. Xavier G\u00f2mis<\/p>\n<p>Professorat<br \/>\nSra. Tere Panisello<\/p>\n<p>\u00a0<br \/>\nSra. M\u00f2nica Llaurad\u00f3<\/p>\n<p>\u00a0<br \/>\nSra. Raquel Vargas<\/p>\n<p>\u00a0<br \/>\nSr. Luis Alberto Moral<\/p>\n<p>\u00a0Pares i mares d\u2019alumnes<br \/>\nSr.D\u00eddac Claparols<\/p>\n<p>\u00a0Alumnes<br \/>\nNoelia Rel<\/p>\n<p>\u00a0<br \/>\nRoy Cabrera<\/p>\n<p>Representant AFA<br \/>\nSr. Ra\u00fal Hern\u00e1ndez<\/p>\n<p>&nbsp;<br \/>\nQu\u00e8 \u00e9s un Consell Escolar?<br \/>\nEl Consell escolar del Centre \u00e9s l\u2019\u00f2rgan de participaci\u00f3&hellip;  <a href=\"https:\/\/agora.xtec.cat\/iesaballester\/linstitut\/consell-escolar\/\" title=\"Read Consell escolar\">Llegeix m\u00e9s\u00bb<\/a><\/p>\n","protected":false},"author":1,"featured_media":0,"parent":19,"menu_order":40,"comment_status":"closed","ping_status":"closed","template":"page-templates\/side-menu.php","meta":{"_bbp_topic_count":0,"_bbp_reply_count":0,"_bbp_total_topic_count":0,"_bbp_total_reply_count":0,"_bbp_voice_count":0,"_bbp_anonymous_reply_count":0,"_bbp_topic_count_hidden":0,"_bbp_reply_count_hidden":0,"_bbp_forum_subforum_count":0,"footnotes":""},"class_list":["post-43","page","type-page","status-publish","hentry"],"post_mailing_queue_ids":[],"_links":{"self":[{"href":"https:\/\/agora.xtec.cat\/iesaballester\/wp-json\/wp\/v2\/pages\/43","targetHints":{"allow":["GET"]}}],"collection":[{"href":"https:\/\/agora.xtec.cat\/iesaballester\/wp-json\/wp\/v2\/pages"}],"about":[{"href":"https:\/\/agora.xtec.cat\/iesaballester\/wp-json\/wp\/v2\/types\/page"}],"author":[{"embeddable":true,"href":"https:\/\/agora.xtec.cat\/iesaballester\/wp-json\/wp\/v2\/users\/1"}],"replies":[{"embeddable":true,"href":"https:\/\/agora.xtec.cat\/iesaballester\/wp-json\/wp\/v2\/comments?post=43"}],"version-history":[{"count":4,"href":"https:\/\/agora.xtec.cat\/iesaballester\/wp-json\/wp\/v2\/pages\/43\/revisions"}],"predecessor-version":[{"id":10000,"href":"https:\/\/agora.xtec.cat\/iesaballester\/wp-json\/wp\/v2\/pages\/43\/revisions\/10000"}],"up":[{"embeddable":true,"href":"https:\/\/agora.xtec.cat\/iesaballester\/wp-json\/wp\/v2\/pages\/19"}],"wp:attachment":[{"href":"https:\/\/agora.xtec.cat\/iesaballester\/wp-json\/wp\/v2\/media?parent=43"}],"curies":[{"name":"wp","href":"https:\/\/api.w.org\/{rel}","templated":true}]}}