{"id":27,"date":"2014-09-17T16:24:03","date_gmt":"2014-09-17T16:24:03","guid":{"rendered":"http:\/\/agora.xtec.cat\/iesaballester\/?page_id=27"},"modified":"2015-11-14T16:39:35","modified_gmt":"2015-11-14T15:39:35","slug":"historia","status":"publish","type":"page","link":"https:\/\/agora.xtec.cat\/iesaballester\/linstitut\/historia\/","title":{"rendered":"Hist\u00f2ria"},"content":{"rendered":"<h4>1. Creaci\u00f3 del Centre<\/h4>\n<p align=\"justify\">La implantaci\u00f3 de la LOGSE l&#8217;any 1996 va suposar la creaci\u00f3 de nous centres de secund\u00e0ria obligat\u00f2ria\u00a0arreu de Catalunya. \u00c9s per aquest motiu que a Mont-roig del Camp es van instal\u00b7lar uns m\u00f2duls prefabricats a l&#8217;antic camp de futbol, actualment parc Maria Martori, que durant uns anys van acollir l&#8217;alumnat de secund\u00e0ria obligat\u00f2ria de Mont-roig del Camp, Miami Platja, Pratdip, Colldejou i Vilanova d&#8217;Escornalbou. La secci\u00f3 d&#8217;ensenyament secundari inici\u00e0, d&#8217;aquesta manera, la seva activitat el curs 1996\/1997 amb el nom SES Mont-roig.<\/p>\n<p>&nbsp;<\/p>\n<p><a href=\"http:\/\/agora.xtec.cat\/iesaballester\/wp-content\/uploads\/usu14\/2015\/02\/historia_f1.jpg\"><img loading=\"lazy\" decoding=\"async\" class=\"wp-image-275  aligncenter\" src=\"http:\/\/agora.xtec.cat\/iesaballester\/wp-content\/uploads\/usu14\/2015\/02\/historia_f1-300x225.jpg\" alt=\"\" width=\"444\" height=\"333\" srcset=\"https:\/\/agora.xtec.cat\/iesaballester\/wp-content\/uploads\/usu14\/2015\/02\/historia_f1-300x225.jpg 300w, https:\/\/agora.xtec.cat\/iesaballester\/wp-content\/uploads\/usu14\/2015\/02\/historia_f1-200x150.jpg 200w, https:\/\/agora.xtec.cat\/iesaballester\/wp-content\/uploads\/usu14\/2015\/02\/historia_f1.jpg 512w\" sizes=\"auto, (max-width: 444px) 100vw, 444px\" \/><\/a><\/p>\n<p>&nbsp;<\/p>\n<h4>2. El nom del Centre<\/h4>\n<p align=\"justify\">La comunitat educativa pensava que el nom d&#8217;un centre d&#8217;ensenyament hauria d&#8217;estar relacionat amb el m\u00f3n cultural i\/o cient\u00edfic de la poblaci\u00f3 al qual pertany, at\u00e8s que SES Mont-roig havia estat assignat de forma gen\u00e8rica pel Departament d&#8217;Ensenyament mentre no se&#8217;n trob\u00e9s un de m\u00e9s adient. \u00c9s per aquesta ra\u00f3 que es va iniciar una cerca d&#8217;un personatge rellevant de Mont-roig del Camp i, posteriorment, es va proposar al Departament d&#8217;Ensenyament el nom d&#8217;Antoni Ballester que havia estat, pr\u00e8viament, escollit de forma democr\u00e0tica entre tota la comunitat educativa.<\/p>\n<p>Durant la festa de graduaci\u00f3 del curs 1999\/2000 es va fer p\u00fablic a tota la poblaci\u00f3 el nom oficial: <strong>SES Antoni Ballester<\/strong>.<\/p>\n<p><a href=\"http:\/\/agora.xtec.cat\/iesaballester\/wp-content\/uploads\/usu14\/2015\/02\/historia_f2.jpg\"><img loading=\"lazy\" decoding=\"async\" class=\"wp-image-276  aligncenter\" src=\"http:\/\/agora.xtec.cat\/iesaballester\/wp-content\/uploads\/usu14\/2015\/02\/historia_f2-286x300.jpg\" alt=\"\" width=\"400\" height=\"419\" srcset=\"https:\/\/agora.xtec.cat\/iesaballester\/wp-content\/uploads\/usu14\/2015\/02\/historia_f2-286x300.jpg 286w, https:\/\/agora.xtec.cat\/iesaballester\/wp-content\/uploads\/usu14\/2015\/02\/historia_f2.jpg 384w\" sizes=\"auto, (max-width: 400px) 100vw, 400px\" \/><\/a><\/p>\n<h4>3. De secci\u00f3 a institut<\/h4>\n<p align=\"justify\">L&#8217;\u00e0rea d&#8217;influ\u00e8cia, la filosofia del Centre i les condicions econ\u00f2mico-socials del moment van afavorir el creixement d&#8217;un alumnat que volia acabar tots els seus estudis sense haver de traslladar-se a una altra poblaci\u00f3. Aquestes raons es traslladaren al Departament d&#8217;Ensenyament i amb el DECRET 443\/2004, de 30 de novembre , es cre\u00e0 l&#8217;institut de secund\u00e0ria amb els efectes acad\u00e8mics d&#8217; ensenyament des de l&#8217;inici del curs escolar 2004\/2005. El canvi de nom suposava, entre altres aspectes, que el Centre podia ofertar batxillerat a l&#8217;alumnat que volgu\u00e9s continuar els seus estudis.<\/p>\n<h4>4. El nou edifici<\/h4>\n<p style=\"text-align: justify;\">El 18 de gener de 2005 l&#8217;alumnat, professorat i personal de l&#8217;institut Antoni Ballester de Mont-roig van iniciar les activitats al nou Centre, un espai de m\u00e9s de dos mil metres quadrats, amb tot all\u00f2 que durant temps no s&#8217;havia tingut a l&#8217;abast: tres laboratoris, un gimn\u00e0s, dues aules d&#8217;inform\u00e0tica, una biblioteca&#8230; a banda d&#8217;aules dignes i espais per estudiar-hi. Havien estat m\u00e9s de vuit anys treballant en unes aules prefabricades i esperant un edifici que per fi s&#8217;estrenava.<\/p>\n<p><a href=\"http:\/\/agora.xtec.cat\/iesaballester\/wp-content\/uploads\/usu14\/2015\/02\/historia_f3.jpg\"><img loading=\"lazy\" decoding=\"async\" class=\"wp-image-277 aligncenter\" src=\"http:\/\/agora.xtec.cat\/iesaballester\/wp-content\/uploads\/usu14\/2015\/02\/historia_f3-300x226.jpg\" alt=\"\" width=\"400\" height=\"301\" srcset=\"https:\/\/agora.xtec.cat\/iesaballester\/wp-content\/uploads\/usu14\/2015\/02\/historia_f3-300x226.jpg 300w, https:\/\/agora.xtec.cat\/iesaballester\/wp-content\/uploads\/usu14\/2015\/02\/historia_f3-1024x771.jpg 1024w, https:\/\/agora.xtec.cat\/iesaballester\/wp-content\/uploads\/usu14\/2015\/02\/historia_f3-200x150.jpg 200w, https:\/\/agora.xtec.cat\/iesaballester\/wp-content\/uploads\/usu14\/2015\/02\/historia_f3.jpg 1363w\" sizes=\"auto, (max-width: 400px) 100vw, 400px\" \/><\/a><\/p>\n<h4>5. La inauguraci\u00f3 oficial de l&#8217;institut Antoni Ballester<\/h4>\n<p style=\"text-align: justify;\">El dia 7 d&#8217;octubre de 2005 el Sr. alcalde de Mont-roig del Camp i la consellera d&#8217;Educaci\u00f3, acompanyats per les autoritats relacionades amb el municipi i en el m\u00f3n d&#8217;Educaci\u00f3 inauguraren el nou edifici. Un dels atractius de\u00a0 l&#8217;esmentat acte va ser poder comptar amb la figura del cient\u00edfic que d\u00f3na nom a l&#8217;institut: el sr. Antoni Ballester que, a m\u00e9s, sign\u00e0 en el llibre d&#8217;honor del Centre.<\/p>\n<p><a href=\"http:\/\/agora.xtec.cat\/iesaballester\/wp-content\/uploads\/usu14\/2015\/02\/historia_f4.jpg\"><img loading=\"lazy\" decoding=\"async\" class=\"wp-image-278 aligncenter\" src=\"http:\/\/agora.xtec.cat\/iesaballester\/wp-content\/uploads\/usu14\/2015\/02\/historia_f4-300x225.jpg\" alt=\"\" width=\"401\" height=\"301\" srcset=\"https:\/\/agora.xtec.cat\/iesaballester\/wp-content\/uploads\/usu14\/2015\/02\/historia_f4-300x225.jpg 300w, https:\/\/agora.xtec.cat\/iesaballester\/wp-content\/uploads\/usu14\/2015\/02\/historia_f4-200x150.jpg 200w, https:\/\/agora.xtec.cat\/iesaballester\/wp-content\/uploads\/usu14\/2015\/02\/historia_f4.jpg 512w\" sizes=\"auto, (max-width: 401px) 100vw, 401px\" \/><\/a><\/p>\n","protected":false},"excerpt":{"rendered":"<p>1. Creaci\u00f3 del Centre<br \/>\nLa implantaci\u00f3 de la LOGSE l&#8217;any 1996 va suposar la creaci\u00f3 de nous centres de secund\u00e0ria obligat\u00f2ria\u00a0arreu de Catalunya. \u00c9s per aquest motiu que a Mont-roig del Camp es van instal\u00b7lar uns m\u00f2duls prefabricats a l&#8217;antic camp de futbol, actualment parc Maria&hellip;  <a href=\"https:\/\/agora.xtec.cat\/iesaballester\/linstitut\/historia\/\" title=\"Read Hist\u00f2ria\">Llegeix m\u00e9s\u00bb<\/a><\/p>\n","protected":false},"author":1,"featured_media":0,"parent":19,"menu_order":20,"comment_status":"closed","ping_status":"closed","template":"page-templates\/side-menu.php","meta":{"_bbp_topic_count":0,"_bbp_reply_count":0,"_bbp_total_topic_count":0,"_bbp_total_reply_count":0,"_bbp_voice_count":0,"_bbp_anonymous_reply_count":0,"_bbp_topic_count_hidden":0,"_bbp_reply_count_hidden":0,"_bbp_forum_subforum_count":0,"footnotes":""},"class_list":["post-27","page","type-page","status-publish","hentry"],"post_mailing_queue_ids":[],"_links":{"self":[{"href":"https:\/\/agora.xtec.cat\/iesaballester\/wp-json\/wp\/v2\/pages\/27","targetHints":{"allow":["GET"]}}],"collection":[{"href":"https:\/\/agora.xtec.cat\/iesaballester\/wp-json\/wp\/v2\/pages"}],"about":[{"href":"https:\/\/agora.xtec.cat\/iesaballester\/wp-json\/wp\/v2\/types\/page"}],"author":[{"embeddable":true,"href":"https:\/\/agora.xtec.cat\/iesaballester\/wp-json\/wp\/v2\/users\/1"}],"replies":[{"embeddable":true,"href":"https:\/\/agora.xtec.cat\/iesaballester\/wp-json\/wp\/v2\/comments?post=27"}],"version-history":[{"count":4,"href":"https:\/\/agora.xtec.cat\/iesaballester\/wp-json\/wp\/v2\/pages\/27\/revisions"}],"predecessor-version":[{"id":635,"href":"https:\/\/agora.xtec.cat\/iesaballester\/wp-json\/wp\/v2\/pages\/27\/revisions\/635"}],"up":[{"embeddable":true,"href":"https:\/\/agora.xtec.cat\/iesaballester\/wp-json\/wp\/v2\/pages\/19"}],"wp:attachment":[{"href":"https:\/\/agora.xtec.cat\/iesaballester\/wp-json\/wp\/v2\/media?parent=27"}],"curies":[{"name":"wp","href":"https:\/\/api.w.org\/{rel}","templated":true}]}}