{"id":195,"date":"2014-09-22T10:39:39","date_gmt":"2014-09-22T10:39:39","guid":{"rendered":"http:\/\/agora.xtec.cat\/iesaballester\/?page_id=195"},"modified":"2017-04-28T19:49:08","modified_gmt":"2017-04-28T17:49:08","slug":"estudis","status":"publish","type":"page","link":"https:\/\/agora.xtec.cat\/iesaballester\/estudis\/","title":{"rendered":"Oferta educativa del centre"},"content":{"rendered":"<p align=\"justify\">L&#8217;Institut Antoni Ballester pret\u00e9n una formaci\u00f3 integral de l&#8217;alumnat en tots els seus aspectes: intel\u00b7lectual, motor, personal, afectiu, d&#8217;actuaci\u00f3, d&#8217;inserci\u00f3 social i professional. Per aquest motiu, t\u00e9 unes \u00e0mplies funcions formatives i orientadores per tal que l&#8217;alumnat adquireixi un ampli domini de les compet\u00e8ncies b\u00e0siques que li facilitin la incorporaci\u00f3 a estudis superiors o a l&#8217;activitat laboral, i que pugui prendre part en la sociatet de forma activa i responsable.<\/p>\n<p>&nbsp;<\/p>\n<h4>1. Nivells Educatius<\/h4>\n<p>Els estudis i nivells educatius que s&#8217;ofereixen s\u00f3n:<\/p>\n<h5>Ensenyament Secundari Obligatori.<\/h5>\n<p>1r ESO, 2n ESO, 3r ESO, 4t ESO<\/p>\n<h5>Batxillerat.<\/h5>\n<p>1r BATX, 2n BATX en les modalitats de<\/p>\n<ul>\n<li>Tecnol\u00f2gic<\/li>\n<li>Cient\u00edfic<\/li>\n<li>Social<\/li>\n<li>Human\u00edstic<\/li>\n<\/ul>\n<h5>Programa de\u00a0Transici\u00f3 al Treball &#8211; Programa de Formaci\u00f3 i Inserci\u00f3 (PTT-PFI).<\/h5>\n<p><em>Vivers i Jardins de Mont-roig del Camp<\/em><\/p>\n<h5>Cicle Formatius<\/h5>\n<p>CFGM Sistemes microinform\u00e0tics i xarxes<\/p>\n<p>CFGS d&#8217;Animaci\u00f3 Sociocultural i Tur\u00edstica<\/p>\n<h4><\/h4>\n<h4>2. Projecte Curricular<\/h4>\n<p>ENSENYAMENT SECUNDARI OBLIGATORI (ESO)<\/p>\n<p>&nbsp;<\/p>\n<div style=\"text-align: center;\">\n<table style=\"margin: 0 auto;\" border=\"0\">\n<tbody>\n<tr bgcolor=\"#CEE3F6\">\n<td>1r ESO<\/td>\n<td>30 hores setmanals de classe<\/td>\n<td>2 mat\u00e8ries optatives<\/td>\n<\/tr>\n<tr bgcolor=\"#CEE3F6\">\n<td>2n ESO<\/td>\n<td>30 hores setmanals de classe<\/td>\n<td>2 mat\u00e8ries optatives<\/td>\n<\/tr>\n<tr bgcolor=\"#CEE3F6\">\n<td>3r ESO<\/td>\n<td>30 hores setmanals de classe<\/td>\n<td>2 mat\u00e8ries optatives<\/td>\n<\/tr>\n<tr bgcolor=\"#CEE3F6\">\n<td>4t ESO<\/td>\n<td>30 hores setmanals de classe<\/td>\n<td>9 mat\u00e8ries optatives espec\u00edfiques<\/td>\n<\/tr>\n<\/tbody>\n<\/table>\n<p>&nbsp;<\/p>\n<p>DISTRIBUICI\u00d3 PER HORES I CURSOS DEL CURR\u00cdCULUM<\/p>\n<p>&nbsp;<\/p>\n<div style=\"text-align: center;\">\n<table style=\"margin: 0 auto;\" border=\"0\">\n<tbody>\n<tr bgcolor=\"#CEE3F6\">\n<td>CURSOS<\/td>\n<td>1r<\/td>\n<td>2n<\/td>\n<td>3r<\/td>\n<td>4t<\/td>\n<\/tr>\n<tr bgcolor=\"#CEE3F6\">\n<td>Llengua catalana i literatura<\/td>\n<td>3<\/td>\n<td>3<\/td>\n<td>3<\/td>\n<td>3<\/td>\n<\/tr>\n<tr bgcolor=\"#CEE3F6\">\n<td>Llengua Castellana<\/td>\n<td>3<\/td>\n<td>3<\/td>\n<td>3<\/td>\n<td>3<\/td>\n<\/tr>\n<tr bgcolor=\"#CEE3F6\">\n<td>Llengua estrangera<\/td>\n<td>3<\/td>\n<td>3<\/td>\n<td>3<\/td>\n<td>3+(1)<\/td>\n<\/tr>\n<tr bgcolor=\"#CEE3F6\">\n<td>Matem\u00e0tiques<\/td>\n<td>3<\/td>\n<td>3<\/td>\n<td>3<\/td>\n<td>3<\/td>\n<\/tr>\n<tr bgcolor=\"#CEE3F6\">\n<td>Ci\u00e8ncies de la naturales<\/td>\n<td>3<\/td>\n<td>3<\/td>\n<td>4<\/td>\n<td>&#8211;<\/td>\n<\/tr>\n<tr bgcolor=\"#CEE3F6\">\n<td>Ci\u00e8ncies socials, geografia i hist\u00f2ria<\/td>\n<td>3<\/td>\n<td>3<\/td>\n<td>3<\/td>\n<td>3<\/td>\n<\/tr>\n<tr bgcolor=\"#CEE3F6\">\n<td>Educaci\u00f3 F\u00edsica<\/td>\n<td>2<\/td>\n<td>2<\/td>\n<td>2<\/td>\n<td>2<\/td>\n<\/tr>\n<tr bgcolor=\"#CEE3F6\">\n<td>Tecnologies<\/td>\n<td>2<\/td>\n<td>2<\/td>\n<td>2<\/td>\n<td>&#8211;<\/td>\n<\/tr>\n<tr bgcolor=\"#CEE3F6\">\n<td>Educaci\u00f3 Visual i Pl\u00e0stica<\/td>\n<td>&#8211;<\/td>\n<td>3<\/td>\n<td>1<\/td>\n<td>&#8211;<\/td>\n<\/tr>\n<tr bgcolor=\"#CEE3F6\">\n<td>M\u00fasica<\/td>\n<td>3<\/td>\n<td>&#8211;<\/td>\n<td>1<\/td>\n<td>&#8211;<\/td>\n<\/tr>\n<tr bgcolor=\"#CEE3F6\">\n<td>Educaci\u00f3 per a la ciutadania<\/td>\n<td>&#8211;<\/td>\n<td>&#8211;<\/td>\n<td>1<\/td>\n<td>&#8211;<\/td>\n<\/tr>\n<tr bgcolor=\"#CEE3F6\">\n<td>Educaci\u00f3 eticoc\u00edvica<\/td>\n<td>&#8211;<\/td>\n<td>&#8211;<\/td>\n<td>&#8211;<\/td>\n<td>1<\/td>\n<\/tr>\n<tr bgcolor=\"#CEE3F6\">\n<td>Religi\u00f3\/Activitats alternatives<\/td>\n<td>2<\/td>\n<td>1<\/td>\n<td>1<\/td>\n<td>1<\/td>\n<\/tr>\n<tr bgcolor=\"#CEE3F6\">\n<td>Mat\u00e8ries Optatives<\/td>\n<td>2<\/td>\n<td>2<\/td>\n<td>2<\/td>\n<td>&#8211;<\/td>\n<\/tr>\n<tr bgcolor=\"#CEE3F6\">\n<td>Mat\u00e8ries Espec\u00edfiques<\/td>\n<td>&#8211;<\/td>\n<td>&#8211;<\/td>\n<td>&#8211;<\/td>\n<td>9<\/td>\n<\/tr>\n<tr bgcolor=\"#CEE3F6\">\n<td>Tutoria<\/td>\n<td>1<\/td>\n<td>1<\/td>\n<td>1<\/td>\n<td>1<\/td>\n<\/tr>\n<tr bgcolor=\"#CEE3F6\">\n<td>Treball de s\u00edntesi<\/td>\n<td>(1)<\/td>\n<td>(1)<\/td>\n<td>(1)<\/td>\n<td>&#8211;<\/td>\n<\/tr>\n<tr bgcolor=\"#CEE3F6\">\n<td>Projecte de recerca<\/td>\n<td>&#8211;<\/td>\n<td>&#8211;<\/td>\n<td>&#8211;<\/td>\n<td>(1)<\/td>\n<\/tr>\n<tr bgcolor=\"#CEE3F6\">\n<td>TOTAL HORES<\/td>\n<td>30<\/td>\n<td>30<\/td>\n<td>30<\/td>\n<td>30<\/td>\n<\/tr>\n<\/tbody>\n<\/table>\n<p>&nbsp;<\/p>\n<p style=\"text-align: justify;\">ORGANITZACI\u00d3 DEL CURR\u00cdCULUM<\/p>\n<p><a href=\"http:\/\/agora.xtec.cat\/iesaballester\/wp-content\/uploads\/usu14\/2014\/09\/organitzaci\u00f3.png\"><img loading=\"lazy\" decoding=\"async\" class=\"alignnone size-medium wp-image-441\" src=\"http:\/\/agora.xtec.cat\/iesaballester\/wp-content\/uploads\/usu14\/2014\/09\/organitzaci\u00f3-300x242.png\" alt=\"organitzaci\u00f3\" width=\"300\" height=\"242\" srcset=\"https:\/\/agora.xtec.cat\/iesaballester\/wp-content\/uploads\/usu14\/2014\/09\/organitzaci\u00f3-300x242.png 300w, https:\/\/agora.xtec.cat\/iesaballester\/wp-content\/uploads\/usu14\/2014\/09\/organitzaci\u00f3.png 393w\" sizes=\"auto, (max-width: 300px) 100vw, 300px\" \/><\/a><\/p>\n<p style=\"text-align: justify;\">MAT\u00c8RIES COMUNES<\/p>\n<p style=\"text-align: justify;\">El desenvolupament curricular cont\u00e9 el <strong>curr\u00edculum com\u00fa <\/strong>i el <strong>curr\u00edculum diversificat<\/strong>.<\/p>\n<p style=\"text-align: justify;\"><strong>Curr\u00edculum com\u00fa (obligatori)<\/strong><\/p>\n<p style=\"text-align: justify;\">Es refereix a la part del curr\u00edculum que \u00e9s com\u00fa i obligatori per a tot l&#8217;alumnat. Consta de mat\u00e8ries comunes, treball de s\u00edntesi\/projecte de recerca i tutoria.<\/p>\n<p style=\"text-align: justify;\"><em>Mat\u00e8ries comunes<\/em>:<\/p>\n<p style=\"text-align: justify;\">S\u00f3n els que despleguen la part disciplinar obligat\u00f2ria del curr\u00edculum.<\/p>\n<p style=\"text-align: justify;\"><em>Treball de s\u00edntesi<\/em>: Programat atenent directament a les compet\u00e8ncies b\u00e0siques de l&#8217;etapa, sense estar adscrits a cap mat\u00e8ria.<\/p>\n<p style=\"text-align: justify;\">El desenvolupament es fa de forma intensiva i exclusiva i dura de tres a cinc dies.<\/p>\n<p style=\"text-align: justify;\">L&#8217;alumne\/a en cursa un a cadascun dels tres primers cursos de l&#8217;etapa.<\/p>\n<p style=\"text-align: justify;\"><em>Projecte de recerca:<\/em><\/p>\n<p style=\"text-align: justify;\">Conjunt d\u2019activitats de descoberta i recerca realitzades per l\u2019alumnat que cursa 4t d\u2019ESO entorn d\u2019un tema escollit i acotat, en part per ell\/a mateix\/a, sota el guiatge del professorat.<\/p>\n<p style=\"text-align: justify;\"><em>Tutoria<\/em>:<\/p>\n<p style=\"text-align: justify;\">Cont\u00e9 les activitats d&#8217;aprenentatge amb les quals es concreta el Pla d&#8217;acci\u00f3 tutorial del centre. Es desenvolupa en una hora lectiva setmanal i una hora m\u00e9s d&#8217;atenci\u00f3 individualitzada.<\/p>\n<p style=\"text-align: justify;\"><strong>Curr\u00edculum diversificat (optatiu)<\/strong>:<\/p>\n<p style=\"text-align: justify;\">Farefer\u00e8ncia ala partdelcurr\u00edculumquepermetrealitzar adaptacions atenent la diversitat d&#8217;interessos, aptituds i disposicions dels alumnes. Est\u00e0 format per <em>mat\u00e8ries optatives i mat\u00e8ries espec\u00edfiques.<\/em><\/p>\n<p style=\"text-align: justify;\"><strong><em>OBSERVACIONS<\/em><\/strong><\/p>\n<ul style=\"text-align: justify;\">\n<li>L&#8217;alumnat de 1r, 2n i 3r d\u2019ESO escollir\u00e0 al comen\u00e7ament de curs les mat\u00e8ries optatives que haur\u00e0 de cursar a partir de l\u2019oferta del Centre, amb l\u2019orientaci\u00f3 del tutor\/a i amb el vist i plau del pare\/mare\/tutor legal.<\/li>\n<\/ul>\n<ul style=\"text-align: justify;\">\n<li>L\u2019opci\u00f3 de cursar Religi\u00f3 ha de ser presa per l\u2019alumne\/a en comen\u00e7ar l\u2019etapa.L&#8217;alumnat haur\u00e0 de triar entre l&#8217;opci\u00f3 de cursar Religi\u00f3 o b\u00e9 Activitats d&#8217;estudi alternatives.<\/li>\n<\/ul>\n<ul style=\"text-align: justify;\">\n<li>L&#8217;alumne\/a podr\u00e0 cursar Llengua francesa com a mat\u00e8ria optativa en un dels cursos entre 1r i 3r d\u2019ESO.<\/li>\n<\/ul>\n<ul>\n<li style=\"text-align: justify;\">A 4t d\u2019ESO l\u2019alumnat ha de cursar 3 mat\u00e8ries espec\u00edfiques a ra\u00f3 de 3 hores setmanals d\u2019entre les seg\u00fcents: Biologia i Geologia, F\u00edsica i Qu\u00edmica, Educaci\u00f3 visual i pl\u00e0stica, M\u00fasica, Tecnologia, Inform\u00e0tica, Llat\u00ed i Llengua francesa. Prendr\u00e0 aquesta decisi\u00f3 d\u2019opcionalitat mentre cursi 3r d\u2019ESO.<\/li>\n<\/ul>\n<\/div>\n<\/div>\n","protected":false},"excerpt":{"rendered":"<p>L&#8217;Institut Antoni Ballester pret\u00e9n una formaci\u00f3 integral de l&#8217;alumnat en tots els seus aspectes: intel\u00b7lectual, motor, personal, afectiu, d&#8217;actuaci\u00f3, d&#8217;inserci\u00f3 social i professional. Per aquest motiu, t\u00e9 unes \u00e0mplies funcions formatives i orientadores per tal que l&#8217;alumnat adquireixi un ampli domini de les compet\u00e8ncies b\u00e0siques&hellip;  <a href=\"https:\/\/agora.xtec.cat\/iesaballester\/estudis\/\" title=\"Read Oferta educativa del centre\">Llegeix m\u00e9s\u00bb<\/a><\/p>\n","protected":false},"author":1,"featured_media":0,"parent":0,"menu_order":0,"comment_status":"closed","ping_status":"closed","template":"","meta":{"_bbp_topic_count":0,"_bbp_reply_count":0,"_bbp_total_topic_count":0,"_bbp_total_reply_count":0,"_bbp_voice_count":0,"_bbp_anonymous_reply_count":0,"_bbp_topic_count_hidden":0,"_bbp_reply_count_hidden":0,"_bbp_forum_subforum_count":0,"footnotes":""},"class_list":["post-195","page","type-page","status-publish","hentry"],"post_mailing_queue_ids":[],"_links":{"self":[{"href":"https:\/\/agora.xtec.cat\/iesaballester\/wp-json\/wp\/v2\/pages\/195","targetHints":{"allow":["GET"]}}],"collection":[{"href":"https:\/\/agora.xtec.cat\/iesaballester\/wp-json\/wp\/v2\/pages"}],"about":[{"href":"https:\/\/agora.xtec.cat\/iesaballester\/wp-json\/wp\/v2\/types\/page"}],"author":[{"embeddable":true,"href":"https:\/\/agora.xtec.cat\/iesaballester\/wp-json\/wp\/v2\/users\/1"}],"replies":[{"embeddable":true,"href":"https:\/\/agora.xtec.cat\/iesaballester\/wp-json\/wp\/v2\/comments?post=195"}],"version-history":[{"count":3,"href":"https:\/\/agora.xtec.cat\/iesaballester\/wp-json\/wp\/v2\/pages\/195\/revisions"}],"predecessor-version":[{"id":1417,"href":"https:\/\/agora.xtec.cat\/iesaballester\/wp-json\/wp\/v2\/pages\/195\/revisions\/1417"}],"wp:attachment":[{"href":"https:\/\/agora.xtec.cat\/iesaballester\/wp-json\/wp\/v2\/media?parent=195"}],"curies":[{"name":"wp","href":"https:\/\/api.w.org\/{rel}","templated":true}]}}