{"id":977,"date":"2023-11-14T13:28:41","date_gmt":"2023-11-14T12:28:41","guid":{"rendered":"https:\/\/agora.xtec.cat\/ies-vromana-lagarriga\/?page_id=977"},"modified":"2025-02-06T08:45:30","modified_gmt":"2025-02-06T07:45:30","slug":"projecte-rius","status":"publish","type":"page","link":"https:\/\/agora.xtec.cat\/ies-vromana-lagarriga\/projecte-educatiu\/projecte-rius\/","title":{"rendered":"PROJECTE RIUS"},"content":{"rendered":"\n<h4 class=\"wp-block-heading\">Projecte rius<\/h4>\n\n\n\n<p class=\"has-small-font-size\"><strong>El Projecte Rius \u00e9s una iniciativa de l\u2019Associaci\u00f3 H\u00e0bitat<\/strong>, una entitat sense afany de lucre que des del 1997 treballa per apropar les persones als rius i les rieres.<\/p>\n\n\n\n<p class=\"has-small-font-size\">El projecte neix al Departament d\u2019Ecologia de la Universitat de Barcelona (Facultat de Biologia), on professorat i alumnes conceben una iniciativa que combina la vessant ambiental amb la social, ideant aix\u00ed un gran projecte de participaci\u00f3 ciutadana i de voluntariat ambiental per l&#8217;an\u00e0lisi, seguiment i millora dels&nbsp;<strong>ecosistemes fluvials.<\/strong><\/p>\n\n\n\n<p class=\"has-small-font-size\">El Projecte Rius basa la seva tasca en tres pilars fonamentals:<\/p>\n\n\n\n<ul class=\"has-small-font-size wp-block-list\">\n<li>La import\u00e0ncia de&nbsp;<strong>l\u2019educaci\u00f3<\/strong>&nbsp;per con\u00e8ixer millor els ecosistemes aqu\u00e0tics.<\/li>\n\n\n\n<li>La const\u00e0ncia del treball del&nbsp;<strong>voluntariat<\/strong>, que vetlla per la conservaci\u00f3 d\u2019un tram de riu a l\u2019\u00e0mbit local.<\/li>\n\n\n\n<li>El foment de la&nbsp;<strong>participaci\u00f3<\/strong>&nbsp;ciutadana, com a eina fonamental que ens condueix cap a una societat m\u00e9s conscient i capacitada per emprendre accions de protecci\u00f3 i millora d\u2019aquests ecosistemes.<\/li>\n<\/ul>\n\n\n\n<figure class=\"wp-block-image size-large\"><a href=\"https:\/\/agora.xtec.cat\/ies-vromana-lagarriga\/wp-content\/uploads\/usu2444\/2025\/02\/IMG_20241022_120854-3072x1728-1-scaled.jpg\"><img loading=\"lazy\" decoding=\"async\" width=\"1024\" height=\"576\" src=\"https:\/\/agora.xtec.cat\/ies-vromana-lagarriga\/wp-content\/uploads\/usu2444\/2025\/02\/IMG_20241022_120854-3072x1728-1-1024x576.jpg\" alt=\"\" class=\"wp-image-3616\" srcset=\"https:\/\/agora.xtec.cat\/ies-vromana-lagarriga\/wp-content\/uploads\/usu2444\/2025\/02\/IMG_20241022_120854-3072x1728-1-1024x576.jpg 1024w, https:\/\/agora.xtec.cat\/ies-vromana-lagarriga\/wp-content\/uploads\/usu2444\/2025\/02\/IMG_20241022_120854-3072x1728-1-300x169.jpg 300w, https:\/\/agora.xtec.cat\/ies-vromana-lagarriga\/wp-content\/uploads\/usu2444\/2025\/02\/IMG_20241022_120854-3072x1728-1-768x432.jpg 768w, https:\/\/agora.xtec.cat\/ies-vromana-lagarriga\/wp-content\/uploads\/usu2444\/2025\/02\/IMG_20241022_120854-3072x1728-1-1536x864.jpg 1536w, https:\/\/agora.xtec.cat\/ies-vromana-lagarriga\/wp-content\/uploads\/usu2444\/2025\/02\/IMG_20241022_120854-3072x1728-1-2048x1152.jpg 2048w\" sizes=\"auto, (max-width: 1024px) 100vw, 1024px\" \/><\/a><\/figure>\n","protected":false},"excerpt":{"rendered":"<p>Projecte rius El Projecte Rius \u00e9s una iniciativa de l\u2019Associaci\u00f3 H\u00e0bitat, una entitat sense afany de lucre que des del [&hellip;]<\/p>\n","protected":false},"author":5,"featured_media":0,"parent":57,"menu_order":21,"comment_status":"closed","ping_status":"closed","template":"","meta":{"_bbp_topic_count":0,"_bbp_reply_count":0,"_bbp_total_topic_count":0,"_bbp_total_reply_count":0,"_bbp_voice_count":0,"_bbp_anonymous_reply_count":0,"_bbp_topic_count_hidden":0,"_bbp_reply_count_hidden":0,"_bbp_forum_subforum_count":0,"site-sidebar-layout":"default","site-content-layout":"","ast-site-content-layout":"default","site-content-style":"default","site-sidebar-style":"default","ast-global-header-display":"","ast-banner-title-visibility":"","ast-main-header-display":"","ast-hfb-above-header-display":"","ast-hfb-below-header-display":"","ast-hfb-mobile-header-display":"","site-post-title":"disabled","ast-breadcrumbs-content":"","ast-featured-img":"","footer-sml-layout":"","theme-transparent-header-meta":"","adv-header-id-meta":"","stick-header-meta":"","header-above-stick-meta":"","header-main-stick-meta":"","header-below-stick-meta":"","astra-migrate-meta-layouts":"set","ast-page-background-enabled":"default","ast-page-background-meta":{"desktop":{"background-color":"var(--ast-global-color-4)","background-image":"","background-repeat":"repeat","background-position":"center center","background-size":"auto","background-attachment":"scroll","background-type":"","background-media":"","overlay-type":"","overlay-color":"","overlay-opacity":"","overlay-gradient":""},"tablet":{"background-color":"","background-image":"","background-repeat":"repeat","background-position":"center center","background-size":"auto","background-attachment":"scroll","background-type":"","background-media":"","overlay-type":"","overlay-color":"","overlay-opacity":"","overlay-gradient":""},"mobile":{"background-color":"","background-image":"","background-repeat":"repeat","background-position":"center center","background-size":"auto","background-attachment":"scroll","background-type":"","background-media":"","overlay-type":"","overlay-color":"","overlay-opacity":"","overlay-gradient":""}},"ast-content-background-meta":{"desktop":{"background-color":"var(--ast-global-color-5)","background-image":"","background-repeat":"repeat","background-position":"center center","background-size":"auto","background-attachment":"scroll","background-type":"","background-media":"","overlay-type":"","overlay-color":"","overlay-opacity":"","overlay-gradient":""},"tablet":{"background-color":"var(--ast-global-color-5)","background-image":"","background-repeat":"repeat","background-position":"center center","background-size":"auto","background-attachment":"scroll","background-type":"","background-media":"","overlay-type":"","overlay-color":"","overlay-opacity":"","overlay-gradient":""},"mobile":{"background-color":"var(--ast-global-color-5)","background-image":"","background-repeat":"repeat","background-position":"center center","background-size":"auto","background-attachment":"scroll","background-type":"","background-media":"","overlay-type":"","overlay-color":"","overlay-opacity":"","overlay-gradient":""}},"footnotes":""},"class_list":["post-977","page","type-page","status-publish","hentry"],"post_mailing_queue_ids":[],"_links":{"self":[{"href":"https:\/\/agora.xtec.cat\/ies-vromana-lagarriga\/wp-json\/wp\/v2\/pages\/977","targetHints":{"allow":["GET"]}}],"collection":[{"href":"https:\/\/agora.xtec.cat\/ies-vromana-lagarriga\/wp-json\/wp\/v2\/pages"}],"about":[{"href":"https:\/\/agora.xtec.cat\/ies-vromana-lagarriga\/wp-json\/wp\/v2\/types\/page"}],"author":[{"embeddable":true,"href":"https:\/\/agora.xtec.cat\/ies-vromana-lagarriga\/wp-json\/wp\/v2\/users\/5"}],"replies":[{"embeddable":true,"href":"https:\/\/agora.xtec.cat\/ies-vromana-lagarriga\/wp-json\/wp\/v2\/comments?post=977"}],"version-history":[{"count":5,"href":"https:\/\/agora.xtec.cat\/ies-vromana-lagarriga\/wp-json\/wp\/v2\/pages\/977\/revisions"}],"predecessor-version":[{"id":3618,"href":"https:\/\/agora.xtec.cat\/ies-vromana-lagarriga\/wp-json\/wp\/v2\/pages\/977\/revisions\/3618"}],"up":[{"embeddable":true,"href":"https:\/\/agora.xtec.cat\/ies-vromana-lagarriga\/wp-json\/wp\/v2\/pages\/57"}],"wp:attachment":[{"href":"https:\/\/agora.xtec.cat\/ies-vromana-lagarriga\/wp-json\/wp\/v2\/media?parent=977"}],"curies":[{"name":"wp","href":"https:\/\/api.w.org\/{rel}","templated":true}]}}