{"id":960,"date":"2023-11-14T13:22:44","date_gmt":"2023-11-14T12:22:44","guid":{"rendered":"https:\/\/agora.xtec.cat\/ies-vromana-lagarriga\/?page_id=960"},"modified":"2025-02-05T17:59:22","modified_gmt":"2025-02-05T16:59:22","slug":"catskills","status":"publish","type":"page","link":"https:\/\/agora.xtec.cat\/ies-vromana-lagarriga\/projecte-educatiu\/catskills\/","title":{"rendered":"CATSKILLS"},"content":{"rendered":"\n<h4 class=\"wp-block-heading\">CATSKILLS<\/h4>\n\n\n\n<p class=\"has-small-font-size\">Catskills \u00e9s un programa d&#8217;innovaci\u00f3 pedag\u00f2gica per promoure i demostrar l&#8217;expertesa i les compet\u00e8ncies de l&#8217;alumnat de formaci\u00f3 professional de Catalunya.<\/p>\n\n\n\n<figure class=\"wp-block-image alignleft\"><a href=\"https:\/\/agora.xtec.cat\/ies-vromana-lagarriga\/wp-content\/uploads\/usu2444\/2023\/12\/logo-catskills-petit-bin.png_1758555089.png\"><img loading=\"lazy\" decoding=\"async\" width=\"250\" height=\"201\" src=\"https:\/\/agora.xtec.cat\/ies-vromana-lagarriga\/wp-content\/uploads\/usu2444\/2023\/12\/logo-catskills-petit-bin.png_1758555089.png\" alt=\"\" class=\"wp-image-1070\"\/><\/a><\/figure>\n\n\n\n<p class=\"has-small-font-size\">El programa s&#8217;articula al voltant de l&#8217;organitzaci\u00f3 d&#8217;uns cicles de campionats en qu\u00e8 l&#8217;alumnat que hi participa ha de demostrar les seves destreses i habilitats en diferents modalitats. En el llenguatge dels campionats Catskills, cada modalitat \u00e9s una&nbsp;<em>skill&nbsp;<\/em>relacionada amb diferents especialitats de la formaci\u00f3 professional.<\/p>\n\n\n\n<p class=\"has-small-font-size\">A m\u00e9s a m\u00e9s de ser una experi\u00e8ncia molt enriquidora i motivadora per a l&#8217;alumnat, aquests campionats propicien la creaci\u00f3 de xarxes de col\u00b7laboraci\u00f3 entre docents de formaci\u00f3 professional i empreses de diferents sectors que col\u00b7laboren en l&#8217;organitzaci\u00f3.<\/p>\n\n\n\n<p class=\"has-small-font-size\">El Catskills inclou entrenaments de preparaci\u00f3 per participar a campionats i exhibicions d&#8217;\u00e0mbit catal\u00e0, estatal i internacional, i s&#8217;emmarca i s&#8217;inspira en les competicions Spainskills, EuroSkills i Worldskills, concebudes per impulsar i posar en valor la formaci\u00f3 professional.<\/p>\n\n\n\n<p class=\"has-small-font-size\">La bona acollida del Catskills als centres d&#8217;FP de Catalunya ha fet possible que els darrers anys s&#8217;hi hagin pogut organitzar competicions de m\u00e9s de 40 modalitats, i l&#8217;ha situat com el territori amb m\u00e9s participaci\u00f3 a l&#8217;Spainskills.<\/p>\n\n\n\n<figure class=\"wp-block-image\"><a href=\"https:\/\/agora.xtec.cat\/ies-vromana-lagarriga\/wp-content\/uploads\/usu2444\/2024\/02\/image-1.jpg\"><img loading=\"lazy\" decoding=\"async\" width=\"430\" height=\"400\" src=\"https:\/\/agora.xtec.cat\/ies-vromana-lagarriga\/wp-content\/uploads\/usu2444\/2024\/02\/image-1.jpg\" alt=\"\" class=\"wp-image-1752\" srcset=\"https:\/\/agora.xtec.cat\/ies-vromana-lagarriga\/wp-content\/uploads\/usu2444\/2024\/02\/image-1.jpg 430w, https:\/\/agora.xtec.cat\/ies-vromana-lagarriga\/wp-content\/uploads\/usu2444\/2024\/02\/image-1-300x279.jpg 300w\" sizes=\"auto, (max-width: 430px) 100vw, 430px\" \/><\/a><\/figure>\n\n\n\n<figure class=\"wp-block-image\"><a href=\"https:\/\/agora.xtec.cat\/ies-vromana-lagarriga\/wp-content\/uploads\/usu2444\/2024\/02\/image.jpg\"><img loading=\"lazy\" decoding=\"async\" width=\"889\" height=\"400\" src=\"https:\/\/agora.xtec.cat\/ies-vromana-lagarriga\/wp-content\/uploads\/usu2444\/2024\/02\/image.jpg\" alt=\"\" class=\"wp-image-1753\" srcset=\"https:\/\/agora.xtec.cat\/ies-vromana-lagarriga\/wp-content\/uploads\/usu2444\/2024\/02\/image.jpg 889w, https:\/\/agora.xtec.cat\/ies-vromana-lagarriga\/wp-content\/uploads\/usu2444\/2024\/02\/image-300x135.jpg 300w, https:\/\/agora.xtec.cat\/ies-vromana-lagarriga\/wp-content\/uploads\/usu2444\/2024\/02\/image-768x346.jpg 768w\" sizes=\"auto, (max-width: 889px) 100vw, 889px\" \/><\/a><\/figure>\n","protected":false},"excerpt":{"rendered":"<p>CATSKILLS Catskills \u00e9s un programa d&#8217;innovaci\u00f3 pedag\u00f2gica per promoure i demostrar l&#8217;expertesa i les compet\u00e8ncies de l&#8217;alumnat de formaci\u00f3 professional [&hellip;]<\/p>\n","protected":false},"author":5,"featured_media":0,"parent":57,"menu_order":8,"comment_status":"closed","ping_status":"closed","template":"","meta":{"_bbp_topic_count":0,"_bbp_reply_count":0,"_bbp_total_topic_count":0,"_bbp_total_reply_count":0,"_bbp_voice_count":0,"_bbp_anonymous_reply_count":0,"_bbp_topic_count_hidden":0,"_bbp_reply_count_hidden":0,"_bbp_forum_subforum_count":0,"site-sidebar-layout":"default","site-content-layout":"","ast-site-content-layout":"default","site-content-style":"default","site-sidebar-style":"default","ast-global-header-display":"","ast-banner-title-visibility":"","ast-main-header-display":"","ast-hfb-above-header-display":"","ast-hfb-below-header-display":"","ast-hfb-mobile-header-display":"","site-post-title":"disabled","ast-breadcrumbs-content":"","ast-featured-img":"","footer-sml-layout":"","theme-transparent-header-meta":"","adv-header-id-meta":"","stick-header-meta":"","header-above-stick-meta":"","header-main-stick-meta":"","header-below-stick-meta":"","astra-migrate-meta-layouts":"set","ast-page-background-enabled":"default","ast-page-background-meta":{"desktop":{"background-color":"var(--ast-global-color-4)","background-image":"","background-repeat":"repeat","background-position":"center center","background-size":"auto","background-attachment":"scroll","background-type":"","background-media":"","overlay-type":"","overlay-color":"","overlay-opacity":"","overlay-gradient":""},"tablet":{"background-color":"","background-image":"","background-repeat":"repeat","background-position":"center center","background-size":"auto","background-attachment":"scroll","background-type":"","background-media":"","overlay-type":"","overlay-color":"","overlay-opacity":"","overlay-gradient":""},"mobile":{"background-color":"","background-image":"","background-repeat":"repeat","background-position":"center center","background-size":"auto","background-attachment":"scroll","background-type":"","background-media":"","overlay-type":"","overlay-color":"","overlay-opacity":"","overlay-gradient":""}},"ast-content-background-meta":{"desktop":{"background-color":"var(--ast-global-color-5)","background-image":"","background-repeat":"repeat","background-position":"center center","background-size":"auto","background-attachment":"scroll","background-type":"","background-media":"","overlay-type":"","overlay-color":"","overlay-opacity":"","overlay-gradient":""},"tablet":{"background-color":"var(--ast-global-color-5)","background-image":"","background-repeat":"repeat","background-position":"center center","background-size":"auto","background-attachment":"scroll","background-type":"","background-media":"","overlay-type":"","overlay-color":"","overlay-opacity":"","overlay-gradient":""},"mobile":{"background-color":"var(--ast-global-color-5)","background-image":"","background-repeat":"repeat","background-position":"center center","background-size":"auto","background-attachment":"scroll","background-type":"","background-media":"","overlay-type":"","overlay-color":"","overlay-opacity":"","overlay-gradient":""}},"footnotes":""},"class_list":["post-960","page","type-page","status-publish","hentry"],"post_mailing_queue_ids":[],"_links":{"self":[{"href":"https:\/\/agora.xtec.cat\/ies-vromana-lagarriga\/wp-json\/wp\/v2\/pages\/960","targetHints":{"allow":["GET"]}}],"collection":[{"href":"https:\/\/agora.xtec.cat\/ies-vromana-lagarriga\/wp-json\/wp\/v2\/pages"}],"about":[{"href":"https:\/\/agora.xtec.cat\/ies-vromana-lagarriga\/wp-json\/wp\/v2\/types\/page"}],"author":[{"embeddable":true,"href":"https:\/\/agora.xtec.cat\/ies-vromana-lagarriga\/wp-json\/wp\/v2\/users\/5"}],"replies":[{"embeddable":true,"href":"https:\/\/agora.xtec.cat\/ies-vromana-lagarriga\/wp-json\/wp\/v2\/comments?post=960"}],"version-history":[{"count":5,"href":"https:\/\/agora.xtec.cat\/ies-vromana-lagarriga\/wp-json\/wp\/v2\/pages\/960\/revisions"}],"predecessor-version":[{"id":3569,"href":"https:\/\/agora.xtec.cat\/ies-vromana-lagarriga\/wp-json\/wp\/v2\/pages\/960\/revisions\/3569"}],"up":[{"embeddable":true,"href":"https:\/\/agora.xtec.cat\/ies-vromana-lagarriga\/wp-json\/wp\/v2\/pages\/57"}],"wp:attachment":[{"href":"https:\/\/agora.xtec.cat\/ies-vromana-lagarriga\/wp-json\/wp\/v2\/media?parent=960"}],"curies":[{"name":"wp","href":"https:\/\/api.w.org\/{rel}","templated":true}]}}