{"id":959,"date":"2023-11-14T13:22:44","date_gmt":"2023-11-14T12:22:44","guid":{"rendered":"https:\/\/agora.xtec.cat\/ies-vromana-lagarriga\/?page_id=959"},"modified":"2025-02-05T17:58:10","modified_gmt":"2025-02-05T16:58:10","slug":"aicle","status":"publish","type":"page","link":"https:\/\/agora.xtec.cat\/ies-vromana-lagarriga\/projecte-educatiu\/aicle\/","title":{"rendered":"AICLE"},"content":{"rendered":"\n<h4 class=\"wp-block-heading\">AICLE<\/h4>\n\n\n\n<p class=\"has-small-font-size\">L\u2019<strong>AICLE<\/strong>\u00a0(aprenentatge integrat de contingut i llengua estrangera), en angl\u00e8s CLIL (<em>content and language integrated learning<\/em>),\u00a0\u00e9s una metodologia que promou l\u2019<strong>\u00fas de la llengua estrangera per a l\u2019ensenyament i aprenentatge de mat\u00e8ries<\/strong>\u00a0diferents de la mateixa llengua en q\u00fcesti\u00f3.<\/p>\n\n\n\n<p class=\"has-small-font-size\">A l\u2019Institut Vil\u00b7la Romana apostem per la implementaci\u00f3 de la metodologia AICLE oferint a l\u2019alumnat la possibilitat de realitzar projectes i activitats de mat\u00e8ries no ling\u00fc\u00edstiques en angl\u00e8s. Actualment, tenim professorat amb formaci\u00f3 AICLE als departaments de Socials, Educaci\u00f3 F\u00edsica i Ci\u00e8ncies Naturals.<\/p>\n\n\n\n<p class=\"has-small-font-size\">Es tracta d\u2019una oportunitat m\u00e9s que l\u2019Institut ofereix a l\u2019alumnat d\u2019<strong>augmentar el nombres d\u2019hores de contacte amb la llengua estrangera<\/strong>, sempre amb l\u2019objectiu de millorar el nivell de llengua de l\u2019alumnat.<\/p>\n","protected":false},"excerpt":{"rendered":"<p>AICLE L\u2019AICLE\u00a0(aprenentatge integrat de contingut i llengua estrangera), en angl\u00e8s CLIL (content and language integrated learning),\u00a0\u00e9s una metodologia que promou [&hellip;]<\/p>\n","protected":false},"author":5,"featured_media":0,"parent":57,"menu_order":7,"comment_status":"closed","ping_status":"closed","template":"","meta":{"_bbp_topic_count":0,"_bbp_reply_count":0,"_bbp_total_topic_count":0,"_bbp_total_reply_count":0,"_bbp_voice_count":0,"_bbp_anonymous_reply_count":0,"_bbp_topic_count_hidden":0,"_bbp_reply_count_hidden":0,"_bbp_forum_subforum_count":0,"site-sidebar-layout":"default","site-content-layout":"","ast-site-content-layout":"default","site-content-style":"default","site-sidebar-style":"default","ast-global-header-display":"","ast-banner-title-visibility":"","ast-main-header-display":"","ast-hfb-above-header-display":"","ast-hfb-below-header-display":"","ast-hfb-mobile-header-display":"","site-post-title":"disabled","ast-breadcrumbs-content":"","ast-featured-img":"","footer-sml-layout":"","theme-transparent-header-meta":"","adv-header-id-meta":"","stick-header-meta":"","header-above-stick-meta":"","header-main-stick-meta":"","header-below-stick-meta":"","astra-migrate-meta-layouts":"set","ast-page-background-enabled":"default","ast-page-background-meta":{"desktop":{"background-color":"var(--ast-global-color-4)","background-image":"","background-repeat":"repeat","background-position":"center center","background-size":"auto","background-attachment":"scroll","background-type":"","background-media":"","overlay-type":"","overlay-color":"","overlay-opacity":"","overlay-gradient":""},"tablet":{"background-color":"","background-image":"","background-repeat":"repeat","background-position":"center center","background-size":"auto","background-attachment":"scroll","background-type":"","background-media":"","overlay-type":"","overlay-color":"","overlay-opacity":"","overlay-gradient":""},"mobile":{"background-color":"","background-image":"","background-repeat":"repeat","background-position":"center center","background-size":"auto","background-attachment":"scroll","background-type":"","background-media":"","overlay-type":"","overlay-color":"","overlay-opacity":"","overlay-gradient":""}},"ast-content-background-meta":{"desktop":{"background-color":"var(--ast-global-color-5)","background-image":"","background-repeat":"repeat","background-position":"center center","background-size":"auto","background-attachment":"scroll","background-type":"","background-media":"","overlay-type":"","overlay-color":"","overlay-opacity":"","overlay-gradient":""},"tablet":{"background-color":"var(--ast-global-color-5)","background-image":"","background-repeat":"repeat","background-position":"center center","background-size":"auto","background-attachment":"scroll","background-type":"","background-media":"","overlay-type":"","overlay-color":"","overlay-opacity":"","overlay-gradient":""},"mobile":{"background-color":"var(--ast-global-color-5)","background-image":"","background-repeat":"repeat","background-position":"center center","background-size":"auto","background-attachment":"scroll","background-type":"","background-media":"","overlay-type":"","overlay-color":"","overlay-opacity":"","overlay-gradient":""}},"footnotes":""},"class_list":["post-959","page","type-page","status-publish","hentry"],"post_mailing_queue_ids":[],"_links":{"self":[{"href":"https:\/\/agora.xtec.cat\/ies-vromana-lagarriga\/wp-json\/wp\/v2\/pages\/959","targetHints":{"allow":["GET"]}}],"collection":[{"href":"https:\/\/agora.xtec.cat\/ies-vromana-lagarriga\/wp-json\/wp\/v2\/pages"}],"about":[{"href":"https:\/\/agora.xtec.cat\/ies-vromana-lagarriga\/wp-json\/wp\/v2\/types\/page"}],"author":[{"embeddable":true,"href":"https:\/\/agora.xtec.cat\/ies-vromana-lagarriga\/wp-json\/wp\/v2\/users\/5"}],"replies":[{"embeddable":true,"href":"https:\/\/agora.xtec.cat\/ies-vromana-lagarriga\/wp-json\/wp\/v2\/comments?post=959"}],"version-history":[{"count":3,"href":"https:\/\/agora.xtec.cat\/ies-vromana-lagarriga\/wp-json\/wp\/v2\/pages\/959\/revisions"}],"predecessor-version":[{"id":3568,"href":"https:\/\/agora.xtec.cat\/ies-vromana-lagarriga\/wp-json\/wp\/v2\/pages\/959\/revisions\/3568"}],"up":[{"embeddable":true,"href":"https:\/\/agora.xtec.cat\/ies-vromana-lagarriga\/wp-json\/wp\/v2\/pages\/57"}],"wp:attachment":[{"href":"https:\/\/agora.xtec.cat\/ies-vromana-lagarriga\/wp-json\/wp\/v2\/media?parent=959"}],"curies":[{"name":"wp","href":"https:\/\/api.w.org\/{rel}","templated":true}]}}