{"id":954,"date":"2023-11-14T13:22:44","date_gmt":"2023-11-14T12:22:44","guid":{"rendered":"https:\/\/agora.xtec.cat\/ies-vromana-lagarriga\/?page_id=954"},"modified":"2025-10-06T18:23:43","modified_gmt":"2025-10-06T16:23:43","slug":"pla-anual","status":"publish","type":"page","link":"https:\/\/agora.xtec.cat\/ies-vromana-lagarriga\/documentacio-estrategica\/pla-anual\/","title":{"rendered":"Pla anual"},"content":{"rendered":"\n<h4 class=\"wp-block-heading\">Pla anual<\/h4>\n\n\n\n<p class=\"has-small-font-size\">El Pla Anual \u00e9s un document institucional que els centres elaboren a l&#8217;inici de cada curs escolar. Aquest pla concreta les actuacions derivades del Projecte Educatiu i del Projecte de Direcci\u00f3, incloent aspectes d&#8217;organitzaci\u00f3 i funcionament, projectes, situacions d&#8217;aprenentatge de les mat\u00e8ries i plans d&#8217;actuaci\u00f3 acordats per al curs. A m\u00e9s, estableix els criteris, indicadors i procediments per avaluar l&#8217;assoliment dels objectius previstos.<\/p>\n\n\n\n<div data-wp-interactive=\"core\/file\" class=\"wp-block-file\"><object data-wp-bind--hidden=\"!state.hasPdfPreview\" hidden class=\"wp-block-file__embed\" data=\"https:\/\/agora.xtec.cat\/ies-vromana-lagarriga\/wp-content\/uploads\/usu2444\/2025\/10\/Pla-anual.-Curs-2025-26-v3.pdf\" type=\"application\/pdf\" style=\"width:100%;height:600px\" aria-label=\"Incrustaci\u00f3 del fitxer Pla anual. Curs 2025-26 v3.\"><\/object><a id=\"wp-block-file--media-6a96445a-3b16-4943-8008-894541bc7e58\" href=\"https:\/\/agora.xtec.cat\/ies-vromana-lagarriga\/wp-content\/uploads\/usu2444\/2025\/10\/Pla-anual.-Curs-2025-26-v3.pdf\">Pla anual. Curs 2025-26 v3<\/a><a href=\"https:\/\/agora.xtec.cat\/ies-vromana-lagarriga\/wp-content\/uploads\/usu2444\/2025\/10\/Pla-anual.-Curs-2025-26-v3.pdf\" class=\"wp-block-file__button wp-element-button\" download aria-describedby=\"wp-block-file--media-6a96445a-3b16-4943-8008-894541bc7e58\">Baixa<\/a><\/div>\n","protected":false},"excerpt":{"rendered":"<p>Pla anual El Pla Anual \u00e9s un document institucional que els centres elaboren a l&#8217;inici de cada curs escolar. Aquest [&hellip;]<\/p>\n","protected":false},"author":5,"featured_media":0,"parent":3370,"menu_order":3,"comment_status":"closed","ping_status":"closed","template":"","meta":{"_bbp_topic_count":0,"_bbp_reply_count":0,"_bbp_total_topic_count":0,"_bbp_total_reply_count":0,"_bbp_voice_count":0,"_bbp_anonymous_reply_count":0,"_bbp_topic_count_hidden":0,"_bbp_reply_count_hidden":0,"_bbp_forum_subforum_count":0,"site-sidebar-layout":"default","site-content-layout":"","ast-site-content-layout":"default","site-content-style":"default","site-sidebar-style":"default","ast-global-header-display":"","ast-banner-title-visibility":"","ast-main-header-display":"","ast-hfb-above-header-display":"","ast-hfb-below-header-display":"","ast-hfb-mobile-header-display":"","site-post-title":"disabled","ast-breadcrumbs-content":"","ast-featured-img":"","footer-sml-layout":"","theme-transparent-header-meta":"","adv-header-id-meta":"","stick-header-meta":"","header-above-stick-meta":"","header-main-stick-meta":"","header-below-stick-meta":"","astra-migrate-meta-layouts":"set","ast-page-background-enabled":"default","ast-page-background-meta":{"desktop":{"background-color":"var(--ast-global-color-4)","background-image":"","background-repeat":"repeat","background-position":"center center","background-size":"auto","background-attachment":"scroll","background-type":"","background-media":"","overlay-type":"","overlay-color":"","overlay-opacity":"","overlay-gradient":""},"tablet":{"background-color":"","background-image":"","background-repeat":"repeat","background-position":"center center","background-size":"auto","background-attachment":"scroll","background-type":"","background-media":"","overlay-type":"","overlay-color":"","overlay-opacity":"","overlay-gradient":""},"mobile":{"background-color":"","background-image":"","background-repeat":"repeat","background-position":"center center","background-size":"auto","background-attachment":"scroll","background-type":"","background-media":"","overlay-type":"","overlay-color":"","overlay-opacity":"","overlay-gradient":""}},"ast-content-background-meta":{"desktop":{"background-color":"var(--ast-global-color-5)","background-image":"","background-repeat":"repeat","background-position":"center center","background-size":"auto","background-attachment":"scroll","background-type":"","background-media":"","overlay-type":"","overlay-color":"","overlay-opacity":"","overlay-gradient":""},"tablet":{"background-color":"var(--ast-global-color-5)","background-image":"","background-repeat":"repeat","background-position":"center center","background-size":"auto","background-attachment":"scroll","background-type":"","background-media":"","overlay-type":"","overlay-color":"","overlay-opacity":"","overlay-gradient":""},"mobile":{"background-color":"var(--ast-global-color-5)","background-image":"","background-repeat":"repeat","background-position":"center center","background-size":"auto","background-attachment":"scroll","background-type":"","background-media":"","overlay-type":"","overlay-color":"","overlay-opacity":"","overlay-gradient":""}},"footnotes":""},"class_list":["post-954","page","type-page","status-publish","hentry"],"post_mailing_queue_ids":[],"_links":{"self":[{"href":"https:\/\/agora.xtec.cat\/ies-vromana-lagarriga\/wp-json\/wp\/v2\/pages\/954","targetHints":{"allow":["GET"]}}],"collection":[{"href":"https:\/\/agora.xtec.cat\/ies-vromana-lagarriga\/wp-json\/wp\/v2\/pages"}],"about":[{"href":"https:\/\/agora.xtec.cat\/ies-vromana-lagarriga\/wp-json\/wp\/v2\/types\/page"}],"author":[{"embeddable":true,"href":"https:\/\/agora.xtec.cat\/ies-vromana-lagarriga\/wp-json\/wp\/v2\/users\/5"}],"replies":[{"embeddable":true,"href":"https:\/\/agora.xtec.cat\/ies-vromana-lagarriga\/wp-json\/wp\/v2\/comments?post=954"}],"version-history":[{"count":6,"href":"https:\/\/agora.xtec.cat\/ies-vromana-lagarriga\/wp-json\/wp\/v2\/pages\/954\/revisions"}],"predecessor-version":[{"id":4541,"href":"https:\/\/agora.xtec.cat\/ies-vromana-lagarriga\/wp-json\/wp\/v2\/pages\/954\/revisions\/4541"}],"up":[{"embeddable":true,"href":"https:\/\/agora.xtec.cat\/ies-vromana-lagarriga\/wp-json\/wp\/v2\/pages\/3370"}],"wp:attachment":[{"href":"https:\/\/agora.xtec.cat\/ies-vromana-lagarriga\/wp-json\/wp\/v2\/media?parent=954"}],"curies":[{"name":"wp","href":"https:\/\/api.w.org\/{rel}","templated":true}]}}