{"id":81,"date":"2014-09-18T10:38:05","date_gmt":"2014-09-18T10:38:05","guid":{"rendered":"http:\/\/agora.xtec.cat\/ies-vromana-lagarriga\/?page_id=81"},"modified":"2025-02-15T17:43:23","modified_gmt":"2025-02-15T16:43:23","slug":"secretaria","status":"publish","type":"page","link":"https:\/\/agora.xtec.cat\/ies-vromana-lagarriga\/secretaria\/","title":{"rendered":"Secretaria"},"content":{"rendered":"\n<h4 class=\"wp-block-heading\">Secretaria<\/h4>\n\n\n\n<p class=\"has-small-font-size\">A la Secretaria del centre gestionem els tr\u00e0mits acad\u00e8mics i administratius relacionats amb l\u2019escolaritzaci\u00f3 de l\u2019alumnat. En aquest apartat trobar\u00e0s tota la informaci\u00f3 necess\u00e0ria sobre horaris, documentaci\u00f3, ajuts, convalidacions i processos de preinscripci\u00f3 i matr\u00edcula.<\/p>\n\n\n\n<h5 class=\"wp-block-heading\"><strong>Subapartats:<\/strong><\/h5>\n\n\n\n<p class=\"has-small-font-size\">\ud83d\udd39 <strong><a href=\"https:\/\/agora.xtec.cat\/ies-vromana-lagarriga\/secretaria\/horaris-de-secretaria\/\">Horaris de secretaria<\/a><\/strong> \u2013 Consulta els horaris d\u2019atenci\u00f3 al p\u00fablic..<\/p>\n\n\n\n<p class=\"has-small-font-size\">\ud83d\udd39 <strong><a href=\"https:\/\/agora.xtec.cat\/ies-vromana-lagarriga\/secretaria\/documentacio\/\">Documentaci\u00f3<\/a><\/strong> \u2013 Models de documents per descarregar, com autoritzacions, sol\u00b7licituds de t\u00edtols acad\u00e8mics, reclamacions i altres tr\u00e0mits administratius.<\/p>\n\n\n\n<p class=\"has-small-font-size\">\ud83d\udd39 <strong><a href=\"https:\/\/agora.xtec.cat\/ies-vromana-lagarriga\/secretaria\/ajuts-de-suport-a-lescolaritzacio\/\">Ajuts de suport a l\u2019escolaritzaci\u00f3<\/a><\/strong> \u2013 Informaci\u00f3 sobre ajuts i beques disponibles, inclosos els terminis i enlla\u00e7os per sol\u00b7licitar subvencions municipals, beques NEE i beques de postobligat\u00f2ria.<\/p>\n\n\n\n<p class=\"has-small-font-size\">\ud83d\udd39 <strong><a href=\"https:\/\/agora.xtec.cat\/ies-vromana-lagarriga\/secretaria\/convalidacions\/\">Convalidacions<\/a><\/strong> \u2013 Enlla\u00e7 a la normativa vigent i formularis per sol\u00b7licitar convalidacions per a l\u2019alumnat que compagina estudis amb m\u00fasica, dansa o esport.<\/p>\n\n\n\n<p class=\"has-small-font-size\">\ud83d\udd39 <strong><a href=\"https:\/\/agora.xtec.cat\/ies-vromana-lagarriga\/secretaria\/portes-obertes\/\">Portes obertes<\/a><\/strong> \u2013 Dates de les jornades de portes obertes i enlla\u00e7 per inscriure\u2019s a les sessions informatives.<\/p>\n\n\n\n<p class=\"has-small-font-size\">\ud83d\udd39<a href=\"http:\/\/Preinscripci\u00f3 i matr\u00edcula\"> <\/a><strong><a href=\"https:\/\/agora.xtec.cat\/ies-vromana-lagarriga\/secretaria\/preinscripcio-i-matricula\/\">Preinscripci\u00f3 i matr\u00edcula<\/a><\/strong> \u2013 Informaci\u00f3 actualitzada sobre el proc\u00e9s de preinscripci\u00f3 i matr\u00edcula als diferents estudis, incloses les dates i llistes oficials publicades durant el proc\u00e9s.<\/p>\n","protected":false},"excerpt":{"rendered":"<p>Secretaria A la Secretaria del centre gestionem els tr\u00e0mits acad\u00e8mics i administratius relacionats amb l\u2019escolaritzaci\u00f3 de l\u2019alumnat. En aquest apartat [&hellip;]<\/p>\n","protected":false},"author":1,"featured_media":0,"parent":0,"menu_order":0,"comment_status":"closed","ping_status":"closed","template":"","meta":{"_bbp_topic_count":0,"_bbp_reply_count":0,"_bbp_total_topic_count":0,"_bbp_total_reply_count":0,"_bbp_voice_count":0,"_bbp_anonymous_reply_count":0,"_bbp_topic_count_hidden":0,"_bbp_reply_count_hidden":0,"_bbp_forum_subforum_count":0,"site-sidebar-layout":"default","site-content-layout":"","ast-site-content-layout":"default","site-content-style":"default","site-sidebar-style":"default","ast-global-header-display":"","ast-banner-title-visibility":"","ast-main-header-display":"","ast-hfb-above-header-display":"","ast-hfb-below-header-display":"","ast-hfb-mobile-header-display":"","site-post-title":"disabled","ast-breadcrumbs-content":"","ast-featured-img":"","footer-sml-layout":"","theme-transparent-header-meta":"","adv-header-id-meta":"","stick-header-meta":"","header-above-stick-meta":"","header-main-stick-meta":"","header-below-stick-meta":"","astra-migrate-meta-layouts":"set","ast-page-background-enabled":"default","ast-page-background-meta":{"desktop":{"background-color":"var(--ast-global-color-4)","background-image":"","background-repeat":"repeat","background-position":"center center","background-size":"auto","background-attachment":"scroll","background-type":"","background-media":"","overlay-type":"","overlay-color":"","overlay-opacity":"","overlay-gradient":""},"tablet":{"background-color":"","background-image":"","background-repeat":"repeat","background-position":"center center","background-size":"auto","background-attachment":"scroll","background-type":"","background-media":"","overlay-type":"","overlay-color":"","overlay-opacity":"","overlay-gradient":""},"mobile":{"background-color":"","background-image":"","background-repeat":"repeat","background-position":"center center","background-size":"auto","background-attachment":"scroll","background-type":"","background-media":"","overlay-type":"","overlay-color":"","overlay-opacity":"","overlay-gradient":""}},"ast-content-background-meta":{"desktop":{"background-color":"var(--ast-global-color-5)","background-image":"","background-repeat":"repeat","background-position":"center center","background-size":"auto","background-attachment":"scroll","background-type":"","background-media":"","overlay-type":"","overlay-color":"","overlay-opacity":"","overlay-gradient":""},"tablet":{"background-color":"var(--ast-global-color-5)","background-image":"","background-repeat":"repeat","background-position":"center center","background-size":"auto","background-attachment":"scroll","background-type":"","background-media":"","overlay-type":"","overlay-color":"","overlay-opacity":"","overlay-gradient":""},"mobile":{"background-color":"var(--ast-global-color-5)","background-image":"","background-repeat":"repeat","background-position":"center center","background-size":"auto","background-attachment":"scroll","background-type":"","background-media":"","overlay-type":"","overlay-color":"","overlay-opacity":"","overlay-gradient":""}},"footnotes":""},"class_list":["post-81","page","type-page","status-publish","hentry"],"post_mailing_queue_ids":[],"_links":{"self":[{"href":"https:\/\/agora.xtec.cat\/ies-vromana-lagarriga\/wp-json\/wp\/v2\/pages\/81","targetHints":{"allow":["GET"]}}],"collection":[{"href":"https:\/\/agora.xtec.cat\/ies-vromana-lagarriga\/wp-json\/wp\/v2\/pages"}],"about":[{"href":"https:\/\/agora.xtec.cat\/ies-vromana-lagarriga\/wp-json\/wp\/v2\/types\/page"}],"author":[{"embeddable":true,"href":"https:\/\/agora.xtec.cat\/ies-vromana-lagarriga\/wp-json\/wp\/v2\/users\/1"}],"replies":[{"embeddable":true,"href":"https:\/\/agora.xtec.cat\/ies-vromana-lagarriga\/wp-json\/wp\/v2\/comments?post=81"}],"version-history":[{"count":4,"href":"https:\/\/agora.xtec.cat\/ies-vromana-lagarriga\/wp-json\/wp\/v2\/pages\/81\/revisions"}],"predecessor-version":[{"id":3771,"href":"https:\/\/agora.xtec.cat\/ies-vromana-lagarriga\/wp-json\/wp\/v2\/pages\/81\/revisions\/3771"}],"wp:attachment":[{"href":"https:\/\/agora.xtec.cat\/ies-vromana-lagarriga\/wp-json\/wp\/v2\/media?parent=81"}],"curies":[{"name":"wp","href":"https:\/\/api.w.org\/{rel}","templated":true}]}}