{"id":65,"date":"2014-09-18T10:12:22","date_gmt":"2014-09-18T08:12:22","guid":{"rendered":"http:\/\/agora.xtec.cat\/ies-vromana-lagarriga\/?page_id=65"},"modified":"2025-02-10T11:36:26","modified_gmt":"2025-02-10T10:36:26","slug":"serveis-digitals","status":"publish","type":"page","link":"https:\/\/agora.xtec.cat\/ies-vromana-lagarriga\/serveis\/serveis-digitals\/","title":{"rendered":"Serveis digitals"},"content":{"rendered":"\n<h4 class=\"wp-block-heading\">Serveis digitals<\/h4>\n\n\n\n<p class=\"has-small-font-size\"><span style=\"font-weight: 400;\">L\u2019Institut Vil\u00b7la Romana utilitza els serveis digitals seg\u00fcents:<\/span><\/p>\n\n\n\n<p class=\"has-small-font-size\"><b>&#8211; iEduca&nbsp;<\/b><\/p>\n\n\n\n<p class=\"has-small-font-size\"><span style=\"font-weight: 400;\">L&#8217;Institut fa servir el programari de gesti\u00f3 acad\u00e8mica iEduca. Permet passar llista, comunicar el dia a dia a l&#8217;aula a les fam\u00edlies i disposar dels horaris (del professorat i dels grups) i d&#8217;un calendari de les activitats singulars del centre.&nbsp;<\/span><\/p>\n\n\n\n<p class=\"has-small-font-size\"><span style=\"font-weight: 400;\">Cada fam\u00edlia t\u00e9 un compte d&#8217;usuari associat a l&#8217;alumnat, fet que permet tenir informaci\u00f3 concreta i actualitzada.<\/span><\/p>\n\n\n\n<figure class=\"wp-block-image is-resized\"><a href=\"https:\/\/agora.xtec.cat\/ies-vromana-lagarriga\/wp-content\/uploads\/usu2444\/2024\/02\/logo-ieduca.png\"><img loading=\"lazy\" decoding=\"async\" width=\"900\" height=\"256\" src=\"https:\/\/agora.xtec.cat\/ies-vromana-lagarriga\/wp-content\/uploads\/usu2444\/2024\/02\/logo-ieduca.png\" alt=\"\" class=\"wp-image-1559\" style=\"width:309px;height:auto\" srcset=\"https:\/\/agora.xtec.cat\/ies-vromana-lagarriga\/wp-content\/uploads\/usu2444\/2024\/02\/logo-ieduca.png 900w, https:\/\/agora.xtec.cat\/ies-vromana-lagarriga\/wp-content\/uploads\/usu2444\/2024\/02\/logo-ieduca-300x85.png 300w, https:\/\/agora.xtec.cat\/ies-vromana-lagarriga\/wp-content\/uploads\/usu2444\/2024\/02\/logo-ieduca-768x218.png 768w\" sizes=\"auto, (max-width: 900px) 100vw, 900px\" \/><\/a><\/figure>\n\n\n\n<p><span style=\"font-weight: 400;\"> <\/span><\/p>\n\n\n\n<p><\/p>\n\n\n\n<p><\/p>\n\n\n\n<p class=\"has-small-font-size\"><b>&#8211; App TokApp<\/b><\/p>\n\n\n\n<p class=\"has-small-font-size\"><span style=\"font-weight: 400;\">La plataforma de gesti\u00f3 cont\u00e9 una aplicaci\u00f3 per al m\u00f2bil, l\u2019iEduca Tokapp, que s\u2019utilitza des de la coordinaci\u00f3 de comunicaci\u00f3 per enviar comunicacions instant\u00e0nies a les fam\u00edlies. Aquestes tamb\u00e9 poden consultar les faltes d\u2019assist\u00e8ncia, retards, incid\u00e8ncies i faltes de materials dels seus fills\/es.<\/span><\/p>\n\n\n\n<figure class=\"wp-block-image is-resized\"><a href=\"https:\/\/agora.xtec.cat\/ies-vromana-lagarriga\/wp-content\/uploads\/usu2444\/2024\/02\/logo-tokapp.png\"><img loading=\"lazy\" decoding=\"async\" width=\"1024\" height=\"261\" src=\"https:\/\/agora.xtec.cat\/ies-vromana-lagarriga\/wp-content\/uploads\/usu2444\/2024\/02\/logo-tokapp.png\" alt=\"\" class=\"wp-image-1560\" style=\"width:475px;height:auto\" srcset=\"https:\/\/agora.xtec.cat\/ies-vromana-lagarriga\/wp-content\/uploads\/usu2444\/2024\/02\/logo-tokapp.png 1024w, https:\/\/agora.xtec.cat\/ies-vromana-lagarriga\/wp-content\/uploads\/usu2444\/2024\/02\/logo-tokapp-300x76.png 300w, https:\/\/agora.xtec.cat\/ies-vromana-lagarriga\/wp-content\/uploads\/usu2444\/2024\/02\/logo-tokapp-768x196.png 768w\" sizes=\"auto, (max-width: 1024px) 100vw, 1024px\" \/><\/a><\/figure>\n\n\n\n<p><\/p>\n\n\n\n<p><\/p>\n\n\n\n<p><\/p>\n\n\n\n<p><\/p>\n\n\n\n<p class=\"has-small-font-size\"><b>&#8211; TPVEscola&nbsp;<\/b><\/p>\n\n\n\n<p class=\"has-small-font-size\"><span style=\"font-weight: 400;\">L&#8217;Institut fa servir l&#8217;aplicaci\u00f3 TPVEscola per gestionar el pagament del material, les sortides i les activitats complement\u00e0ries. Cal que cada fam\u00edlia s&#8217;instal\u00b7li l&#8217;aplicaci\u00f3 al dispositiu m\u00f2bil.&nbsp;<\/span><\/p>\n\n\n\n<p class=\"has-small-font-size\"><span style=\"font-weight: 400;\">Per a consultes o dubtes relacionats amb el pagament, podeu escriure un correu a <\/span><a href=\"http:\/\/secrsecretaria@vilaromana.catetaria@vilaromana.cat\"><span style=\"font-weight: 400;\">secretaria@vilaromana.cat<\/span><\/a><\/p>\n\n\n\n<p class=\"has-small-font-size\"><span style=\"font-weight: 400;\">Tamb\u00e9 podeu consultar el seg\u00fcent v\u00eddeo: <a href=\"https:\/\/www.youtube.com\/@tpvescola3402\">enlla\u00e7<\/a> &nbsp;<\/span><\/p>\n\n\n\n<figure class=\"wp-block-image is-resized\"><a href=\"https:\/\/agora.xtec.cat\/ies-vromana-lagarriga\/wp-content\/uploads\/usu2444\/2024\/02\/tpv-escola.png\"><img loading=\"lazy\" decoding=\"async\" width=\"512\" height=\"512\" src=\"https:\/\/agora.xtec.cat\/ies-vromana-lagarriga\/wp-content\/uploads\/usu2444\/2024\/02\/tpv-escola.png\" alt=\"\" class=\"wp-image-1563\" style=\"width:203px;height:auto\" srcset=\"https:\/\/agora.xtec.cat\/ies-vromana-lagarriga\/wp-content\/uploads\/usu2444\/2024\/02\/tpv-escola.png 512w, https:\/\/agora.xtec.cat\/ies-vromana-lagarriga\/wp-content\/uploads\/usu2444\/2024\/02\/tpv-escola-300x300.png 300w, https:\/\/agora.xtec.cat\/ies-vromana-lagarriga\/wp-content\/uploads\/usu2444\/2024\/02\/tpv-escola-150x150.png 150w\" sizes=\"auto, (max-width: 512px) 100vw, 512px\" \/><\/a><\/figure>\n\n\n\n<p><\/p>\n\n\n\n<p><\/p>\n\n\n\n<p><\/p>\n\n\n\n<p><\/p>\n\n\n\n<p><\/p>\n\n\n\n<p><\/p>\n\n\n\n<p class=\"has-small-font-size\"><b>&#8211; Google Workspace<\/b><\/p>\n\n\n\n<p class=\"has-small-font-size\"><span style=\"font-weight: 400;\">El centre t\u00e9 un compte de Google Workspace per a Centres Educatius que li proporciona eines d\u2019emmagatzematge i edici\u00f3 col\u00b7laborativa de documents per a l\u2019alumnat i professorat (Drive), comunicaci\u00f3 (correu corporatiu per alumnat i professorat i Google Meet) i organitzaci\u00f3 (calendari). El coordinador digital \u00e9s l\u2019encarregat de crear i gestionar els usuaris, i tamb\u00e9 s\u2019encarrega del manteniment de la plataforma en general.&nbsp;<\/span><\/p>\n\n\n\n<p class=\"has-small-font-size\"><span style=\"font-weight: 400;\">Com a recurs complementari, hi ha mat\u00e8ries que tenen una aula virtual en l&#8217;entorn de Google Classroom.&nbsp;<\/span><\/p>\n\n\n\n<figure class=\"wp-block-image is-resized\"><a href=\"https:\/\/agora.xtec.cat\/ies-vromana-lagarriga\/wp-content\/uploads\/usu2444\/2024\/02\/google-workspace-e1707811675600.jpg\"><img loading=\"lazy\" decoding=\"async\" width=\"1024\" height=\"349\" src=\"https:\/\/agora.xtec.cat\/ies-vromana-lagarriga\/wp-content\/uploads\/usu2444\/2024\/02\/google-workspace-e1707811675600-1024x349.jpg\" alt=\"\" class=\"wp-image-1558\" style=\"width:288px;height:auto\" srcset=\"https:\/\/agora.xtec.cat\/ies-vromana-lagarriga\/wp-content\/uploads\/usu2444\/2024\/02\/google-workspace-e1707811675600-1024x349.jpg 1024w, https:\/\/agora.xtec.cat\/ies-vromana-lagarriga\/wp-content\/uploads\/usu2444\/2024\/02\/google-workspace-e1707811675600-300x102.jpg 300w, https:\/\/agora.xtec.cat\/ies-vromana-lagarriga\/wp-content\/uploads\/usu2444\/2024\/02\/google-workspace-e1707811675600-768x262.jpg 768w, https:\/\/agora.xtec.cat\/ies-vromana-lagarriga\/wp-content\/uploads\/usu2444\/2024\/02\/google-workspace-e1707811675600-1536x524.jpg 1536w, https:\/\/agora.xtec.cat\/ies-vromana-lagarriga\/wp-content\/uploads\/usu2444\/2024\/02\/google-workspace-e1707811675600.jpg 1706w\" sizes=\"auto, (max-width: 1024px) 100vw, 1024px\" \/><\/a><\/figure>\n\n\n\n<p><\/p>\n\n\n\n<p><\/p>\n\n\n\n<p><\/p>\n\n\n\n<p><\/p>\n\n\n\n<p class=\"has-small-font-size\"><b>&#8211; Correu corporatiu&nbsp;<\/b><\/p>\n\n\n\n<p class=\"has-small-font-size\"><span style=\"font-weight: 400;\">L&#8217;alumnat i professorat del centre t\u00e9 un correu corporatiu. Aquest correu t\u00e9 un format concret <\/span><span style=\"font-weight: 400;\">anydenaixementcognomnomdelalumne@vilaromana.cat<\/span><span style=\"font-weight: 400;\"> i \u00e9s d&#8217;\u00fas estrictament acad\u00e8mic. Es recomana que la comunicaci\u00f3 entre els membres de la comunitat educativa es faci a trav\u00e9s d&#8217;aquest canal.&nbsp;<\/span><\/p>\n\n\n\n<p class=\"has-small-font-size\"><b>&#8211; Nodes&nbsp;<\/b><\/p>\n\n\n\n<p class=\"has-small-font-size\"><span style=\"font-weight: 400;\">\u00c9s la plataforma on s&#8217;allotja el web del centre. Pertany al Departament d&#8217;Educaci\u00f3 de la Generalitat de Catalunya.&nbsp;<\/span><\/p>\n\n\n\n<figure class=\"wp-block-image is-resized\"><a href=\"https:\/\/agora.xtec.cat\/ies-vromana-lagarriga\/wp-content\/uploads\/usu2444\/2024\/02\/nodesample2.jpg\"><img loading=\"lazy\" decoding=\"async\" width=\"773\" height=\"242\" src=\"https:\/\/agora.xtec.cat\/ies-vromana-lagarriga\/wp-content\/uploads\/usu2444\/2024\/02\/nodesample2.jpg\" alt=\"\" class=\"wp-image-1561\" style=\"width:355px;height:auto\" srcset=\"https:\/\/agora.xtec.cat\/ies-vromana-lagarriga\/wp-content\/uploads\/usu2444\/2024\/02\/nodesample2.jpg 773w, https:\/\/agora.xtec.cat\/ies-vromana-lagarriga\/wp-content\/uploads\/usu2444\/2024\/02\/nodesample2-300x94.jpg 300w, https:\/\/agora.xtec.cat\/ies-vromana-lagarriga\/wp-content\/uploads\/usu2444\/2024\/02\/nodesample2-768x240.jpg 768w\" sizes=\"auto, (max-width: 773px) 100vw, 773px\" \/><\/a><\/figure>\n\n\n\n<p><\/p>\n\n\n\n<p><\/p>\n\n\n\n<p><\/p>\n\n\n\n<p><\/p>\n\n\n\n<p class=\"has-small-font-size\"><b>&#8211; Xarxes socials&nbsp;<\/b><\/p>\n\n\n\n<p class=\"has-small-font-size\"><span style=\"font-weight: 400;\">Per a la difusi\u00f3 de les activitats del centre, s&#8217;utilitzen aquestes xarxes socials:<\/span><\/p>\n\n\n\n<ul class=\"wp-block-list\">\n<li class=\"has-small-font-size\"><span style=\"font-weight: 400;\">Instagram<\/span><\/li>\n\n\n\n<li class=\"has-small-font-size\"><span style=\"font-weight: 400;\">Twitter&nbsp;<\/span><\/li>\n\n\n\n<li class=\"has-small-font-size\"><span style=\"font-weight: 400;\">Facebook&nbsp;&nbsp;<\/span><\/li>\n\n\n\n<li class=\"has-small-font-size\"><span style=\"font-weight: 400;\">Youtube&nbsp;<\/span><\/li>\n<\/ul>\n\n\n\n<p class=\"has-small-font-size\"><span style=\"font-weight: 400;\">&#8211; <\/span><b>eP\u00e8rgam<\/b><\/p>\n\n\n\n<p class=\"has-small-font-size\"><span style=\"font-weight: 400;\">Programari per catalogar els llibres i revistes que tenim a la biblioteca del centre.<\/span><\/p>\n\n\n\n<figure class=\"wp-block-image is-resized\"><a href=\"https:\/\/agora.xtec.cat\/ies-vromana-lagarriga\/wp-content\/uploads\/usu2444\/2024\/02\/t_epergam.gif\"><img loading=\"lazy\" decoding=\"async\" width=\"390\" height=\"130\" src=\"https:\/\/agora.xtec.cat\/ies-vromana-lagarriga\/wp-content\/uploads\/usu2444\/2024\/02\/t_epergam.gif\" alt=\"\" class=\"wp-image-1562\" style=\"width:234px;height:auto\"\/><\/a><\/figure>\n\n\n\n<p><\/p>\n\n\n\n<p><\/p>\n\n\n\n<p><\/p>\n\n\n\n<p class=\"has-small-font-size\"><span style=\"font-weight: 400;\">&#8211; <\/span><b>Domini.cat<\/b><\/p>\n\n\n\n<p class=\"has-small-font-size\"><span style=\"font-weight: 400;\">El centre t\u00e9 el domini propi vilaromana.cat<\/span><\/p>\n\n\n\n<figure class=\"wp-block-image is-resized\"><a href=\"https:\/\/agora.xtec.cat\/ies-vromana-lagarriga\/wp-content\/uploads\/usu2444\/2024\/02\/domini-punt-cat-1.png\"><img loading=\"lazy\" decoding=\"async\" width=\"800\" height=\"226\" src=\"https:\/\/agora.xtec.cat\/ies-vromana-lagarriga\/wp-content\/uploads\/usu2444\/2024\/02\/domini-punt-cat-1-e1707812110615.png\" alt=\"\" class=\"wp-image-1564\" style=\"width:329px;height:auto\" srcset=\"https:\/\/agora.xtec.cat\/ies-vromana-lagarriga\/wp-content\/uploads\/usu2444\/2024\/02\/domini-punt-cat-1-e1707812110615.png 800w, https:\/\/agora.xtec.cat\/ies-vromana-lagarriga\/wp-content\/uploads\/usu2444\/2024\/02\/domini-punt-cat-1-e1707812110615-300x85.png 300w, https:\/\/agora.xtec.cat\/ies-vromana-lagarriga\/wp-content\/uploads\/usu2444\/2024\/02\/domini-punt-cat-1-e1707812110615-768x217.png 768w\" sizes=\"auto, (max-width: 800px) 100vw, 800px\" \/><\/a><\/figure>\n","protected":false},"excerpt":{"rendered":"<p>Serveis digitals L\u2019Institut Vil\u00b7la Romana utilitza els serveis digitals seg\u00fcents: &#8211; iEduca&nbsp; L&#8217;Institut fa servir el programari de gesti\u00f3 acad\u00e8mica [&hellip;]<\/p>\n","protected":false},"author":1,"featured_media":0,"parent":63,"menu_order":1,"comment_status":"closed","ping_status":"closed","template":"","meta":{"_bbp_topic_count":0,"_bbp_reply_count":0,"_bbp_total_topic_count":0,"_bbp_total_reply_count":0,"_bbp_voice_count":0,"_bbp_anonymous_reply_count":0,"_bbp_topic_count_hidden":0,"_bbp_reply_count_hidden":0,"_bbp_forum_subforum_count":0,"site-sidebar-layout":"default","site-content-layout":"","ast-site-content-layout":"default","site-content-style":"default","site-sidebar-style":"default","ast-global-header-display":"","ast-banner-title-visibility":"","ast-main-header-display":"","ast-hfb-above-header-display":"","ast-hfb-below-header-display":"","ast-hfb-mobile-header-display":"","site-post-title":"disabled","ast-breadcrumbs-content":"","ast-featured-img":"","footer-sml-layout":"","theme-transparent-header-meta":"","adv-header-id-meta":"","stick-header-meta":"","header-above-stick-meta":"","header-main-stick-meta":"","header-below-stick-meta":"","astra-migrate-meta-layouts":"set","ast-page-background-enabled":"default","ast-page-background-meta":{"desktop":{"background-color":"var(--ast-global-color-4)","background-image":"","background-repeat":"repeat","background-position":"center center","background-size":"auto","background-attachment":"scroll","background-type":"","background-media":"","overlay-type":"","overlay-color":"","overlay-opacity":"","overlay-gradient":""},"tablet":{"background-color":"","background-image":"","background-repeat":"repeat","background-position":"center center","background-size":"auto","background-attachment":"scroll","background-type":"","background-media":"","overlay-type":"","overlay-color":"","overlay-opacity":"","overlay-gradient":""},"mobile":{"background-color":"","background-image":"","background-repeat":"repeat","background-position":"center center","background-size":"auto","background-attachment":"scroll","background-type":"","background-media":"","overlay-type":"","overlay-color":"","overlay-opacity":"","overlay-gradient":""}},"ast-content-background-meta":{"desktop":{"background-color":"var(--ast-global-color-5)","background-image":"","background-repeat":"repeat","background-position":"center center","background-size":"auto","background-attachment":"scroll","background-type":"","background-media":"","overlay-type":"","overlay-color":"","overlay-opacity":"","overlay-gradient":""},"tablet":{"background-color":"var(--ast-global-color-5)","background-image":"","background-repeat":"repeat","background-position":"center center","background-size":"auto","background-attachment":"scroll","background-type":"","background-media":"","overlay-type":"","overlay-color":"","overlay-opacity":"","overlay-gradient":""},"mobile":{"background-color":"var(--ast-global-color-5)","background-image":"","background-repeat":"repeat","background-position":"center center","background-size":"auto","background-attachment":"scroll","background-type":"","background-media":"","overlay-type":"","overlay-color":"","overlay-opacity":"","overlay-gradient":""}},"footnotes":""},"class_list":["post-65","page","type-page","status-publish","hentry"],"post_mailing_queue_ids":[],"_links":{"self":[{"href":"https:\/\/agora.xtec.cat\/ies-vromana-lagarriga\/wp-json\/wp\/v2\/pages\/65","targetHints":{"allow":["GET"]}}],"collection":[{"href":"https:\/\/agora.xtec.cat\/ies-vromana-lagarriga\/wp-json\/wp\/v2\/pages"}],"about":[{"href":"https:\/\/agora.xtec.cat\/ies-vromana-lagarriga\/wp-json\/wp\/v2\/types\/page"}],"author":[{"embeddable":true,"href":"https:\/\/agora.xtec.cat\/ies-vromana-lagarriga\/wp-json\/wp\/v2\/users\/1"}],"replies":[{"embeddable":true,"href":"https:\/\/agora.xtec.cat\/ies-vromana-lagarriga\/wp-json\/wp\/v2\/comments?post=65"}],"version-history":[{"count":6,"href":"https:\/\/agora.xtec.cat\/ies-vromana-lagarriga\/wp-json\/wp\/v2\/pages\/65\/revisions"}],"predecessor-version":[{"id":3659,"href":"https:\/\/agora.xtec.cat\/ies-vromana-lagarriga\/wp-json\/wp\/v2\/pages\/65\/revisions\/3659"}],"up":[{"embeddable":true,"href":"https:\/\/agora.xtec.cat\/ies-vromana-lagarriga\/wp-json\/wp\/v2\/pages\/63"}],"wp:attachment":[{"href":"https:\/\/agora.xtec.cat\/ies-vromana-lagarriga\/wp-json\/wp\/v2\/media?parent=65"}],"curies":[{"name":"wp","href":"https:\/\/api.w.org\/{rel}","templated":true}]}}