{"id":639,"date":"2023-10-28T16:07:56","date_gmt":"2023-10-28T14:07:56","guid":{"rendered":"https:\/\/agora.xtec.cat\/ies-vromana-lagarriga\/?page_id=639"},"modified":"2026-01-07T18:38:36","modified_gmt":"2026-01-07T17:38:36","slug":"intercanvis-linguistics-i-culturals","status":"publish","type":"page","link":"https:\/\/agora.xtec.cat\/ies-vromana-lagarriga\/projecte-educatiu\/intercanvis-linguistics-i-culturals\/","title":{"rendered":"Erasmus+ i intercanvis"},"content":{"rendered":"\n<h4 class=\"wp-block-heading\">ERASMUS+ i intercanvis<\/h4>\n\n\n\n<div class=\"wp-block-media-text is-stacked-on-mobile\" style=\"grid-template-columns:24% auto\"><figure class=\"wp-block-media-text__media\"><img loading=\"lazy\" decoding=\"async\" width=\"226\" height=\"212\" src=\"https:\/\/agora.xtec.cat\/ies-vromana-lagarriga\/wp-content\/uploads\/usu2444\/2025\/02\/Erasmus.png\" alt=\"\" class=\"wp-image-3577 size-full\"\/><\/figure><div class=\"wp-block-media-text__content\">\n<h5 class=\"wp-block-heading\"><span style=\"color: #000000;\"><b>ERASMUS +<\/b><\/span><\/h5>\n\n\n\n<p class=\"has-small-font-size\"><span style=\"font-weight: 400;\">Erasmus+ \u00e9s el programa de la UE per a l\u2019educaci\u00f3, la formaci\u00f3, la joventut i l\u2019esport a Europa. Aquest programa s\u2019emmarca en les pol\u00edtiques educatives de la Uni\u00f3 Europea i segueix els objectius de l\u2019Espai Europeu d\u2019Educaci\u00f3 2025. Cada any apareix una nova convocat\u00f2ria d\u2019ajuts Erasmus+ i per optar-hi conv\u00e9 tenir presents les prioritats dels programa, que es concreten en quatre eixos principals:<\/span><\/p>\n\n\n\n<ul class=\"wp-block-list\">\n<li class=\"has-small-font-size\"><span style=\"font-weight: 400;\">Inclusi\u00f3 i diversitat<\/span><\/li>\n\n\n\n<li class=\"has-small-font-size\"><span style=\"font-weight: 400;\">Transformaci\u00f3 digital<\/span><\/li>\n\n\n\n<li class=\"has-small-font-size\"><span style=\"font-weight: 400;\">Medi ambient i lluita contra el canvi clim\u00e0tic, i<\/span><\/li>\n\n\n\n<li class=\"has-small-font-size\"><span style=\"font-weight: 400;\">Participaci\u00f3 en la vida democr\u00e0tica.<\/span><\/li>\n<\/ul>\n\n\n\n<p class=\"has-small-font-size\"><a href=\"https:\/\/agora.xtec.cat\/ies-vromana-lagarriga\/projecte-educatiu\/intercanvis-linguistics-i-culturals\/projecte-erasmus\/\">enlla\u00e7 al projecte<\/a><\/p>\n<\/div><\/div>\n\n\n\n<h3 class=\"wp-block-heading\">&nbsp;<\/h3>\n\n\n\n<h5 class=\"wp-block-heading\"><span style=\"color: #000000;\"><b>INTERCANVIS<\/b><\/span><\/h5>\n\n\n\n<p class=\"has-small-font-size\">L\u2019Institut Vil\u00b7la Romana ha organitzat durant quinze anys un intercanvi amb l\u2019alumnat de 1r de Batxillerat amb el <strong>Liceo Scientifico Statale Galileo Galilei<\/strong> de Selvazzano, P\u00e0dova i des del curs 2023-24 tamb\u00e9 amb el <strong>Carolus Clusius College<\/strong> de Zwolle, Pa\u00efsos Baixos. Des del curs 2024-25 continuem amb el centre holand\u00e8s i amb un nou centre itali\u00e0, el <strong>IIS Tito Lucrezio Caro de Cittadella <\/strong>de Padova. Es tracta d\u2019un intercanvi acad\u00e8mic, ling\u00fc\u00edstic i cultural en el qual el nostre alumnat acull un alumne\/a itali\u00e0 o holand\u00e8s i viatja a casa d\u2019aquest alumne\/a. Durant aquestes dues setmanes es combina el treball als instituts al voltant d\u2019un petit projecte amb visites culturals utilitzant l\u2019angl\u00e8s com a llengua de comunicaci\u00f3.<\/p>\n\n\n\n<p class=\"has-small-font-size\"><a href=\"https:\/\/agora.xtec.cat\/ies-vromana-lagarriga\/projecte-educatiu\/intercanvis-linguistics-i-culturals\/intercanvis\/\">enlla\u00e7 al projecte<\/a><\/p>\n\n\n\n<p class=\"has-small-font-size\">Despr\u00e9s de diversos anys sense dur-se a terme, el centre ha repr\u00e8s l\u2019intercanvi amb l\u2019<strong>IES Marratx\u00ed<\/strong> de Mallorca, adre\u00e7at a alumnat de 2n d\u2019ESO. Aquest intercanvi s\u2019emmarca dins del projecte del Govern balear \u201cParlem catal\u00e0\u201d, que t\u00e9 com a objectiu principal la divulgaci\u00f3 de la llengua catalana, el coneixement de les seves varietats dialectals i la descoberta del patrimoni cultural i natural. Es tracta d\u2019un intercanvi d\u2019\u00e0mbit acad\u00e8mic, ling\u00fc\u00edstic, cultural i social, en qu\u00e8 l\u2019alumnat acull durant cinc dies un\/a alumne\/a de Mallorca i, posteriorment, viatja tamb\u00e9 cinc dies a casa seva. Durant les estades es combinen activitats lectives, treball de projecte i visites culturals, utilitzant el catal\u00e0 com a llengua de comunicaci\u00f3.<\/p>\n\n\n\n<figure class=\"wp-block-image size-large\"><a href=\"https:\/\/agora.xtec.cat\/ies-vromana-lagarriga\/wp-content\/uploads\/usu2444\/2026\/01\/mallorca.jpg\"><img loading=\"lazy\" decoding=\"async\" width=\"1024\" height=\"461\" src=\"https:\/\/agora.xtec.cat\/ies-vromana-lagarriga\/wp-content\/uploads\/usu2444\/2026\/01\/mallorca-1024x461.jpg\" alt=\"\" class=\"wp-image-5097\" srcset=\"https:\/\/agora.xtec.cat\/ies-vromana-lagarriga\/wp-content\/uploads\/usu2444\/2026\/01\/mallorca-1024x461.jpg 1024w, https:\/\/agora.xtec.cat\/ies-vromana-lagarriga\/wp-content\/uploads\/usu2444\/2026\/01\/mallorca-300x135.jpg 300w, https:\/\/agora.xtec.cat\/ies-vromana-lagarriga\/wp-content\/uploads\/usu2444\/2026\/01\/mallorca-768x346.jpg 768w, https:\/\/agora.xtec.cat\/ies-vromana-lagarriga\/wp-content\/uploads\/usu2444\/2026\/01\/mallorca-1536x691.jpg 1536w, https:\/\/agora.xtec.cat\/ies-vromana-lagarriga\/wp-content\/uploads\/usu2444\/2026\/01\/mallorca-2048x922.jpg 2048w\" sizes=\"auto, (max-width: 1024px) 100vw, 1024px\" \/><\/a><\/figure>\n","protected":false},"excerpt":{"rendered":"<p>ERASMUS+ i intercanvis &nbsp; INTERCANVIS L\u2019Institut Vil\u00b7la Romana ha organitzat durant quinze anys un intercanvi amb l\u2019alumnat de 1r de [&hellip;]<\/p>\n","protected":false},"author":5,"featured_media":0,"parent":57,"menu_order":12,"comment_status":"closed","ping_status":"closed","template":"","meta":{"_bbp_topic_count":0,"_bbp_reply_count":0,"_bbp_total_topic_count":0,"_bbp_total_reply_count":0,"_bbp_voice_count":0,"_bbp_anonymous_reply_count":0,"_bbp_topic_count_hidden":0,"_bbp_reply_count_hidden":0,"_bbp_forum_subforum_count":0,"site-sidebar-layout":"default","site-content-layout":"","ast-site-content-layout":"default","site-content-style":"default","site-sidebar-style":"default","ast-global-header-display":"","ast-banner-title-visibility":"","ast-main-header-display":"","ast-hfb-above-header-display":"","ast-hfb-below-header-display":"","ast-hfb-mobile-header-display":"","site-post-title":"disabled","ast-breadcrumbs-content":"","ast-featured-img":"","footer-sml-layout":"","theme-transparent-header-meta":"","adv-header-id-meta":"","stick-header-meta":"","header-above-stick-meta":"","header-main-stick-meta":"","header-below-stick-meta":"","astra-migrate-meta-layouts":"set","ast-page-background-enabled":"default","ast-page-background-meta":{"desktop":{"background-color":"var(--ast-global-color-4)","background-image":"","background-repeat":"repeat","background-position":"center center","background-size":"auto","background-attachment":"scroll","background-type":"","background-media":"","overlay-type":"","overlay-color":"","overlay-opacity":"","overlay-gradient":""},"tablet":{"background-color":"","background-image":"","background-repeat":"repeat","background-position":"center center","background-size":"auto","background-attachment":"scroll","background-type":"","background-media":"","overlay-type":"","overlay-color":"","overlay-opacity":"","overlay-gradient":""},"mobile":{"background-color":"","background-image":"","background-repeat":"repeat","background-position":"center center","background-size":"auto","background-attachment":"scroll","background-type":"","background-media":"","overlay-type":"","overlay-color":"","overlay-opacity":"","overlay-gradient":""}},"ast-content-background-meta":{"desktop":{"background-color":"var(--ast-global-color-5)","background-image":"","background-repeat":"repeat","background-position":"center center","background-size":"auto","background-attachment":"scroll","background-type":"","background-media":"","overlay-type":"","overlay-color":"","overlay-opacity":"","overlay-gradient":""},"tablet":{"background-color":"var(--ast-global-color-5)","background-image":"","background-repeat":"repeat","background-position":"center center","background-size":"auto","background-attachment":"scroll","background-type":"","background-media":"","overlay-type":"","overlay-color":"","overlay-opacity":"","overlay-gradient":""},"mobile":{"background-color":"var(--ast-global-color-5)","background-image":"","background-repeat":"repeat","background-position":"center center","background-size":"auto","background-attachment":"scroll","background-type":"","background-media":"","overlay-type":"","overlay-color":"","overlay-opacity":"","overlay-gradient":""}},"footnotes":""},"class_list":["post-639","page","type-page","status-publish","hentry"],"post_mailing_queue_ids":[],"_links":{"self":[{"href":"https:\/\/agora.xtec.cat\/ies-vromana-lagarriga\/wp-json\/wp\/v2\/pages\/639","targetHints":{"allow":["GET"]}}],"collection":[{"href":"https:\/\/agora.xtec.cat\/ies-vromana-lagarriga\/wp-json\/wp\/v2\/pages"}],"about":[{"href":"https:\/\/agora.xtec.cat\/ies-vromana-lagarriga\/wp-json\/wp\/v2\/types\/page"}],"author":[{"embeddable":true,"href":"https:\/\/agora.xtec.cat\/ies-vromana-lagarriga\/wp-json\/wp\/v2\/users\/5"}],"replies":[{"embeddable":true,"href":"https:\/\/agora.xtec.cat\/ies-vromana-lagarriga\/wp-json\/wp\/v2\/comments?post=639"}],"version-history":[{"count":6,"href":"https:\/\/agora.xtec.cat\/ies-vromana-lagarriga\/wp-json\/wp\/v2\/pages\/639\/revisions"}],"predecessor-version":[{"id":5098,"href":"https:\/\/agora.xtec.cat\/ies-vromana-lagarriga\/wp-json\/wp\/v2\/pages\/639\/revisions\/5098"}],"up":[{"embeddable":true,"href":"https:\/\/agora.xtec.cat\/ies-vromana-lagarriga\/wp-json\/wp\/v2\/pages\/57"}],"wp:attachment":[{"href":"https:\/\/agora.xtec.cat\/ies-vromana-lagarriga\/wp-json\/wp\/v2\/media?parent=639"}],"curies":[{"name":"wp","href":"https:\/\/api.w.org\/{rel}","templated":true}]}}