{"id":63,"date":"2014-09-18T10:06:31","date_gmt":"2014-09-18T10:06:31","guid":{"rendered":"http:\/\/agora.xtec.cat\/ies-vromana-lagarriga\/?page_id=63"},"modified":"2025-02-15T18:00:09","modified_gmt":"2025-02-15T17:00:09","slug":"serveis","status":"publish","type":"page","link":"https:\/\/agora.xtec.cat\/ies-vromana-lagarriga\/serveis\/","title":{"rendered":"Serveis"},"content":{"rendered":"\n<h4 class=\"wp-block-heading\">Serveis<\/h4>\n\n\n\n<p class=\"has-small-font-size\">El centre ofereix diferents serveis per facilitar el dia a dia de l\u2019alumnat i les fam\u00edlies, aix\u00ed com per enriquir l\u2019experi\u00e8ncia educativa. En aquest apartat trobar\u00e0s informaci\u00f3 sobre els serveis digitals, la biblioteca, la cantina, els programes de salut, el transport escolar i la disponibilitat d\u2019armariets.<\/p>\n\n\n\n<h5 class=\"wp-block-heading\"> <strong>Subapartats:<\/strong><\/h5>\n\n\n\n<p class=\"has-small-font-size\"> \ud83d\udd39 <strong><a href=\"https:\/\/agora.xtec.cat\/ies-vromana-lagarriga\/serveis\/serveis-digitals\/\">Serveis digitals<\/a><\/strong> \u2013 Plataformes digitals utilitzades al centre, com iEduca, l\u2019App Tokapp, TPVEscola, Google Workspace, el correu corporatiu, Nodes i les xarxes socials.<\/p>\n\n\n\n<p class=\"has-small-font-size\">\ud83d\udd39 <strong><a href=\"https:\/\/agora.xtec.cat\/ies-vromana-lagarriga\/serveis\/biblioteca\/\">Biblioteca<\/a><\/strong> \u2013 Informaci\u00f3 sobre l\u2019espai, el fons bibliogr\u00e0fic, el servei de pr\u00e9stec i les exposicions tem\u00e0tiques disponibles per a l\u2019alumnat.<\/p>\n\n\n\n<p class=\"has-small-font-size\">\ud83d\udd39 <strong><a href=\"https:\/\/agora.xtec.cat\/ies-vromana-lagarriga\/serveis\/cantina\/\">Cantina<\/a><\/strong> \u2013 Servei de cantina del centre, que a m\u00e9s de l\u2019oferta d\u2019alimentaci\u00f3, tamb\u00e9 s\u2019utilitza com a recurs pedag\u00f2gic en diverses activitats educatives.<\/p>\n\n\n\n<p class=\"has-small-font-size\">\ud83d\udd39 <strong><a href=\"https:\/\/agora.xtec.cat\/ies-vromana-lagarriga\/serveis\/salut-i-escola\/\">Salut i Escola<\/a><\/strong> \u2013 Programa impulsat pel Departament d\u2019Educaci\u00f3 i Formaci\u00f3 Professional per promoure h\u00e0bits saludables i oferir suport en temes de salut a l\u2019alumnat.<\/p>\n\n\n\n<p class=\"has-small-font-size\">\ud83d\udd39 <strong><a href=\"https:\/\/agora.xtec.cat\/ies-vromana-lagarriga\/serveis\/transport-escolar\/\">Transport escolar<\/a><\/strong> \u2013 Descripci\u00f3 del servei de transport escolar i enlla\u00e7 a la web del Consell Comarcal per consultar informaci\u00f3 detallada.<\/p>\n\n\n\n<p class=\"has-small-font-size\">\ud83d\udd39<a href=\"https:\/\/agora.xtec.cat\/ies-vromana-lagarriga\/serveis\/armariet\/\"> <strong>Armariets<\/strong><\/a> \u2013 Possibilitat de lloguer d\u2019armariets per a l\u2019alumnat durant el curs i condicions per accedir-hi.<\/p>\n","protected":false},"excerpt":{"rendered":"<p>Serveis El centre ofereix diferents serveis per facilitar el dia a dia de l\u2019alumnat i les fam\u00edlies, aix\u00ed com per [&hellip;]<\/p>\n","protected":false},"author":1,"featured_media":0,"parent":0,"menu_order":0,"comment_status":"closed","ping_status":"closed","template":"","meta":{"_bbp_topic_count":0,"_bbp_reply_count":0,"_bbp_total_topic_count":0,"_bbp_total_reply_count":0,"_bbp_voice_count":0,"_bbp_anonymous_reply_count":0,"_bbp_topic_count_hidden":0,"_bbp_reply_count_hidden":0,"_bbp_forum_subforum_count":0,"site-sidebar-layout":"default","site-content-layout":"","ast-site-content-layout":"default","site-content-style":"default","site-sidebar-style":"default","ast-global-header-display":"","ast-banner-title-visibility":"","ast-main-header-display":"","ast-hfb-above-header-display":"","ast-hfb-below-header-display":"","ast-hfb-mobile-header-display":"","site-post-title":"disabled","ast-breadcrumbs-content":"","ast-featured-img":"","footer-sml-layout":"","theme-transparent-header-meta":"","adv-header-id-meta":"","stick-header-meta":"","header-above-stick-meta":"","header-main-stick-meta":"","header-below-stick-meta":"","astra-migrate-meta-layouts":"set","ast-page-background-enabled":"default","ast-page-background-meta":{"desktop":{"background-color":"var(--ast-global-color-4)","background-image":"","background-repeat":"repeat","background-position":"center center","background-size":"auto","background-attachment":"scroll","background-type":"","background-media":"","overlay-type":"","overlay-color":"","overlay-opacity":"","overlay-gradient":""},"tablet":{"background-color":"","background-image":"","background-repeat":"repeat","background-position":"center center","background-size":"auto","background-attachment":"scroll","background-type":"","background-media":"","overlay-type":"","overlay-color":"","overlay-opacity":"","overlay-gradient":""},"mobile":{"background-color":"","background-image":"","background-repeat":"repeat","background-position":"center center","background-size":"auto","background-attachment":"scroll","background-type":"","background-media":"","overlay-type":"","overlay-color":"","overlay-opacity":"","overlay-gradient":""}},"ast-content-background-meta":{"desktop":{"background-color":"var(--ast-global-color-5)","background-image":"","background-repeat":"repeat","background-position":"center center","background-size":"auto","background-attachment":"scroll","background-type":"","background-media":"","overlay-type":"","overlay-color":"","overlay-opacity":"","overlay-gradient":""},"tablet":{"background-color":"var(--ast-global-color-5)","background-image":"","background-repeat":"repeat","background-position":"center center","background-size":"auto","background-attachment":"scroll","background-type":"","background-media":"","overlay-type":"","overlay-color":"","overlay-opacity":"","overlay-gradient":""},"mobile":{"background-color":"var(--ast-global-color-5)","background-image":"","background-repeat":"repeat","background-position":"center center","background-size":"auto","background-attachment":"scroll","background-type":"","background-media":"","overlay-type":"","overlay-color":"","overlay-opacity":"","overlay-gradient":""}},"footnotes":""},"class_list":["post-63","page","type-page","status-publish","hentry"],"post_mailing_queue_ids":[],"_links":{"self":[{"href":"https:\/\/agora.xtec.cat\/ies-vromana-lagarriga\/wp-json\/wp\/v2\/pages\/63","targetHints":{"allow":["GET"]}}],"collection":[{"href":"https:\/\/agora.xtec.cat\/ies-vromana-lagarriga\/wp-json\/wp\/v2\/pages"}],"about":[{"href":"https:\/\/agora.xtec.cat\/ies-vromana-lagarriga\/wp-json\/wp\/v2\/types\/page"}],"author":[{"embeddable":true,"href":"https:\/\/agora.xtec.cat\/ies-vromana-lagarriga\/wp-json\/wp\/v2\/users\/1"}],"replies":[{"embeddable":true,"href":"https:\/\/agora.xtec.cat\/ies-vromana-lagarriga\/wp-json\/wp\/v2\/comments?post=63"}],"version-history":[{"count":3,"href":"https:\/\/agora.xtec.cat\/ies-vromana-lagarriga\/wp-json\/wp\/v2\/pages\/63\/revisions"}],"predecessor-version":[{"id":3773,"href":"https:\/\/agora.xtec.cat\/ies-vromana-lagarriga\/wp-json\/wp\/v2\/pages\/63\/revisions\/3773"}],"wp:attachment":[{"href":"https:\/\/agora.xtec.cat\/ies-vromana-lagarriga\/wp-json\/wp\/v2\/media?parent=63"}],"curies":[{"name":"wp","href":"https:\/\/api.w.org\/{rel}","templated":true}]}}