{"id":57,"date":"2014-09-17T17:01:07","date_gmt":"2014-09-17T17:01:07","guid":{"rendered":"http:\/\/agora.xtec.cat\/ies-vromana-lagarriga\/?page_id=57"},"modified":"2025-02-15T17:31:17","modified_gmt":"2025-02-15T16:31:17","slug":"projecte-educatiu","status":"publish","type":"page","link":"https:\/\/agora.xtec.cat\/ies-vromana-lagarriga\/projecte-educatiu\/","title":{"rendered":"Projecte educatiu"},"content":{"rendered":"\n<h4 class=\"wp-block-heading\">Projecte educatiu<\/h4>\n\n\n\n<p class=\"has-small-font-size\">Al nostre centre impulsem una \u00e0mplia varietat de projectes que complementen la formaci\u00f3 acad\u00e8mica i fomenten el desenvolupament integral de l\u2019alumnat. Aquests projectes estan dissenyats per potenciar l\u2019aprenentatge actiu, la inclusi\u00f3, la internacionalitzaci\u00f3, la sostenibilitat i el comprom\u00eds social.<\/p>\n\n\n\n<h5 class=\"wp-block-heading has-medium-font-size\"> Subapartats:<\/h5>\n\n\n\n<p class=\"has-small-font-size\">\ud83d\udd39 <strong><a href=\"https:\/\/agora.xtec.cat\/ies-vromana-lagarriga\/projecte-educatiu\/acada\/\">ACADA<\/a><\/strong> \u2013 Programa d\u2019Aprenentatge Cooperatiu i Atenci\u00f3 a la Diversitat per millorar la inclusi\u00f3 i el treball en equip.<\/p>\n\n\n\n<p class=\"has-small-font-size\">\ud83d\udd39 <strong><a href=\"https:\/\/agora.xtec.cat\/ies-vromana-lagarriga\/projecte-educatiu\/aicle\/\">AICLE<\/a><\/strong> \u2013 Aprenentatge Integrat de Continguts i Llengua Estrangera per fomentar la compet\u00e8ncia comunicativa en idiomes estrangers.<\/p>\n\n\n\n<p class=\"has-small-font-size\">\ud83d\udd39 <strong><a href=\"https:\/\/agora.xtec.cat\/ies-vromana-lagarriga\/projecte-educatiu\/catskills\/\">CATSKILLS<\/a><\/strong> \u2013 Competici\u00f3 de formaci\u00f3 professional on l\u2019alumnat pot demostrar les seves habilitats en diferents especialitats.<\/p>\n\n\n\n<p class=\"has-small-font-size\">\ud83d\udd39 <strong><a href=\"https:\/\/agora.xtec.cat\/ies-vromana-lagarriga\/projecte-educatiu\/coeducacio\/\">COCOBE<\/a><\/strong> \u2013 Projecte que promou la cooperaci\u00f3 i la comunicaci\u00f3 en benefici de l\u2019educaci\u00f3 i el benestar.<\/p>\n\n\n\n<p class=\"has-small-font-size\">\ud83d\udd39<a href=\"https:\/\/agora.xtec.cat\/ies-vromana-lagarriga\/projecte-educatiu\/cooperacio-i-solidaritat\/\"> <strong>Cooperaci\u00f3 i Solidaritat<\/strong><\/a> \u2013 Iniciatives per fomentar els valors de la solidaritat i la responsabilitat social en l\u2019alumnat.<\/p>\n\n\n\n<p class=\"has-small-font-size\">\ud83d\udd39 <strong><a href=\"https:\/\/agora.xtec.cat\/ies-vromana-lagarriga\/projecte-educatiu\/escacs-a-lescola\/\">Escacs a l\u2019escola<\/a><\/strong> \u2013 Programa que introdueix els escacs com a eina pedag\u00f2gica per desenvolupar el pensament l\u00f2gic i la concentraci\u00f3.<\/p>\n\n\n\n<p class=\"has-small-font-size\">\ud83d\udd39 <strong><a href=\"https:\/\/agora.xtec.cat\/ies-vromana-lagarriga\/projecte-educatiu\/escola-verda\/\">Escola Verda<\/a><\/strong> \u2013 Comprom\u00eds del centre amb la sostenibilitat i l\u2019educaci\u00f3 ambiental.<\/p>\n\n\n\n<p class=\"has-small-font-size\">\ud83d\udd39 <strong><a href=\"https:\/\/agora.xtec.cat\/ies-vromana-lagarriga\/projecte-educatiu\/intercanvis-linguistics-i-culturals\/\">Erasmus+ i intercanvis<\/a><\/strong> \u2013 Projectes de mobilitat internacional per promoure l\u2019aprenentatge intercultural i l\u2019\u00fas de lleng\u00fces estrangeres.<\/p>\n\n\n\n<p class=\"has-small-font-size\">\ud83d\udd39 <strong><a href=\"https:\/\/agora.xtec.cat\/ies-vromana-lagarriga\/projecte-educatiu\/fp-dual\/\">FP DUAL<\/a><\/strong> \u2013 Modalitat de formaci\u00f3 professional que combina l\u2019aprenentatge al centre educatiu amb l\u2019experi\u00e8ncia en empresa.<\/p>\n\n\n\n<p class=\"has-small-font-size\">\ud83d\udd39 <strong><a href=\"https:\/\/agora.xtec.cat\/ies-vromana-lagarriga\/projecte-educatiu\/fp-impuls-de-les-llengues\/\">FP Impuls de les lleng\u00fces<\/a><\/strong> \u2013 Programa per millorar la compet\u00e8ncia ling\u00fc\u00edstica en idiomes estrangers dins dels cicles formatius.<\/p>\n\n\n\n<p class=\"has-small-font-size\">\ud83d\udd39 <strong><a href=\"https:\/\/agora.xtec.cat\/ies-vromana-lagarriga\/projecte-educatiu\/gep\/\">GEP (Grup Experimental Pluriling\u00fce)<\/a><\/strong> \u2013 Iniciativa per potenciar el pluriling\u00fcisme en diferents mat\u00e8ries del curr\u00edculum.<\/p>\n\n\n\n<p class=\"has-small-font-size\">\ud83d\udd39 <strong><a href=\"https:\/\/agora.xtec.cat\/ies-vromana-lagarriga\/projecte-educatiu\/henka-escoles-resilients\/\">HENKA: Escoles resilients<\/a><\/strong> \u2013 Projecte per refor\u00e7ar la resili\u00e8ncia i el benestar emocional de l\u2019alumnat.<\/p>\n\n\n\n<p class=\"has-small-font-size\">\ud83d\udd39 <strong><a href=\"https:\/\/agora.xtec.cat\/ies-vromana-lagarriga\/projecte-educatiu\/projecte-ilec\/\">Projecte ILEC<\/a><\/strong> \u2013 Programa per millorar la compet\u00e8ncia lectora i fomentar l\u2019h\u00e0bit de la lectura.<\/p>\n\n\n\n<p class=\"has-small-font-size\">\ud83d\udd39<a href=\"https:\/\/agora.xtec.cat\/ies-vromana-lagarriga\/projecte-educatiu\/mufps\/\"> <strong>MUFPS<\/strong><\/a> \u2013 Programa de Mentoria Universit\u00e0ria per a estudiants del M\u00e0ster del Professorat.<\/p>\n\n\n\n<p class=\"has-small-font-size\">\ud83d\udd39 <strong><a href=\"https:\/\/agora.xtec.cat\/ies-vromana-lagarriga\/projecte-educatiu\/projecte-rius\/\">Projecte Rius<\/a><\/strong> \u2013 Iniciativa de ci\u00e8ncia ciutadana que involucra l\u2019alumnat en l\u2019an\u00e0lisi i preservaci\u00f3 dels ecosistemes fluvials.<\/p>\n\n\n\n<p class=\"has-small-font-size\">\ud83d\udd39 <strong><a href=\"https:\/\/agora.xtec.cat\/ies-vromana-lagarriga\/projecte-educatiu\/pqimc\/\">PQIMC<\/a><\/strong> \u2013 Projecte de Qualitat i Millora Cont\u00ednua, enfocat a l\u2019avaluaci\u00f3 i optimitzaci\u00f3 dels processos educatius del centre.  <\/p>\n\n\n\n<p class=\"has-small-font-size\">\ud83d\udd39 <strong><a href=\"https:\/\/agora.xtec.cat\/ies-vromana-lagarriga\/projecte-educatiu\/servei-comunitari\/\">Servei Comunitari<\/a><\/strong> \u2013 Projecte que fomenta la participaci\u00f3 activa de l\u2019alumnat en iniciatives socials i comunit\u00e0ries.<\/p>\n\n\n\n<p class=\"has-small-font-size\">\ud83d\udd39 <strong><a href=\"https:\/\/agora.xtec.cat\/ies-vromana-lagarriga\/projecte-educatiu\/tei\/\">TEI (Tutoria Entre Iguals)<\/a><\/strong> \u2013 Programa de mentoria en qu\u00e8 l\u2019alumnat de cursos superiors acompanya els nous estudiants per facilitar-ne la integraci\u00f3.<\/p>\n","protected":false},"excerpt":{"rendered":"<p>Projecte educatiu Al nostre centre impulsem una \u00e0mplia varietat de projectes que complementen la formaci\u00f3 acad\u00e8mica i fomenten el desenvolupament [&hellip;]<\/p>\n","protected":false},"author":1,"featured_media":0,"parent":0,"menu_order":0,"comment_status":"closed","ping_status":"closed","template":"","meta":{"_bbp_topic_count":0,"_bbp_reply_count":0,"_bbp_total_topic_count":0,"_bbp_total_reply_count":0,"_bbp_voice_count":0,"_bbp_anonymous_reply_count":0,"_bbp_topic_count_hidden":0,"_bbp_reply_count_hidden":0,"_bbp_forum_subforum_count":0,"site-sidebar-layout":"default","site-content-layout":"","ast-site-content-layout":"default","site-content-style":"default","site-sidebar-style":"default","ast-global-header-display":"","ast-banner-title-visibility":"","ast-main-header-display":"","ast-hfb-above-header-display":"","ast-hfb-below-header-display":"","ast-hfb-mobile-header-display":"","site-post-title":"disabled","ast-breadcrumbs-content":"","ast-featured-img":"","footer-sml-layout":"","theme-transparent-header-meta":"","adv-header-id-meta":"","stick-header-meta":"","header-above-stick-meta":"","header-main-stick-meta":"","header-below-stick-meta":"","astra-migrate-meta-layouts":"set","ast-page-background-enabled":"default","ast-page-background-meta":{"desktop":{"background-color":"var(--ast-global-color-4)","background-image":"","background-repeat":"repeat","background-position":"center center","background-size":"auto","background-attachment":"scroll","background-type":"","background-media":"","overlay-type":"","overlay-color":"","overlay-opacity":"","overlay-gradient":""},"tablet":{"background-color":"","background-image":"","background-repeat":"repeat","background-position":"center center","background-size":"auto","background-attachment":"scroll","background-type":"","background-media":"","overlay-type":"","overlay-color":"","overlay-opacity":"","overlay-gradient":""},"mobile":{"background-color":"","background-image":"","background-repeat":"repeat","background-position":"center center","background-size":"auto","background-attachment":"scroll","background-type":"","background-media":"","overlay-type":"","overlay-color":"","overlay-opacity":"","overlay-gradient":""}},"ast-content-background-meta":{"desktop":{"background-color":"var(--ast-global-color-5)","background-image":"","background-repeat":"repeat","background-position":"center center","background-size":"auto","background-attachment":"scroll","background-type":"","background-media":"","overlay-type":"","overlay-color":"","overlay-opacity":"","overlay-gradient":""},"tablet":{"background-color":"var(--ast-global-color-5)","background-image":"","background-repeat":"repeat","background-position":"center center","background-size":"auto","background-attachment":"scroll","background-type":"","background-media":"","overlay-type":"","overlay-color":"","overlay-opacity":"","overlay-gradient":""},"mobile":{"background-color":"var(--ast-global-color-5)","background-image":"","background-repeat":"repeat","background-position":"center center","background-size":"auto","background-attachment":"scroll","background-type":"","background-media":"","overlay-type":"","overlay-color":"","overlay-opacity":"","overlay-gradient":""}},"footnotes":""},"class_list":["post-57","page","type-page","status-publish","hentry"],"post_mailing_queue_ids":[],"_links":{"self":[{"href":"https:\/\/agora.xtec.cat\/ies-vromana-lagarriga\/wp-json\/wp\/v2\/pages\/57","targetHints":{"allow":["GET"]}}],"collection":[{"href":"https:\/\/agora.xtec.cat\/ies-vromana-lagarriga\/wp-json\/wp\/v2\/pages"}],"about":[{"href":"https:\/\/agora.xtec.cat\/ies-vromana-lagarriga\/wp-json\/wp\/v2\/types\/page"}],"author":[{"embeddable":true,"href":"https:\/\/agora.xtec.cat\/ies-vromana-lagarriga\/wp-json\/wp\/v2\/users\/1"}],"replies":[{"embeddable":true,"href":"https:\/\/agora.xtec.cat\/ies-vromana-lagarriga\/wp-json\/wp\/v2\/comments?post=57"}],"version-history":[{"count":6,"href":"https:\/\/agora.xtec.cat\/ies-vromana-lagarriga\/wp-json\/wp\/v2\/pages\/57\/revisions"}],"predecessor-version":[{"id":3769,"href":"https:\/\/agora.xtec.cat\/ies-vromana-lagarriga\/wp-json\/wp\/v2\/pages\/57\/revisions\/3769"}],"wp:attachment":[{"href":"https:\/\/agora.xtec.cat\/ies-vromana-lagarriga\/wp-json\/wp\/v2\/media?parent=57"}],"curies":[{"name":"wp","href":"https:\/\/api.w.org\/{rel}","templated":true}]}}