{"id":5355,"date":"2026-02-12T11:47:30","date_gmt":"2026-02-12T10:47:30","guid":{"rendered":"https:\/\/agora.xtec.cat\/ies-vromana-lagarriga\/?page_id=5355"},"modified":"2026-02-12T11:47:48","modified_gmt":"2026-02-12T10:47:48","slug":"comunicacio-2","status":"publish","type":"page","link":"https:\/\/agora.xtec.cat\/ies-vromana-lagarriga\/comunicacio-2\/","title":{"rendered":"Comunicaci\u00f3"},"content":{"rendered":"\n<h4 class=\"wp-block-heading\">Comunicaci\u00f3<\/h4>\n\n\n\n<p class=\"has-small-font-size\">La comunicaci\u00f3 \u00e9s una part essencial de la vida del centre i una eina clau per mantenir informada tota la comunitat educativa. A trav\u00e9s de diferents canals i espais informatius, compartim activitats, projectes, iniciatives i not\u00edcies d\u2019inter\u00e8s que formen part del dia a dia de l\u2019Institut Vil\u00b7la Romana. En aquest apartat hi trobar\u00e0s els principals recursos i vies que utilitzem per difondre informaci\u00f3 i fer arribar les novetats a l\u2019alumnat, les fam\u00edlies i el professorat.<\/p>\n\n\n\n<p class=\"has-small-font-size\"><strong>Subapartats:<\/strong><\/p>\n\n\n\n<p class=\"has-small-font-size\">\ud83d\udd39 <strong>Butllet\u00ed<\/strong> \u2013 Acc\u00e9s al butllet\u00ed quinzenal del centre <em>El Safareig del Vil\u00b7la<\/em>, amb un recull breu d\u2019activitats i moments destacats organitzats en dues seccions: <em>M\u00f3n alumnat<\/em> i <em>M\u00f3n Vil\u00b7la<\/em>.<\/p>\n\n\n\n<p class=\"has-small-font-size\">\ud83d\udd39 <strong>Xarxes<\/strong> \u2013 Recull de les diferents vies de comunicaci\u00f3 digital del centre (web, xarxes socials i plataformes educatives), amb enlla\u00e7os directes i una breu explicaci\u00f3 de l\u2019\u00fas de cada canal.<\/p>\n\n\n\n<p class=\"has-small-font-size\">\ud83d\udd39 <strong>Pantalla d\u2019entrada<\/strong> \u2013 Informaci\u00f3 sobre la pantalla informativa situada a l\u2019entrada principal del centre, on es projecta trimestralment un recull d\u2019imatges que mostra activitats i viv\u00e8ncies de l\u2019institut.<\/p>\n\n\n\n<p class=\"has-small-font-size\">\ud83d\udd39 <strong>Not\u00edcies per a la comunitat<\/strong> \u2013 Espai informatiu destinat al professorat, ubicat a la sala de professors, on es comparteixen articles, estudis i not\u00edcies d\u2019inter\u00e8s relacionades amb el m\u00f3n educatiu i la professi\u00f3 docent.<\/p>\n\n\n\n<p><\/p>\n","protected":false},"excerpt":{"rendered":"<p>Comunicaci\u00f3 La comunicaci\u00f3 \u00e9s una part essencial de la vida del centre i una eina clau per mantenir informada tota [&hellip;]<\/p>\n","protected":false},"author":5,"featured_media":0,"parent":0,"menu_order":0,"comment_status":"closed","ping_status":"close","template":"","meta":{"_bbp_topic_count":0,"_bbp_reply_count":0,"_bbp_total_topic_count":0,"_bbp_total_reply_count":0,"_bbp_voice_count":0,"_bbp_anonymous_reply_count":0,"_bbp_topic_count_hidden":0,"_bbp_reply_count_hidden":0,"_bbp_forum_subforum_count":0,"site-sidebar-layout":"default","site-content-layout":"","ast-site-content-layout":"default","site-content-style":"default","site-sidebar-style":"default","ast-global-header-display":"","ast-banner-title-visibility":"","ast-main-header-display":"","ast-hfb-above-header-display":"","ast-hfb-below-header-display":"","ast-hfb-mobile-header-display":"","site-post-title":"disabled","ast-breadcrumbs-content":"","ast-featured-img":"","footer-sml-layout":"","theme-transparent-header-meta":"","adv-header-id-meta":"","stick-header-meta":"","header-above-stick-meta":"","header-main-stick-meta":"","header-below-stick-meta":"","astra-migrate-meta-layouts":"set","ast-page-background-enabled":"default","ast-page-background-meta":{"desktop":{"background-color":"var(--ast-global-color-4)","background-image":"","background-repeat":"repeat","background-position":"center center","background-size":"auto","background-attachment":"scroll","background-type":"","background-media":"","overlay-type":"","overlay-color":"","overlay-opacity":"","overlay-gradient":""},"tablet":{"background-color":"","background-image":"","background-repeat":"repeat","background-position":"center center","background-size":"auto","background-attachment":"scroll","background-type":"","background-media":"","overlay-type":"","overlay-color":"","overlay-opacity":"","overlay-gradient":""},"mobile":{"background-color":"","background-image":"","background-repeat":"repeat","background-position":"center center","background-size":"auto","background-attachment":"scroll","background-type":"","background-media":"","overlay-type":"","overlay-color":"","overlay-opacity":"","overlay-gradient":""}},"ast-content-background-meta":{"desktop":{"background-color":"var(--ast-global-color-5)","background-image":"","background-repeat":"repeat","background-position":"center center","background-size":"auto","background-attachment":"scroll","background-type":"","background-media":"","overlay-type":"","overlay-color":"","overlay-opacity":"","overlay-gradient":""},"tablet":{"background-color":"var(--ast-global-color-5)","background-image":"","background-repeat":"repeat","background-position":"center center","background-size":"auto","background-attachment":"scroll","background-type":"","background-media":"","overlay-type":"","overlay-color":"","overlay-opacity":"","overlay-gradient":""},"mobile":{"background-color":"var(--ast-global-color-5)","background-image":"","background-repeat":"repeat","background-position":"center center","background-size":"auto","background-attachment":"scroll","background-type":"","background-media":"","overlay-type":"","overlay-color":"","overlay-opacity":"","overlay-gradient":""}},"footnotes":""},"class_list":["post-5355","page","type-page","status-publish","hentry"],"post_mailing_queue_ids":[],"_links":{"self":[{"href":"https:\/\/agora.xtec.cat\/ies-vromana-lagarriga\/wp-json\/wp\/v2\/pages\/5355","targetHints":{"allow":["GET"]}}],"collection":[{"href":"https:\/\/agora.xtec.cat\/ies-vromana-lagarriga\/wp-json\/wp\/v2\/pages"}],"about":[{"href":"https:\/\/agora.xtec.cat\/ies-vromana-lagarriga\/wp-json\/wp\/v2\/types\/page"}],"author":[{"embeddable":true,"href":"https:\/\/agora.xtec.cat\/ies-vromana-lagarriga\/wp-json\/wp\/v2\/users\/5"}],"replies":[{"embeddable":true,"href":"https:\/\/agora.xtec.cat\/ies-vromana-lagarriga\/wp-json\/wp\/v2\/comments?post=5355"}],"version-history":[{"count":2,"href":"https:\/\/agora.xtec.cat\/ies-vromana-lagarriga\/wp-json\/wp\/v2\/pages\/5355\/revisions"}],"predecessor-version":[{"id":5357,"href":"https:\/\/agora.xtec.cat\/ies-vromana-lagarriga\/wp-json\/wp\/v2\/pages\/5355\/revisions\/5357"}],"wp:attachment":[{"href":"https:\/\/agora.xtec.cat\/ies-vromana-lagarriga\/wp-json\/wp\/v2\/media?parent=5355"}],"curies":[{"name":"wp","href":"https:\/\/api.w.org\/{rel}","templated":true}]}}