{"id":5057,"date":"2026-01-07T16:44:32","date_gmt":"2026-01-07T15:44:32","guid":{"rendered":"https:\/\/agora.xtec.cat\/ies-vromana-lagarriga\/?page_id=5057"},"modified":"2026-01-07T16:44:32","modified_gmt":"2026-01-07T15:44:32","slug":"empresafp","status":"publish","type":"page","link":"https:\/\/agora.xtec.cat\/ies-vromana-lagarriga\/empresafp\/","title":{"rendered":"EmpresaFP"},"content":{"rendered":"\n<h4 class=\"wp-block-heading\">EmpresaFP<\/h4>\n\n\n\n<p class=\"has-small-font-size\">L\u2019Institut Vil\u00b7la Romana participa en el programa EmpresaFP, una iniciativa del Departament d\u2019Educaci\u00f3 i Formaci\u00f3 Professional que dona suport als centres de formaci\u00f3 professional per refor\u00e7ar la relaci\u00f3 amb el teixit empresarial. El programa impulsa la col\u00b7laboraci\u00f3 entre centres i empreses mitjan\u00e7ant l\u2019intercanvi de serveis, el desenvolupament de projectes conjunts i la compartici\u00f3 de bones pr\u00e0ctiques.<\/p>\n\n\n\n<p class=\"has-small-font-size\">La finalitat d\u2019EmpresaFP \u00e9s facilitar accions sistem\u00e0tiques de prestaci\u00f3 de serveis a les empreses i afavorir la formaci\u00f3 cont\u00ednua de les persones al llarg de la seva vida professional, contribuint aix\u00ed a l\u2019adaptaci\u00f3 a les necessitats del territori, del teixit econ\u00f2mic i de la cohesi\u00f3 social.<\/p>\n\n\n\n<p class=\"has-small-font-size\">Al nostre centre, el projecte EmpresaFP es troba actualment en el seu segon any d\u2019implementaci\u00f3. Durant el primer any es va elaborar el cat\u00e0leg de serveis i es va posar en marxa la borsa de treball, amb l\u2019objectiu de connectar alumnat i exalumnat amb oportunitats laborals del sector. En aquesta segona fase, el centre treballa per ampliar i consolidar la col\u00b7laboraci\u00f3 amb les empreses, promovent una relaci\u00f3 bidireccional que permeti tant la inserci\u00f3 laboral com el desenvolupament de projectes i serveis compartits.<\/p>\n\n\n\n<p class=\"has-small-font-size\">En aquest apartat podeu consultar els documents informatius del projecte amb el cat\u00e0leg de serveis que ofereix l\u2019Institut Vil\u00b7la Romana i la informaci\u00f3 de contacte per a empreses interessades a col\u00b7laborar amb el centre.<\/p>\n\n\n\n<div class=\"wp-block-media-text is-stacked-on-mobile\"><figure class=\"wp-block-media-text__media\"><img loading=\"lazy\" decoding=\"async\" width=\"898\" height=\"202\" src=\"https:\/\/agora.xtec.cat\/ies-vromana-lagarriga\/wp-content\/uploads\/usu2444\/2026\/01\/Empresa_FP.jpg\" alt=\"\" class=\"wp-image-5058 size-full\" srcset=\"https:\/\/agora.xtec.cat\/ies-vromana-lagarriga\/wp-content\/uploads\/usu2444\/2026\/01\/Empresa_FP.jpg 898w, https:\/\/agora.xtec.cat\/ies-vromana-lagarriga\/wp-content\/uploads\/usu2444\/2026\/01\/Empresa_FP-300x67.jpg 300w, https:\/\/agora.xtec.cat\/ies-vromana-lagarriga\/wp-content\/uploads\/usu2444\/2026\/01\/Empresa_FP-768x173.jpg 768w\" sizes=\"auto, (max-width: 898px) 100vw, 898px\" \/><\/figure><div class=\"wp-block-media-text__content\">\n<ul class=\"wp-block-list\">\n<li><a href=\"https:\/\/drive.google.com\/file\/d\/1th_ZpuCQAfO4IwihzsgA3XhCQlO7fx43\/view?usp=sharing\">EmpresaFP &#8211; Tr\u00edptic<\/a><\/li>\n\n\n\n<li><a href=\"https:\/\/drive.google.com\/file\/d\/1Fw28zU0AcFVUIX-d8vIFqJT6b9aTh4Ey\/view?usp=sharing\">Serveis Institut Vil\u00b7la Romana<\/a><\/li>\n<\/ul>\n<\/div><\/div>\n\n\n\n<p><\/p>\n\n\n\n<p><\/p>\n","protected":false},"excerpt":{"rendered":"<p>EmpresaFP L\u2019Institut Vil\u00b7la Romana participa en el programa EmpresaFP, una iniciativa del Departament d\u2019Educaci\u00f3 i Formaci\u00f3 Professional que dona suport [&hellip;]<\/p>\n","protected":false},"author":5,"featured_media":0,"parent":0,"menu_order":0,"comment_status":"closed","ping_status":"close","template":"","meta":{"_bbp_topic_count":0,"_bbp_reply_count":0,"_bbp_total_topic_count":0,"_bbp_total_reply_count":0,"_bbp_voice_count":0,"_bbp_anonymous_reply_count":0,"_bbp_topic_count_hidden":0,"_bbp_reply_count_hidden":0,"_bbp_forum_subforum_count":0,"site-sidebar-layout":"default","site-content-layout":"","ast-site-content-layout":"default","site-content-style":"default","site-sidebar-style":"default","ast-global-header-display":"","ast-banner-title-visibility":"","ast-main-header-display":"","ast-hfb-above-header-display":"","ast-hfb-below-header-display":"","ast-hfb-mobile-header-display":"","site-post-title":"disabled","ast-breadcrumbs-content":"","ast-featured-img":"","footer-sml-layout":"","theme-transparent-header-meta":"","adv-header-id-meta":"","stick-header-meta":"","header-above-stick-meta":"","header-main-stick-meta":"","header-below-stick-meta":"","astra-migrate-meta-layouts":"set","ast-page-background-enabled":"default","ast-page-background-meta":{"desktop":{"background-color":"var(--ast-global-color-4)","background-image":"","background-repeat":"repeat","background-position":"center center","background-size":"auto","background-attachment":"scroll","background-type":"","background-media":"","overlay-type":"","overlay-color":"","overlay-opacity":"","overlay-gradient":""},"tablet":{"background-color":"","background-image":"","background-repeat":"repeat","background-position":"center center","background-size":"auto","background-attachment":"scroll","background-type":"","background-media":"","overlay-type":"","overlay-color":"","overlay-opacity":"","overlay-gradient":""},"mobile":{"background-color":"","background-image":"","background-repeat":"repeat","background-position":"center center","background-size":"auto","background-attachment":"scroll","background-type":"","background-media":"","overlay-type":"","overlay-color":"","overlay-opacity":"","overlay-gradient":""}},"ast-content-background-meta":{"desktop":{"background-color":"var(--ast-global-color-5)","background-image":"","background-repeat":"repeat","background-position":"center center","background-size":"auto","background-attachment":"scroll","background-type":"","background-media":"","overlay-type":"","overlay-color":"","overlay-opacity":"","overlay-gradient":""},"tablet":{"background-color":"var(--ast-global-color-5)","background-image":"","background-repeat":"repeat","background-position":"center center","background-size":"auto","background-attachment":"scroll","background-type":"","background-media":"","overlay-type":"","overlay-color":"","overlay-opacity":"","overlay-gradient":""},"mobile":{"background-color":"var(--ast-global-color-5)","background-image":"","background-repeat":"repeat","background-position":"center center","background-size":"auto","background-attachment":"scroll","background-type":"","background-media":"","overlay-type":"","overlay-color":"","overlay-opacity":"","overlay-gradient":""}},"footnotes":""},"class_list":["post-5057","page","type-page","status-publish","hentry"],"post_mailing_queue_ids":[],"_links":{"self":[{"href":"https:\/\/agora.xtec.cat\/ies-vromana-lagarriga\/wp-json\/wp\/v2\/pages\/5057","targetHints":{"allow":["GET"]}}],"collection":[{"href":"https:\/\/agora.xtec.cat\/ies-vromana-lagarriga\/wp-json\/wp\/v2\/pages"}],"about":[{"href":"https:\/\/agora.xtec.cat\/ies-vromana-lagarriga\/wp-json\/wp\/v2\/types\/page"}],"author":[{"embeddable":true,"href":"https:\/\/agora.xtec.cat\/ies-vromana-lagarriga\/wp-json\/wp\/v2\/users\/5"}],"replies":[{"embeddable":true,"href":"https:\/\/agora.xtec.cat\/ies-vromana-lagarriga\/wp-json\/wp\/v2\/comments?post=5057"}],"version-history":[{"count":1,"href":"https:\/\/agora.xtec.cat\/ies-vromana-lagarriga\/wp-json\/wp\/v2\/pages\/5057\/revisions"}],"predecessor-version":[{"id":5059,"href":"https:\/\/agora.xtec.cat\/ies-vromana-lagarriga\/wp-json\/wp\/v2\/pages\/5057\/revisions\/5059"}],"wp:attachment":[{"href":"https:\/\/agora.xtec.cat\/ies-vromana-lagarriga\/wp-json\/wp\/v2\/media?parent=5057"}],"curies":[{"name":"wp","href":"https:\/\/api.w.org\/{rel}","templated":true}]}}