{"id":3642,"date":"2025-02-07T10:33:36","date_gmt":"2025-02-07T09:33:36","guid":{"rendered":"https:\/\/agora.xtec.cat\/ies-vromana-lagarriga\/?page_id=3642"},"modified":"2025-02-15T10:52:41","modified_gmt":"2025-02-15T09:52:41","slug":"carta-de-compromis-educatiu","status":"publish","type":"page","link":"https:\/\/agora.xtec.cat\/ies-vromana-lagarriga\/documentacio-estrategica\/carta-de-compromis-educatiu\/","title":{"rendered":"Carta de comprom\u00eds educatiu"},"content":{"rendered":"\n<h4 class=\"wp-block-heading\">Carta de comprom\u00eds educatiu<\/h4>\n\n\n\n<p class=\"has-small-font-size\">La Carta de comprom\u00eds educatiu \u00e9s un document que estableix els drets, deures i responsabilitats de les fam\u00edlies, l\u2019alumnat i el centre educatiu per garantir un entorn d\u2019aprenentatge adequat. Segons la normativa vigent del Departament d\u2019Educaci\u00f3 i Formaci\u00f3 Professional, aquesta carta refor\u00e7a la col\u00b7laboraci\u00f3 entre escola i fam\u00edlia per afavorir el desenvolupament acad\u00e8mic i personal de l\u2019alumnat. El document es formalitza en el moment de la matr\u00edcula i recull els principis de conviv\u00e8ncia, participaci\u00f3 i corresponsabilitat en l\u2019educaci\u00f3.<\/p>\n\n\n\n<div data-wp-interactive=\"core\/file\" class=\"wp-block-file\"><object data-wp-bind--hidden=\"!state.hasPdfPreview\" hidden class=\"wp-block-file__embed\" data=\"https:\/\/agora.xtec.cat\/ies-vromana-lagarriga\/wp-content\/uploads\/usu2444\/2025\/02\/Carta-de-compromis-educatiu.pdf\" type=\"application\/pdf\" style=\"width:100%;height:600px\" aria-label=\"Incrustaci\u00f3 del fitxer Carta de compromis educatiu.\"><\/object><a id=\"wp-block-file--media-eb20a4d8-e6aa-4057-a52e-f07c6be81814\" href=\"https:\/\/agora.xtec.cat\/ies-vromana-lagarriga\/wp-content\/uploads\/usu2444\/2025\/02\/Carta-de-compromis-educatiu.pdf\">Carta de compromis educatiu<\/a><a href=\"https:\/\/agora.xtec.cat\/ies-vromana-lagarriga\/wp-content\/uploads\/usu2444\/2025\/02\/Carta-de-compromis-educatiu.pdf\" class=\"wp-block-file__button wp-element-button\" download aria-describedby=\"wp-block-file--media-eb20a4d8-e6aa-4057-a52e-f07c6be81814\">Baixa<\/a><\/div>\n","protected":false},"excerpt":{"rendered":"<p>Carta de comprom\u00eds educatiu La Carta de comprom\u00eds educatiu \u00e9s un document que estableix els drets, deures i responsabilitats de [&hellip;]<\/p>\n","protected":false},"author":5,"featured_media":0,"parent":3370,"menu_order":0,"comment_status":"closed","ping_status":"closed","template":"","meta":{"_bbp_topic_count":0,"_bbp_reply_count":0,"_bbp_total_topic_count":0,"_bbp_total_reply_count":0,"_bbp_voice_count":0,"_bbp_anonymous_reply_count":0,"_bbp_topic_count_hidden":0,"_bbp_reply_count_hidden":0,"_bbp_forum_subforum_count":0,"site-sidebar-layout":"default","site-content-layout":"","ast-site-content-layout":"default","site-content-style":"default","site-sidebar-style":"default","ast-global-header-display":"","ast-banner-title-visibility":"","ast-main-header-display":"","ast-hfb-above-header-display":"","ast-hfb-below-header-display":"","ast-hfb-mobile-header-display":"","site-post-title":"","ast-breadcrumbs-content":"","ast-featured-img":"","footer-sml-layout":"","theme-transparent-header-meta":"","adv-header-id-meta":"","stick-header-meta":"","header-above-stick-meta":"","header-main-stick-meta":"","header-below-stick-meta":"","astra-migrate-meta-layouts":"set","ast-page-background-enabled":"default","ast-page-background-meta":{"desktop":{"background-color":"var(--ast-global-color-4)","background-image":"","background-repeat":"repeat","background-position":"center center","background-size":"auto","background-attachment":"scroll","background-type":"","background-media":"","overlay-type":"","overlay-color":"","overlay-opacity":"","overlay-gradient":""},"tablet":{"background-color":"","background-image":"","background-repeat":"repeat","background-position":"center center","background-size":"auto","background-attachment":"scroll","background-type":"","background-media":"","overlay-type":"","overlay-color":"","overlay-opacity":"","overlay-gradient":""},"mobile":{"background-color":"","background-image":"","background-repeat":"repeat","background-position":"center center","background-size":"auto","background-attachment":"scroll","background-type":"","background-media":"","overlay-type":"","overlay-color":"","overlay-opacity":"","overlay-gradient":""}},"ast-content-background-meta":{"desktop":{"background-color":"var(--ast-global-color-5)","background-image":"","background-repeat":"repeat","background-position":"center center","background-size":"auto","background-attachment":"scroll","background-type":"","background-media":"","overlay-type":"","overlay-color":"","overlay-opacity":"","overlay-gradient":""},"tablet":{"background-color":"var(--ast-global-color-5)","background-image":"","background-repeat":"repeat","background-position":"center center","background-size":"auto","background-attachment":"scroll","background-type":"","background-media":"","overlay-type":"","overlay-color":"","overlay-opacity":"","overlay-gradient":""},"mobile":{"background-color":"var(--ast-global-color-5)","background-image":"","background-repeat":"repeat","background-position":"center center","background-size":"auto","background-attachment":"scroll","background-type":"","background-media":"","overlay-type":"","overlay-color":"","overlay-opacity":"","overlay-gradient":""}},"footnotes":""},"class_list":["post-3642","page","type-page","status-publish","hentry"],"post_mailing_queue_ids":[],"_links":{"self":[{"href":"https:\/\/agora.xtec.cat\/ies-vromana-lagarriga\/wp-json\/wp\/v2\/pages\/3642","targetHints":{"allow":["GET"]}}],"collection":[{"href":"https:\/\/agora.xtec.cat\/ies-vromana-lagarriga\/wp-json\/wp\/v2\/pages"}],"about":[{"href":"https:\/\/agora.xtec.cat\/ies-vromana-lagarriga\/wp-json\/wp\/v2\/types\/page"}],"author":[{"embeddable":true,"href":"https:\/\/agora.xtec.cat\/ies-vromana-lagarriga\/wp-json\/wp\/v2\/users\/5"}],"replies":[{"embeddable":true,"href":"https:\/\/agora.xtec.cat\/ies-vromana-lagarriga\/wp-json\/wp\/v2\/comments?post=3642"}],"version-history":[{"count":1,"href":"https:\/\/agora.xtec.cat\/ies-vromana-lagarriga\/wp-json\/wp\/v2\/pages\/3642\/revisions"}],"predecessor-version":[{"id":3643,"href":"https:\/\/agora.xtec.cat\/ies-vromana-lagarriga\/wp-json\/wp\/v2\/pages\/3642\/revisions\/3643"}],"up":[{"embeddable":true,"href":"https:\/\/agora.xtec.cat\/ies-vromana-lagarriga\/wp-json\/wp\/v2\/pages\/3370"}],"wp:attachment":[{"href":"https:\/\/agora.xtec.cat\/ies-vromana-lagarriga\/wp-json\/wp\/v2\/media?parent=3642"}],"curies":[{"name":"wp","href":"https:\/\/api.w.org\/{rel}","templated":true}]}}