{"id":1119,"date":"2023-12-05T12:00:06","date_gmt":"2023-12-05T11:00:06","guid":{"rendered":"https:\/\/agora.xtec.cat\/ies-vromana-lagarriga\/?page_id=1119"},"modified":"2026-01-07T18:38:07","modified_gmt":"2026-01-07T17:38:07","slug":"intercanvis","status":"publish","type":"page","link":"https:\/\/agora.xtec.cat\/ies-vromana-lagarriga\/projecte-educatiu\/intercanvis-linguistics-i-culturals\/intercanvis\/","title":{"rendered":"Intercanvis"},"content":{"rendered":"<p><span style=\"font-weight: 400;\">L\u2019Institut Vil\u00b7la Romana organitza des de fa 15 anys un intercanvi amb l\u2019alumnat de 1r de Batxillerat amb el <\/span><b>Liceo Scientifico Statale Galileo Galilei<\/b><span style=\"font-weight: 400;\"> de Selvazzano, P\u00e0dova, It\u00e0lia.<\/span><span style=\"font-weight: 400;\"> Aquest curs, a m\u00e9s, ampliem aquest intercanvi amb un segon institut, el <\/span><b>Carolus Clusius College<\/b><span style=\"font-weight: 400;\"> de Zwolle, Holanda. Es tracta d\u2019un intercanvi acad\u00e8mic, ling\u00fc\u00edstic i cultural en el qual el nostre alumnat acollir\u00e0 entre l\u201911 i el 17 de mar\u00e7 un alumne\/a itali\u00e0 o holand\u00e8s i viatjar\u00e0 del 16 al 22 d\u2019abril a casa d\u2019aquest alumne\/a. Durant aquestes dues setmanes es combinar\u00e0 el treball als instituts al voltant d\u2019un petit projecte amb visites culturals utilitzant l\u2019angl\u00e8s com a llengua de comunicaci\u00f3.<\/span><\/p>\n<p><a href=\"https:\/\/agora.xtec.cat\/ies-vromana-lagarriga\/categoria\/intercanvis\/\">Not\u00edcies intercanvis<\/a><\/p>\n<p>Despr\u00e9s de diversos anys sense dur-se a terme, el centre ha repr\u00e8s l\u2019intercanvi amb l\u2019<span class=\"hover:entity-accent entity-underline inline cursor-pointer align-baseline\"><span class=\"whitespace-normal\">IES Marratx\u00ed<\/span><\/span>**, adre\u00e7at a alumnat de <strong data-start=\"282\" data-end=\"294\">2n d\u2019ESO<\/strong>. Aquest intercanvi s\u2019emmarca dins del projecte del Govern balear <strong data-start=\"360\" data-end=\"379\">\u201cParlem catal\u00e0\u201d<\/strong>, que t\u00e9 com a objectiu principal la divulgaci\u00f3 de la llengua catalana, el coneixement de les seves varietats dialectals i la descoberta del patrimoni cultural i natural. Es tracta d\u2019un intercanvi d\u2019\u00e0mbit acad\u00e8mic, ling\u00fc\u00edstic, cultural i social, en qu\u00e8 l\u2019alumnat acull durant cinc dies un\/a alumne\/a de Mallorca i, posteriorment, viatja tamb\u00e9 cinc dies a casa seva. Durant les estades es combinen activitats lectives, treball de projecte i visites culturals, utilitzant el <strong data-start=\"852\" data-end=\"891\">catal\u00e0 com a llengua de comunicaci\u00f3<\/strong>.<\/p>\n","protected":false},"excerpt":{"rendered":"<p>L\u2019Institut Vil\u00b7la Romana organitza des de fa 15 anys un intercanvi amb l\u2019alumnat de 1r de Batxillerat amb el Liceo [&hellip;]<\/p>\n","protected":false},"author":1,"featured_media":0,"parent":639,"menu_order":0,"comment_status":"closed","ping_status":"closed","template":"","meta":{"_bbp_topic_count":0,"_bbp_reply_count":0,"_bbp_total_topic_count":0,"_bbp_total_reply_count":0,"_bbp_voice_count":0,"_bbp_anonymous_reply_count":0,"_bbp_topic_count_hidden":0,"_bbp_reply_count_hidden":0,"_bbp_forum_subforum_count":0,"site-sidebar-layout":"default","site-content-layout":"","ast-site-content-layout":"default","site-content-style":"default","site-sidebar-style":"default","ast-global-header-display":"","ast-banner-title-visibility":"","ast-main-header-display":"","ast-hfb-above-header-display":"","ast-hfb-below-header-display":"","ast-hfb-mobile-header-display":"","site-post-title":"","ast-breadcrumbs-content":"","ast-featured-img":"","footer-sml-layout":"","theme-transparent-header-meta":"","adv-header-id-meta":"","stick-header-meta":"","header-above-stick-meta":"","header-main-stick-meta":"","header-below-stick-meta":"","astra-migrate-meta-layouts":"set","ast-page-background-enabled":"default","ast-page-background-meta":{"desktop":{"background-color":"var(--ast-global-color-4)","background-image":"","background-repeat":"repeat","background-position":"center center","background-size":"auto","background-attachment":"scroll","background-type":"","background-media":"","overlay-type":"","overlay-color":"","overlay-opacity":"","overlay-gradient":""},"tablet":{"background-color":"","background-image":"","background-repeat":"repeat","background-position":"center center","background-size":"auto","background-attachment":"scroll","background-type":"","background-media":"","overlay-type":"","overlay-color":"","overlay-opacity":"","overlay-gradient":""},"mobile":{"background-color":"","background-image":"","background-repeat":"repeat","background-position":"center center","background-size":"auto","background-attachment":"scroll","background-type":"","background-media":"","overlay-type":"","overlay-color":"","overlay-opacity":"","overlay-gradient":""}},"ast-content-background-meta":{"desktop":{"background-color":"var(--ast-global-color-5)","background-image":"","background-repeat":"repeat","background-position":"center center","background-size":"auto","background-attachment":"scroll","background-type":"","background-media":"","overlay-type":"","overlay-color":"","overlay-opacity":"","overlay-gradient":""},"tablet":{"background-color":"var(--ast-global-color-5)","background-image":"","background-repeat":"repeat","background-position":"center center","background-size":"auto","background-attachment":"scroll","background-type":"","background-media":"","overlay-type":"","overlay-color":"","overlay-opacity":"","overlay-gradient":""},"mobile":{"background-color":"var(--ast-global-color-5)","background-image":"","background-repeat":"repeat","background-position":"center center","background-size":"auto","background-attachment":"scroll","background-type":"","background-media":"","overlay-type":"","overlay-color":"","overlay-opacity":"","overlay-gradient":""}},"footnotes":""},"class_list":["post-1119","page","type-page","status-publish","hentry"],"post_mailing_queue_ids":[],"_links":{"self":[{"href":"https:\/\/agora.xtec.cat\/ies-vromana-lagarriga\/wp-json\/wp\/v2\/pages\/1119","targetHints":{"allow":["GET"]}}],"collection":[{"href":"https:\/\/agora.xtec.cat\/ies-vromana-lagarriga\/wp-json\/wp\/v2\/pages"}],"about":[{"href":"https:\/\/agora.xtec.cat\/ies-vromana-lagarriga\/wp-json\/wp\/v2\/types\/page"}],"author":[{"embeddable":true,"href":"https:\/\/agora.xtec.cat\/ies-vromana-lagarriga\/wp-json\/wp\/v2\/users\/1"}],"replies":[{"embeddable":true,"href":"https:\/\/agora.xtec.cat\/ies-vromana-lagarriga\/wp-json\/wp\/v2\/comments?post=1119"}],"version-history":[{"count":6,"href":"https:\/\/agora.xtec.cat\/ies-vromana-lagarriga\/wp-json\/wp\/v2\/pages\/1119\/revisions"}],"predecessor-version":[{"id":5096,"href":"https:\/\/agora.xtec.cat\/ies-vromana-lagarriga\/wp-json\/wp\/v2\/pages\/1119\/revisions\/5096"}],"up":[{"embeddable":true,"href":"https:\/\/agora.xtec.cat\/ies-vromana-lagarriga\/wp-json\/wp\/v2\/pages\/639"}],"wp:attachment":[{"href":"https:\/\/agora.xtec.cat\/ies-vromana-lagarriga\/wp-json\/wp\/v2\/media?parent=1119"}],"curies":[{"name":"wp","href":"https:\/\/api.w.org\/{rel}","templated":true}]}}