{"id":1085,"date":"2023-12-03T16:32:26","date_gmt":"2023-12-03T15:32:26","guid":{"rendered":"https:\/\/agora.xtec.cat\/ies-vromana-lagarriga\/?page_id=1085"},"modified":"2025-02-05T18:14:11","modified_gmt":"2025-02-05T17:14:11","slug":"fp-dual","status":"publish","type":"page","link":"https:\/\/agora.xtec.cat\/ies-vromana-lagarriga\/projecte-educatiu\/fp-dual\/","title":{"rendered":"FP DUAL"},"content":{"rendered":"\n<h4 class=\"wp-block-heading\">FP DUAL<\/h4>\n\n\n\n<p class=\"has-small-font-size\">La&nbsp;<strong>formaci\u00f3 dual<\/strong>&nbsp;\u00e9s la modalitat de la formaci\u00f3 professional (FP) en la qual l&#8217;estudiant esdev\u00e9 aprenent i combina la formaci\u00f3 en el centre educatiu amb l&#8217;activitat productiva en l&#8217;empresa. Els objectius s\u00f3n:<\/p>\n\n\n\n<ul class=\"wp-block-list\">\n<li class=\"has-small-font-size\">adequar la formaci\u00f3 professional a les necessitats de les empreses,<\/li>\n\n\n\n<li class=\"has-small-font-size\">establir una major vinculaci\u00f3 i corresponsabilitat entre els centres de formaci\u00f3 professional i les empreses, en el proc\u00e9s formatiu del jovent,<\/li>\n\n\n\n<li class=\"has-small-font-size\">millorar el proc\u00e9s d&#8217;aprenentatge dels estudiants de formaci\u00f3 professional.<\/li>\n<\/ul>\n\n\n\n<p class=\"has-small-font-size\">El Departament d&#8217;Educaci\u00f3 impulsa la&nbsp;<strong>FP dual<\/strong>, en qu\u00e8 centres i empreses comparteixen les responsabilitats formatives, per tal que els ensenyaments professionals s&#8217;adeq\u00fcin a les necessitats del mercat laboral.<\/p>\n\n\n\n<p class=\"has-small-font-size\">La formaci\u00f3 dual aporta als alumnes:<\/p>\n\n\n\n<ul class=\"wp-block-list\">\n<li class=\"has-small-font-size\">millorar el currr\u00edculum professional<\/li>\n\n\n\n<li class=\"has-small-font-size\">desenvolupar les compet\u00e8ncies professionals en un entorn laboral real<\/li>\n\n\n\n<li class=\"has-small-font-size\">afavorir la incorporaci\u00f3 al m\u00f3n laboral com a aprenent qualificat<\/li>\n\n\n\n<li class=\"has-small-font-size\">recon\u00e8ixer el valor que aporta l&#8217;estudiant per l&#8217;activitat desenvolupada a l&#8217;empresa<\/li>\n<\/ul>\n\n\n\n<p class=\"has-small-font-size\">Alhora l&#8217;empresa i el centre educatiu tamb\u00e9 n&#8217;obtenen beneficis, ja que incorporen personal qualificat a l&#8217;empresa i els centres intercanvien i transfereixen coneixements amb les empreses.<\/p>\n\n\n\n<p><\/p>\n\n\n\n<h5 class=\"wp-block-heading\">Com funciona?<\/h5>\n\n\n\n<ul class=\"wp-block-list\">\n<li class=\"has-small-font-size\">La col\u00b7laboraci\u00f3 entre el centre i l&#8217;empresa es formalitza mitjan\u00e7ant un conveni de col\u00b7laboraci\u00f3.<\/li>\n\n\n\n<li class=\"has-small-font-size\">Per a cada alumne s&#8217;acorden les activitats formatives a desenvolupar en l&#8217;empresa per completar la seva qualificaci\u00f3, aix\u00ed com l&#8217;horari i el calendari.<\/li>\n\n\n\n<li class=\"has-small-font-size\">L&#8217;empresa acull l&#8217;aprenent i li assigna un lloc de treball adient.<\/li>\n\n\n\n<li class=\"has-small-font-size\">El centre educatiu i l&#8217;empresa designen els tutors que fan el seguiment dels alumnes aprenents.<\/li>\n\n\n\n<li class=\"has-small-font-size\">El seguiment i la valoraci\u00f3 de l&#8217;aprenent es fa de forma conjunta entre l&#8217;empresa i el centre.<\/li>\n<\/ul>\n","protected":false},"excerpt":{"rendered":"<p>FP DUAL La&nbsp;formaci\u00f3 dual&nbsp;\u00e9s la modalitat de la formaci\u00f3 professional (FP) en la qual l&#8217;estudiant esdev\u00e9 aprenent i combina la [&hellip;]<\/p>\n","protected":false},"author":5,"featured_media":0,"parent":57,"menu_order":14,"comment_status":"closed","ping_status":"closed","template":"","meta":{"_bbp_topic_count":0,"_bbp_reply_count":0,"_bbp_total_topic_count":0,"_bbp_total_reply_count":0,"_bbp_voice_count":0,"_bbp_anonymous_reply_count":0,"_bbp_topic_count_hidden":0,"_bbp_reply_count_hidden":0,"_bbp_forum_subforum_count":0,"site-sidebar-layout":"default","site-content-layout":"","ast-site-content-layout":"default","site-content-style":"default","site-sidebar-style":"default","ast-global-header-display":"","ast-banner-title-visibility":"","ast-main-header-display":"","ast-hfb-above-header-display":"","ast-hfb-below-header-display":"","ast-hfb-mobile-header-display":"","site-post-title":"disabled","ast-breadcrumbs-content":"","ast-featured-img":"","footer-sml-layout":"","theme-transparent-header-meta":"","adv-header-id-meta":"","stick-header-meta":"","header-above-stick-meta":"","header-main-stick-meta":"","header-below-stick-meta":"","astra-migrate-meta-layouts":"set","ast-page-background-enabled":"default","ast-page-background-meta":{"desktop":{"background-color":"var(--ast-global-color-4)","background-image":"","background-repeat":"repeat","background-position":"center center","background-size":"auto","background-attachment":"scroll","background-type":"","background-media":"","overlay-type":"","overlay-color":"","overlay-opacity":"","overlay-gradient":""},"tablet":{"background-color":"","background-image":"","background-repeat":"repeat","background-position":"center center","background-size":"auto","background-attachment":"scroll","background-type":"","background-media":"","overlay-type":"","overlay-color":"","overlay-opacity":"","overlay-gradient":""},"mobile":{"background-color":"","background-image":"","background-repeat":"repeat","background-position":"center center","background-size":"auto","background-attachment":"scroll","background-type":"","background-media":"","overlay-type":"","overlay-color":"","overlay-opacity":"","overlay-gradient":""}},"ast-content-background-meta":{"desktop":{"background-color":"var(--ast-global-color-5)","background-image":"","background-repeat":"repeat","background-position":"center center","background-size":"auto","background-attachment":"scroll","background-type":"","background-media":"","overlay-type":"","overlay-color":"","overlay-opacity":"","overlay-gradient":""},"tablet":{"background-color":"var(--ast-global-color-5)","background-image":"","background-repeat":"repeat","background-position":"center center","background-size":"auto","background-attachment":"scroll","background-type":"","background-media":"","overlay-type":"","overlay-color":"","overlay-opacity":"","overlay-gradient":""},"mobile":{"background-color":"var(--ast-global-color-5)","background-image":"","background-repeat":"repeat","background-position":"center center","background-size":"auto","background-attachment":"scroll","background-type":"","background-media":"","overlay-type":"","overlay-color":"","overlay-opacity":"","overlay-gradient":""}},"footnotes":""},"class_list":["post-1085","page","type-page","status-publish","hentry"],"post_mailing_queue_ids":[],"_links":{"self":[{"href":"https:\/\/agora.xtec.cat\/ies-vromana-lagarriga\/wp-json\/wp\/v2\/pages\/1085","targetHints":{"allow":["GET"]}}],"collection":[{"href":"https:\/\/agora.xtec.cat\/ies-vromana-lagarriga\/wp-json\/wp\/v2\/pages"}],"about":[{"href":"https:\/\/agora.xtec.cat\/ies-vromana-lagarriga\/wp-json\/wp\/v2\/types\/page"}],"author":[{"embeddable":true,"href":"https:\/\/agora.xtec.cat\/ies-vromana-lagarriga\/wp-json\/wp\/v2\/users\/5"}],"replies":[{"embeddable":true,"href":"https:\/\/agora.xtec.cat\/ies-vromana-lagarriga\/wp-json\/wp\/v2\/comments?post=1085"}],"version-history":[{"count":6,"href":"https:\/\/agora.xtec.cat\/ies-vromana-lagarriga\/wp-json\/wp\/v2\/pages\/1085\/revisions"}],"predecessor-version":[{"id":3582,"href":"https:\/\/agora.xtec.cat\/ies-vromana-lagarriga\/wp-json\/wp\/v2\/pages\/1085\/revisions\/3582"}],"up":[{"embeddable":true,"href":"https:\/\/agora.xtec.cat\/ies-vromana-lagarriga\/wp-json\/wp\/v2\/pages\/57"}],"wp:attachment":[{"href":"https:\/\/agora.xtec.cat\/ies-vromana-lagarriga\/wp-json\/wp\/v2\/media?parent=1085"}],"curies":[{"name":"wp","href":"https:\/\/api.w.org\/{rel}","templated":true}]}}