{"id":9704,"date":"2024-02-20T07:32:03","date_gmt":"2024-02-20T06:32:03","guid":{"rendered":"https:\/\/agora.xtec.cat\/ies-viladegracia\/?page_id=9704"},"modified":"2024-02-23T07:12:45","modified_gmt":"2024-02-23T06:12:45","slug":"programa-exit","status":"publish","type":"page","link":"https:\/\/agora.xtec.cat\/ies-viladegracia\/serveis\/programa-exit\/","title":{"rendered":"Programa \u00c8xit"},"content":{"rendered":"<p><strong><a href=\"https:\/\/agora.xtec.cat\/ies-viladegracia\/wp-content\/uploads\/usu241\/2024\/02\/exit.jpg\"><img loading=\"lazy\" decoding=\"async\" class=\" wp-image-9705 alignleft\" src=\"https:\/\/agora.xtec.cat\/ies-viladegracia\/wp-content\/uploads\/usu241\/2024\/02\/exit.jpg\" alt=\"\" width=\"338\" height=\"121\" srcset=\"https:\/\/agora.xtec.cat\/ies-viladegracia\/wp-content\/uploads\/usu241\/2024\/02\/exit.jpg 453w, https:\/\/agora.xtec.cat\/ies-viladegracia\/wp-content\/uploads\/usu241\/2024\/02\/exit-300x107.jpg 300w\" sizes=\"auto, (max-width: 338px) 100vw, 338px\" \/><\/a>El Programa \u00c8xit ofereix un acompanyament dels infants que presenten dificultats en el proc\u00e9s d\u2019aprenentatge mitjan\u00e7ant activitats de refor\u00e7 escolar. Aquestes s\u2019ofereixen en horari no lectiu en sessions d\u20191:30h. dos dies a la setmana i s\u00f3n supervisades, en coordinaci\u00f3 amb els tutors\/es corresponents, per joves estudiants universitaris o de cicles formatius: els anomenats \u201camics\/gues grans\u201d.<\/strong><\/p>\n<p>Aquest programa, impulsat i finan\u00e7at pel Consorci d\u2019Educaci\u00f3 de Barcelona, va dirigit a nois\/es d\u2019entre 5\u00e8 de prim\u00e0ria i 4t de secund\u00e0ria. L\u2019acc\u00e9s al programa s\u2019estructura a trav\u00e9s dels centres educatius que, en cas de tenir alumnat que necessita refor\u00e7 escolar, han de formalitzar una sol\u00b7licitud de participaci\u00f3 al Consorci presentant un projecte elaborat de forma conjunta entre l\u2019institut i les escoles que t\u00e9 adscrites. La selecci\u00f3 dels centres participants es fa en base a criteris de: complexitat del centre, qualitat del projecte i experi\u00e8ncia pr\u00e8via en el programa. Una vegada el centre est\u00e0 adm\u00e8s en el programa, el professorat implicat rep un reconeixement que es tradueix en l\u2019acreditaci\u00f3 de 15 hores del pla de formaci\u00f3 del Consorci d\u2019Educaci\u00f3.<\/p>\n<p>M\u00e9s informaci\u00f3 <a href=\"https:\/\/www.educacio360.cat\/wp-content\/uploads\/2018\/03\/E04_Programa-E%CC%80xit-Consorci.pdf\">aqu\u00ed.<\/a><\/p>\n<p>&nbsp;<\/p>\n","protected":false},"excerpt":{"rendered":"<p><a href=\"https:\/\/agora.xtec.cat\/ies-viladegracia\/wp-content\/uploads\/usu241\/2024\/02\/exit.jpg\"><\/a>El Programa \u00c8xit ofereix un acompanyament dels infants que presenten dificultats en el proc\u00e9s d\u2019aprenentatge mitjan\u00e7ant activitats de refor\u00e7 escolar. Aquestes s\u2019ofereixen en horari no lectiu en sessions d\u20191:30h. dos dies a la setmana i s\u00f3n supervisades, en coordinaci\u00f3 amb els tutors\/es corresponents, per&hellip;  <a href=\"https:\/\/agora.xtec.cat\/ies-viladegracia\/serveis\/programa-exit\/\" title=\"Read Programa \u00c8xit\">Llegeix m\u00e9s\u00bb<\/a><\/p>\n","protected":false},"author":7,"featured_media":0,"parent":63,"menu_order":25,"comment_status":"closed","ping_status":"closed","template":"page-templates\/side-menu.php","meta":{"footnotes":""},"class_list":["post-9704","page","type-page","status-publish","hentry"],"post_mailing_queue_ids":[],"_links":{"self":[{"href":"https:\/\/agora.xtec.cat\/ies-viladegracia\/wp-json\/wp\/v2\/pages\/9704","targetHints":{"allow":["GET"]}}],"collection":[{"href":"https:\/\/agora.xtec.cat\/ies-viladegracia\/wp-json\/wp\/v2\/pages"}],"about":[{"href":"https:\/\/agora.xtec.cat\/ies-viladegracia\/wp-json\/wp\/v2\/types\/page"}],"author":[{"embeddable":true,"href":"https:\/\/agora.xtec.cat\/ies-viladegracia\/wp-json\/wp\/v2\/users\/7"}],"replies":[{"embeddable":true,"href":"https:\/\/agora.xtec.cat\/ies-viladegracia\/wp-json\/wp\/v2\/comments?post=9704"}],"version-history":[{"count":1,"href":"https:\/\/agora.xtec.cat\/ies-viladegracia\/wp-json\/wp\/v2\/pages\/9704\/revisions"}],"predecessor-version":[{"id":9707,"href":"https:\/\/agora.xtec.cat\/ies-viladegracia\/wp-json\/wp\/v2\/pages\/9704\/revisions\/9707"}],"up":[{"embeddable":true,"href":"https:\/\/agora.xtec.cat\/ies-viladegracia\/wp-json\/wp\/v2\/pages\/63"}],"wp:attachment":[{"href":"https:\/\/agora.xtec.cat\/ies-viladegracia\/wp-json\/wp\/v2\/media?parent=9704"}],"curies":[{"name":"wp","href":"https:\/\/api.w.org\/{rel}","templated":true}]}}