{"id":8379,"date":"2022-11-26T17:41:25","date_gmt":"2022-11-26T16:41:25","guid":{"rendered":"https:\/\/agora.xtec.cat\/ies-viladegracia\/?page_id=8379"},"modified":"2022-11-26T17:42:38","modified_gmt":"2022-11-26T16:42:38","slug":"horaris-de-la-biblioteca","status":"publish","type":"page","link":"https:\/\/agora.xtec.cat\/ies-viladegracia\/horaris-de-la-biblioteca\/","title":{"rendered":"Horaris de la Biblioteca"},"content":{"rendered":"<p><strong>Els nostres alumnes poden venir a la biblioteca:<\/strong><\/p>\n<ul>\n<li>de 10.30 a 11h. (per a l\u2019alumnat de 1r d\u2019ESO) &#8211; hora del pati<\/li>\n<li>d&#8217;11.30 a 12h. per a la resta de l\u2019alumnat &#8211; hora del pati<\/li>\n<li>dilluns i dimecres de 15 a 15.30h. &#8211; <span style=\"font-family: inherit; font-size: 1em;\">per a l\u2019alumnat de 1r i 2n de l\u2019ESO que es queda a dinar al centre<\/span><\/li>\n<\/ul>\n<p>Aquest seria l\u2019horari en el qual les i els alumnes poden venir a fer deures, demanar un llibre en pr\u00e9stec o llegir amb tranquil\u00b7litat, per\u00f2 el servei de biblioteca t\u00e9 un horari m\u00e9s extens de manera que es puguin preparar totes les activitats que us hem comentat i es pugui oferir el millor servei possible a tot el centre.<\/p>\n<p><strong>L\u2019horari de la bibliotec\u00e0ria \u00e9s:<\/strong><\/p>\n<p>de dilluns a divendres de 9.30 a 14h.<br \/>\ndilluns i dimecres de 15 a 15.30h.<\/p>\n<ul>\n<li>Aquest \u00e9s l&#8217;horari marc susceptible de petits canvis en funci\u00f3 de les activitats programades.<\/li>\n<\/ul>\n","protected":false},"excerpt":{"rendered":"<p>Els nostres alumnes poden venir a la biblioteca:<\/p>\n<ul>\n<li>de 10.30 a 11h. (per a l\u2019alumnat de 1r d\u2019ESO) &#8211; hora del pati<\/li>\n<li>d&#8217;11.30 a 12h. per a la resta de l\u2019alumnat &#8211; hora del pati<\/li>\n<li>dilluns i dimecres de 15 a 15.30h. &#8211; per a l\u2019alumnat de 1r&hellip;  <a href=\"https:\/\/agora.xtec.cat\/ies-viladegracia\/horaris-de-la-biblioteca\/\" title=\"Read Horaris de la Biblioteca\">Llegeix m\u00e9s\u00bb<\/a><br \/>\n","protected":false},"author":7,"featured_media":0,"parent":0,"menu_order":0,"comment_status":"closed","ping_status":"closed","template":"","meta":{"footnotes":""},"class_list":["post-8379","page","type-page","status-publish","hentry"],"post_mailing_queue_ids":[],"_links":{"self":[{"href":"https:\/\/agora.xtec.cat\/ies-viladegracia\/wp-json\/wp\/v2\/pages\/8379","targetHints":{"allow":["GET"]}}],"collection":[{"href":"https:\/\/agora.xtec.cat\/ies-viladegracia\/wp-json\/wp\/v2\/pages"}],"about":[{"href":"https:\/\/agora.xtec.cat\/ies-viladegracia\/wp-json\/wp\/v2\/types\/page"}],"author":[{"embeddable":true,"href":"https:\/\/agora.xtec.cat\/ies-viladegracia\/wp-json\/wp\/v2\/users\/7"}],"replies":[{"embeddable":true,"href":"https:\/\/agora.xtec.cat\/ies-viladegracia\/wp-json\/wp\/v2\/comments?post=8379"}],"version-history":[{"count":2,"href":"https:\/\/agora.xtec.cat\/ies-viladegracia\/wp-json\/wp\/v2\/pages\/8379\/revisions"}],"predecessor-version":[{"id":8384,"href":"https:\/\/agora.xtec.cat\/ies-viladegracia\/wp-json\/wp\/v2\/pages\/8379\/revisions\/8384"}],"wp:attachment":[{"href":"https:\/\/agora.xtec.cat\/ies-viladegracia\/wp-json\/wp\/v2\/media?parent=8379"}],"curies":[{"name":"wp","href":"https:\/\/api.w.org\/{rel}","templated":true}]}}