{"id":8210,"date":"2022-11-12T19:07:09","date_gmt":"2022-11-12T18:07:09","guid":{"rendered":"https:\/\/agora.xtec.cat\/ies-viladegracia\/?page_id=8210"},"modified":"2022-11-14T09:13:52","modified_gmt":"2022-11-14T08:13:52","slug":"salut-i-escola-consulta-oberta","status":"publish","type":"page","link":"https:\/\/agora.xtec.cat\/ies-viladegracia\/salut-i-escola-consulta-oberta\/","title":{"rendered":"&#8211; Consulta oberta \/ salut"},"content":{"rendered":"<p style=\"text-align: justify;\">Amb l\u2019objectiu de millorar la salut dels adolescents, el Departament de Salut amb l\u2019Ag\u00e8ncia de Salut P\u00fablica de Catalunya a trav\u00e9s dels Centres d\u2019Atenci\u00f3 Prim\u00e0ria de Salut, ofereix un servei de Consulta Oberta dins dels centres educatius perqu\u00e8 les noies i els nois puguin assessorar-se sobre temes relacionats amb la salut.<\/p>\n<p style=\"text-align: justify;\">Volem apropar-nos a les necessitats dels adolescents i joves sobretot per:<\/p>\n<p style=\"text-align: justify;\">\uf03d INFORMAR\u2002 a trav\u00e9s de professionals sanitaris<br \/>\n\uf03d APROPAR els serveis de salut als centres docents i als adolescents<br \/>\n\uf03d EDUCAR en com millorar la salut<br \/>\n\uf03d APODERAR-LOS en el maneig de la salut de manera responsable<br \/>\n\uf03d INFORMAR de les conductes de risc per a la salut<br \/>\n\uf03d DETECTAR PRECO\u00c7MENT problemes de salut<br \/>\n\uf03d REDUIR els factors de risc que afecten negativament la salut<br \/>\n\uf03d FOMENTAR els factors protectors per a la salut<\/p>\n<p style=\"text-align: justify;\">PROMOURE la salut dels adolescents escolaritzats a trav\u00e9s d\u2019actuacions d\u2019educaci\u00f3 per a la salut, de prevenci\u00f3 i millora de l\u2019entorn.<\/p>\n<p style=\"text-align: justify;\">Al Vila, la\u00a0Consulta s&#8217;ubicar\u00e0 a la sala que hi ha al costat de la biblioteca de l&#8217;entresol i l&#8217;horari d&#8217;atenci\u00f3 ser\u00e0 els matins de 10.30h a 12h els dijous cada quinze dies. Aquest trimestre trobareu oberta la Consulta el dia 24 de novembre i el dia 1 de desembre. La infermera referent ser\u00e0 l&#8217;Elisabet Ferr\u00e9.<\/p>\n<div><a href=\"https:\/\/salutpublica.gencat.cat\/web\/.content\/minisite\/aspcat\/promocio_salut\/infancia-i-adolescencia\/03salut-i-escola\/recursos-relacionats\/TRIPTIC-FAMILIES.pdf\">Tr\u00edptic fam\u00edlies\u00a0<\/a><\/div>\n<div><\/div>\n<div><a href=\"https:\/\/agora.xtec.cat\/ies-viladegracia\/wp-content\/uploads\/usu241\/2022\/11\/portada-e1668276372990.png\"><img loading=\"lazy\" decoding=\"async\" class=\"alignnone size-large wp-image-8212\" src=\"https:\/\/agora.xtec.cat\/ies-viladegracia\/wp-content\/uploads\/usu241\/2022\/11\/portada-1024x719.png\" alt=\"\" width=\"1024\" height=\"719\" \/><\/a><\/div>\n<div><\/div>\n<div><\/div>\n<div><a href=\"https:\/\/agora.xtec.cat\/ies-viladegracia\/wp-content\/uploads\/usu241\/2022\/11\/subtitol-e1668276306735.png\"><img loading=\"lazy\" decoding=\"async\" class=\"alignnone size-large wp-image-8211\" src=\"https:\/\/agora.xtec.cat\/ies-viladegracia\/wp-content\/uploads\/usu241\/2022\/11\/subtitol-1024x426.png\" alt=\"consulta oberta\" width=\"1024\" height=\"426\" \/><\/a><\/div>\n<div><\/div>\n<p>Altres recursos:<\/p>\n<p><a href=\"https:\/\/assirbarcelonaics.wordpress.com\/tarda-jove\/\">&#8211; Tardes joves a Barcelona<\/a> (salut sexual i afectiva)<\/p>\n<p>&#8211; Drogues: <a href=\"http:\/\/10.80.220.53\/ambit_bcn\/media\/upload\/arxius\/infermeria\/SOD.pdf\">aqu\u00ed<\/a> i <a href=\"http:\/\/10.80.220.53\/ambit_bcn\/media\/upload\/arxius\/infermeria\/informacio%20SOD% 20octubre%202021.pdf\">aqu\u00ed <\/a><\/p>\n<p><a href=\"https:\/\/dretssocials.gencat.cat\/ca\/ambits_tematics\/infancia_i_adolescencia\/proteccio _a_la_infancia_i_ladolescencia\/maltractaments_dinfants_i_adolescents\/infancia_resp on\/telefon_infancia_respon_116_111\/\">&#8211; Maltractaments<\/a><\/p>\n<p><a href=\"http:\/\/10.80.220.53\/ambit_bcn\/media\/upload\/arxius\/infermeria\/diptic-konsulta- m_joves.pdf\">&#8211; Konsulta<\/a><\/p>\n<p><a href=\"http:\/\/espaijove.net\/index.php?option=com_content&amp;amp;view=article&amp;amp;layout=espaijove: pestanya&amp;amp;id=179&amp;amp;Itemid=343&amp;amp;lang=ca#.Y0qc4Mum3IW\">&#8211; Espai jove en salut mental<\/a><\/p>\n<p><a href=\"https:\/\/ajuntament.barcelona.cat\/joves\/es\/canal\/punts-infojove-de-barcelona\">&#8211; Punts d&#8217;orientaci\u00f3 juvenil de Barcelona<\/a><\/p>\n<p>&#8211; <a href=\"https:\/\/centrejove.org\/\">CJAS Centre de salut sexual i afectiva<\/a><\/p>\n","protected":false},"excerpt":{"rendered":"<p>Amb l\u2019objectiu de millorar la salut dels adolescents, el Departament de Salut amb l\u2019Ag\u00e8ncia de Salut P\u00fablica de Catalunya a trav\u00e9s dels Centres d\u2019Atenci\u00f3 Prim\u00e0ria de Salut, ofereix un servei de Consulta Oberta dins dels centres educatius perqu\u00e8 les noies i els nois puguin assessorar-se&hellip;  <a href=\"https:\/\/agora.xtec.cat\/ies-viladegracia\/salut-i-escola-consulta-oberta\/\" title=\"Read &#8211; Consulta oberta \/ salut\">Llegeix m\u00e9s\u00bb<\/a><\/p>\n","protected":false},"author":7,"featured_media":0,"parent":0,"menu_order":0,"comment_status":"closed","ping_status":"closed","template":"","meta":{"footnotes":""},"class_list":["post-8210","page","type-page","status-publish","hentry"],"post_mailing_queue_ids":[],"_links":{"self":[{"href":"https:\/\/agora.xtec.cat\/ies-viladegracia\/wp-json\/wp\/v2\/pages\/8210","targetHints":{"allow":["GET"]}}],"collection":[{"href":"https:\/\/agora.xtec.cat\/ies-viladegracia\/wp-json\/wp\/v2\/pages"}],"about":[{"href":"https:\/\/agora.xtec.cat\/ies-viladegracia\/wp-json\/wp\/v2\/types\/page"}],"author":[{"embeddable":true,"href":"https:\/\/agora.xtec.cat\/ies-viladegracia\/wp-json\/wp\/v2\/users\/7"}],"replies":[{"embeddable":true,"href":"https:\/\/agora.xtec.cat\/ies-viladegracia\/wp-json\/wp\/v2\/comments?post=8210"}],"version-history":[{"count":4,"href":"https:\/\/agora.xtec.cat\/ies-viladegracia\/wp-json\/wp\/v2\/pages\/8210\/revisions"}],"predecessor-version":[{"id":8291,"href":"https:\/\/agora.xtec.cat\/ies-viladegracia\/wp-json\/wp\/v2\/pages\/8210\/revisions\/8291"}],"wp:attachment":[{"href":"https:\/\/agora.xtec.cat\/ies-viladegracia\/wp-json\/wp\/v2\/media?parent=8210"}],"curies":[{"name":"wp","href":"https:\/\/api.w.org\/{rel}","templated":true}]}}