{"id":7947,"date":"2023-09-25T11:33:40","date_gmt":"2023-09-25T09:33:40","guid":{"rendered":"https:\/\/agora.xtec.cat\/ies-viladegracia\/?page_id=7947"},"modified":"2024-02-20T06:49:17","modified_gmt":"2024-02-20T05:49:17","slug":"historia-de-linstitut","status":"publish","type":"page","link":"https:\/\/agora.xtec.cat\/ies-viladegracia\/historia-de-linstitut\/","title":{"rendered":"Hist\u00f2ria de l&#8217;Institut"},"content":{"rendered":"<p style=\"text-align: justify;\"><span class=\"Estilo3\"><a href=\"https:\/\/agora.xtec.cat\/ies-viladegracia\/wp-content\/uploads\/usu241\/2016\/12\/2016-Vila-antic-.jpg\"><img loading=\"lazy\" decoding=\"async\" class=\"size-full wp-image-543 alignright\" src=\"https:\/\/agora.xtec.cat\/ies-viladegracia\/wp-content\/uploads\/usu241\/2016\/12\/2016-Vila-antic-.jpg\" alt=\"Vila hist\u00f2ria\" width=\"471\" height=\"500\" srcset=\"https:\/\/agora.xtec.cat\/ies-viladegracia\/wp-content\/uploads\/usu241\/2016\/12\/2016-Vila-antic-.jpg 471w, https:\/\/agora.xtec.cat\/ies-viladegracia\/wp-content\/uploads\/usu241\/2016\/12\/2016-Vila-antic--283x300.jpg 283w\" sizes=\"auto, (max-width: 471px) 100vw, 471px\" \/><\/a>El curs 2002-03 es va celebrar el 10\u00e8 aniversari de la creaci\u00f3 de l&#8217;IES Vila de Gr\u00e0cia en l&#8217;edifici actual. No es pot oblidar per\u00f2 que abans hi havia hagut una hist\u00f2ria protagonitzada per moltes persones: pares, mares, alumnes i professorat, que van comen\u00e7ar a lluitar perqu\u00e8 fos possible l&#8217;exist\u00e8ncia d&#8217;un nou Institut a Gr\u00e0cia. Malgrat les vicissituds i entrebancs en qu\u00e8 es van trobar sovint, van aconseguir amb molt bones dosis d&#8217;optimisme i tenacitat que nosaltres ens trobem avui aqu\u00ed.<\/span><\/p>\n<p style=\"text-align: justify;\"><span class=\"text\">El curs 1986-87 a l&#8217;Institut de La Sedeta els sobren alumnes preinscrits. Com que al barri hi ha manca de centres p\u00fablics de Secund\u00e0ria i no saben massa b\u00e9 qu\u00e8 fer, el Departament d&#8217;Ensenyament proposa a una s\u00e8rie de professors que havien demanat Comissi\u00f3 de Serveis a Barcelona buscar un lloc per poder escolaritzar aquest grup d&#8217;alumnes sobrants. D&#8217;aquesta manera van a parar a unes aules de l&#8217;Escola Jujol uns 90 alumnes de 1r. de BUP (3 grups), embri\u00f3 del nou centre &#8220;Extensi\u00f3 de La Sedeta&#8221;<\/span><\/p>\n<p style=\"text-align: justify;\"><span class=\"text\">Aquesta havia de ser una soluci\u00f3 provisional durant un curs, ja que la intenci\u00f3 del Departament d&#8217;Ensenyament era que l&#8217;any seg\u00fcent es redistribu\u00efssin els alumnes en d&#8217;altres centres de la zona.<\/span><\/p>\n<p class=\"text\" style=\"text-align: justify;\">El curs 1987-88 despr\u00e9s de mantenir molts contactes amb institucions i de realitzar diverses manifestacions pel barri, en les quals els pares i mares juguen un paper molt important, s&#8217;aconsegueix fundar i materialitzar un nou centre que rep el nom provisional d&#8217; &#8220;Extensi\u00f3 n\u00fam. 1 de la Sedeta&#8221; en uns barracons situats al carrer Secretari Coloma, cantonada carrer Romans. El primer document escrit d&#8217;aquest nou institut \u00e9s l&#8217;acta del Claustre del 22 de setembre de 1987.<\/p>\n<p class=\"text\" style=\"text-align: justify;\">Cal remarcar que des del primer moment ni l&#8217;AMPA ni el professorat van voler admetre mai que el centre era provisional i, per aix\u00f2, a partir d&#8217;aleshores s&#8217;inicia un proc\u00e9s en el qual es lluitar\u00e0 per aconseguir la creaci\u00f3 d&#8217;un nou i definitiu Institut al barri de Gr\u00e0cia, donat que hi ha per part de les fam\u00edlies una demanda continuada de places per a alumnes i, tamb\u00e9, una greu mancan\u00e7a de centres p\u00fablics d&#8217;Ensenyament Secundari al barri.<\/p>\n<p class=\"text\" style=\"text-align: justify;\">El curs 1989-90 ja estan aprovades les obres de construcci\u00f3 del nou centre al carrer Secretari Coloma i les del centre provisional situat a la Riera de Sant Miquel. La idea era que, provisionalment, es traslladaria l&#8217;institut a la Riera de Sant Miquel i que, un cop constru\u00eft l&#8217;edifici nou -el centre definitiu- al carrer Secretari Coloma es traslladaria tot el professorat i l&#8217;alumnat al nou edifici. En el primer Consell Escolar del curs es van ensenyar els pl\u00e0nols del projecte de les instal.lacions que s&#8217;havien de construir en els terrenys de Secretari Coloma, \u00e9s a dir, on hi havia els barracons i on actualment hi ha l&#8217;IES Secretari Coloma.<\/p>\n<p class=\"text\" style=\"text-align: justify;\">Al final d&#8217;aquest curs va acabar la primera promoci\u00f3 d&#8217;alumnes, que havien hagut d&#8217;anar a fer el COU en un altre centre, l&#8217;I.B. Fort Pius, ja que els barracons no podien acollir els 12 grups que ja tenia en aquell moment l&#8217;Institut.<\/p>\n<p class=\"text\" style=\"text-align: justify;\">El curs 1990-91 es va aconseguir fer tots els nivells al centre, incl\u00f2s el COU, ja que el Departament d&#8217;Ensenyament va arreglar els baixos d&#8217;una de les cases desnonades per habilitar-los com a annex dels barracons.<\/p>\n<p class=\"text\" style=\"text-align: justify;\">Malgrat que es disposava de molt poc espai i d&#8217;unes instal\u00b7lacions molt prec\u00e0ries, aquesta situaci\u00f3 no era viscuda com un impediment i l&#8217;ambient general era molt positiu. Hi havia una gran comunicaci\u00f3 entre l&#8217;alumnat, el professorat i els pares i mares i s&#8217;aprofitava qualsevol ocasi\u00f3 per fer representacions teatrals, activitats extraescolars, activitats esportives, sortides, festes de final de curs, dia de la dona, etc.<\/p>\n<p class=\"text\" style=\"text-align: justify;\">El curs 1991-92 \u00e9s l&#8217;\u00faltim curs que es fa als barracons i l&#8217;\u00faltim any de l&#8217;Extensi\u00f3 n\u00fam. 1 de La Sedeta&#8221;. Al Claustre de 25\/3\/92 s&#8217;aprova, tal i com consta a l&#8217;acta, el nom que, a proposta de la Comunitat Educativa i amb l&#8217;acceptaci\u00f3 del Departament d&#8217;Ensenyament, haur\u00e0 de tenir el futur centre: IES VILA DE GR\u00c0CIA.<\/p>\n<p class=\"text\" style=\"text-align: justify;\">A finals de curs comencen totes les actuacions per fer el trasllat al nou centre de la Riera de Sant Miquel.<\/p>\n<p class=\"text\" style=\"text-align: justify;\">El curs 1992-93 \u00e9s el de l&#8217;estrena del centre nou. El dia 28 d&#8217;abril de 1993 el President de la Generalitat, Sr. Jordi Pujol, inaugura el centre i tamb\u00e9 ens visita l&#8217;alcalde de Barcelona, Sr. Pasqual Maragall.<\/p>\n<p class=\"text\" style=\"text-align: justify;\">Poc a poc anem fent nostres els espais de Departaments, Despatxos, Sala de Professorat, Aula d&#8217;Educaci\u00f3 F\u00edsica, Biblioteca, magatzems, etc. Aviat comencen a veure&#8217;s els problemes que anirem arrossegant i que seran dif\u00edcils de solucionar: manca de patis, manca d&#8217;espai per fer esports&#8230; \u00c9s un any de contactes molt estrets amb l&#8217;administraci\u00f3 per mirar de solucionar tot all\u00f2 que va sorgint sobre la marxa.<\/p>\n<p class=\"text\" style=\"text-align: justify;\">En el curs 1993-94 la situaci\u00f3 del centre s&#8217;ha normalitzat.<\/p>\n<p class=\"text\" style=\"text-align: justify;\">Al llarg dels cursos 1994-95 i 1995-96 es treballa en la tasca, ja iniciada els anys anteriors, d&#8217;elaboraci\u00f3 del Projecte Educatiu de Centre, de cara a la introducci\u00f3 del nou sistema educatiu (ESO) que haur\u00e0 de comen\u00e7ar el curs 1996-97.<\/p>\n<p class=\"text\" style=\"text-align: justify;\">El curs 1996-97 es produeix un canvi molt important, pel que representa a nivell social i de canvi d&#8217;h\u00e0bits per tota la Comunitat Educativa, \u00e9s la introducci\u00f3 del nou sistema educatiu, conegut popularment com &#8220;La Reforma&#8221;. Com a la majoria d&#8217;instituts de Barcelona, al nostre centre arriben els primers alumnes d&#8217;ESO, alumnes de 12 anys provinents de les escoles de prim\u00e0ria.<\/p>\n<p class=\"text\" style=\"text-align: justify;\">A partir del curs 1997-98 i fins ara es treballa per l&#8217;organitzaci\u00f3 i aplicaci\u00f3 del nou sistema educatiu. A mesura que s&#8217;imparteixen tots els nivells d&#8217;ESO i Batxillerat, amb els cr\u00e8dits variables d&#8217;ESO, les mat\u00e8ries optatives de batxillerat, els desdoblaments en diferents \u00e0rees, &#8230; es constata una vegada m\u00e9s les mancances d&#8217;espais que t\u00e9 el centre.<\/p>\n<p style=\"text-align: justify;\">Les Juntes directives dels darrers anys demanen de forma continuada i insistent al Departament d&#8217;Ensenyament una soluci\u00f3 per solventar el problema de la manca d&#8217;espais.<\/p>\n<p class=\"text\" style=\"text-align: justify;\">Finalment el curs 2003-04 des de la Delegaci\u00f3 Territorial de Barcelona s&#8217;informa al centre que es comen\u00e7a a estudiar el projecte per construir unes instal\u00b7lacions esportivo-escolars al carrer Nept\u00fa d&#8217;\u00fas prioritari per l&#8217;IES Vila de Gr\u00e0cia. Deu anys despr\u00e9s, continuem esperant, tot i que l\u2019edifici est\u00e0 pr\u00e0cticament acabat, i es preveu que en la primavera de 2013 s\u2019inaugurin les instal\u00b7lacions. Aquest fet hauria de permetre augmentar el n\u00famero de d\u2019activitats extraescolars oferides a l\u2019alumnat, aix\u00ed com treure un profit m\u00e9s gran de les classes d\u2019Educaci\u00f3 F\u00edsica.<\/p>\n<p class=\"text\" style=\"text-align: justify;\">Paral\u00b7lelament, s\u2019han produ\u00eft un seguit de canvis en l\u2019organitzaci\u00f3 de l\u2019institut on s\u2019han combinat factors tant relatius a l\u2019espai, com a la manera de treballar. L\u2019any 2007 es va posar en marxa un ambici\u00f3s Pla d\u2019Autonomia que va impulsar la incorporaci\u00f3 de les noves tecnologies al funcionament diari de l\u2019institut, i que va fixar objectius de millora vinculats a la superaci\u00f3 acad\u00e8mica i a la conviv\u00e8ncia del centre. Ambd\u00f3s objectius han estat verificats any rere any, i quan l\u2019any 2012 el Pla va ser donat per finalitzat, van ser avaluats de manera notablement positiva tant per les fam\u00edlies com per l\u2019alumnat i l\u2019administraci\u00f3. Ja abans d\u2019aix\u00f2 s\u2019havien habilitat dues aules d\u2019inform\u00e0tica com a elements complementaris a la vida del Centre; actualment totes les aules estan dotades de connexi\u00f3 a Internet, i gaudeixen de canons de projecci\u00f3 i, en alguns casos de pissarres digitals. El curs 2009, l\u2019institut es va incorporar al programa 1&#215;1, que va impulsar el salt del llibres de paper a les eines digitals per l\u2019alumnat. En l\u2019actualitat tots els cursos d\u2019ESO fan \u00fas d\u2019aquest tipus d\u2019eines, amb ordinador propi, i treballant amb el suport de llibres digitals i dels materials que el professorat ha preparat per la plataforma moodle que fem servir.<\/p>\n<p class=\"text\" style=\"text-align: justify;\">Quant a la utilitzaci\u00f3 dels espais, el curs 2008 es va donar un salt qualitatiu amb la reordenaci\u00f3 de les plantes de l\u2019edifici, a conseq\u00fc\u00e8ncia del qual es van habilitar tres aules m\u00e9s per l\u2019alumnat i una biblioteca en el primer pis de capacitat suficient per fer reunions amb comoditat i organitzar altres activitats obertes, com ara presentacions i confer\u00e8ncies. El curs 2012-2013 es tanca un cicle de vint anys de l\u2019institut en aquest edifici, que de ser provisional, ha passat a convertir-se en un espai definitiu. Prova d\u2019aix\u00f2 \u00e9s que els plans d\u2019adequaci\u00f3 continuen a un ritme que mant\u00e9 viu l\u2019esperit del seus or\u00edgens.<\/p>\n<p><a href=\"https:\/\/agora.xtec.cat\/ies-viladegracia\/wp-content\/uploads\/usu241\/2016\/12\/2016-Vila-antic-3.jpg\"><img loading=\"lazy\" decoding=\"async\" class=\"alignnone  wp-image-544\" src=\"https:\/\/agora.xtec.cat\/ies-viladegracia\/wp-content\/uploads\/usu241\/2016\/12\/2016-Vila-antic-3.jpg\" alt=\"\" width=\"359\" height=\"419\" srcset=\"https:\/\/agora.xtec.cat\/ies-viladegracia\/wp-content\/uploads\/usu241\/2016\/12\/2016-Vila-antic-3.jpg 500w, https:\/\/agora.xtec.cat\/ies-viladegracia\/wp-content\/uploads\/usu241\/2016\/12\/2016-Vila-antic-3-257x300.jpg 257w\" sizes=\"auto, (max-width: 359px) 100vw, 359px\" \/> <\/a><a href=\"https:\/\/agora.xtec.cat\/ies-viladegracia\/wp-content\/uploads\/usu241\/2016\/12\/2016-vila-antic-2.jpg\"><img loading=\"lazy\" decoding=\"async\" class=\"alignnone  wp-image-542\" src=\"https:\/\/agora.xtec.cat\/ies-viladegracia\/wp-content\/uploads\/usu241\/2016\/12\/2016-vila-antic-2.jpg\" alt=\"\" width=\"567\" height=\"261\" srcset=\"https:\/\/agora.xtec.cat\/ies-viladegracia\/wp-content\/uploads\/usu241\/2016\/12\/2016-vila-antic-2.jpg 500w, https:\/\/agora.xtec.cat\/ies-viladegracia\/wp-content\/uploads\/usu241\/2016\/12\/2016-vila-antic-2-300x138.jpg 300w\" sizes=\"auto, (max-width: 567px) 100vw, 567px\" \/><\/a><\/p>\n<p>&nbsp;<\/p>\n","protected":false},"excerpt":{"rendered":"<p><a href=\"https:\/\/agora.xtec.cat\/ies-viladegracia\/wp-content\/uploads\/usu241\/2016\/12\/2016-Vila-antic-.jpg\"><\/a>El curs 2002-03 es va celebrar el 10\u00e8 aniversari de la creaci\u00f3 de l&#8217;IES Vila de Gr\u00e0cia en l&#8217;edifici actual. No es pot oblidar per\u00f2 que abans hi havia hagut una hist\u00f2ria protagonitzada per moltes persones: pares, mares, alumnes i professorat, que van comen\u00e7ar&hellip;  <a href=\"https:\/\/agora.xtec.cat\/ies-viladegracia\/historia-de-linstitut\/\" title=\"Read Hist\u00f2ria de l&#8217;Institut\">Llegeix m\u00e9s\u00bb<\/a><\/p>\n","protected":false},"author":7,"featured_media":0,"parent":0,"menu_order":0,"comment_status":"closed","ping_status":"closed","template":"","meta":{"footnotes":""},"class_list":["post-7947","page","type-page","status-publish","hentry"],"post_mailing_queue_ids":[],"_links":{"self":[{"href":"https:\/\/agora.xtec.cat\/ies-viladegracia\/wp-json\/wp\/v2\/pages\/7947","targetHints":{"allow":["GET"]}}],"collection":[{"href":"https:\/\/agora.xtec.cat\/ies-viladegracia\/wp-json\/wp\/v2\/pages"}],"about":[{"href":"https:\/\/agora.xtec.cat\/ies-viladegracia\/wp-json\/wp\/v2\/types\/page"}],"author":[{"embeddable":true,"href":"https:\/\/agora.xtec.cat\/ies-viladegracia\/wp-json\/wp\/v2\/users\/7"}],"replies":[{"embeddable":true,"href":"https:\/\/agora.xtec.cat\/ies-viladegracia\/wp-json\/wp\/v2\/comments?post=7947"}],"version-history":[{"count":2,"href":"https:\/\/agora.xtec.cat\/ies-viladegracia\/wp-json\/wp\/v2\/pages\/7947\/revisions"}],"predecessor-version":[{"id":7949,"href":"https:\/\/agora.xtec.cat\/ies-viladegracia\/wp-json\/wp\/v2\/pages\/7947\/revisions\/7949"}],"wp:attachment":[{"href":"https:\/\/agora.xtec.cat\/ies-viladegracia\/wp-json\/wp\/v2\/media?parent=7947"}],"curies":[{"name":"wp","href":"https:\/\/api.w.org\/{rel}","templated":true}]}}