{"id":7853,"date":"2022-09-23T19:26:05","date_gmt":"2022-09-23T17:26:05","guid":{"rendered":"https:\/\/agora.xtec.cat\/ies-viladegracia\/?page_id=7853"},"modified":"2024-02-23T07:02:39","modified_gmt":"2024-02-23T06:02:39","slug":"el-nostre-projecte","status":"publish","type":"page","link":"https:\/\/agora.xtec.cat\/ies-viladegracia\/el-nostre-projecte\/","title":{"rendered":"El nostre projecte"},"content":{"rendered":"<p><a href=\"https:\/\/agora.xtec.cat\/ies-viladegracia\/wp-content\/uploads\/usu241\/2024\/02\/Fulleto-PPOO-ESO-WEB-24-25_compressed.pdf\"><img loading=\"lazy\" decoding=\"async\" class=\"wp-image-9786 alignleft\" src=\"https:\/\/agora.xtec.cat\/ies-viladegracia\/wp-content\/uploads\/usu241\/2024\/02\/Dossier_ESO_PPOO.jpg\" alt=\"\" width=\"281\" height=\"400\" srcset=\"https:\/\/agora.xtec.cat\/ies-viladegracia\/wp-content\/uploads\/usu241\/2024\/02\/Dossier_ESO_PPOO.jpg 592w, https:\/\/agora.xtec.cat\/ies-viladegracia\/wp-content\/uploads\/usu241\/2024\/02\/Dossier_ESO_PPOO-211x300.jpg 211w\" sizes=\"auto, (max-width: 281px) 100vw, 281px\" \/><\/a>Clica sobre la imatge i descobrir\u00e0s el projecte de centre.<\/p>\n<p>Qu\u00e8 ens defineix, quin \u00e9s el nostre projecte educatiu, quins s\u00f3n els nostres \u00e0mbits de treball, el pla d&#8217;acci\u00f3 tutorial, el pla lector i les celebracions i sortides que fem.<\/p>\n","protected":false},"excerpt":{"rendered":"<p><a href=\"https:\/\/agora.xtec.cat\/ies-viladegracia\/wp-content\/uploads\/usu241\/2024\/02\/Fulleto-PPOO-ESO-WEB-24-25_compressed.pdf\"><\/a>Clica sobre la imatge i descobrir\u00e0s el projecte de centre.<br \/>\nQu\u00e8 ens defineix, quin \u00e9s el nostre projecte educatiu, quins s\u00f3n els nostres \u00e0mbits de treball, el pla d&#8217;acci\u00f3 tutorial, el pla lector i les celebracions i sortides que fem.<\/p>\n","protected":false},"author":7,"featured_media":0,"parent":0,"menu_order":0,"comment_status":"closed","ping_status":"closed","template":"","meta":{"footnotes":""},"class_list":["post-7853","page","type-page","status-publish","hentry"],"post_mailing_queue_ids":[],"_links":{"self":[{"href":"https:\/\/agora.xtec.cat\/ies-viladegracia\/wp-json\/wp\/v2\/pages\/7853","targetHints":{"allow":["GET"]}}],"collection":[{"href":"https:\/\/agora.xtec.cat\/ies-viladegracia\/wp-json\/wp\/v2\/pages"}],"about":[{"href":"https:\/\/agora.xtec.cat\/ies-viladegracia\/wp-json\/wp\/v2\/types\/page"}],"author":[{"embeddable":true,"href":"https:\/\/agora.xtec.cat\/ies-viladegracia\/wp-json\/wp\/v2\/users\/7"}],"replies":[{"embeddable":true,"href":"https:\/\/agora.xtec.cat\/ies-viladegracia\/wp-json\/wp\/v2\/comments?post=7853"}],"version-history":[{"count":6,"href":"https:\/\/agora.xtec.cat\/ies-viladegracia\/wp-json\/wp\/v2\/pages\/7853\/revisions"}],"predecessor-version":[{"id":9798,"href":"https:\/\/agora.xtec.cat\/ies-viladegracia\/wp-json\/wp\/v2\/pages\/7853\/revisions\/9798"}],"wp:attachment":[{"href":"https:\/\/agora.xtec.cat\/ies-viladegracia\/wp-json\/wp\/v2\/media?parent=7853"}],"curies":[{"name":"wp","href":"https:\/\/api.w.org\/{rel}","templated":true}]}}