{"id":7194,"date":"2022-02-02T17:58:53","date_gmt":"2022-02-02T16:58:53","guid":{"rendered":"https:\/\/agora.xtec.cat\/ies-viladegracia\/?page_id=7194"},"modified":"2022-03-04T08:54:38","modified_gmt":"2022-03-04T07:54:38","slug":"portes-obertes-2022-23","status":"publish","type":"page","link":"https:\/\/agora.xtec.cat\/ies-viladegracia\/portes-obertes-2022-23\/","title":{"rendered":"Portes Obertes 2022-23"},"content":{"rendered":"<p>L&#8217;Institut Vila de Gr\u00e0cia us vol fer part\u00edcips de les jornades de portes obertes que hem organitzat per tal que tothom qui ho vulgui ens pugui con\u00e8ixer.<\/p>\n<p>En aquest espai hi trobareu els enlla\u00e7os per inscriure-us a les jornades presencials i online i podreu tenir un primer tast del nostre projecte.<\/p>\n<p><strong>PORTES OBERTES PRESENCIALS<\/strong>:<\/p>\n<p><em>ESO<\/em>: DIMARTS DIA 22 DE FEBRER DE 16 a 19 HORES.<\/p>\n<p>DIMARTS DIA 1 DE MAR\u00c7 DE 16 A 19 HORES.<\/p>\n<p><em>BATXILLERAT<\/em>: DIMARTS DIA 5 D&#8217;ABRIL DE 16 a 19 HORES.<\/p>\n<p><strong>PORTES OBERTES ONLINE<\/strong>:<\/p>\n<p><em>ESO<\/em>: DIJOUS DIA 3 DE MAR\u00c7 A LES 17 HORES.<\/p>\n<p><em>BATXILLERAT<\/em>: DIMECRES DIA 6 D&#8217;ABRIL A LES 18,30 HORES.<\/p>\n<p><strong><a href=\"https:\/\/forms.gle\/YEoRJ8Q2aJAR4CBd7\" target=\"_blank\" rel=\"noopener\">Formulari d&#8217;inscripci\u00f3 a la jornada de portes obertes ESO<\/a>. <\/strong>Per tal de poder organitzar els torns, aquest formulari estar\u00e0 actiu fins el divendres, dia 18 de febrer a les 20:00 hores.<\/p>\n<p><strong><a href=\"https:\/\/forms.gle\/wK6vhowCwTZxQSv27\" target=\"_blank\" rel=\"noopener\">Formulari d&#8217;inscripci\u00f3 a la jornada de Portes Obertes de Batxillerat.<\/a> <\/strong>Per tal de poder organitzar els trons, aquest formulari estar\u00e0 actiu fins divendres, dia 1 d&#8217;abril a les 20:00 hores.<\/p>\n<p><strong>UNA MICA D&#8217;INFORMACI\u00d3:<\/strong><\/p>\n<p>VIDEO: l&#8217;alumnat t\u00e9 la paraula. <strong><a href=\"https:\/\/drive.google.com\/file\/d\/1vUCBS7JXrL3oWlX39DlvS5_UCYXh338E\/view?usp=sharing\" target=\"_blank\" rel=\"noopener\">Com veus el Vila?<\/a><\/strong><\/p>\n<p>PRESENTACI\u00d3: <strong><a href=\"https:\/\/view.genial.ly\/61edc13a4ddc500013e99855\/presentation-portes-obertes-ins-vila-de-gracia-2022-23\" target=\"_blank\" rel=\"noopener\">El nostre centre. Caracter\u00edstiques.<\/a><\/strong><\/p>\n<p><a href=\"https:\/\/drive.google.com\/file\/d\/1JQQBKR4BQx1ToiXYNygujE6kuyQjtACj\/view?usp=sharing\" target=\"_blank\" rel=\"noopener\"><strong>Mostra de la creativitat de l&#8217;alumnat.<\/strong><\/a><\/p>\n<p><strong><a href=\"https:\/\/drive.google.com\/file\/d\/1yN2I9S44O1I7q_UvEQDsVWE2E8X-kt0G\/view?usp=sharing\" target=\"_blank\" rel=\"noopener\">Presentaci\u00f3 Batxillerat<\/a><\/strong><\/p>\n<p>&nbsp;<\/p>\n<p>&nbsp;<\/p>\n","protected":false},"excerpt":{"rendered":"<p>L&#8217;Institut Vila de Gr\u00e0cia us vol fer part\u00edcips de les jornades de portes obertes que hem organitzat per tal que tothom qui ho vulgui ens pugui con\u00e8ixer.<br \/>\nEn aquest espai hi trobareu els enlla\u00e7os per inscriure-us a les jornades presencials i online i podreu tenir un&hellip;  <a href=\"https:\/\/agora.xtec.cat\/ies-viladegracia\/portes-obertes-2022-23\/\" title=\"Read Portes Obertes 2022-23\">Llegeix m\u00e9s\u00bb<\/a><\/p>\n","protected":false},"author":5,"featured_media":0,"parent":0,"menu_order":0,"comment_status":"closed","ping_status":"closed","template":"","meta":{"footnotes":""},"class_list":["post-7194","page","type-page","status-publish","hentry"],"post_mailing_queue_ids":[],"_links":{"self":[{"href":"https:\/\/agora.xtec.cat\/ies-viladegracia\/wp-json\/wp\/v2\/pages\/7194","targetHints":{"allow":["GET"]}}],"collection":[{"href":"https:\/\/agora.xtec.cat\/ies-viladegracia\/wp-json\/wp\/v2\/pages"}],"about":[{"href":"https:\/\/agora.xtec.cat\/ies-viladegracia\/wp-json\/wp\/v2\/types\/page"}],"author":[{"embeddable":true,"href":"https:\/\/agora.xtec.cat\/ies-viladegracia\/wp-json\/wp\/v2\/users\/5"}],"replies":[{"embeddable":true,"href":"https:\/\/agora.xtec.cat\/ies-viladegracia\/wp-json\/wp\/v2\/comments?post=7194"}],"version-history":[{"count":3,"href":"https:\/\/agora.xtec.cat\/ies-viladegracia\/wp-json\/wp\/v2\/pages\/7194\/revisions"}],"predecessor-version":[{"id":7335,"href":"https:\/\/agora.xtec.cat\/ies-viladegracia\/wp-json\/wp\/v2\/pages\/7194\/revisions\/7335"}],"wp:attachment":[{"href":"https:\/\/agora.xtec.cat\/ies-viladegracia\/wp-json\/wp\/v2\/media?parent=7194"}],"curies":[{"name":"wp","href":"https:\/\/api.w.org\/{rel}","templated":true}]}}