{"id":7186,"date":"2022-01-28T10:12:45","date_gmt":"2022-01-28T09:12:45","guid":{"rendered":"https:\/\/agora.xtec.cat\/ies-viladegracia\/?page_id=7186"},"modified":"2023-01-30T11:13:42","modified_gmt":"2023-01-30T10:13:42","slug":"obtencio-geso","status":"publish","type":"page","link":"https:\/\/agora.xtec.cat\/ies-viladegracia\/eso\/obtencio-geso\/","title":{"rendered":"Obtenci\u00f3 GESO"},"content":{"rendered":"<p>Els alumnes que no obtenen el t\u00edtol de graduat en educaci\u00f3 secund\u00e0ria obligat\u00f2ria (ESO) en finalitzar l\u2019etapa es poden presentar a les proves que el mes de mar\u00e7 de cada any organitzen els\u00a0centres educatius; a\u00a0cada centre es constitueix una junta d\u2019avaluaci\u00f3 formada per professors de quart d\u2019ESO i presidida pel cap d\u2019estudis.<\/p>\n<p>Els <strong>tres requisits<\/strong> que han de reunir els alumnes per poder presentar-se a aquestes proves l\u2019any 2023 s\u00f3n:<\/p>\n<ol>\n<li>Haver finalitzat l&#8217;ESO l\u2019any 2021 o 2022.<\/li>\n<li>Tenir almenys 18 anys o complir-los dins de l&#8217;any 2023. Tamb\u00e9 hi pot conc\u00f3rrer l\u2019alumne o alumna que faci els 17 anys l\u2019any 2023 sempre que compleixi alguna de les condicions seg\u00fcents:<br \/>\n<blockquote><p>&#8211; Tenir un contracte laboral que l\u2019impedeixi assistir al centre en r\u00e8gim ordinari.<br \/>\n\u200b- Trobar-se en proc\u00e9s d&#8217;obtenci\u00f3 d&#8217;un perm\u00eds de treball (alumnat estranger).<br \/>\n&#8211; Ser esportista d&#8217;alt rendiment.<\/p><\/blockquote>\n<\/li>\n<li>Haver cursat l\u2019ESO (el quart curs incl\u00f2s) sense haver obtingut el t\u00edtol i amb un m\u00e0xim de cinc mat\u00e8ries pendents de qualificaci\u00f3 positiva. <em>Les mat\u00e8ries amb el mateix nom de cursos diferents compten com a una sola mat\u00e8ria.<\/em><\/li>\n<\/ol>\n<p>En aplicaci\u00f3 d\u2019aquests requisits, queden exclosos de les proves els alumnes inscrits per repetir quart d\u2019ESO en el present curs 2022-2023. En canvi, hi poden conc\u00f3rrer els alumnes que estan matriculats en ensenyaments d&#8217;adults o a l&#8217;Institut Obert de Catalunya, sempre que compleixin els tres requisits abans esmentats.\u200b<\/p>\n<p>Calendari de proves:<\/p>\n<table class=\"ms-rteTable-5\" width=\"100%\" cellspacing=\"1\" cellpadding=\"3\">\n<tbody>\n<tr class=\"ms-rteTableEvenRow-5\">\n<td class=\"ms-rteTableEvenCol-5\">Termini de presentaci\u00f3 de sol\u00b7licituds d&#8217;inscripci\u00f3<\/td>\n<td class=\"ms-rteTableOddCol-5\">Del 30 de gener\u00a0al 13 de febrer<\/td>\n<\/tr>\n<tr class=\"ms-rteTableOddRow-5\">\n<td class=\"ms-rteTableEvenCol-5\">Publicaci\u00f3 al tauler d\u2019anuncis del centre del calendari de les proves i de les llistes d&#8217;admesos i exclosos<\/td>\n<td class=\"ms-rteTableOddCol-5\">Entre el 14 i el 20 de febrer<\/td>\n<\/tr>\n<tr class=\"ms-rteTableEvenRow-5\">\n<td class=\"ms-rteTableEvenCol-5\">Termini de presentaci\u00f3 de reclamacions a les llistes d&#8217;admesos i exclosos<\/td>\n<td class=\"ms-rteTableOddCol-5\">Del 21 al 24 de febrer<\/td>\n<\/tr>\n<tr class=\"ms-rteTableOddRow-5\">\n<td class=\"ms-rteTableEvenCol-5\">\u200bRealitzaci\u00f3 de les proves<\/td>\n<td class=\"ms-rteTableOddCol-5\">De l&#8217;1\u00a0al 14 de mar\u00e7<\/td>\n<\/tr>\n<\/tbody>\n<\/table>\n<p><a href=\"https:\/\/documents.espai.educacio.gencat.cat\/FormularisModels\/CentresGestioAcademica\/A665.pdf\" target=\"_blank\" rel=\"noopener\">Model de sol\u00b7licitud<\/a><\/p>\n","protected":false},"excerpt":{"rendered":"<p>Els alumnes que no obtenen el t\u00edtol de graduat en educaci\u00f3 secund\u00e0ria obligat\u00f2ria (ESO) en finalitzar l\u2019etapa es poden presentar a les proves que el mes de mar\u00e7 de cada any organitzen els\u00a0centres educatius; a\u00a0cada centre es constitueix una junta d\u2019avaluaci\u00f3 formada per professors de&hellip;  <a href=\"https:\/\/agora.xtec.cat\/ies-viladegracia\/eso\/obtencio-geso\/\" title=\"Read Obtenci\u00f3 GESO\">Llegeix m\u00e9s\u00bb<\/a><\/p>\n","protected":false},"author":5,"featured_media":0,"parent":5958,"menu_order":0,"comment_status":"closed","ping_status":"closed","template":"","meta":{"footnotes":""},"class_list":["post-7186","page","type-page","status-publish","hentry"],"post_mailing_queue_ids":[],"_links":{"self":[{"href":"https:\/\/agora.xtec.cat\/ies-viladegracia\/wp-json\/wp\/v2\/pages\/7186","targetHints":{"allow":["GET"]}}],"collection":[{"href":"https:\/\/agora.xtec.cat\/ies-viladegracia\/wp-json\/wp\/v2\/pages"}],"about":[{"href":"https:\/\/agora.xtec.cat\/ies-viladegracia\/wp-json\/wp\/v2\/types\/page"}],"author":[{"embeddable":true,"href":"https:\/\/agora.xtec.cat\/ies-viladegracia\/wp-json\/wp\/v2\/users\/5"}],"replies":[{"embeddable":true,"href":"https:\/\/agora.xtec.cat\/ies-viladegracia\/wp-json\/wp\/v2\/comments?post=7186"}],"version-history":[{"count":3,"href":"https:\/\/agora.xtec.cat\/ies-viladegracia\/wp-json\/wp\/v2\/pages\/7186\/revisions"}],"predecessor-version":[{"id":8707,"href":"https:\/\/agora.xtec.cat\/ies-viladegracia\/wp-json\/wp\/v2\/pages\/7186\/revisions\/8707"}],"up":[{"embeddable":true,"href":"https:\/\/agora.xtec.cat\/ies-viladegracia\/wp-json\/wp\/v2\/pages\/5958"}],"wp:attachment":[{"href":"https:\/\/agora.xtec.cat\/ies-viladegracia\/wp-json\/wp\/v2\/media?parent=7186"}],"curies":[{"name":"wp","href":"https:\/\/api.w.org\/{rel}","templated":true}]}}